{"id":705,"date":"2025-10-24T15:03:33","date_gmt":"2025-10-24T15:03:33","guid":{"rendered":"https:\/\/www.nunomarinho.com\/?post_type=product&#038;p=705"},"modified":"2026-01-06T16:12:22","modified_gmt":"2026-01-06T16:12:22","slug":"django-reinhardt-speed-book","status":"publish","type":"product","link":"https:\/\/www.nunomarinho.com\/pt\/produto\/django-reinhardt-speed-book\/","title":{"rendered":"Livro de velocidade de Django Reinhardt"},"content":{"rendered":"<p>Django Reinhardt Speed Book levou 10 anos da minha vida a ouvir, transcrever, aprender, compreender, comparar, praticar, aplicar e criar. No final, a forma de tocar de Django prova que a t\u00e9cnica n\u00e3o tem tanto a ver com as pancadas puras, mas mais com saber o que tocar, como tocar e onde tocar.<\/p>\r\n<p>Uma compila\u00e7\u00e3o de mais de 100 licks de Django Reinhardt e dos m\u00fasicos de renome mundial do Gypsy Jazz que vieram depois dele. Bireli Lagrene, Stochelo Rosenberg, e todos os grandes mestres entendiam onde Django colocava suas notas, linhas e licks. Isto faz toda a diferen\u00e7a! Mais do que apenas mais um livro de licks, \u201cLead Guitar Fundamentals - Burning Speed\u201d \u00e9 um guia para visualizar o bra\u00e7o da guitarra e para construir velocidade (tamb\u00e9m conhecida como naturalidade, sem esfor\u00e7o e confian\u00e7a) na sua forma de tocar. Aqui est\u00e3o todas as liga\u00e7\u00f5es que precisa de saber. Pr\u00e1tico e te\u00f3rico, numa abordagem sistem\u00e1tica e progressiva.<\/p>\r\n<p>Esta \u00e9 a B\u00edblia da forma de tocar de Django Reinhardt e o \u00fanico livro que mostra como Django tocava uma frase espec\u00edfica em compara\u00e7\u00e3o com os outros mestres do Gypsy Jazz. Aqui est\u00e1 a lista de reprodu\u00e7\u00e3o dos v\u00eddeos de apoio ao Django Reinhardt Speed Book:<\/p>\r\n<p><iframe loading=\"lazy\" title=\"Django Reinhardt Speed Book (Intro)\" width=\"1080\" height=\"608\" src=\"https:\/\/www.youtube.com\/embed\/vUoqQubj5kA?list=PLws_5GfIGimbN-08SpnQH8w4kj8-4Levd\"  allow=\"accelerometer; autoplay; clipboard-write; encrypted-media; gyroscope; picture-in-picture; web-share\" referrerpolicy=\"strict-origin-when-cross-origin\" allowfullscreen><\/iframe><\/p>\r\n\r\n<p><strong>SEGUIR NUNO MARINHO EM:<\/strong><\/p>\r\n\r\n\r\n\r\n<ul>\r\n<li>Loja de livros do s\u00edtio Web:\u00a0<a href=\"https:\/\/www.nunomarinho.com\/pt\/store\/\">https:\/\/www.nunomarinho.com\/store<\/a>\r\n\r\n<\/li>\r\n<li>Canal de v\u00eddeo:\u00a0<a href=\"https:\/\/www.youtube.com\/@NunoMarinho\">https:\/\/www.youtube.com\/@NunoMarinho<\/a>\r\n\r\n<\/li>\r\n<\/ul>","protected":false},"excerpt":{"rendered":"<p>Django Reinhardt Speed Book levou 10 anos da minha vida a ouvir, transcrever, aprender, compreender, comparar, praticar, aplicar e criar. No final, a forma de tocar de Django prova que a t\u00e9cnica n\u00e3o tem tanto a ver com as pancadas puras, mas mais com saber o que tocar, como tocar e onde tocar. Uma compila\u00e7\u00e3o de mais de 100 [...]<\/p>","protected":false},"featured_media":707,"template":"","meta":[],"product_brand":[],"product_cat":[27],"product_tag":[],"class_list":{"0":"post-705","1":"product","2":"type-product","3":"status-publish","4":"has-post-thumbnail","6":"product_cat-books","8":"first","9":"instock","10":"sale","11":"downloadable","12":"shipping-taxable","13":"purchasable","14":"product-type-simple"},"yoast_head":"<!-- This site is optimized with the Yoast SEO plugin v26.0 - https:\/\/yoast.com\/wordpress\/plugins\/seo\/ -->\n<title>Django Reinhardt Speed Book - Nuno Marinho Website<\/title>\n<meta name=\"description\" content=\"Django Reinhardt Speed Book. Here are all the tools to develop speed, technique, and fingerboard awareness by comparing Django licks with his contemporaries\" \/>\n<meta name=\"robots\" content=\"index, follow, max-snippet:-1, max-image-preview:large, max-video-preview:-1\" \/>\n<link rel=\"canonical\" href=\"https:\/\/www.nunomarinho.com\/pt\/produto\/django-reinhardt-speed-book\/\" \/>\n<meta property=\"og:locale\" content=\"pt_PT\" \/>\n<meta property=\"og:type\" content=\"article\" \/>\n<meta property=\"og:title\" content=\"Django Reinhardt Speed Book\" \/>\n<meta property=\"og:description\" content=\"Django Reinhardt Speed Book. Here are all the tools to develop speed, technique, and fingerboard awareness by comparing Django licks with his contemporaries\" \/>\n<meta property=\"og:url\" content=\"https:\/\/www.nunomarinho.com\/pt\/produto\/django-reinhardt-speed-book\/\" \/>\n<meta property=\"og:site_name\" content=\"Nuno Marinho Website\" \/>\n<meta property=\"article:modified_time\" content=\"2026-01-06T16:12:22+00:00\" \/>\n<meta property=\"og:image\" content=\"https:\/\/www.nunomarinho.com\/wp-content\/uploads\/2025\/10\/Burning-Speed-Capa.webp\" \/>\n\t<meta property=\"og:image:width\" content=\"1414\" \/>\n\t<meta property=\"og:image:height\" content=\"2000\" \/>\n\t<meta property=\"og:image:type\" content=\"image\/webp\" \/>\n<meta name=\"twitter:card\" content=\"summary_large_image\" \/>\n<meta name=\"twitter:title\" content=\"Django Reinhardt Speed Book\" \/>\n<meta name=\"twitter:description\" content=\"Django Reinhardt Speed Book. Here are all the tools to develop speed, technique, and fingerboard awareness by comparing Django licks with his contemporaries\" \/>\n<meta name=\"twitter:image\" content=\"https:\/\/www.nunomarinho.com\/wp-content\/uploads\/2025\/10\/Burning-Speed-Capa.webp\" \/>\n<meta name=\"twitter:label1\" content=\"Tempo estimado de leitura\" \/>\n\t<meta name=\"twitter:data1\" content=\"2 minutos\" \/>\n<script type=\"application\/ld+json\" class=\"yoast-schema-graph\">{\"@context\":\"https:\/\/schema.org\",\"@graph\":[{\"@type\":\"WebPage\",\"@id\":\"https:\/\/www.nunomarinho.com\/product\/django-reinhardt-speed-book\/\",\"url\":\"https:\/\/www.nunomarinho.com\/product\/django-reinhardt-speed-book\/\",\"name\":\"Django Reinhardt Speed Book - Nuno Marinho Website\",\"isPartOf\":{\"@id\":\"https:\/\/www.nunomarinho.com\/#website\"},\"primaryImageOfPage\":{\"@id\":\"https:\/\/www.nunomarinho.com\/product\/django-reinhardt-speed-book\/#primaryimage\"},\"image\":{\"@id\":\"https:\/\/www.nunomarinho.com\/product\/django-reinhardt-speed-book\/#primaryimage\"},\"thumbnailUrl\":\"https:\/\/www.nunomarinho.com\/wp-content\/uploads\/2025\/10\/Burning-Speed-Capa.webp\",\"datePublished\":\"2025-10-24T15:03:33+00:00\",\"dateModified\":\"2026-01-06T16:12:22+00:00\",\"description\":\"Django Reinhardt Speed Book. Here are all the tools to develop speed, technique, and fingerboard awareness by comparing Django licks with his contemporaries\",\"breadcrumb\":{\"@id\":\"https:\/\/www.nunomarinho.com\/product\/django-reinhardt-speed-book\/#breadcrumb\"},\"inLanguage\":\"pt-PT\",\"potentialAction\":[{\"@type\":\"ReadAction\",\"target\":[\"https:\/\/www.nunomarinho.com\/product\/django-reinhardt-speed-book\/\"]}]},{\"@type\":\"ImageObject\",\"inLanguage\":\"pt-PT\",\"@id\":\"https:\/\/www.nunomarinho.com\/product\/django-reinhardt-speed-book\/#primaryimage\",\"url\":\"https:\/\/www.nunomarinho.com\/wp-content\/uploads\/2025\/10\/Burning-Speed-Capa.webp\",\"contentUrl\":\"https:\/\/www.nunomarinho.com\/wp-content\/uploads\/2025\/10\/Burning-Speed-Capa.webp\",\"width\":1414,\"height\":2000,\"caption\":\"Django Reinhardt Speed Book. Here are all the tools to develop speed, technique, and fingerboard awareness by comparing Django licks with his contemporaries\"},{\"@type\":\"BreadcrumbList\",\"@id\":\"https:\/\/www.nunomarinho.com\/product\/django-reinhardt-speed-book\/#breadcrumb\",\"itemListElement\":[{\"@type\":\"ListItem\",\"position\":1,\"name\":\"Home\",\"item\":\"https:\/\/www.nunomarinho.com\/\"},{\"@type\":\"ListItem\",\"position\":2,\"name\":\"Store\",\"item\":\"https:\/\/www.nunomarinho.com\/store\/\"},{\"@type\":\"ListItem\",\"position\":3,\"name\":\"Django Reinhardt Speed Book\"}]},{\"@type\":\"WebSite\",\"@id\":\"https:\/\/www.nunomarinho.com\/#website\",\"url\":\"https:\/\/www.nunomarinho.com\/\",\"name\":\"Nuno Marinho Website\",\"description\":\"Classes &amp; Workshops\",\"publisher\":{\"@id\":\"https:\/\/www.nunomarinho.com\/#organization\"},\"potentialAction\":[{\"@type\":\"SearchAction\",\"target\":{\"@type\":\"EntryPoint\",\"urlTemplate\":\"https:\/\/www.nunomarinho.com\/?s={search_term_string}\"},\"query-input\":{\"@type\":\"PropertyValueSpecification\",\"valueRequired\":true,\"valueName\":\"search_term_string\"}}],\"inLanguage\":\"pt-PT\"},{\"@type\":\"Organization\",\"@id\":\"https:\/\/www.nunomarinho.com\/#organization\",\"name\":\"Nuno Marinho Website\",\"url\":\"https:\/\/www.nunomarinho.com\/\",\"logo\":{\"@type\":\"ImageObject\",\"inLanguage\":\"pt-PT\",\"@id\":\"https:\/\/www.nunomarinho.com\/#\/schema\/logo\/image\/\",\"url\":\"https:\/\/www.nunomarinho.com\/wp-content\/uploads\/2025\/10\/Logo-Transparente_branco.png\",\"contentUrl\":\"https:\/\/www.nunomarinho.com\/wp-content\/uploads\/2025\/10\/Logo-Transparente_branco.png\",\"width\":500,\"height\":500,\"caption\":\"Nuno Marinho Website\"},\"image\":{\"@id\":\"https:\/\/www.nunomarinho.com\/#\/schema\/logo\/image\/\"}}]}<\/script>\n<!-- \/ Yoast SEO plugin. -->","yoast_head_json":{"title":"Django Reinhardt Speed Book - Site de Nuno Marinho","description":"Django Reinhardt Speed Book. Aqui est\u00e3o todas as ferramentas para desenvolver velocidade, t\u00e9cnica e consci\u00eancia da escala, comparando os licks de Django com os dos seus contempor\u00e2neos","robots":{"index":"index","follow":"follow","max-snippet":"max-snippet:-1","max-image-preview":"max-image-preview:large","max-video-preview":"max-video-preview:-1"},"canonical":"https:\/\/www.nunomarinho.com\/pt\/produto\/django-reinhardt-speed-book\/","og_locale":"pt_PT","og_type":"article","og_title":"Django Reinhardt Speed Book","og_description":"Django Reinhardt Speed Book. Here are all the tools to develop speed, technique, and fingerboard awareness by comparing Django licks with his contemporaries","og_url":"https:\/\/www.nunomarinho.com\/pt\/produto\/django-reinhardt-speed-book\/","og_site_name":"Nuno Marinho Website","article_modified_time":"2026-01-06T16:12:22+00:00","og_image":[{"width":1414,"height":2000,"url":"https:\/\/www.nunomarinho.com\/wp-content\/uploads\/2025\/10\/Burning-Speed-Capa.webp","type":"image\/webp"}],"twitter_card":"summary_large_image","twitter_title":"Django Reinhardt Speed Book","twitter_description":"Django Reinhardt Speed Book. Here are all the tools to develop speed, technique, and fingerboard awareness by comparing Django licks with his contemporaries","twitter_image":"https:\/\/www.nunomarinho.com\/wp-content\/uploads\/2025\/10\/Burning-Speed-Capa.webp","twitter_misc":{"Tempo estimado de leitura":"2 minutos"},"schema":{"@context":"https:\/\/schema.org","@graph":[{"@type":"WebPage","@id":"https:\/\/www.nunomarinho.com\/product\/django-reinhardt-speed-book\/","url":"https:\/\/www.nunomarinho.com\/product\/django-reinhardt-speed-book\/","name":"Django Reinhardt Speed Book - Site de Nuno Marinho","isPartOf":{"@id":"https:\/\/www.nunomarinho.com\/#website"},"primaryImageOfPage":{"@id":"https:\/\/www.nunomarinho.com\/product\/django-reinhardt-speed-book\/#primaryimage"},"image":{"@id":"https:\/\/www.nunomarinho.com\/product\/django-reinhardt-speed-book\/#primaryimage"},"thumbnailUrl":"https:\/\/www.nunomarinho.com\/wp-content\/uploads\/2025\/10\/Burning-Speed-Capa.webp","datePublished":"2025-10-24T15:03:33+00:00","dateModified":"2026-01-06T16:12:22+00:00","description":"Django Reinhardt Speed Book. Aqui est\u00e3o todas as ferramentas para desenvolver velocidade, t\u00e9cnica e consci\u00eancia da escala, comparando os licks de Django com os dos seus contempor\u00e2neos","breadcrumb":{"@id":"https:\/\/www.nunomarinho.com\/product\/django-reinhardt-speed-book\/#breadcrumb"},"inLanguage":"pt-PT","potentialAction":[{"@type":"ReadAction","target":["https:\/\/www.nunomarinho.com\/product\/django-reinhardt-speed-book\/"]}]},{"@type":"ImageObject","inLanguage":"pt-PT","@id":"https:\/\/www.nunomarinho.com\/product\/django-reinhardt-speed-book\/#primaryimage","url":"https:\/\/www.nunomarinho.com\/wp-content\/uploads\/2025\/10\/Burning-Speed-Capa.webp","contentUrl":"https:\/\/www.nunomarinho.com\/wp-content\/uploads\/2025\/10\/Burning-Speed-Capa.webp","width":1414,"height":2000,"caption":"Django Reinhardt Speed Book. Here are all the tools to develop speed, technique, and fingerboard awareness by comparing Django licks with his contemporaries"},{"@type":"BreadcrumbList","@id":"https:\/\/www.nunomarinho.com\/product\/django-reinhardt-speed-book\/#breadcrumb","itemListElement":[{"@type":"ListItem","position":1,"name":"Home","item":"https:\/\/www.nunomarinho.com\/"},{"@type":"ListItem","position":2,"name":"Store","item":"https:\/\/www.nunomarinho.com\/store\/"},{"@type":"ListItem","position":3,"name":"Django Reinhardt Speed Book"}]},{"@type":"WebSite","@id":"https:\/\/www.nunomarinho.com\/#website","url":"https:\/\/www.nunomarinho.com\/","name":"Nuno Marinho Website","description":"Aulas e workshops","publisher":{"@id":"https:\/\/www.nunomarinho.com\/#organization"},"potentialAction":[{"@type":"SearchAction","target":{"@type":"EntryPoint","urlTemplate":"https:\/\/www.nunomarinho.com\/?s={search_term_string}"},"query-input":{"@type":"PropertyValueSpecification","valueRequired":true,"valueName":"search_term_string"}}],"inLanguage":"pt-PT"},{"@type":"Organization","@id":"https:\/\/www.nunomarinho.com\/#organization","name":"Nuno Marinho Website","url":"https:\/\/www.nunomarinho.com\/","logo":{"@type":"ImageObject","inLanguage":"pt-PT","@id":"https:\/\/www.nunomarinho.com\/#\/schema\/logo\/image\/","url":"https:\/\/www.nunomarinho.com\/wp-content\/uploads\/2025\/10\/Logo-Transparente_branco.png","contentUrl":"https:\/\/www.nunomarinho.com\/wp-content\/uploads\/2025\/10\/Logo-Transparente_branco.png","width":500,"height":500,"caption":"Nuno Marinho Website"},"image":{"@id":"https:\/\/www.nunomarinho.com\/#\/schema\/logo\/image\/"}}]}},"_links":{"self":[{"href":"https:\/\/www.nunomarinho.com\/pt\/wp-json\/wp\/v2\/product\/705","targetHints":{"allow":["GET"]}}],"collection":[{"href":"https:\/\/www.nunomarinho.com\/pt\/wp-json\/wp\/v2\/product"}],"about":[{"href":"https:\/\/www.nunomarinho.com\/pt\/wp-json\/wp\/v2\/types\/product"}],"wp:featuredmedia":[{"embeddable":true,"href":"https:\/\/www.nunomarinho.com\/pt\/wp-json\/wp\/v2\/media\/707"}],"wp:attachment":[{"href":"https:\/\/www.nunomarinho.com\/pt\/wp-json\/wp\/v2\/media?parent=705"}],"wp:term":[{"taxonomy":"product_brand","embeddable":true,"href":"https:\/\/www.nunomarinho.com\/pt\/wp-json\/wp\/v2\/product_brand?post=705"},{"taxonomy":"product_cat","embeddable":true,"href":"https:\/\/www.nunomarinho.com\/pt\/wp-json\/wp\/v2\/product_cat?post=705"},{"taxonomy":"product_tag","embeddable":true,"href":"https:\/\/www.nunomarinho.com\/pt\/wp-json\/wp\/v2\/product_tag?post=705"}],"curies":[{"name":"wp","href":"https:\/\/api.w.org\/{rel}","templated":true}]}}