{"id":689,"date":"2025-10-24T14:36:37","date_gmt":"2025-10-24T14:36:37","guid":{"rendered":"https:\/\/www.nunomarinho.com\/?post_type=product&#038;p=689"},"modified":"2026-01-06T16:12:37","modified_gmt":"2026-01-06T16:12:37","slug":"django-reinhardt-intros-book","status":"publish","type":"product","link":"https:\/\/www.nunomarinho.com\/pt\/produto\/django-reinhardt-intros-book\/","title":{"rendered":"Django Reinhardt apresenta o seu livro"},"content":{"rendered":"<p>Livro de Intros de Django Reinhardt. As Intros de Django dividem-se normalmente em 6 categorias diferentes, dependendo do conceito ou ideia que ele usa para definir o tempo, a tonalidade e o ambiente de cada can\u00e7\u00e3o. Descarregue agora o Livro de Intros de Django Reinhardt e aceda a uma an\u00e1lise aprofundada de 36 p\u00e1ginas das 30 maiores Intros do mestre do Gypsy Jazz.<\/p>\r\n<p>Aqui est\u00e1 a lista completa de v\u00eddeos de apoio para Django Reinhardt Intros Book:<\/p>\r\n<p><iframe loading=\"lazy\" title=\"Django Reinhardt apresenta o seu livro\" width=\"1080\" height=\"608\" src=\"https:\/\/www.youtube.com\/embed\/videoseries?list=PLws_5GfIGimbl8GBogn5FCxYW_2Nofot0\"  allow=\"accelerometer; autoplay; clipboard-write; encrypted-media; gyroscope; picture-in-picture; web-share\" referrerpolicy=\"strict-origin-when-cross-origin\" allowfullscreen><\/iframe><\/p>\r\n<p><br \/><strong>SEGUIR NUNO MARINHO EM:<\/strong><\/p>\r\n<!-- \/wp:post-content -->\r\n\r\n<!-- wp:paragraph -->\r\n<ul>\r\n<li>Loja de livros do s\u00edtio Web:\u00a0<a href=\"https:\/\/www.nunomarinho.com\/pt\/store\/\">https:\/\/www.nunomarinho.com\/store<\/a><!-- \/wp:paragraph -->\r\n\r\n<!-- wp:paragraph --><\/li>\r\n<li>Canal de v\u00eddeo:\u00a0<a href=\"https:\/\/www.youtube.com\/@NunoMarinho\">https:\/\/www.youtube.com\/@NunoMarinho<\/a><!-- \/wp:paragraph -->\r\n\r\n<!-- wp:paragraph --><\/li>\r\n<\/ul>","protected":false},"excerpt":{"rendered":"<p>Django Reinhardt Intros Book. Django&#8217;s Intros usually fall into 6 different categories, depending on what concept or idea he uses to set up the tempo, key, and mood of each song. Download now the Django Reinhardt Intros Book and access a 36-page in-depth analysis of the 30 greatest Intros from the Gypsy Jazz master. Here&#8217;s [&hellip;]<\/p>\n","protected":false},"featured_media":691,"template":"","meta":[],"product_brand":[],"product_cat":[27],"product_tag":[],"class_list":{"0":"post-689","1":"product","2":"type-product","3":"status-publish","4":"has-post-thumbnail","6":"product_cat-books","8":"first","9":"instock","10":"sale","11":"downloadable","12":"shipping-taxable","13":"purchasable","14":"product-type-simple"},"yoast_head":"<!-- This site is optimized with the Yoast SEO plugin v26.0 - https:\/\/yoast.com\/wordpress\/plugins\/seo\/ -->\n<title>Django Reinhardt Intros Book - Nuno Marinho Website<\/title>\n<meta name=\"description\" content=\"Django Reinhardt intros book is an easy-to-use and in-depth analysis of melodic and harmonic concepts over 26 fundamental Django\u00b4s solos.\" \/>\n<meta name=\"robots\" content=\"index, follow, max-snippet:-1, max-image-preview:large, max-video-preview:-1\" \/>\n<link rel=\"canonical\" href=\"https:\/\/www.nunomarinho.com\/pt\/produto\/django-reinhardt-intros-book\/\" \/>\n<meta property=\"og:locale\" content=\"pt_PT\" \/>\n<meta property=\"og:type\" content=\"article\" \/>\n<meta property=\"og:title\" content=\"Django Reinhardt Intros Book\" \/>\n<meta property=\"og:description\" content=\"Django Reinhardt intros book is an easy-to-use and in-depth analysis of melodic and harmonic concepts over 26 fundamental Django\u00b4s solos.\" \/>\n<meta property=\"og:url\" content=\"https:\/\/www.nunomarinho.com\/pt\/produto\/django-reinhardt-intros-book\/\" \/>\n<meta property=\"og:site_name\" content=\"Nuno Marinho Website\" \/>\n<meta property=\"article:modified_time\" content=\"2026-01-06T16:12:37+00:00\" \/>\n<meta property=\"og:image\" content=\"https:\/\/www.nunomarinho.com\/wp-content\/uploads\/2025\/10\/Djangos-Intros-Book-capa.webp\" \/>\n\t<meta property=\"og:image:width\" content=\"1414\" \/>\n\t<meta property=\"og:image:height\" content=\"2000\" \/>\n\t<meta property=\"og:image:type\" content=\"image\/webp\" \/>\n<meta name=\"twitter:card\" content=\"summary_large_image\" \/>\n<meta name=\"twitter:title\" content=\"Django Reinhardt Intros Book\" \/>\n<meta name=\"twitter:description\" content=\"Django Reinhardt intros book is an easy-to-use and in-depth analysis of melodic and harmonic concepts over 26 fundamental Django\u00b4s solos.\" \/>\n<meta name=\"twitter:image\" content=\"https:\/\/www.nunomarinho.com\/wp-content\/uploads\/2025\/10\/Djangos-Intros-Book-capa.webp\" \/>\n<meta name=\"twitter:label1\" content=\"Tempo estimado de leitura\" \/>\n\t<meta name=\"twitter:data1\" content=\"1 minuto\" \/>\n<script type=\"application\/ld+json\" class=\"yoast-schema-graph\">{\"@context\":\"https:\/\/schema.org\",\"@graph\":[{\"@type\":\"WebPage\",\"@id\":\"https:\/\/www.nunomarinho.com\/product\/django-reinhardt-intros-book\/\",\"url\":\"https:\/\/www.nunomarinho.com\/product\/django-reinhardt-intros-book\/\",\"name\":\"Django Reinhardt Intros Book - Nuno Marinho Website\",\"isPartOf\":{\"@id\":\"https:\/\/www.nunomarinho.com\/#website\"},\"primaryImageOfPage\":{\"@id\":\"https:\/\/www.nunomarinho.com\/product\/django-reinhardt-intros-book\/#primaryimage\"},\"image\":{\"@id\":\"https:\/\/www.nunomarinho.com\/product\/django-reinhardt-intros-book\/#primaryimage\"},\"thumbnailUrl\":\"https:\/\/www.nunomarinho.com\/wp-content\/uploads\/2025\/10\/Djangos-Intros-Book-capa.webp\",\"datePublished\":\"2025-10-24T14:36:37+00:00\",\"dateModified\":\"2026-01-06T16:12:37+00:00\",\"description\":\"Django Reinhardt intros book is an easy-to-use and in-depth analysis of melodic and harmonic concepts over 26 fundamental Django\u00b4s solos.\",\"breadcrumb\":{\"@id\":\"https:\/\/www.nunomarinho.com\/product\/django-reinhardt-intros-book\/#breadcrumb\"},\"inLanguage\":\"pt-PT\",\"potentialAction\":[{\"@type\":\"ReadAction\",\"target\":[\"https:\/\/www.nunomarinho.com\/product\/django-reinhardt-intros-book\/\"]}]},{\"@type\":\"ImageObject\",\"inLanguage\":\"pt-PT\",\"@id\":\"https:\/\/www.nunomarinho.com\/product\/django-reinhardt-intros-book\/#primaryimage\",\"url\":\"https:\/\/www.nunomarinho.com\/wp-content\/uploads\/2025\/10\/Djangos-Intros-Book-capa.webp\",\"contentUrl\":\"https:\/\/www.nunomarinho.com\/wp-content\/uploads\/2025\/10\/Djangos-Intros-Book-capa.webp\",\"width\":1414,\"height\":2000,\"caption\":\"Django Reinhardt intros book is an easy-to-use and in-depth analysis of melodic and harmonic concepts over 26 fundamental Django\u00b4s solos.\"},{\"@type\":\"BreadcrumbList\",\"@id\":\"https:\/\/www.nunomarinho.com\/product\/django-reinhardt-intros-book\/#breadcrumb\",\"itemListElement\":[{\"@type\":\"ListItem\",\"position\":1,\"name\":\"Home\",\"item\":\"https:\/\/www.nunomarinho.com\/\"},{\"@type\":\"ListItem\",\"position\":2,\"name\":\"Store\",\"item\":\"https:\/\/www.nunomarinho.com\/store\/\"},{\"@type\":\"ListItem\",\"position\":3,\"name\":\"Django Reinhardt Intros Book\"}]},{\"@type\":\"WebSite\",\"@id\":\"https:\/\/www.nunomarinho.com\/#website\",\"url\":\"https:\/\/www.nunomarinho.com\/\",\"name\":\"Nuno Marinho Website\",\"description\":\"Classes &amp; Workshops\",\"publisher\":{\"@id\":\"https:\/\/www.nunomarinho.com\/#organization\"},\"potentialAction\":[{\"@type\":\"SearchAction\",\"target\":{\"@type\":\"EntryPoint\",\"urlTemplate\":\"https:\/\/www.nunomarinho.com\/?s={search_term_string}\"},\"query-input\":{\"@type\":\"PropertyValueSpecification\",\"valueRequired\":true,\"valueName\":\"search_term_string\"}}],\"inLanguage\":\"pt-PT\"},{\"@type\":\"Organization\",\"@id\":\"https:\/\/www.nunomarinho.com\/#organization\",\"name\":\"Nuno Marinho Website\",\"url\":\"https:\/\/www.nunomarinho.com\/\",\"logo\":{\"@type\":\"ImageObject\",\"inLanguage\":\"pt-PT\",\"@id\":\"https:\/\/www.nunomarinho.com\/#\/schema\/logo\/image\/\",\"url\":\"https:\/\/www.nunomarinho.com\/wp-content\/uploads\/2025\/10\/Logo-Transparente_branco.png\",\"contentUrl\":\"https:\/\/www.nunomarinho.com\/wp-content\/uploads\/2025\/10\/Logo-Transparente_branco.png\",\"width\":500,\"height\":500,\"caption\":\"Nuno Marinho Website\"},\"image\":{\"@id\":\"https:\/\/www.nunomarinho.com\/#\/schema\/logo\/image\/\"}}]}<\/script>\n<!-- \/ Yoast SEO plugin. -->","yoast_head_json":{"title":"Django Reinhardt lan\u00e7a livro - Nuno Marinho Website","description":"O livro de intros de Django Reinhardt \u00e9 uma an\u00e1lise aprofundada e f\u00e1cil de usar dos conceitos mel\u00f3dicos e harm\u00f3nicos de 26 solos fundamentais de Django.","robots":{"index":"index","follow":"follow","max-snippet":"max-snippet:-1","max-image-preview":"max-image-preview:large","max-video-preview":"max-video-preview:-1"},"canonical":"https:\/\/www.nunomarinho.com\/pt\/produto\/django-reinhardt-intros-book\/","og_locale":"pt_PT","og_type":"article","og_title":"Django Reinhardt Intros Book","og_description":"Django Reinhardt intros book is an easy-to-use and in-depth analysis of melodic and harmonic concepts over 26 fundamental Django\u00b4s solos.","og_url":"https:\/\/www.nunomarinho.com\/pt\/produto\/django-reinhardt-intros-book\/","og_site_name":"Nuno Marinho Website","article_modified_time":"2026-01-06T16:12:37+00:00","og_image":[{"width":1414,"height":2000,"url":"https:\/\/www.nunomarinho.com\/wp-content\/uploads\/2025\/10\/Djangos-Intros-Book-capa.webp","type":"image\/webp"}],"twitter_card":"summary_large_image","twitter_title":"Django Reinhardt Intros Book","twitter_description":"Django Reinhardt intros book is an easy-to-use and in-depth analysis of melodic and harmonic concepts over 26 fundamental Django\u00b4s solos.","twitter_image":"https:\/\/www.nunomarinho.com\/wp-content\/uploads\/2025\/10\/Djangos-Intros-Book-capa.webp","twitter_misc":{"Tempo estimado de leitura":"1 minuto"},"schema":{"@context":"https:\/\/schema.org","@graph":[{"@type":"WebPage","@id":"https:\/\/www.nunomarinho.com\/product\/django-reinhardt-intros-book\/","url":"https:\/\/www.nunomarinho.com\/product\/django-reinhardt-intros-book\/","name":"Django Reinhardt lan\u00e7a livro - Nuno Marinho Website","isPartOf":{"@id":"https:\/\/www.nunomarinho.com\/#website"},"primaryImageOfPage":{"@id":"https:\/\/www.nunomarinho.com\/product\/django-reinhardt-intros-book\/#primaryimage"},"image":{"@id":"https:\/\/www.nunomarinho.com\/product\/django-reinhardt-intros-book\/#primaryimage"},"thumbnailUrl":"https:\/\/www.nunomarinho.com\/wp-content\/uploads\/2025\/10\/Djangos-Intros-Book-capa.webp","datePublished":"2025-10-24T14:36:37+00:00","dateModified":"2026-01-06T16:12:37+00:00","description":"O livro de intros de Django Reinhardt \u00e9 uma an\u00e1lise aprofundada e f\u00e1cil de usar dos conceitos mel\u00f3dicos e harm\u00f3nicos de 26 solos fundamentais de Django.","breadcrumb":{"@id":"https:\/\/www.nunomarinho.com\/product\/django-reinhardt-intros-book\/#breadcrumb"},"inLanguage":"pt-PT","potentialAction":[{"@type":"ReadAction","target":["https:\/\/www.nunomarinho.com\/product\/django-reinhardt-intros-book\/"]}]},{"@type":"ImageObject","inLanguage":"pt-PT","@id":"https:\/\/www.nunomarinho.com\/product\/django-reinhardt-intros-book\/#primaryimage","url":"https:\/\/www.nunomarinho.com\/wp-content\/uploads\/2025\/10\/Djangos-Intros-Book-capa.webp","contentUrl":"https:\/\/www.nunomarinho.com\/wp-content\/uploads\/2025\/10\/Djangos-Intros-Book-capa.webp","width":1414,"height":2000,"caption":"Django Reinhardt intros book is an easy-to-use and in-depth analysis of melodic and harmonic concepts over 26 fundamental Django\u00b4s solos."},{"@type":"BreadcrumbList","@id":"https:\/\/www.nunomarinho.com\/product\/django-reinhardt-intros-book\/#breadcrumb","itemListElement":[{"@type":"ListItem","position":1,"name":"Home","item":"https:\/\/www.nunomarinho.com\/"},{"@type":"ListItem","position":2,"name":"Store","item":"https:\/\/www.nunomarinho.com\/store\/"},{"@type":"ListItem","position":3,"name":"Django Reinhardt Intros Book"}]},{"@type":"WebSite","@id":"https:\/\/www.nunomarinho.com\/#website","url":"https:\/\/www.nunomarinho.com\/","name":"Nuno Marinho Website","description":"Aulas e workshops","publisher":{"@id":"https:\/\/www.nunomarinho.com\/#organization"},"potentialAction":[{"@type":"SearchAction","target":{"@type":"EntryPoint","urlTemplate":"https:\/\/www.nunomarinho.com\/?s={search_term_string}"},"query-input":{"@type":"PropertyValueSpecification","valueRequired":true,"valueName":"search_term_string"}}],"inLanguage":"pt-PT"},{"@type":"Organization","@id":"https:\/\/www.nunomarinho.com\/#organization","name":"Nuno Marinho Website","url":"https:\/\/www.nunomarinho.com\/","logo":{"@type":"ImageObject","inLanguage":"pt-PT","@id":"https:\/\/www.nunomarinho.com\/#\/schema\/logo\/image\/","url":"https:\/\/www.nunomarinho.com\/wp-content\/uploads\/2025\/10\/Logo-Transparente_branco.png","contentUrl":"https:\/\/www.nunomarinho.com\/wp-content\/uploads\/2025\/10\/Logo-Transparente_branco.png","width":500,"height":500,"caption":"Nuno Marinho Website"},"image":{"@id":"https:\/\/www.nunomarinho.com\/#\/schema\/logo\/image\/"}}]}},"_links":{"self":[{"href":"https:\/\/www.nunomarinho.com\/pt\/wp-json\/wp\/v2\/product\/689","targetHints":{"allow":["GET"]}}],"collection":[{"href":"https:\/\/www.nunomarinho.com\/pt\/wp-json\/wp\/v2\/product"}],"about":[{"href":"https:\/\/www.nunomarinho.com\/pt\/wp-json\/wp\/v2\/types\/product"}],"wp:featuredmedia":[{"embeddable":true,"href":"https:\/\/www.nunomarinho.com\/pt\/wp-json\/wp\/v2\/media\/691"}],"wp:attachment":[{"href":"https:\/\/www.nunomarinho.com\/pt\/wp-json\/wp\/v2\/media?parent=689"}],"wp:term":[{"taxonomy":"product_brand","embeddable":true,"href":"https:\/\/www.nunomarinho.com\/pt\/wp-json\/wp\/v2\/product_brand?post=689"},{"taxonomy":"product_cat","embeddable":true,"href":"https:\/\/www.nunomarinho.com\/pt\/wp-json\/wp\/v2\/product_cat?post=689"},{"taxonomy":"product_tag","embeddable":true,"href":"https:\/\/www.nunomarinho.com\/pt\/wp-json\/wp\/v2\/product_tag?post=689"}],"curies":[{"name":"wp","href":"https:\/\/api.w.org\/{rel}","templated":true}]}}