{"id":686,"date":"2025-10-24T14:29:21","date_gmt":"2025-10-24T14:29:21","guid":{"rendered":"https:\/\/www.nunomarinho.com\/?post_type=product&#038;p=686"},"modified":"2025-11-19T22:33:31","modified_gmt":"2025-11-19T22:33:31","slug":"django-reinhardt-solos-book","status":"publish","type":"product","link":"https:\/\/www.nunomarinho.com\/pt\/produto\/django-reinhardt-solos-book\/","title":{"rendered":"Livro de Solos de Django Reinhardt"},"content":{"rendered":"<p>Django Reinhardt Solos Book \u00e9 uma compila\u00e7\u00e3o de 26 solos fundamentais de Django Reinhardt, com uma an\u00e1lise dos conceitos mel\u00f3dicos e harm\u00f3nicos.<\/p>\r\n<p>Mais de 120 p\u00e1ginas de solos completos com licks identificados que o far\u00e3o compreender a m\u00fasica de Django Reinhardt como nunca antes.<\/p>\r\n<p>Agora pode aprender os seus solos favoritos de Django Reinhardt num formato met\u00f3dico, organizado e claro. Partituras e tablaturas f\u00e1ceis de ler que melhoram a compreens\u00e3o da m\u00fasica e a reten\u00e7\u00e3o da mem\u00f3ria.<\/p>\r\n<p>Toque os melhores solos de Django Reinhardt, ou isole os seus licks e ideias favoritos para os aplicar em qualquer mudan\u00e7a de ritmo, blues, m\u00fasicas de Django e progress\u00f5es de jazz.<\/p>\r\n<p>ATEN\u00c7\u00c3O, POR FAVOR! Django Reinhardt Solos Book n\u00e3o \u00e9 apenas mais um livro de transcri\u00e7\u00f5es de Django Reinhardt. Este \u00e9 o guia mais recente e fundamental para compreender e tocar como o mestre.<\/p>\r\n<p><iframe loading=\"lazy\" title=\"Livro de Solos de Django Reinhardt\" width=\"1080\" height=\"608\" src=\"https:\/\/www.youtube.com\/embed\/videoseries?list=PLws_5GfIGimbcIy7l1bVpYOW0b6eIuJQr\"  allow=\"accelerometer; autoplay; clipboard-write; encrypted-media; gyroscope; picture-in-picture; web-share\" referrerpolicy=\"strict-origin-when-cross-origin\" allowfullscreen><\/iframe><\/p>\r\n<p><strong>VISITE NUNO MARINHO PARA MAIS INFORMA\u00c7\u00d5ES EM:<\/strong><\/p>\r\n<!-- \/wp:post-content -->\r\n\r\n<!-- wp:paragraph -->\r\n<ul>\r\n<li>Loja de livros do s\u00edtio Web:\u00a0<a href=\"https:\/\/www.nunomarinho.com\/pt\/store\/\">https:\/\/www.nunomarinho.com\/store<\/a><!-- \/wp:paragraph -->\r\n\r\n<!-- wp:paragraph --><\/li>\r\n<li>Canal de v\u00eddeo:\u00a0<a href=\"https:\/\/www.youtube.com\/@NunoMarinho\">https:\/\/www.youtube.com\/@NunoMarinho<\/a><!-- \/wp:paragraph -->\r\n\r\n<!-- wp:paragraph --><\/li>\r\n<\/ul>","protected":false},"excerpt":{"rendered":"<p>Django Reinhardt Solos Book is a compilation of 26 fundamental Django Reinhardt solos, with an analysis of melodic and harmonic concepts. More than 120 pages of complete solos with identified licks that will make you understand Django Reinhardt&#8217;s music like never before. Now you can learn your favorite Django Reinhardt solos in a methodical, organized, [&hellip;]<\/p>\n","protected":false},"featured_media":688,"template":"","meta":[],"product_brand":[],"product_cat":[27],"product_tag":[],"class_list":{"0":"post-686","1":"product","2":"type-product","3":"status-publish","4":"has-post-thumbnail","6":"product_cat-books","8":"first","9":"instock","10":"sale","11":"downloadable","12":"shipping-taxable","13":"purchasable","14":"product-type-simple"},"yoast_head":"<!-- This site is optimized with the Yoast SEO plugin v26.0 - https:\/\/yoast.com\/wordpress\/plugins\/seo\/ -->\n<title>Django Reinhardt Solos Book - Nuno Marinho Website<\/title>\n<meta name=\"description\" content=\"Django Reinhardt solos book is an easy-to-use and in-depth analysis of melodic and harmonic concepts over 26 fundamental Django Reinhardt solos.\" \/>\n<meta name=\"robots\" content=\"index, follow, max-snippet:-1, max-image-preview:large, max-video-preview:-1\" \/>\n<link rel=\"canonical\" href=\"https:\/\/www.nunomarinho.com\/pt\/produto\/django-reinhardt-solos-book\/\" \/>\n<meta property=\"og:locale\" content=\"pt_PT\" \/>\n<meta property=\"og:type\" content=\"article\" \/>\n<meta property=\"og:title\" content=\"Django Reinhardt Solos Book\" \/>\n<meta property=\"og:description\" content=\"Django Reinhardt Solos Book is an easy-to-use and in-depth analysis of melodic and harmonic concepts over 26 fundamental Django Reinhardt solos.\" \/>\n<meta property=\"og:url\" content=\"https:\/\/www.nunomarinho.com\/pt\/produto\/django-reinhardt-solos-book\/\" \/>\n<meta property=\"og:site_name\" content=\"Nuno Marinho Website\" \/>\n<meta property=\"article:modified_time\" content=\"2025-11-19T22:33:31+00:00\" \/>\n<meta property=\"og:image\" content=\"https:\/\/www.nunomarinho.com\/wp-content\/uploads\/2025\/10\/DJANGO-SOLOS-BOOK-Capa.webp\" \/>\n\t<meta property=\"og:image:width\" content=\"1414\" \/>\n\t<meta property=\"og:image:height\" content=\"2000\" \/>\n\t<meta property=\"og:image:type\" content=\"image\/webp\" \/>\n<meta name=\"twitter:card\" content=\"summary_large_image\" \/>\n<meta name=\"twitter:title\" content=\"Django Reinhardt Solos Book\" \/>\n<meta name=\"twitter:description\" content=\"Django Reinhardt Solos Book is an easy-to-use and in-depth analysis of melodic and harmonic concepts over 26 fundamental Django Reinhardt solos.\" \/>\n<meta name=\"twitter:image\" content=\"https:\/\/www.nunomarinho.com\/wp-content\/uploads\/2025\/10\/DJANGO-SOLOS-BOOK-Capa.webp\" \/>\n<meta name=\"twitter:label1\" content=\"Tempo estimado de leitura\" \/>\n\t<meta name=\"twitter:data1\" content=\"1 minuto\" \/>\n<script type=\"application\/ld+json\" class=\"yoast-schema-graph\">{\"@context\":\"https:\/\/schema.org\",\"@graph\":[{\"@type\":\"WebPage\",\"@id\":\"https:\/\/www.nunomarinho.com\/product\/django-reinhardt-solos-book\/\",\"url\":\"https:\/\/www.nunomarinho.com\/product\/django-reinhardt-solos-book\/\",\"name\":\"Django Reinhardt Solos Book - Nuno Marinho Website\",\"isPartOf\":{\"@id\":\"https:\/\/www.nunomarinho.com\/#website\"},\"primaryImageOfPage\":{\"@id\":\"https:\/\/www.nunomarinho.com\/product\/django-reinhardt-solos-book\/#primaryimage\"},\"image\":{\"@id\":\"https:\/\/www.nunomarinho.com\/product\/django-reinhardt-solos-book\/#primaryimage\"},\"thumbnailUrl\":\"https:\/\/www.nunomarinho.com\/wp-content\/uploads\/2025\/10\/DJANGO-SOLOS-BOOK-Capa.webp\",\"datePublished\":\"2025-10-24T14:29:21+00:00\",\"dateModified\":\"2025-11-19T22:33:31+00:00\",\"description\":\"Django Reinhardt solos book is an easy-to-use and in-depth analysis of melodic and harmonic concepts over 26 fundamental Django Reinhardt solos.\",\"breadcrumb\":{\"@id\":\"https:\/\/www.nunomarinho.com\/product\/django-reinhardt-solos-book\/#breadcrumb\"},\"inLanguage\":\"pt-PT\",\"potentialAction\":[{\"@type\":\"ReadAction\",\"target\":[\"https:\/\/www.nunomarinho.com\/product\/django-reinhardt-solos-book\/\"]}]},{\"@type\":\"ImageObject\",\"inLanguage\":\"pt-PT\",\"@id\":\"https:\/\/www.nunomarinho.com\/product\/django-reinhardt-solos-book\/#primaryimage\",\"url\":\"https:\/\/www.nunomarinho.com\/wp-content\/uploads\/2025\/10\/DJANGO-SOLOS-BOOK-Capa.webp\",\"contentUrl\":\"https:\/\/www.nunomarinho.com\/wp-content\/uploads\/2025\/10\/DJANGO-SOLOS-BOOK-Capa.webp\",\"width\":1414,\"height\":2000,\"caption\":\"Django Reinhardt Solos Book is an easy-to-use and in-depth analysis of melodic and harmonic concepts over 26 fundamental Django Reinhardt solos.\"},{\"@type\":\"BreadcrumbList\",\"@id\":\"https:\/\/www.nunomarinho.com\/product\/django-reinhardt-solos-book\/#breadcrumb\",\"itemListElement\":[{\"@type\":\"ListItem\",\"position\":1,\"name\":\"Home\",\"item\":\"https:\/\/www.nunomarinho.com\/\"},{\"@type\":\"ListItem\",\"position\":2,\"name\":\"Store\",\"item\":\"https:\/\/www.nunomarinho.com\/store\/\"},{\"@type\":\"ListItem\",\"position\":3,\"name\":\"Django Reinhardt Solos Book\"}]},{\"@type\":\"WebSite\",\"@id\":\"https:\/\/www.nunomarinho.com\/#website\",\"url\":\"https:\/\/www.nunomarinho.com\/\",\"name\":\"Nuno Marinho Website\",\"description\":\"Classes &amp; Workshops\",\"publisher\":{\"@id\":\"https:\/\/www.nunomarinho.com\/#organization\"},\"potentialAction\":[{\"@type\":\"SearchAction\",\"target\":{\"@type\":\"EntryPoint\",\"urlTemplate\":\"https:\/\/www.nunomarinho.com\/?s={search_term_string}\"},\"query-input\":{\"@type\":\"PropertyValueSpecification\",\"valueRequired\":true,\"valueName\":\"search_term_string\"}}],\"inLanguage\":\"pt-PT\"},{\"@type\":\"Organization\",\"@id\":\"https:\/\/www.nunomarinho.com\/#organization\",\"name\":\"Nuno Marinho Website\",\"url\":\"https:\/\/www.nunomarinho.com\/\",\"logo\":{\"@type\":\"ImageObject\",\"inLanguage\":\"pt-PT\",\"@id\":\"https:\/\/www.nunomarinho.com\/#\/schema\/logo\/image\/\",\"url\":\"https:\/\/www.nunomarinho.com\/wp-content\/uploads\/2025\/10\/Logo-Transparente_branco.png\",\"contentUrl\":\"https:\/\/www.nunomarinho.com\/wp-content\/uploads\/2025\/10\/Logo-Transparente_branco.png\",\"width\":500,\"height\":500,\"caption\":\"Nuno Marinho Website\"},\"image\":{\"@id\":\"https:\/\/www.nunomarinho.com\/#\/schema\/logo\/image\/\"}}]}<\/script>\n<!-- \/ Yoast SEO plugin. -->","yoast_head_json":{"title":"Django Reinhardt Solos Book - Nuno Marinho Website","description":"O livro de solos de Django Reinhardt \u00e9 uma an\u00e1lise aprofundada e f\u00e1cil de usar dos conceitos mel\u00f3dicos e harm\u00f3nicos de 26 solos fundamentais de Django Reinhardt.","robots":{"index":"index","follow":"follow","max-snippet":"max-snippet:-1","max-image-preview":"max-image-preview:large","max-video-preview":"max-video-preview:-1"},"canonical":"https:\/\/www.nunomarinho.com\/pt\/produto\/django-reinhardt-solos-book\/","og_locale":"pt_PT","og_type":"article","og_title":"Django Reinhardt Solos Book","og_description":"Django Reinhardt Solos Book is an easy-to-use and in-depth analysis of melodic and harmonic concepts over 26 fundamental Django Reinhardt solos.","og_url":"https:\/\/www.nunomarinho.com\/pt\/produto\/django-reinhardt-solos-book\/","og_site_name":"Nuno Marinho Website","article_modified_time":"2025-11-19T22:33:31+00:00","og_image":[{"width":1414,"height":2000,"url":"https:\/\/www.nunomarinho.com\/wp-content\/uploads\/2025\/10\/DJANGO-SOLOS-BOOK-Capa.webp","type":"image\/webp"}],"twitter_card":"summary_large_image","twitter_title":"Django Reinhardt Solos Book","twitter_description":"Django Reinhardt Solos Book is an easy-to-use and in-depth analysis of melodic and harmonic concepts over 26 fundamental Django Reinhardt solos.","twitter_image":"https:\/\/www.nunomarinho.com\/wp-content\/uploads\/2025\/10\/DJANGO-SOLOS-BOOK-Capa.webp","twitter_misc":{"Tempo estimado de leitura":"1 minuto"},"schema":{"@context":"https:\/\/schema.org","@graph":[{"@type":"WebPage","@id":"https:\/\/www.nunomarinho.com\/product\/django-reinhardt-solos-book\/","url":"https:\/\/www.nunomarinho.com\/product\/django-reinhardt-solos-book\/","name":"Django Reinhardt Solos Book - Nuno Marinho Website","isPartOf":{"@id":"https:\/\/www.nunomarinho.com\/#website"},"primaryImageOfPage":{"@id":"https:\/\/www.nunomarinho.com\/product\/django-reinhardt-solos-book\/#primaryimage"},"image":{"@id":"https:\/\/www.nunomarinho.com\/product\/django-reinhardt-solos-book\/#primaryimage"},"thumbnailUrl":"https:\/\/www.nunomarinho.com\/wp-content\/uploads\/2025\/10\/DJANGO-SOLOS-BOOK-Capa.webp","datePublished":"2025-10-24T14:29:21+00:00","dateModified":"2025-11-19T22:33:31+00:00","description":"O livro de solos de Django Reinhardt \u00e9 uma an\u00e1lise aprofundada e f\u00e1cil de usar dos conceitos mel\u00f3dicos e harm\u00f3nicos de 26 solos fundamentais de Django Reinhardt.","breadcrumb":{"@id":"https:\/\/www.nunomarinho.com\/product\/django-reinhardt-solos-book\/#breadcrumb"},"inLanguage":"pt-PT","potentialAction":[{"@type":"ReadAction","target":["https:\/\/www.nunomarinho.com\/product\/django-reinhardt-solos-book\/"]}]},{"@type":"ImageObject","inLanguage":"pt-PT","@id":"https:\/\/www.nunomarinho.com\/product\/django-reinhardt-solos-book\/#primaryimage","url":"https:\/\/www.nunomarinho.com\/wp-content\/uploads\/2025\/10\/DJANGO-SOLOS-BOOK-Capa.webp","contentUrl":"https:\/\/www.nunomarinho.com\/wp-content\/uploads\/2025\/10\/DJANGO-SOLOS-BOOK-Capa.webp","width":1414,"height":2000,"caption":"Django Reinhardt Solos Book is an easy-to-use and in-depth analysis of melodic and harmonic concepts over 26 fundamental Django Reinhardt solos."},{"@type":"BreadcrumbList","@id":"https:\/\/www.nunomarinho.com\/product\/django-reinhardt-solos-book\/#breadcrumb","itemListElement":[{"@type":"ListItem","position":1,"name":"Home","item":"https:\/\/www.nunomarinho.com\/"},{"@type":"ListItem","position":2,"name":"Store","item":"https:\/\/www.nunomarinho.com\/store\/"},{"@type":"ListItem","position":3,"name":"Django Reinhardt Solos Book"}]},{"@type":"WebSite","@id":"https:\/\/www.nunomarinho.com\/#website","url":"https:\/\/www.nunomarinho.com\/","name":"Nuno Marinho Website","description":"Aulas e workshops","publisher":{"@id":"https:\/\/www.nunomarinho.com\/#organization"},"potentialAction":[{"@type":"SearchAction","target":{"@type":"EntryPoint","urlTemplate":"https:\/\/www.nunomarinho.com\/?s={search_term_string}"},"query-input":{"@type":"PropertyValueSpecification","valueRequired":true,"valueName":"search_term_string"}}],"inLanguage":"pt-PT"},{"@type":"Organization","@id":"https:\/\/www.nunomarinho.com\/#organization","name":"Nuno Marinho Website","url":"https:\/\/www.nunomarinho.com\/","logo":{"@type":"ImageObject","inLanguage":"pt-PT","@id":"https:\/\/www.nunomarinho.com\/#\/schema\/logo\/image\/","url":"https:\/\/www.nunomarinho.com\/wp-content\/uploads\/2025\/10\/Logo-Transparente_branco.png","contentUrl":"https:\/\/www.nunomarinho.com\/wp-content\/uploads\/2025\/10\/Logo-Transparente_branco.png","width":500,"height":500,"caption":"Nuno Marinho Website"},"image":{"@id":"https:\/\/www.nunomarinho.com\/#\/schema\/logo\/image\/"}}]}},"_links":{"self":[{"href":"https:\/\/www.nunomarinho.com\/pt\/wp-json\/wp\/v2\/product\/686","targetHints":{"allow":["GET"]}}],"collection":[{"href":"https:\/\/www.nunomarinho.com\/pt\/wp-json\/wp\/v2\/product"}],"about":[{"href":"https:\/\/www.nunomarinho.com\/pt\/wp-json\/wp\/v2\/types\/product"}],"wp:featuredmedia":[{"embeddable":true,"href":"https:\/\/www.nunomarinho.com\/pt\/wp-json\/wp\/v2\/media\/688"}],"wp:attachment":[{"href":"https:\/\/www.nunomarinho.com\/pt\/wp-json\/wp\/v2\/media?parent=686"}],"wp:term":[{"taxonomy":"product_brand","embeddable":true,"href":"https:\/\/www.nunomarinho.com\/pt\/wp-json\/wp\/v2\/product_brand?post=686"},{"taxonomy":"product_cat","embeddable":true,"href":"https:\/\/www.nunomarinho.com\/pt\/wp-json\/wp\/v2\/product_cat?post=686"},{"taxonomy":"product_tag","embeddable":true,"href":"https:\/\/www.nunomarinho.com\/pt\/wp-json\/wp\/v2\/product_tag?post=686"}],"curies":[{"name":"wp","href":"https:\/\/api.w.org\/{rel}","templated":true}]}}