{"id":652,"date":"2025-10-24T08:55:46","date_gmt":"2025-10-24T08:55:46","guid":{"rendered":"https:\/\/www.nunomarinho.com\/?post_type=product&#038;p=652"},"modified":"2025-11-19T18:29:44","modified_gmt":"2025-11-19T18:29:44","slug":"swing-41-django-solo","status":"publish","type":"product","link":"https:\/\/www.nunomarinho.com\/pt\/produto\/swing-41-django-solo\/","title":{"rendered":"Swing 41 Django Solo"},"content":{"rendered":"<h3>Swing 41 Django Solo (1941)<\/h3>\r\n<p>Swing 41 Solo de Django Reinhardt (1941). Mais do que uma transcri\u00e7\u00e3o, esta \u00e9 uma aula de guitarra em forma de e-book. Lick a lick, descubra o que Django Reinhardt est\u00e1 a pensar e a tocar.<\/p>\r\n<p>Agora pode tirar o melhor partido dos licks de Django e torn\u00e1-los seus no pr\u00f3ximo concerto! A partitura e a tablatura s\u00e3o fornecidas para a execu\u00e7\u00e3o completa (Head e Solo), dedilhados e articula\u00e7\u00e3o fi\u00e1vel das frases.<\/p>\r\n<p>TODOS OS LICKS S\u00c3O IDENTIFICADOS, DELINEADOS E ANALISADOS AO LONGO DA FOLHA DE M\u00daSICA.<\/p>\r\n<p><iframe loading=\"lazy\" title=\"Swing 41 \ud83c\udfcc\u200d\u2642\ufe0f Solo de Django Reinhardt\" width=\"1080\" height=\"608\" src=\"https:\/\/www.youtube.com\/embed\/cmD7-UPszGw?feature=oembed\"  allow=\"accelerometer; autoplay; clipboard-write; encrypted-media; gyroscope; picture-in-picture; web-share\" referrerpolicy=\"strict-origin-when-cross-origin\" allowfullscreen><\/iframe><\/p>\r\n<p>&nbsp;<\/p>\r\n<p><strong>SEGUIR NUNO MARINHO EM:<\/strong><\/p>\r\n<!-- \/wp:post-content -->\r\n\r\n<!-- wp:paragraph -->\r\n<ul>\r\n<li>Loja de livros do s\u00edtio Web:\u00a0<a href=\"https:\/\/www.nunomarinho.com\/pt\/store\/\">https:\/\/www.nunomarinho.com\/store<\/a><!-- \/wp:paragraph -->\r\n\r\n<!-- wp:paragraph --><\/li>\r\n<li>Canal de v\u00eddeo:\u00a0<a href=\"https:\/\/www.youtube.com\/@NunoMarinho\">https:\/\/www.youtube.com\/@NunoMarinho<\/a><\/li>\r\n<\/ul>","protected":false},"excerpt":{"rendered":"<p>Swing 41 Django Solo (1941) Swing 41 Django Reinhardt Solo (1941). Mais do que uma transcri\u00e7\u00e3o, esta \u00e9 uma aula de guitarra em forma de e-book. Lick a lick, descubra o que Django Reinhardt est\u00e1 a pensar e a tocar. Agora pode tirar o melhor partido dos licks de Django e torn\u00e1-los seus na pr\u00f3xima [...]<\/p>","protected":false},"featured_media":653,"template":"","meta":[],"product_brand":[],"product_cat":[25],"product_tag":[],"class_list":{"0":"post-652","1":"product","2":"type-product","3":"status-publish","4":"has-post-thumbnail","6":"product_cat-django-reinhardt-scores","8":"first","9":"instock","10":"downloadable","11":"shipping-taxable","12":"purchasable","13":"product-type-simple"},"yoast_head":"<!-- This site is optimized with the Yoast SEO plugin v26.0 - https:\/\/yoast.com\/wordpress\/plugins\/seo\/ -->\n<title>Swing 41 Django Solo - Nuno Marinho Website<\/title>\n<meta name=\"description\" content=\"Swing 41 Django Reinhardt Solo score is a guitar class in the shape of an e-book. Lick by lick, discover what Django Reinhardt is playing.\" \/>\n<meta name=\"robots\" content=\"index, follow, max-snippet:-1, max-image-preview:large, max-video-preview:-1\" \/>\n<link rel=\"canonical\" href=\"https:\/\/www.nunomarinho.com\/pt\/produto\/swing-41-django-solo\/\" \/>\n<meta property=\"og:locale\" content=\"pt_PT\" \/>\n<meta property=\"og:type\" content=\"article\" \/>\n<meta property=\"og:title\" content=\"Swing 41 Django Reinhardt Solo\" \/>\n<meta property=\"og:description\" content=\"Swing 41 Django Reinhardt Solo score is a guitar class in the shape of an e-book. Lick by lick, discover what Django Reinhardt is playing.\" \/>\n<meta property=\"og:url\" content=\"https:\/\/www.nunomarinho.com\/pt\/produto\/swing-41-django-solo\/\" \/>\n<meta property=\"og:site_name\" content=\"Nuno Marinho Website\" \/>\n<meta property=\"article:modified_time\" content=\"2025-11-19T18:29:44+00:00\" \/>\n<meta property=\"og:image\" content=\"https:\/\/www.nunomarinho.com\/wp-content\/uploads\/2025\/10\/Swing41-Django-Reinhardt-Solo.webp\" \/>\n\t<meta property=\"og:image:width\" content=\"1414\" \/>\n\t<meta property=\"og:image:height\" content=\"2000\" \/>\n\t<meta property=\"og:image:type\" content=\"image\/webp\" \/>\n<meta name=\"twitter:card\" content=\"summary_large_image\" \/>\n<meta name=\"twitter:title\" content=\"Swing 41 Django Reinhardt Solo\" \/>\n<meta name=\"twitter:description\" content=\"Swing 41 Django Reinhardt Solo score is a guitar class in the shape of an e-book. Lick by lick, discover what Django Reinhardt is playing.\" \/>\n<meta name=\"twitter:image\" content=\"https:\/\/www.nunomarinho.com\/wp-content\/uploads\/2025\/10\/Swing41-Django-Reinhardt-Solo.webp\" \/>\n<meta name=\"twitter:label1\" content=\"Tempo estimado de leitura\" \/>\n\t<meta name=\"twitter:data1\" content=\"1 minuto\" \/>\n<script type=\"application\/ld+json\" class=\"yoast-schema-graph\">{\"@context\":\"https:\/\/schema.org\",\"@graph\":[{\"@type\":\"WebPage\",\"@id\":\"https:\/\/www.nunomarinho.com\/product\/swing-41-django-solo\/\",\"url\":\"https:\/\/www.nunomarinho.com\/product\/swing-41-django-solo\/\",\"name\":\"Swing 41 Django Solo - Nuno Marinho Website\",\"isPartOf\":{\"@id\":\"https:\/\/www.nunomarinho.com\/#website\"},\"primaryImageOfPage\":{\"@id\":\"https:\/\/www.nunomarinho.com\/product\/swing-41-django-solo\/#primaryimage\"},\"image\":{\"@id\":\"https:\/\/www.nunomarinho.com\/product\/swing-41-django-solo\/#primaryimage\"},\"thumbnailUrl\":\"https:\/\/www.nunomarinho.com\/wp-content\/uploads\/2025\/10\/Swing41-Django-Reinhardt-Solo.webp\",\"datePublished\":\"2025-10-24T08:55:46+00:00\",\"dateModified\":\"2025-11-19T18:29:44+00:00\",\"description\":\"Swing 41 Django Reinhardt Solo score is a guitar class in the shape of an e-book. Lick by lick, discover what Django Reinhardt is playing.\",\"breadcrumb\":{\"@id\":\"https:\/\/www.nunomarinho.com\/product\/swing-41-django-solo\/#breadcrumb\"},\"inLanguage\":\"pt-PT\",\"potentialAction\":[{\"@type\":\"ReadAction\",\"target\":[\"https:\/\/www.nunomarinho.com\/product\/swing-41-django-solo\/\"]}]},{\"@type\":\"ImageObject\",\"inLanguage\":\"pt-PT\",\"@id\":\"https:\/\/www.nunomarinho.com\/product\/swing-41-django-solo\/#primaryimage\",\"url\":\"https:\/\/www.nunomarinho.com\/wp-content\/uploads\/2025\/10\/Swing41-Django-Reinhardt-Solo.webp\",\"contentUrl\":\"https:\/\/www.nunomarinho.com\/wp-content\/uploads\/2025\/10\/Swing41-Django-Reinhardt-Solo.webp\",\"width\":1414,\"height\":2000,\"caption\":\"Swing 41 Django Reinhardt Solo Transcribed and Analysed by Nuno Marinho\"},{\"@type\":\"BreadcrumbList\",\"@id\":\"https:\/\/www.nunomarinho.com\/product\/swing-41-django-solo\/#breadcrumb\",\"itemListElement\":[{\"@type\":\"ListItem\",\"position\":1,\"name\":\"Home\",\"item\":\"https:\/\/www.nunomarinho.com\/\"},{\"@type\":\"ListItem\",\"position\":2,\"name\":\"Store\",\"item\":\"https:\/\/www.nunomarinho.com\/store\/\"},{\"@type\":\"ListItem\",\"position\":3,\"name\":\"Swing 41 Django Solo\"}]},{\"@type\":\"WebSite\",\"@id\":\"https:\/\/www.nunomarinho.com\/#website\",\"url\":\"https:\/\/www.nunomarinho.com\/\",\"name\":\"Nuno Marinho Website\",\"description\":\"Classes &amp; Workshops\",\"publisher\":{\"@id\":\"https:\/\/www.nunomarinho.com\/#organization\"},\"potentialAction\":[{\"@type\":\"SearchAction\",\"target\":{\"@type\":\"EntryPoint\",\"urlTemplate\":\"https:\/\/www.nunomarinho.com\/?s={search_term_string}\"},\"query-input\":{\"@type\":\"PropertyValueSpecification\",\"valueRequired\":true,\"valueName\":\"search_term_string\"}}],\"inLanguage\":\"pt-PT\"},{\"@type\":\"Organization\",\"@id\":\"https:\/\/www.nunomarinho.com\/#organization\",\"name\":\"Nuno Marinho Website\",\"url\":\"https:\/\/www.nunomarinho.com\/\",\"logo\":{\"@type\":\"ImageObject\",\"inLanguage\":\"pt-PT\",\"@id\":\"https:\/\/www.nunomarinho.com\/#\/schema\/logo\/image\/\",\"url\":\"https:\/\/www.nunomarinho.com\/wp-content\/uploads\/2025\/10\/Logo-Transparente_branco.png\",\"contentUrl\":\"https:\/\/www.nunomarinho.com\/wp-content\/uploads\/2025\/10\/Logo-Transparente_branco.png\",\"width\":500,\"height\":500,\"caption\":\"Nuno Marinho Website\"},\"image\":{\"@id\":\"https:\/\/www.nunomarinho.com\/#\/schema\/logo\/image\/\"}}]}<\/script>\n<!-- \/ Yoast SEO plugin. -->","yoast_head_json":{"title":"Swing 41 Django Solo - Nuno Marinho Website","description":"Swing 41 Django Reinhardt Solo score \u00e9 uma aula de guitarra em forma de e-book. Lick a lick, descubra o que Django Reinhardt est\u00e1 a tocar.","robots":{"index":"index","follow":"follow","max-snippet":"max-snippet:-1","max-image-preview":"max-image-preview:large","max-video-preview":"max-video-preview:-1"},"canonical":"https:\/\/www.nunomarinho.com\/pt\/produto\/swing-41-django-solo\/","og_locale":"pt_PT","og_type":"article","og_title":"Swing 41 Django Reinhardt Solo","og_description":"Swing 41 Django Reinhardt Solo score is a guitar class in the shape of an e-book. Lick by lick, discover what Django Reinhardt is playing.","og_url":"https:\/\/www.nunomarinho.com\/pt\/produto\/swing-41-django-solo\/","og_site_name":"Nuno Marinho Website","article_modified_time":"2025-11-19T18:29:44+00:00","og_image":[{"width":1414,"height":2000,"url":"https:\/\/www.nunomarinho.com\/wp-content\/uploads\/2025\/10\/Swing41-Django-Reinhardt-Solo.webp","type":"image\/webp"}],"twitter_card":"summary_large_image","twitter_title":"Swing 41 Django Reinhardt Solo","twitter_description":"Swing 41 Django Reinhardt Solo score is a guitar class in the shape of an e-book. Lick by lick, discover what Django Reinhardt is playing.","twitter_image":"https:\/\/www.nunomarinho.com\/wp-content\/uploads\/2025\/10\/Swing41-Django-Reinhardt-Solo.webp","twitter_misc":{"Tempo estimado de leitura":"1 minuto"},"schema":{"@context":"https:\/\/schema.org","@graph":[{"@type":"WebPage","@id":"https:\/\/www.nunomarinho.com\/product\/swing-41-django-solo\/","url":"https:\/\/www.nunomarinho.com\/product\/swing-41-django-solo\/","name":"Swing 41 Django Solo - Nuno Marinho Website","isPartOf":{"@id":"https:\/\/www.nunomarinho.com\/#website"},"primaryImageOfPage":{"@id":"https:\/\/www.nunomarinho.com\/product\/swing-41-django-solo\/#primaryimage"},"image":{"@id":"https:\/\/www.nunomarinho.com\/product\/swing-41-django-solo\/#primaryimage"},"thumbnailUrl":"https:\/\/www.nunomarinho.com\/wp-content\/uploads\/2025\/10\/Swing41-Django-Reinhardt-Solo.webp","datePublished":"2025-10-24T08:55:46+00:00","dateModified":"2025-11-19T18:29:44+00:00","description":"Swing 41 Django Reinhardt Solo score \u00e9 uma aula de guitarra em forma de e-book. Lick a lick, descubra o que Django Reinhardt est\u00e1 a tocar.","breadcrumb":{"@id":"https:\/\/www.nunomarinho.com\/product\/swing-41-django-solo\/#breadcrumb"},"inLanguage":"pt-PT","potentialAction":[{"@type":"ReadAction","target":["https:\/\/www.nunomarinho.com\/product\/swing-41-django-solo\/"]}]},{"@type":"ImageObject","inLanguage":"pt-PT","@id":"https:\/\/www.nunomarinho.com\/product\/swing-41-django-solo\/#primaryimage","url":"https:\/\/www.nunomarinho.com\/wp-content\/uploads\/2025\/10\/Swing41-Django-Reinhardt-Solo.webp","contentUrl":"https:\/\/www.nunomarinho.com\/wp-content\/uploads\/2025\/10\/Swing41-Django-Reinhardt-Solo.webp","width":1414,"height":2000,"caption":"Swing 41 Django Reinhardt Solo Transcribed and Analysed by Nuno Marinho"},{"@type":"BreadcrumbList","@id":"https:\/\/www.nunomarinho.com\/product\/swing-41-django-solo\/#breadcrumb","itemListElement":[{"@type":"ListItem","position":1,"name":"Home","item":"https:\/\/www.nunomarinho.com\/"},{"@type":"ListItem","position":2,"name":"Store","item":"https:\/\/www.nunomarinho.com\/store\/"},{"@type":"ListItem","position":3,"name":"Swing 41 Django Solo"}]},{"@type":"WebSite","@id":"https:\/\/www.nunomarinho.com\/#website","url":"https:\/\/www.nunomarinho.com\/","name":"Nuno Marinho Website","description":"Aulas e workshops","publisher":{"@id":"https:\/\/www.nunomarinho.com\/#organization"},"potentialAction":[{"@type":"SearchAction","target":{"@type":"EntryPoint","urlTemplate":"https:\/\/www.nunomarinho.com\/?s={search_term_string}"},"query-input":{"@type":"PropertyValueSpecification","valueRequired":true,"valueName":"search_term_string"}}],"inLanguage":"pt-PT"},{"@type":"Organization","@id":"https:\/\/www.nunomarinho.com\/#organization","name":"Nuno Marinho Website","url":"https:\/\/www.nunomarinho.com\/","logo":{"@type":"ImageObject","inLanguage":"pt-PT","@id":"https:\/\/www.nunomarinho.com\/#\/schema\/logo\/image\/","url":"https:\/\/www.nunomarinho.com\/wp-content\/uploads\/2025\/10\/Logo-Transparente_branco.png","contentUrl":"https:\/\/www.nunomarinho.com\/wp-content\/uploads\/2025\/10\/Logo-Transparente_branco.png","width":500,"height":500,"caption":"Nuno Marinho Website"},"image":{"@id":"https:\/\/www.nunomarinho.com\/#\/schema\/logo\/image\/"}}]}},"_links":{"self":[{"href":"https:\/\/www.nunomarinho.com\/pt\/wp-json\/wp\/v2\/product\/652","targetHints":{"allow":["GET"]}}],"collection":[{"href":"https:\/\/www.nunomarinho.com\/pt\/wp-json\/wp\/v2\/product"}],"about":[{"href":"https:\/\/www.nunomarinho.com\/pt\/wp-json\/wp\/v2\/types\/product"}],"wp:featuredmedia":[{"embeddable":true,"href":"https:\/\/www.nunomarinho.com\/pt\/wp-json\/wp\/v2\/media\/653"}],"wp:attachment":[{"href":"https:\/\/www.nunomarinho.com\/pt\/wp-json\/wp\/v2\/media?parent=652"}],"wp:term":[{"taxonomy":"product_brand","embeddable":true,"href":"https:\/\/www.nunomarinho.com\/pt\/wp-json\/wp\/v2\/product_brand?post=652"},{"taxonomy":"product_cat","embeddable":true,"href":"https:\/\/www.nunomarinho.com\/pt\/wp-json\/wp\/v2\/product_cat?post=652"},{"taxonomy":"product_tag","embeddable":true,"href":"https:\/\/www.nunomarinho.com\/pt\/wp-json\/wp\/v2\/product_tag?post=652"}],"curies":[{"name":"wp","href":"https:\/\/api.w.org\/{rel}","templated":true}]}}