{"id":348,"date":"2025-10-22T18:57:06","date_gmt":"2025-10-22T18:57:06","guid":{"rendered":"https:\/\/www.nunomarinho.com\/?post_type=product&#038;p=348"},"modified":"2025-11-19T16:02:42","modified_gmt":"2025-11-19T16:02:42","slug":"ill-see-you-in-my-dreams-django","status":"publish","type":"product","link":"https:\/\/www.nunomarinho.com\/pt\/produto\/ill-see-you-in-my-dreams-django\/","title":{"rendered":"Eu te verei em meus sonhos Django"},"content":{"rendered":"<h3>I'll See You In My Dreams - Django Reinhardt Solo (1940)<\/h3>\r\n<p>A introdu\u00e7\u00e3o, melodia e solo de Django Reinhardt sobre \"I'll See You In My Dreams\" \u00e9 uma obra-prima! Gravei este take em mar\u00e7o de 2019 mas nunca o publiquei... at\u00e9 agora \ud83d\ude42 Quanto mais tentamos ser perfeitos, mais nos afastamos da perfei\u00e7\u00e3o. Tocar com express\u00e3o e din\u00e2mica vai fazer-te escorregar \u00e0s vezes, mas compensa em emo\u00e7\u00e3o e musicalidade. N\u00e3o consigo ver, ouvir ou sentir isso de outra forma. E tu?<\/p>\r\n<p>Descarregue a partitura TAB do solo de Django Reinhardt em Daphne. Mais do que uma transcri\u00e7\u00e3o, esta \u00e9 uma aula de guitarra em forma de e-book. Lick a lick, descubra o que Django Reinhardt est\u00e1 a pensar e a tocar.<\/p>\r\n<p>Agora pode tirar o melhor partido dos licks de Django e torn\u00e1-los seus no pr\u00f3ximo concerto! A partitura e a tablatura s\u00e3o fornecidas para os dedilhados originais e a articula\u00e7\u00e3o fi\u00e1vel das frases.<\/p>\r\n<p>TODOS OS LICKS S\u00c3O IDENTIFICADOS, DELINEADOS E ANALISADOS AO LONGO DA FOLHA DE M\u00daSICA. \u00a0<\/p>\r\n<p><iframe loading=\"lazy\" title=\"Eu te verei em meus sonhos - Django Reinhardt\" width=\"1080\" height=\"608\" src=\"https:\/\/www.youtube.com\/embed\/YHQE6-LSBrE?feature=oembed\"  allow=\"accelerometer; autoplay; clipboard-write; encrypted-media; gyroscope; picture-in-picture; web-share\" referrerpolicy=\"strict-origin-when-cross-origin\" allowfullscreen><\/iframe><\/p>\r\n<p><strong>VISITE NUNO MARINHO PARA MAIS INFORMA\u00c7\u00d5ES EM:<\/strong><\/p>\r\n<!-- \/wp:post-content -->\r\n\r\n<!-- wp:paragraph -->\r\n<ul>\r\n<li>Loja de livros do s\u00edtio Web:\u00a0<a href=\"https:\/\/www.nunomarinho.com\/pt\/store\/\">https:\/\/www.nunomarinho.com\/store<\/a><!-- \/wp:paragraph -->\r\n\r\n<!-- wp:paragraph --><\/li>\r\n<li>Canal de v\u00eddeo:\u00a0<a href=\"https:\/\/www.youtube.com\/@NunoMarinho\">https:\/\/www.youtube.com\/@NunoMarinho<\/a><!-- \/wp:paragraph -->\r\n\r\n<!-- wp:paragraph --><\/li>\r\n<\/ul>","protected":false},"excerpt":{"rendered":"<p>I'll See You In My Dreams - Django Reinhardt Solo (1940) A introdu\u00e7\u00e3o, melodia e solo de Django Reinhardt sobre \u201cI'll See You In My Dreams\u201d \u00e9 uma obra-prima! Gravei este take em mar\u00e7o de 2019 mas nunca o publiquei... at\u00e9 agora \ud83d\ude42 Quanto mais tentares ser perfeito, mais longe estar\u00e1s da perfei\u00e7\u00e3o. [...]<\/p>","protected":false},"featured_media":387,"template":"","meta":[],"product_brand":[],"product_cat":[25],"product_tag":[],"class_list":{"0":"post-348","1":"product","2":"type-product","3":"status-publish","4":"has-post-thumbnail","6":"product_cat-django-reinhardt-scores","8":"first","9":"instock","10":"downloadable","11":"shipping-taxable","12":"purchasable","13":"product-type-simple"},"yoast_head":"<!-- This site is optimized with the Yoast SEO plugin v26.0 - https:\/\/yoast.com\/wordpress\/plugins\/seo\/ -->\n<title>I&#039;ll See You In My Dreams Django - Nuno Marinho Website<\/title>\n<meta name=\"description\" content=\"I&#039;ll See You In My Dreams, Django Solo. A guitar class in the shape of an e-book. Lick by lick, discover what Django Reinhardt is thinking and playing.\" \/>\n<meta name=\"robots\" content=\"index, follow, max-snippet:-1, max-image-preview:large, max-video-preview:-1\" \/>\n<link rel=\"canonical\" href=\"https:\/\/www.nunomarinho.com\/pt\/produto\/ill-see-you-in-my-dreams-django\/\" \/>\n<meta property=\"og:locale\" content=\"pt_PT\" \/>\n<meta property=\"og:type\" content=\"article\" \/>\n<meta property=\"og:title\" content=\"I&#039;ll See You In My Dreams, Django Solo\" \/>\n<meta property=\"og:description\" content=\"I&#039;ll See You In My Dreams, Django Solo. A guitar class in the shape of an e-book. Lick by lick, discover what Django Reinhardt is thinking and playing.\" \/>\n<meta property=\"og:url\" content=\"https:\/\/www.nunomarinho.com\/pt\/produto\/ill-see-you-in-my-dreams-django\/\" \/>\n<meta property=\"og:site_name\" content=\"Nuno Marinho Website\" \/>\n<meta property=\"article:modified_time\" content=\"2025-11-19T16:02:42+00:00\" \/>\n<meta property=\"og:image\" content=\"https:\/\/www.nunomarinho.com\/wp-content\/uploads\/2025\/10\/Ill-See-You-In-My-Dreams-Django-Reinhardt-Solo-Transcription-Score-Download-Analysis-Nuno-Marinho.png\" \/>\n\t<meta property=\"og:image:width\" content=\"794\" \/>\n\t<meta property=\"og:image:height\" content=\"1123\" \/>\n\t<meta property=\"og:image:type\" content=\"image\/png\" \/>\n<meta name=\"twitter:card\" content=\"summary_large_image\" \/>\n<meta name=\"twitter:title\" content=\"I&#039;ll See You In My Dreams, Django Solo\" \/>\n<meta name=\"twitter:description\" content=\"I&#039;ll See You In My Dreams, Django Solo. A guitar class in the shape of an e-book. Lick by lick, discover what Django Reinhardt is thinking and playing.\" \/>\n<meta name=\"twitter:image\" content=\"https:\/\/www.nunomarinho.com\/wp-content\/uploads\/2025\/10\/Ill-See-You-In-My-Dreams-Django-Reinhardt-Solo-Transcription-Score-Download-Analysis-Nuno-Marinho.png\" \/>\n<meta name=\"twitter:label1\" content=\"Tempo estimado de leitura\" \/>\n\t<meta name=\"twitter:data1\" content=\"1 minuto\" \/>\n<script type=\"application\/ld+json\" class=\"yoast-schema-graph\">{\"@context\":\"https:\/\/schema.org\",\"@graph\":[{\"@type\":\"WebPage\",\"@id\":\"https:\/\/www.nunomarinho.com\/product\/ill-see-you-in-my-dreams-django\/\",\"url\":\"https:\/\/www.nunomarinho.com\/product\/ill-see-you-in-my-dreams-django\/\",\"name\":\"I'll See You In My Dreams Django - Nuno Marinho Website\",\"isPartOf\":{\"@id\":\"https:\/\/www.nunomarinho.com\/#website\"},\"primaryImageOfPage\":{\"@id\":\"https:\/\/www.nunomarinho.com\/product\/ill-see-you-in-my-dreams-django\/#primaryimage\"},\"image\":{\"@id\":\"https:\/\/www.nunomarinho.com\/product\/ill-see-you-in-my-dreams-django\/#primaryimage\"},\"thumbnailUrl\":\"https:\/\/www.nunomarinho.com\/wp-content\/uploads\/2025\/10\/Ill-See-You-In-My-Dreams-Django-Reinhardt-Solo-Transcription-Score-Download-Analysis-Nuno-Marinho.png\",\"datePublished\":\"2025-10-22T18:57:06+00:00\",\"dateModified\":\"2025-11-19T16:02:42+00:00\",\"description\":\"I'll See You In My Dreams, Django Solo. A guitar class in the shape of an e-book. Lick by lick, discover what Django Reinhardt is thinking and playing.\",\"breadcrumb\":{\"@id\":\"https:\/\/www.nunomarinho.com\/product\/ill-see-you-in-my-dreams-django\/#breadcrumb\"},\"inLanguage\":\"pt-PT\",\"potentialAction\":[{\"@type\":\"ReadAction\",\"target\":[\"https:\/\/www.nunomarinho.com\/product\/ill-see-you-in-my-dreams-django\/\"]}]},{\"@type\":\"ImageObject\",\"inLanguage\":\"pt-PT\",\"@id\":\"https:\/\/www.nunomarinho.com\/product\/ill-see-you-in-my-dreams-django\/#primaryimage\",\"url\":\"https:\/\/www.nunomarinho.com\/wp-content\/uploads\/2025\/10\/Ill-See-You-In-My-Dreams-Django-Reinhardt-Solo-Transcription-Score-Download-Analysis-Nuno-Marinho.png\",\"contentUrl\":\"https:\/\/www.nunomarinho.com\/wp-content\/uploads\/2025\/10\/Ill-See-You-In-My-Dreams-Django-Reinhardt-Solo-Transcription-Score-Download-Analysis-Nuno-Marinho.png\",\"width\":794,\"height\":1123,\"caption\":\"I'll See You In My Dreams Django Reinhardt Solo Transcribed and Analysed by Nuno Marinho\"},{\"@type\":\"BreadcrumbList\",\"@id\":\"https:\/\/www.nunomarinho.com\/product\/ill-see-you-in-my-dreams-django\/#breadcrumb\",\"itemListElement\":[{\"@type\":\"ListItem\",\"position\":1,\"name\":\"Home\",\"item\":\"https:\/\/www.nunomarinho.com\/\"},{\"@type\":\"ListItem\",\"position\":2,\"name\":\"Store\",\"item\":\"https:\/\/www.nunomarinho.com\/store\/\"},{\"@type\":\"ListItem\",\"position\":3,\"name\":\"I&#8217;ll See You In My Dreams Django\"}]},{\"@type\":\"WebSite\",\"@id\":\"https:\/\/www.nunomarinho.com\/#website\",\"url\":\"https:\/\/www.nunomarinho.com\/\",\"name\":\"Nuno Marinho Website\",\"description\":\"Classes &amp; Workshops\",\"publisher\":{\"@id\":\"https:\/\/www.nunomarinho.com\/#organization\"},\"potentialAction\":[{\"@type\":\"SearchAction\",\"target\":{\"@type\":\"EntryPoint\",\"urlTemplate\":\"https:\/\/www.nunomarinho.com\/?s={search_term_string}\"},\"query-input\":{\"@type\":\"PropertyValueSpecification\",\"valueRequired\":true,\"valueName\":\"search_term_string\"}}],\"inLanguage\":\"pt-PT\"},{\"@type\":\"Organization\",\"@id\":\"https:\/\/www.nunomarinho.com\/#organization\",\"name\":\"Nuno Marinho Website\",\"url\":\"https:\/\/www.nunomarinho.com\/\",\"logo\":{\"@type\":\"ImageObject\",\"inLanguage\":\"pt-PT\",\"@id\":\"https:\/\/www.nunomarinho.com\/#\/schema\/logo\/image\/\",\"url\":\"https:\/\/www.nunomarinho.com\/wp-content\/uploads\/2025\/10\/Logo-Transparente_branco.png\",\"contentUrl\":\"https:\/\/www.nunomarinho.com\/wp-content\/uploads\/2025\/10\/Logo-Transparente_branco.png\",\"width\":500,\"height\":500,\"caption\":\"Nuno Marinho Website\"},\"image\":{\"@id\":\"https:\/\/www.nunomarinho.com\/#\/schema\/logo\/image\/\"}}]}<\/script>\n<!-- \/ Yoast SEO plugin. -->","yoast_head_json":{"title":"I'll See You In My Dreams Django - Nuno Marinho Website","description":"I'll See You In My Dreams, Django Solo. Uma aula de guitarra em forma de e-book. Lick a lick, descubra o que Django Reinhardt est\u00e1 a pensar e a tocar.","robots":{"index":"index","follow":"follow","max-snippet":"max-snippet:-1","max-image-preview":"max-image-preview:large","max-video-preview":"max-video-preview:-1"},"canonical":"https:\/\/www.nunomarinho.com\/pt\/produto\/ill-see-you-in-my-dreams-django\/","og_locale":"pt_PT","og_type":"article","og_title":"I'll See You In My Dreams, Django Solo","og_description":"I'll See You In My Dreams, Django Solo. A guitar class in the shape of an e-book. Lick by lick, discover what Django Reinhardt is thinking and playing.","og_url":"https:\/\/www.nunomarinho.com\/pt\/produto\/ill-see-you-in-my-dreams-django\/","og_site_name":"Nuno Marinho Website","article_modified_time":"2025-11-19T16:02:42+00:00","og_image":[{"width":794,"height":1123,"url":"https:\/\/www.nunomarinho.com\/wp-content\/uploads\/2025\/10\/Ill-See-You-In-My-Dreams-Django-Reinhardt-Solo-Transcription-Score-Download-Analysis-Nuno-Marinho.png","type":"image\/png"}],"twitter_card":"summary_large_image","twitter_title":"I'll See You In My Dreams, Django Solo","twitter_description":"I'll See You In My Dreams, Django Solo. A guitar class in the shape of an e-book. Lick by lick, discover what Django Reinhardt is thinking and playing.","twitter_image":"https:\/\/www.nunomarinho.com\/wp-content\/uploads\/2025\/10\/Ill-See-You-In-My-Dreams-Django-Reinhardt-Solo-Transcription-Score-Download-Analysis-Nuno-Marinho.png","twitter_misc":{"Tempo estimado de leitura":"1 minuto"},"schema":{"@context":"https:\/\/schema.org","@graph":[{"@type":"WebPage","@id":"https:\/\/www.nunomarinho.com\/product\/ill-see-you-in-my-dreams-django\/","url":"https:\/\/www.nunomarinho.com\/product\/ill-see-you-in-my-dreams-django\/","name":"I'll See You In My Dreams Django - Nuno Marinho Website","isPartOf":{"@id":"https:\/\/www.nunomarinho.com\/#website"},"primaryImageOfPage":{"@id":"https:\/\/www.nunomarinho.com\/product\/ill-see-you-in-my-dreams-django\/#primaryimage"},"image":{"@id":"https:\/\/www.nunomarinho.com\/product\/ill-see-you-in-my-dreams-django\/#primaryimage"},"thumbnailUrl":"https:\/\/www.nunomarinho.com\/wp-content\/uploads\/2025\/10\/Ill-See-You-In-My-Dreams-Django-Reinhardt-Solo-Transcription-Score-Download-Analysis-Nuno-Marinho.png","datePublished":"2025-10-22T18:57:06+00:00","dateModified":"2025-11-19T16:02:42+00:00","description":"I'll See You In My Dreams, Django Solo. Uma aula de guitarra em forma de e-book. Lick a lick, descubra o que Django Reinhardt est\u00e1 a pensar e a tocar.","breadcrumb":{"@id":"https:\/\/www.nunomarinho.com\/product\/ill-see-you-in-my-dreams-django\/#breadcrumb"},"inLanguage":"pt-PT","potentialAction":[{"@type":"ReadAction","target":["https:\/\/www.nunomarinho.com\/product\/ill-see-you-in-my-dreams-django\/"]}]},{"@type":"ImageObject","inLanguage":"pt-PT","@id":"https:\/\/www.nunomarinho.com\/product\/ill-see-you-in-my-dreams-django\/#primaryimage","url":"https:\/\/www.nunomarinho.com\/wp-content\/uploads\/2025\/10\/Ill-See-You-In-My-Dreams-Django-Reinhardt-Solo-Transcription-Score-Download-Analysis-Nuno-Marinho.png","contentUrl":"https:\/\/www.nunomarinho.com\/wp-content\/uploads\/2025\/10\/Ill-See-You-In-My-Dreams-Django-Reinhardt-Solo-Transcription-Score-Download-Analysis-Nuno-Marinho.png","width":794,"height":1123,"caption":"I'll See You In My Dreams Django Reinhardt Solo Transcribed and Analysed by Nuno Marinho"},{"@type":"BreadcrumbList","@id":"https:\/\/www.nunomarinho.com\/product\/ill-see-you-in-my-dreams-django\/#breadcrumb","itemListElement":[{"@type":"ListItem","position":1,"name":"Home","item":"https:\/\/www.nunomarinho.com\/"},{"@type":"ListItem","position":2,"name":"Store","item":"https:\/\/www.nunomarinho.com\/store\/"},{"@type":"ListItem","position":3,"name":"I&#8217;ll See You In My Dreams Django"}]},{"@type":"WebSite","@id":"https:\/\/www.nunomarinho.com\/#website","url":"https:\/\/www.nunomarinho.com\/","name":"Nuno Marinho Website","description":"Aulas e workshops","publisher":{"@id":"https:\/\/www.nunomarinho.com\/#organization"},"potentialAction":[{"@type":"SearchAction","target":{"@type":"EntryPoint","urlTemplate":"https:\/\/www.nunomarinho.com\/?s={search_term_string}"},"query-input":{"@type":"PropertyValueSpecification","valueRequired":true,"valueName":"search_term_string"}}],"inLanguage":"pt-PT"},{"@type":"Organization","@id":"https:\/\/www.nunomarinho.com\/#organization","name":"Nuno Marinho Website","url":"https:\/\/www.nunomarinho.com\/","logo":{"@type":"ImageObject","inLanguage":"pt-PT","@id":"https:\/\/www.nunomarinho.com\/#\/schema\/logo\/image\/","url":"https:\/\/www.nunomarinho.com\/wp-content\/uploads\/2025\/10\/Logo-Transparente_branco.png","contentUrl":"https:\/\/www.nunomarinho.com\/wp-content\/uploads\/2025\/10\/Logo-Transparente_branco.png","width":500,"height":500,"caption":"Nuno Marinho Website"},"image":{"@id":"https:\/\/www.nunomarinho.com\/#\/schema\/logo\/image\/"}}]}},"_links":{"self":[{"href":"https:\/\/www.nunomarinho.com\/pt\/wp-json\/wp\/v2\/product\/348","targetHints":{"allow":["GET"]}}],"collection":[{"href":"https:\/\/www.nunomarinho.com\/pt\/wp-json\/wp\/v2\/product"}],"about":[{"href":"https:\/\/www.nunomarinho.com\/pt\/wp-json\/wp\/v2\/types\/product"}],"wp:featuredmedia":[{"embeddable":true,"href":"https:\/\/www.nunomarinho.com\/pt\/wp-json\/wp\/v2\/media\/387"}],"wp:attachment":[{"href":"https:\/\/www.nunomarinho.com\/pt\/wp-json\/wp\/v2\/media?parent=348"}],"wp:term":[{"taxonomy":"product_brand","embeddable":true,"href":"https:\/\/www.nunomarinho.com\/pt\/wp-json\/wp\/v2\/product_brand?post=348"},{"taxonomy":"product_cat","embeddable":true,"href":"https:\/\/www.nunomarinho.com\/pt\/wp-json\/wp\/v2\/product_cat?post=348"},{"taxonomy":"product_tag","embeddable":true,"href":"https:\/\/www.nunomarinho.com\/pt\/wp-json\/wp\/v2\/product_tag?post=348"}],"curies":[{"name":"wp","href":"https:\/\/api.w.org\/{rel}","templated":true}]}}