{"id":323,"date":"2025-10-22T18:56:41","date_gmt":"2025-10-22T18:56:41","guid":{"rendered":"https:\/\/www.nunomarinho.com\/?post_type=product&#038;p=323"},"modified":"2025-11-19T22:25:34","modified_gmt":"2025-11-19T22:25:34","slug":"green-tea-john-scofield","status":"publish","type":"product","link":"https:\/\/www.nunomarinho.com\/pt\/produto\/green-tea-john-scofield\/","title":{"rendered":"Ch\u00e1 verde John Scofield"},"content":{"rendered":"<p>Green Tea de John Scofield. Descarregue a partitura TAB com a can\u00e7\u00e3o a solo de um dos melhores \u00e1lbuns de John Scofield.<\/p>\r\n<p>Todas as lambidas s\u00e3o identificadas e analisadas.<\/p>\r\n<p><iframe loading=\"lazy\" title=\"Ch\u00e1 verde\" width=\"1080\" height=\"810\" src=\"https:\/\/www.youtube.com\/embed\/n3nqou6_j0Q?feature=oembed\"  allow=\"accelerometer; autoplay; clipboard-write; encrypted-media; gyroscope; picture-in-picture; web-share\" referrerpolicy=\"strict-origin-when-cross-origin\" allowfullscreen><\/iframe><\/p>\r\n<p><strong>VISITE NUNO MARINHO PARA MAIS INFORMA\u00c7\u00d5ES EM:<\/strong><\/p>\r\n<!-- \/wp:post-content -->\r\n\r\n<!-- wp:paragraph -->\r\n<ul>\r\n<li>Loja de livros do s\u00edtio Web:\u00a0<a href=\"https:\/\/www.nunomarinho.com\/pt\/store\/\">https:\/\/www.nunomarinho.com\/store<\/a><!-- \/wp:paragraph -->\r\n\r\n<!-- wp:paragraph --><\/li>\r\n<li>Canal de v\u00eddeo:\u00a0<a href=\"https:\/\/www.youtube.com\/@NunoMarinho\">https:\/\/www.youtube.com\/@NunoMarinho<\/a><\/li>\r\n<\/ul>","protected":false},"excerpt":{"rendered":"<p>Green Tea de John Scofield. Descarregue a partitura TAB com a can\u00e7\u00e3o a solo de um dos melhores \u00e1lbuns de John Scofield. Todos os licks est\u00e3o identificados e analisados. VISITE NUNO MARINHO PARA MAIS INFORMA\u00c7\u00d5ES EM: Website Loja de Livros: https:\/\/www.nunomarinho.com\/store Canal de V\u00eddeo: https:\/\/www.youtube.com\/@NunoMarinho<\/p>","protected":false},"featured_media":1244,"template":"","meta":[],"product_brand":[],"product_cat":[29],"product_tag":[],"class_list":{"0":"post-323","1":"product","2":"type-product","3":"status-publish","4":"has-post-thumbnail","6":"product_cat-john-scofield-scores","8":"first","9":"instock","10":"downloadable","11":"virtual","12":"purchasable","13":"product-type-simple"},"yoast_head":"<!-- This site is optimized with the Yoast SEO plugin v26.0 - https:\/\/yoast.com\/wordpress\/plugins\/seo\/ -->\n<title>Green Tea John Scofield - Nuno Marinho Website<\/title>\n<meta name=\"description\" content=\"Green Tea by John Scofield. Download the score TAB with the solo song from one of John Scofield&#039;s best albums. All licks are identified and analysed.\" \/>\n<meta name=\"robots\" content=\"index, follow, max-snippet:-1, max-image-preview:large, max-video-preview:-1\" \/>\n<link rel=\"canonical\" href=\"https:\/\/www.nunomarinho.com\/pt\/produto\/green-tea-john-scofield\/\" \/>\n<meta property=\"og:locale\" content=\"pt_PT\" \/>\n<meta property=\"og:type\" content=\"article\" \/>\n<meta property=\"og:title\" content=\"Green Tea by John Scofield\" \/>\n<meta property=\"og:description\" content=\"Green Tea by John Scofield. Download the score TAB with the solo song from one of John Scofield&#039;s best albums.All licks are identified and analysed.\" \/>\n<meta property=\"og:url\" content=\"https:\/\/www.nunomarinho.com\/pt\/produto\/green-tea-john-scofield\/\" \/>\n<meta property=\"og:site_name\" content=\"Nuno Marinho Website\" \/>\n<meta property=\"article:modified_time\" content=\"2025-11-19T22:25:34+00:00\" \/>\n<meta property=\"og:image\" content=\"https:\/\/www.nunomarinho.com\/wp-content\/uploads\/2025\/10\/Green-Tea-john-scofield-solo-licks-transcription-by-nuno-marinho-600x503-1.webp\" \/>\n\t<meta property=\"og:image:width\" content=\"600\" \/>\n\t<meta property=\"og:image:height\" content=\"600\" \/>\n\t<meta property=\"og:image:type\" content=\"image\/webp\" \/>\n<meta name=\"twitter:card\" content=\"summary_large_image\" \/>\n<meta name=\"twitter:title\" content=\"Green Tea by John Scofield\" \/>\n<meta name=\"twitter:description\" content=\"Green Tea by John Scofield. Download the score TAB with the solo song from one of John Scofield&#039;s best albums.All licks are identified and analysed.\" \/>\n<meta name=\"twitter:image\" content=\"https:\/\/www.nunomarinho.com\/wp-content\/uploads\/2025\/10\/Green-Tea-john-scofield-solo-licks-transcription-by-nuno-marinho-600x503-1.webp\" \/>\n<meta name=\"twitter:label1\" content=\"Tempo estimado de leitura\" \/>\n\t<meta name=\"twitter:data1\" content=\"1 minuto\" \/>\n<script type=\"application\/ld+json\" class=\"yoast-schema-graph\">{\"@context\":\"https:\/\/schema.org\",\"@graph\":[{\"@type\":\"WebPage\",\"@id\":\"https:\/\/www.nunomarinho.com\/product\/green-tea-john-scofield\/\",\"url\":\"https:\/\/www.nunomarinho.com\/product\/green-tea-john-scofield\/\",\"name\":\"Green Tea John Scofield - Nuno Marinho Website\",\"isPartOf\":{\"@id\":\"https:\/\/www.nunomarinho.com\/#website\"},\"primaryImageOfPage\":{\"@id\":\"https:\/\/www.nunomarinho.com\/product\/green-tea-john-scofield\/#primaryimage\"},\"image\":{\"@id\":\"https:\/\/www.nunomarinho.com\/product\/green-tea-john-scofield\/#primaryimage\"},\"thumbnailUrl\":\"https:\/\/www.nunomarinho.com\/wp-content\/uploads\/2025\/10\/Green-Tea-john-scofield-solo-licks-transcription-by-nuno-marinho-600x503-1.webp\",\"datePublished\":\"2025-10-22T18:56:41+00:00\",\"dateModified\":\"2025-11-19T22:25:34+00:00\",\"description\":\"Green Tea by John Scofield. Download the score TAB with the solo song from one of John Scofield's best albums. All licks are identified and analysed.\",\"breadcrumb\":{\"@id\":\"https:\/\/www.nunomarinho.com\/product\/green-tea-john-scofield\/#breadcrumb\"},\"inLanguage\":\"pt-PT\",\"potentialAction\":[{\"@type\":\"ReadAction\",\"target\":[\"https:\/\/www.nunomarinho.com\/product\/green-tea-john-scofield\/\"]}]},{\"@type\":\"ImageObject\",\"inLanguage\":\"pt-PT\",\"@id\":\"https:\/\/www.nunomarinho.com\/product\/green-tea-john-scofield\/#primaryimage\",\"url\":\"https:\/\/www.nunomarinho.com\/wp-content\/uploads\/2025\/10\/Green-Tea-john-scofield-solo-licks-transcription-by-nuno-marinho-600x503-1.webp\",\"contentUrl\":\"https:\/\/www.nunomarinho.com\/wp-content\/uploads\/2025\/10\/Green-Tea-john-scofield-solo-licks-transcription-by-nuno-marinho-600x503-1.webp\",\"width\":600,\"height\":600,\"caption\":\"Green Tea John Scofield. Download the score TAB with the solo song from one of John Scofield's best albums. All licks are identified and analysed.\"},{\"@type\":\"BreadcrumbList\",\"@id\":\"https:\/\/www.nunomarinho.com\/product\/green-tea-john-scofield\/#breadcrumb\",\"itemListElement\":[{\"@type\":\"ListItem\",\"position\":1,\"name\":\"Home\",\"item\":\"https:\/\/www.nunomarinho.com\/\"},{\"@type\":\"ListItem\",\"position\":2,\"name\":\"Store\",\"item\":\"https:\/\/www.nunomarinho.com\/store\/\"},{\"@type\":\"ListItem\",\"position\":3,\"name\":\"Green Tea John Scofield\"}]},{\"@type\":\"WebSite\",\"@id\":\"https:\/\/www.nunomarinho.com\/#website\",\"url\":\"https:\/\/www.nunomarinho.com\/\",\"name\":\"Nuno Marinho Website\",\"description\":\"Classes &amp; Workshops\",\"publisher\":{\"@id\":\"https:\/\/www.nunomarinho.com\/#organization\"},\"potentialAction\":[{\"@type\":\"SearchAction\",\"target\":{\"@type\":\"EntryPoint\",\"urlTemplate\":\"https:\/\/www.nunomarinho.com\/?s={search_term_string}\"},\"query-input\":{\"@type\":\"PropertyValueSpecification\",\"valueRequired\":true,\"valueName\":\"search_term_string\"}}],\"inLanguage\":\"pt-PT\"},{\"@type\":\"Organization\",\"@id\":\"https:\/\/www.nunomarinho.com\/#organization\",\"name\":\"Nuno Marinho Website\",\"url\":\"https:\/\/www.nunomarinho.com\/\",\"logo\":{\"@type\":\"ImageObject\",\"inLanguage\":\"pt-PT\",\"@id\":\"https:\/\/www.nunomarinho.com\/#\/schema\/logo\/image\/\",\"url\":\"https:\/\/www.nunomarinho.com\/wp-content\/uploads\/2025\/10\/Logo-Transparente_branco.png\",\"contentUrl\":\"https:\/\/www.nunomarinho.com\/wp-content\/uploads\/2025\/10\/Logo-Transparente_branco.png\",\"width\":500,\"height\":500,\"caption\":\"Nuno Marinho Website\"},\"image\":{\"@id\":\"https:\/\/www.nunomarinho.com\/#\/schema\/logo\/image\/\"}}]}<\/script>\n<!-- \/ Yoast SEO plugin. -->","yoast_head_json":{"title":"Ch\u00e1 Verde John Scofield - Nuno Marinho Website","description":"Green Tea de John Scofield. Descarregue a partitura TAB com a can\u00e7\u00e3o a solo de um dos melhores \u00e1lbuns de John Scofield. Todos os licks est\u00e3o identificados e analisados.","robots":{"index":"index","follow":"follow","max-snippet":"max-snippet:-1","max-image-preview":"max-image-preview:large","max-video-preview":"max-video-preview:-1"},"canonical":"https:\/\/www.nunomarinho.com\/pt\/produto\/green-tea-john-scofield\/","og_locale":"pt_PT","og_type":"article","og_title":"Green Tea by John Scofield","og_description":"Green Tea by John Scofield. Download the score TAB with the solo song from one of John Scofield's best albums.All licks are identified and analysed.","og_url":"https:\/\/www.nunomarinho.com\/pt\/produto\/green-tea-john-scofield\/","og_site_name":"Nuno Marinho Website","article_modified_time":"2025-11-19T22:25:34+00:00","og_image":[{"width":600,"height":600,"url":"https:\/\/www.nunomarinho.com\/wp-content\/uploads\/2025\/10\/Green-Tea-john-scofield-solo-licks-transcription-by-nuno-marinho-600x503-1.webp","type":"image\/webp"}],"twitter_card":"summary_large_image","twitter_title":"Green Tea by John Scofield","twitter_description":"Green Tea by John Scofield. Download the score TAB with the solo song from one of John Scofield's best albums.All licks are identified and analysed.","twitter_image":"https:\/\/www.nunomarinho.com\/wp-content\/uploads\/2025\/10\/Green-Tea-john-scofield-solo-licks-transcription-by-nuno-marinho-600x503-1.webp","twitter_misc":{"Tempo estimado de leitura":"1 minuto"},"schema":{"@context":"https:\/\/schema.org","@graph":[{"@type":"WebPage","@id":"https:\/\/www.nunomarinho.com\/product\/green-tea-john-scofield\/","url":"https:\/\/www.nunomarinho.com\/product\/green-tea-john-scofield\/","name":"Ch\u00e1 Verde John Scofield - Nuno Marinho Website","isPartOf":{"@id":"https:\/\/www.nunomarinho.com\/#website"},"primaryImageOfPage":{"@id":"https:\/\/www.nunomarinho.com\/product\/green-tea-john-scofield\/#primaryimage"},"image":{"@id":"https:\/\/www.nunomarinho.com\/product\/green-tea-john-scofield\/#primaryimage"},"thumbnailUrl":"https:\/\/www.nunomarinho.com\/wp-content\/uploads\/2025\/10\/Green-Tea-john-scofield-solo-licks-transcription-by-nuno-marinho-600x503-1.webp","datePublished":"2025-10-22T18:56:41+00:00","dateModified":"2025-11-19T22:25:34+00:00","description":"Green Tea de John Scofield. Descarregue a partitura TAB com a can\u00e7\u00e3o a solo de um dos melhores \u00e1lbuns de John Scofield. Todos os licks est\u00e3o identificados e analisados.","breadcrumb":{"@id":"https:\/\/www.nunomarinho.com\/product\/green-tea-john-scofield\/#breadcrumb"},"inLanguage":"pt-PT","potentialAction":[{"@type":"ReadAction","target":["https:\/\/www.nunomarinho.com\/product\/green-tea-john-scofield\/"]}]},{"@type":"ImageObject","inLanguage":"pt-PT","@id":"https:\/\/www.nunomarinho.com\/product\/green-tea-john-scofield\/#primaryimage","url":"https:\/\/www.nunomarinho.com\/wp-content\/uploads\/2025\/10\/Green-Tea-john-scofield-solo-licks-transcription-by-nuno-marinho-600x503-1.webp","contentUrl":"https:\/\/www.nunomarinho.com\/wp-content\/uploads\/2025\/10\/Green-Tea-john-scofield-solo-licks-transcription-by-nuno-marinho-600x503-1.webp","width":600,"height":600,"caption":"Green Tea John Scofield. Download the score TAB with the solo song from one of John Scofield's best albums. All licks are identified and analysed."},{"@type":"BreadcrumbList","@id":"https:\/\/www.nunomarinho.com\/product\/green-tea-john-scofield\/#breadcrumb","itemListElement":[{"@type":"ListItem","position":1,"name":"Home","item":"https:\/\/www.nunomarinho.com\/"},{"@type":"ListItem","position":2,"name":"Store","item":"https:\/\/www.nunomarinho.com\/store\/"},{"@type":"ListItem","position":3,"name":"Green Tea John Scofield"}]},{"@type":"WebSite","@id":"https:\/\/www.nunomarinho.com\/#website","url":"https:\/\/www.nunomarinho.com\/","name":"Nuno Marinho Website","description":"Aulas e workshops","publisher":{"@id":"https:\/\/www.nunomarinho.com\/#organization"},"potentialAction":[{"@type":"SearchAction","target":{"@type":"EntryPoint","urlTemplate":"https:\/\/www.nunomarinho.com\/?s={search_term_string}"},"query-input":{"@type":"PropertyValueSpecification","valueRequired":true,"valueName":"search_term_string"}}],"inLanguage":"pt-PT"},{"@type":"Organization","@id":"https:\/\/www.nunomarinho.com\/#organization","name":"Nuno Marinho Website","url":"https:\/\/www.nunomarinho.com\/","logo":{"@type":"ImageObject","inLanguage":"pt-PT","@id":"https:\/\/www.nunomarinho.com\/#\/schema\/logo\/image\/","url":"https:\/\/www.nunomarinho.com\/wp-content\/uploads\/2025\/10\/Logo-Transparente_branco.png","contentUrl":"https:\/\/www.nunomarinho.com\/wp-content\/uploads\/2025\/10\/Logo-Transparente_branco.png","width":500,"height":500,"caption":"Nuno Marinho Website"},"image":{"@id":"https:\/\/www.nunomarinho.com\/#\/schema\/logo\/image\/"}}]}},"_links":{"self":[{"href":"https:\/\/www.nunomarinho.com\/pt\/wp-json\/wp\/v2\/product\/323","targetHints":{"allow":["GET"]}}],"collection":[{"href":"https:\/\/www.nunomarinho.com\/pt\/wp-json\/wp\/v2\/product"}],"about":[{"href":"https:\/\/www.nunomarinho.com\/pt\/wp-json\/wp\/v2\/types\/product"}],"wp:featuredmedia":[{"embeddable":true,"href":"https:\/\/www.nunomarinho.com\/pt\/wp-json\/wp\/v2\/media\/1244"}],"wp:attachment":[{"href":"https:\/\/www.nunomarinho.com\/pt\/wp-json\/wp\/v2\/media?parent=323"}],"wp:term":[{"taxonomy":"product_brand","embeddable":true,"href":"https:\/\/www.nunomarinho.com\/pt\/wp-json\/wp\/v2\/product_brand?post=323"},{"taxonomy":"product_cat","embeddable":true,"href":"https:\/\/www.nunomarinho.com\/pt\/wp-json\/wp\/v2\/product_cat?post=323"},{"taxonomy":"product_tag","embeddable":true,"href":"https:\/\/www.nunomarinho.com\/pt\/wp-json\/wp\/v2\/product_tag?post=323"}],"curies":[{"name":"wp","href":"https:\/\/api.w.org\/{rel}","templated":true}]}}