{"id":317,"date":"2025-10-22T18:56:40","date_gmt":"2025-10-22T18:56:40","guid":{"rendered":"https:\/\/www.nunomarinho.com\/?post_type=product&#038;p=317"},"modified":"2025-11-19T22:20:40","modified_gmt":"2025-11-19T22:20:40","slug":"no-matter-what","status":"publish","type":"product","link":"https:\/\/www.nunomarinho.com\/pt\/produto\/no-matter-what\/","title":{"rendered":"Aconte\u00e7a o que acontecer"},"content":{"rendered":"<h3>SOLO DE JOHN SCOFIELD: \u201cNo Matter What\u201d (N\u00e3o importa o qu\u00ea)\u201d<\/h3>\r\n<p>Scofield e Metheny juntaram-se em 1994 para gravar o \u00e1lbum \u201cI Can See Your House From Here\u201d. A m\u00fasica \u201cNo Matter What\u201d mostra como ambos os guitarristas abordam uma m\u00fasica Swing contempor\u00e2nea de forma diferente. Veja como s\u00e3o variados e inesperados os acentos e padr\u00f5es r\u00edtmicos de Scofield ao longo do seu solo. Ele \u00e9 um mestre na utiliza\u00e7\u00e3o do sil\u00eancio e da pontua\u00e7\u00e3o para construir a performance de toda a banda.<\/p>\r\n<p><iframe loading=\"lazy\" title=\"Pat Metheny &amp; John Scofield - No Matter What\" width=\"1080\" height=\"810\" src=\"https:\/\/www.youtube.com\/embed\/m83meimWZ84?feature=oembed\"  allow=\"accelerometer; autoplay; clipboard-write; encrypted-media; gyroscope; picture-in-picture; web-share\" referrerpolicy=\"strict-origin-when-cross-origin\" allowfullscreen><\/iframe><\/p>\r\n<p><strong>SEGUIR NUNO MARINHO EM:<\/strong><\/p>\r\n<!-- \/wp:post-content -->\r\n\r\n<!-- wp:paragraph -->\r\n<ul>\r\n<li>Loja de livros do s\u00edtio Web:\u00a0<a href=\"https:\/\/www.nunomarinho.com\/pt\/store\/\">https:\/\/www.nunomarinho.com\/store<\/a><!-- \/wp:paragraph -->\r\n\r\n<!-- wp:paragraph --><\/li>\r\n<li>Canal de v\u00eddeo:\u00a0<a href=\"https:\/\/www.youtube.com\/@NunoMarinho\">https:\/\/www.youtube.com\/@NunoMarinho<\/a><\/li>\r\n<\/ul>","protected":false},"excerpt":{"rendered":"<p>JOHN SCOFIELD\u2019S SOLO: \u201cNo Matter What\u201d Scofield and Metheny paired up in 1994 to record the album \u201cI Can See Your House From Here\u201d. The tune \u201cNo Matter What\u201d shows how both guitarists approach a contemporary Swing tune differently. Check how varied and unexpected is Scofield\u2019s rhythmic accents and patterns throughout his solo. He\u2019s a [&hellip;]<\/p>\n","protected":false},"featured_media":368,"template":"","meta":[],"product_brand":[],"product_cat":[29],"product_tag":[],"class_list":{"0":"post-317","1":"product","2":"type-product","3":"status-publish","4":"has-post-thumbnail","6":"product_cat-john-scofield-scores","8":"first","9":"outofstock","10":"downloadable","11":"shipping-taxable","12":"purchasable","13":"product-type-simple"},"yoast_head":"<!-- This site is optimized with the Yoast SEO plugin v26.0 - https:\/\/yoast.com\/wordpress\/plugins\/seo\/ -->\n<title>No Matter What - Nuno Marinho Website<\/title>\n<meta name=\"robots\" content=\"index, follow, max-snippet:-1, max-image-preview:large, max-video-preview:-1\" \/>\n<link rel=\"canonical\" href=\"https:\/\/www.nunomarinho.com\/pt\/produto\/no-matter-what\/\" \/>\n<meta property=\"og:locale\" content=\"pt_PT\" \/>\n<meta property=\"og:type\" content=\"article\" \/>\n<meta property=\"og:title\" content=\"No Matter What - Nuno Marinho Website\" \/>\n<meta property=\"og:description\" content=\"JOHN SCOFIELD\u2019S SOLO: \u201cNo Matter What\u201d Scofield and Metheny paired up in 1994 to record the album \u201cI Can See Your House From Here\u201d. The tune \u201cNo Matter What\u201d shows how both guitarists approach a contemporary Swing tune differently. Check how varied and unexpected is Scofield\u2019s rhythmic accents and patterns throughout his solo. He\u2019s a [&hellip;]\" \/>\n<meta property=\"og:url\" content=\"https:\/\/www.nunomarinho.com\/pt\/produto\/no-matter-what\/\" \/>\n<meta property=\"og:site_name\" content=\"Nuno Marinho Website\" \/>\n<meta property=\"article:modified_time\" content=\"2025-11-19T22:20:40+00:00\" \/>\n<meta property=\"og:image\" content=\"https:\/\/www.nunomarinho.com\/wp-content\/uploads\/2025\/10\/John-Scofield-No-Matter-What-Solo-From-I-Can-See-Your-House-From-Here-Album-With-Pat-Metheny.jpg\" \/>\n\t<meta property=\"og:image:width\" content=\"500\" \/>\n\t<meta property=\"og:image:height\" content=\"493\" \/>\n\t<meta property=\"og:image:type\" content=\"image\/jpeg\" \/>\n<meta name=\"twitter:card\" content=\"summary_large_image\" \/>\n<meta name=\"twitter:label1\" content=\"Tempo estimado de leitura\" \/>\n\t<meta name=\"twitter:data1\" content=\"1 minuto\" \/>\n<script type=\"application\/ld+json\" class=\"yoast-schema-graph\">{\"@context\":\"https:\/\/schema.org\",\"@graph\":[{\"@type\":\"WebPage\",\"@id\":\"https:\/\/www.nunomarinho.com\/product\/no-matter-what\/\",\"url\":\"https:\/\/www.nunomarinho.com\/product\/no-matter-what\/\",\"name\":\"No Matter What - Nuno Marinho Website\",\"isPartOf\":{\"@id\":\"https:\/\/www.nunomarinho.com\/#website\"},\"primaryImageOfPage\":{\"@id\":\"https:\/\/www.nunomarinho.com\/product\/no-matter-what\/#primaryimage\"},\"image\":{\"@id\":\"https:\/\/www.nunomarinho.com\/product\/no-matter-what\/#primaryimage\"},\"thumbnailUrl\":\"https:\/\/www.nunomarinho.com\/wp-content\/uploads\/2025\/10\/John-Scofield-No-Matter-What-Solo-From-I-Can-See-Your-House-From-Here-Album-With-Pat-Metheny.jpg\",\"datePublished\":\"2025-10-22T18:56:40+00:00\",\"dateModified\":\"2025-11-19T22:20:40+00:00\",\"breadcrumb\":{\"@id\":\"https:\/\/www.nunomarinho.com\/product\/no-matter-what\/#breadcrumb\"},\"inLanguage\":\"pt-PT\",\"potentialAction\":[{\"@type\":\"ReadAction\",\"target\":[\"https:\/\/www.nunomarinho.com\/product\/no-matter-what\/\"]}]},{\"@type\":\"ImageObject\",\"inLanguage\":\"pt-PT\",\"@id\":\"https:\/\/www.nunomarinho.com\/product\/no-matter-what\/#primaryimage\",\"url\":\"https:\/\/www.nunomarinho.com\/wp-content\/uploads\/2025\/10\/John-Scofield-No-Matter-What-Solo-From-I-Can-See-Your-House-From-Here-Album-With-Pat-Metheny.jpg\",\"contentUrl\":\"https:\/\/www.nunomarinho.com\/wp-content\/uploads\/2025\/10\/John-Scofield-No-Matter-What-Solo-From-I-Can-See-Your-House-From-Here-Album-With-Pat-Metheny.jpg\",\"width\":500,\"height\":493},{\"@type\":\"BreadcrumbList\",\"@id\":\"https:\/\/www.nunomarinho.com\/product\/no-matter-what\/#breadcrumb\",\"itemListElement\":[{\"@type\":\"ListItem\",\"position\":1,\"name\":\"Home\",\"item\":\"https:\/\/www.nunomarinho.com\/\"},{\"@type\":\"ListItem\",\"position\":2,\"name\":\"Store\",\"item\":\"https:\/\/www.nunomarinho.com\/store\/\"},{\"@type\":\"ListItem\",\"position\":3,\"name\":\"No Matter What\"}]},{\"@type\":\"WebSite\",\"@id\":\"https:\/\/www.nunomarinho.com\/#website\",\"url\":\"https:\/\/www.nunomarinho.com\/\",\"name\":\"Nuno Marinho Website\",\"description\":\"Classes &amp; Workshops\",\"publisher\":{\"@id\":\"https:\/\/www.nunomarinho.com\/#organization\"},\"potentialAction\":[{\"@type\":\"SearchAction\",\"target\":{\"@type\":\"EntryPoint\",\"urlTemplate\":\"https:\/\/www.nunomarinho.com\/?s={search_term_string}\"},\"query-input\":{\"@type\":\"PropertyValueSpecification\",\"valueRequired\":true,\"valueName\":\"search_term_string\"}}],\"inLanguage\":\"pt-PT\"},{\"@type\":\"Organization\",\"@id\":\"https:\/\/www.nunomarinho.com\/#organization\",\"name\":\"Nuno Marinho Website\",\"url\":\"https:\/\/www.nunomarinho.com\/\",\"logo\":{\"@type\":\"ImageObject\",\"inLanguage\":\"pt-PT\",\"@id\":\"https:\/\/www.nunomarinho.com\/#\/schema\/logo\/image\/\",\"url\":\"https:\/\/www.nunomarinho.com\/wp-content\/uploads\/2025\/10\/Logo-Transparente_branco.png\",\"contentUrl\":\"https:\/\/www.nunomarinho.com\/wp-content\/uploads\/2025\/10\/Logo-Transparente_branco.png\",\"width\":500,\"height\":500,\"caption\":\"Nuno Marinho Website\"},\"image\":{\"@id\":\"https:\/\/www.nunomarinho.com\/#\/schema\/logo\/image\/\"}}]}<\/script>\n<!-- \/ Yoast SEO plugin. -->","yoast_head_json":{"title":"No Matter What - Nuno Marinho Website","robots":{"index":"index","follow":"follow","max-snippet":"max-snippet:-1","max-image-preview":"max-image-preview:large","max-video-preview":"max-video-preview:-1"},"canonical":"https:\/\/www.nunomarinho.com\/pt\/produto\/no-matter-what\/","og_locale":"pt_PT","og_type":"article","og_title":"No Matter What - Nuno Marinho Website","og_description":"JOHN SCOFIELD\u2019S SOLO: \u201cNo Matter What\u201d Scofield and Metheny paired up in 1994 to record the album \u201cI Can See Your House From Here\u201d. The tune \u201cNo Matter What\u201d shows how both guitarists approach a contemporary Swing tune differently. Check how varied and unexpected is Scofield\u2019s rhythmic accents and patterns throughout his solo. He\u2019s a [&hellip;]","og_url":"https:\/\/www.nunomarinho.com\/pt\/produto\/no-matter-what\/","og_site_name":"Nuno Marinho Website","article_modified_time":"2025-11-19T22:20:40+00:00","og_image":[{"width":500,"height":493,"url":"https:\/\/www.nunomarinho.com\/wp-content\/uploads\/2025\/10\/John-Scofield-No-Matter-What-Solo-From-I-Can-See-Your-House-From-Here-Album-With-Pat-Metheny.jpg","type":"image\/jpeg"}],"twitter_card":"summary_large_image","twitter_misc":{"Tempo estimado de leitura":"1 minuto"},"schema":{"@context":"https:\/\/schema.org","@graph":[{"@type":"WebPage","@id":"https:\/\/www.nunomarinho.com\/product\/no-matter-what\/","url":"https:\/\/www.nunomarinho.com\/product\/no-matter-what\/","name":"No Matter What - Nuno Marinho Website","isPartOf":{"@id":"https:\/\/www.nunomarinho.com\/#website"},"primaryImageOfPage":{"@id":"https:\/\/www.nunomarinho.com\/product\/no-matter-what\/#primaryimage"},"image":{"@id":"https:\/\/www.nunomarinho.com\/product\/no-matter-what\/#primaryimage"},"thumbnailUrl":"https:\/\/www.nunomarinho.com\/wp-content\/uploads\/2025\/10\/John-Scofield-No-Matter-What-Solo-From-I-Can-See-Your-House-From-Here-Album-With-Pat-Metheny.jpg","datePublished":"2025-10-22T18:56:40+00:00","dateModified":"2025-11-19T22:20:40+00:00","breadcrumb":{"@id":"https:\/\/www.nunomarinho.com\/product\/no-matter-what\/#breadcrumb"},"inLanguage":"pt-PT","potentialAction":[{"@type":"ReadAction","target":["https:\/\/www.nunomarinho.com\/product\/no-matter-what\/"]}]},{"@type":"ImageObject","inLanguage":"pt-PT","@id":"https:\/\/www.nunomarinho.com\/product\/no-matter-what\/#primaryimage","url":"https:\/\/www.nunomarinho.com\/wp-content\/uploads\/2025\/10\/John-Scofield-No-Matter-What-Solo-From-I-Can-See-Your-House-From-Here-Album-With-Pat-Metheny.jpg","contentUrl":"https:\/\/www.nunomarinho.com\/wp-content\/uploads\/2025\/10\/John-Scofield-No-Matter-What-Solo-From-I-Can-See-Your-House-From-Here-Album-With-Pat-Metheny.jpg","width":500,"height":493},{"@type":"BreadcrumbList","@id":"https:\/\/www.nunomarinho.com\/product\/no-matter-what\/#breadcrumb","itemListElement":[{"@type":"ListItem","position":1,"name":"Home","item":"https:\/\/www.nunomarinho.com\/"},{"@type":"ListItem","position":2,"name":"Store","item":"https:\/\/www.nunomarinho.com\/store\/"},{"@type":"ListItem","position":3,"name":"No Matter What"}]},{"@type":"WebSite","@id":"https:\/\/www.nunomarinho.com\/#website","url":"https:\/\/www.nunomarinho.com\/","name":"Nuno Marinho Website","description":"Aulas e workshops","publisher":{"@id":"https:\/\/www.nunomarinho.com\/#organization"},"potentialAction":[{"@type":"SearchAction","target":{"@type":"EntryPoint","urlTemplate":"https:\/\/www.nunomarinho.com\/?s={search_term_string}"},"query-input":{"@type":"PropertyValueSpecification","valueRequired":true,"valueName":"search_term_string"}}],"inLanguage":"pt-PT"},{"@type":"Organization","@id":"https:\/\/www.nunomarinho.com\/#organization","name":"Nuno Marinho Website","url":"https:\/\/www.nunomarinho.com\/","logo":{"@type":"ImageObject","inLanguage":"pt-PT","@id":"https:\/\/www.nunomarinho.com\/#\/schema\/logo\/image\/","url":"https:\/\/www.nunomarinho.com\/wp-content\/uploads\/2025\/10\/Logo-Transparente_branco.png","contentUrl":"https:\/\/www.nunomarinho.com\/wp-content\/uploads\/2025\/10\/Logo-Transparente_branco.png","width":500,"height":500,"caption":"Nuno Marinho Website"},"image":{"@id":"https:\/\/www.nunomarinho.com\/#\/schema\/logo\/image\/"}}]}},"_links":{"self":[{"href":"https:\/\/www.nunomarinho.com\/pt\/wp-json\/wp\/v2\/product\/317","targetHints":{"allow":["GET"]}}],"collection":[{"href":"https:\/\/www.nunomarinho.com\/pt\/wp-json\/wp\/v2\/product"}],"about":[{"href":"https:\/\/www.nunomarinho.com\/pt\/wp-json\/wp\/v2\/types\/product"}],"wp:featuredmedia":[{"embeddable":true,"href":"https:\/\/www.nunomarinho.com\/pt\/wp-json\/wp\/v2\/media\/368"}],"wp:attachment":[{"href":"https:\/\/www.nunomarinho.com\/pt\/wp-json\/wp\/v2\/media?parent=317"}],"wp:term":[{"taxonomy":"product_brand","embeddable":true,"href":"https:\/\/www.nunomarinho.com\/pt\/wp-json\/wp\/v2\/product_brand?post=317"},{"taxonomy":"product_cat","embeddable":true,"href":"https:\/\/www.nunomarinho.com\/pt\/wp-json\/wp\/v2\/product_cat?post=317"},{"taxonomy":"product_tag","embeddable":true,"href":"https:\/\/www.nunomarinho.com\/pt\/wp-json\/wp\/v2\/product_tag?post=317"}],"curies":[{"name":"wp","href":"https:\/\/api.w.org\/{rel}","templated":true}]}}