{"id":316,"date":"2025-10-22T18:56:40","date_gmt":"2025-10-22T18:56:40","guid":{"rendered":"https:\/\/www.nunomarinho.com\/?post_type=product&#038;p=316"},"modified":"2025-10-23T19:23:17","modified_gmt":"2025-10-23T19:23:17","slug":"youd-be-so-nice-to-come-home-to-jim-hall","status":"publish","type":"product","link":"https:\/\/www.nunomarinho.com\/pt\/produto\/youd-be-so-nice-to-come-home-to-jim-hall\/","title":{"rendered":"O que \u00e9 que eu quero \u00e9 que eu seja um bom homem para mim?"},"content":{"rendered":"<h3>SOLO DE JIM HALL: You'd Be So Nice To Come Home<\/h3>\n<p>Uma m\u00fasica de ritmo r\u00e1pido onde Jim Hall toca e desenvolve pequenas e simples ideias de duas notas e tamb\u00e9m balan\u00e7a linhas longas como o inferno. Reparem como a m\u00fasica soa suave e relaxada apesar do ritmo acelerado.<\/p>","protected":false},"excerpt":{"rendered":"","protected":false},"featured_media":367,"template":"","meta":[],"product_brand":[],"product_cat":[31,26],"product_tag":[],"class_list":{"0":"post-316","1":"product","2":"type-product","3":"status-publish","4":"has-post-thumbnail","6":"product_cat-miscellaneous-scores","7":"product_cat-scores","9":"first","10":"outofstock","11":"downloadable","12":"shipping-taxable","13":"purchasable","14":"product-type-simple"},"yoast_head":"<!-- This site is optimized with the Yoast SEO plugin v26.0 - https:\/\/yoast.com\/wordpress\/plugins\/seo\/ -->\n<title>You&#039;d Be So Nice To Come Home To (Jim Hall) - Nuno Marinho Website<\/title>\n<meta name=\"robots\" content=\"index, follow, max-snippet:-1, max-image-preview:large, max-video-preview:-1\" \/>\n<link rel=\"canonical\" href=\"https:\/\/www.nunomarinho.com\/pt\/produto\/youd-be-so-nice-to-come-home-to-jim-hall\/\" \/>\n<meta property=\"og:locale\" content=\"pt_PT\" \/>\n<meta property=\"og:type\" content=\"article\" \/>\n<meta property=\"og:title\" content=\"You&#039;d Be So Nice To Come Home To (Jim Hall) - Nuno Marinho Website\" \/>\n<meta property=\"og:url\" content=\"https:\/\/www.nunomarinho.com\/pt\/produto\/youd-be-so-nice-to-come-home-to-jim-hall\/\" \/>\n<meta property=\"og:site_name\" content=\"Nuno Marinho Website\" \/>\n<meta property=\"article:modified_time\" content=\"2025-10-23T19:23:17+00:00\" \/>\n<meta property=\"og:image\" content=\"https:\/\/www.nunomarinho.com\/wp-content\/uploads\/2025\/10\/jim-hall-concierto-album-it-would-be-nice-to-come-home-to-solo-score.jpg\" \/>\n\t<meta property=\"og:image:width\" content=\"600\" \/>\n\t<meta property=\"og:image:height\" content=\"600\" \/>\n\t<meta property=\"og:image:type\" content=\"image\/jpeg\" \/>\n<meta name=\"twitter:card\" content=\"summary_large_image\" \/>\n<meta name=\"twitter:description\" content=\"[embed]https:\/\/www.youtube.com\/watch?v=laAgYKli1M4[\/embed]\" \/>\n<meta name=\"twitter:label1\" content=\"Tempo estimado de leitura\" \/>\n\t<meta name=\"twitter:data1\" content=\"1 minuto\" \/>\n<script type=\"application\/ld+json\" class=\"yoast-schema-graph\">{\"@context\":\"https:\/\/schema.org\",\"@graph\":[{\"@type\":\"WebPage\",\"@id\":\"https:\/\/www.nunomarinho.com\/product\/youd-be-so-nice-to-come-home-to-jim-hall\/\",\"url\":\"https:\/\/www.nunomarinho.com\/product\/youd-be-so-nice-to-come-home-to-jim-hall\/\",\"name\":\"You'd Be So Nice To Come Home To (Jim Hall) - Nuno Marinho Website\",\"isPartOf\":{\"@id\":\"https:\/\/www.nunomarinho.com\/#website\"},\"primaryImageOfPage\":{\"@id\":\"https:\/\/www.nunomarinho.com\/product\/youd-be-so-nice-to-come-home-to-jim-hall\/#primaryimage\"},\"image\":{\"@id\":\"https:\/\/www.nunomarinho.com\/product\/youd-be-so-nice-to-come-home-to-jim-hall\/#primaryimage\"},\"thumbnailUrl\":\"https:\/\/www.nunomarinho.com\/wp-content\/uploads\/2025\/10\/jim-hall-concierto-album-it-would-be-nice-to-come-home-to-solo-score.jpg\",\"datePublished\":\"2025-10-22T18:56:40+00:00\",\"dateModified\":\"2025-10-23T19:23:17+00:00\",\"breadcrumb\":{\"@id\":\"https:\/\/www.nunomarinho.com\/product\/youd-be-so-nice-to-come-home-to-jim-hall\/#breadcrumb\"},\"inLanguage\":\"pt-PT\",\"potentialAction\":[{\"@type\":\"ReadAction\",\"target\":[\"https:\/\/www.nunomarinho.com\/product\/youd-be-so-nice-to-come-home-to-jim-hall\/\"]}]},{\"@type\":\"ImageObject\",\"inLanguage\":\"pt-PT\",\"@id\":\"https:\/\/www.nunomarinho.com\/product\/youd-be-so-nice-to-come-home-to-jim-hall\/#primaryimage\",\"url\":\"https:\/\/www.nunomarinho.com\/wp-content\/uploads\/2025\/10\/jim-hall-concierto-album-it-would-be-nice-to-come-home-to-solo-score.jpg\",\"contentUrl\":\"https:\/\/www.nunomarinho.com\/wp-content\/uploads\/2025\/10\/jim-hall-concierto-album-it-would-be-nice-to-come-home-to-solo-score.jpg\",\"width\":600,\"height\":600},{\"@type\":\"BreadcrumbList\",\"@id\":\"https:\/\/www.nunomarinho.com\/product\/youd-be-so-nice-to-come-home-to-jim-hall\/#breadcrumb\",\"itemListElement\":[{\"@type\":\"ListItem\",\"position\":1,\"name\":\"Home\",\"item\":\"https:\/\/www.nunomarinho.com\/\"},{\"@type\":\"ListItem\",\"position\":2,\"name\":\"Store\",\"item\":\"https:\/\/www.nunomarinho.com\/store\/\"},{\"@type\":\"ListItem\",\"position\":3,\"name\":\"You&#8217;d Be So Nice To Come Home To (Jim Hall)\"}]},{\"@type\":\"WebSite\",\"@id\":\"https:\/\/www.nunomarinho.com\/#website\",\"url\":\"https:\/\/www.nunomarinho.com\/\",\"name\":\"Nuno Marinho Website\",\"description\":\"Classes &amp; Workshops\",\"publisher\":{\"@id\":\"https:\/\/www.nunomarinho.com\/#organization\"},\"potentialAction\":[{\"@type\":\"SearchAction\",\"target\":{\"@type\":\"EntryPoint\",\"urlTemplate\":\"https:\/\/www.nunomarinho.com\/?s={search_term_string}\"},\"query-input\":{\"@type\":\"PropertyValueSpecification\",\"valueRequired\":true,\"valueName\":\"search_term_string\"}}],\"inLanguage\":\"pt-PT\"},{\"@type\":\"Organization\",\"@id\":\"https:\/\/www.nunomarinho.com\/#organization\",\"name\":\"Nuno Marinho Website\",\"url\":\"https:\/\/www.nunomarinho.com\/\",\"logo\":{\"@type\":\"ImageObject\",\"inLanguage\":\"pt-PT\",\"@id\":\"https:\/\/www.nunomarinho.com\/#\/schema\/logo\/image\/\",\"url\":\"https:\/\/www.nunomarinho.com\/wp-content\/uploads\/2025\/10\/Logo-Transparente_branco.png\",\"contentUrl\":\"https:\/\/www.nunomarinho.com\/wp-content\/uploads\/2025\/10\/Logo-Transparente_branco.png\",\"width\":500,\"height\":500,\"caption\":\"Nuno Marinho Website\"},\"image\":{\"@id\":\"https:\/\/www.nunomarinho.com\/#\/schema\/logo\/image\/\"}}]}<\/script>\n<!-- \/ Yoast SEO plugin. -->","yoast_head_json":{"title":"Serias t\u00e3o bom para voltar para casa (Jim Hall) - Nuno Marinho Website","robots":{"index":"index","follow":"follow","max-snippet":"max-snippet:-1","max-image-preview":"max-image-preview:large","max-video-preview":"max-video-preview:-1"},"canonical":"https:\/\/www.nunomarinho.com\/pt\/produto\/youd-be-so-nice-to-come-home-to-jim-hall\/","og_locale":"pt_PT","og_type":"article","og_title":"You'd Be So Nice To Come Home To (Jim Hall) - Nuno Marinho Website","og_url":"https:\/\/www.nunomarinho.com\/pt\/produto\/youd-be-so-nice-to-come-home-to-jim-hall\/","og_site_name":"Nuno Marinho Website","article_modified_time":"2025-10-23T19:23:17+00:00","og_image":[{"width":600,"height":600,"url":"https:\/\/www.nunomarinho.com\/wp-content\/uploads\/2025\/10\/jim-hall-concierto-album-it-would-be-nice-to-come-home-to-solo-score.jpg","type":"image\/jpeg"}],"twitter_card":"summary_large_image","twitter_description":"[embed]https:\/\/www.youtube.com\/watch?v=laAgYKli1M4[\/embed]","twitter_misc":{"Tempo estimado de leitura":"1 minuto"},"schema":{"@context":"https:\/\/schema.org","@graph":[{"@type":"WebPage","@id":"https:\/\/www.nunomarinho.com\/product\/youd-be-so-nice-to-come-home-to-jim-hall\/","url":"https:\/\/www.nunomarinho.com\/product\/youd-be-so-nice-to-come-home-to-jim-hall\/","name":"Serias t\u00e3o bom para voltar para casa (Jim Hall) - Nuno Marinho Website","isPartOf":{"@id":"https:\/\/www.nunomarinho.com\/#website"},"primaryImageOfPage":{"@id":"https:\/\/www.nunomarinho.com\/product\/youd-be-so-nice-to-come-home-to-jim-hall\/#primaryimage"},"image":{"@id":"https:\/\/www.nunomarinho.com\/product\/youd-be-so-nice-to-come-home-to-jim-hall\/#primaryimage"},"thumbnailUrl":"https:\/\/www.nunomarinho.com\/wp-content\/uploads\/2025\/10\/jim-hall-concierto-album-it-would-be-nice-to-come-home-to-solo-score.jpg","datePublished":"2025-10-22T18:56:40+00:00","dateModified":"2025-10-23T19:23:17+00:00","breadcrumb":{"@id":"https:\/\/www.nunomarinho.com\/product\/youd-be-so-nice-to-come-home-to-jim-hall\/#breadcrumb"},"inLanguage":"pt-PT","potentialAction":[{"@type":"ReadAction","target":["https:\/\/www.nunomarinho.com\/product\/youd-be-so-nice-to-come-home-to-jim-hall\/"]}]},{"@type":"ImageObject","inLanguage":"pt-PT","@id":"https:\/\/www.nunomarinho.com\/product\/youd-be-so-nice-to-come-home-to-jim-hall\/#primaryimage","url":"https:\/\/www.nunomarinho.com\/wp-content\/uploads\/2025\/10\/jim-hall-concierto-album-it-would-be-nice-to-come-home-to-solo-score.jpg","contentUrl":"https:\/\/www.nunomarinho.com\/wp-content\/uploads\/2025\/10\/jim-hall-concierto-album-it-would-be-nice-to-come-home-to-solo-score.jpg","width":600,"height":600},{"@type":"BreadcrumbList","@id":"https:\/\/www.nunomarinho.com\/product\/youd-be-so-nice-to-come-home-to-jim-hall\/#breadcrumb","itemListElement":[{"@type":"ListItem","position":1,"name":"Home","item":"https:\/\/www.nunomarinho.com\/"},{"@type":"ListItem","position":2,"name":"Store","item":"https:\/\/www.nunomarinho.com\/store\/"},{"@type":"ListItem","position":3,"name":"You&#8217;d Be So Nice To Come Home To (Jim Hall)"}]},{"@type":"WebSite","@id":"https:\/\/www.nunomarinho.com\/#website","url":"https:\/\/www.nunomarinho.com\/","name":"Nuno Marinho Website","description":"Aulas e workshops","publisher":{"@id":"https:\/\/www.nunomarinho.com\/#organization"},"potentialAction":[{"@type":"SearchAction","target":{"@type":"EntryPoint","urlTemplate":"https:\/\/www.nunomarinho.com\/?s={search_term_string}"},"query-input":{"@type":"PropertyValueSpecification","valueRequired":true,"valueName":"search_term_string"}}],"inLanguage":"pt-PT"},{"@type":"Organization","@id":"https:\/\/www.nunomarinho.com\/#organization","name":"Nuno Marinho Website","url":"https:\/\/www.nunomarinho.com\/","logo":{"@type":"ImageObject","inLanguage":"pt-PT","@id":"https:\/\/www.nunomarinho.com\/#\/schema\/logo\/image\/","url":"https:\/\/www.nunomarinho.com\/wp-content\/uploads\/2025\/10\/Logo-Transparente_branco.png","contentUrl":"https:\/\/www.nunomarinho.com\/wp-content\/uploads\/2025\/10\/Logo-Transparente_branco.png","width":500,"height":500,"caption":"Nuno Marinho Website"},"image":{"@id":"https:\/\/www.nunomarinho.com\/#\/schema\/logo\/image\/"}}]}},"_links":{"self":[{"href":"https:\/\/www.nunomarinho.com\/pt\/wp-json\/wp\/v2\/product\/316","targetHints":{"allow":["GET"]}}],"collection":[{"href":"https:\/\/www.nunomarinho.com\/pt\/wp-json\/wp\/v2\/product"}],"about":[{"href":"https:\/\/www.nunomarinho.com\/pt\/wp-json\/wp\/v2\/types\/product"}],"wp:featuredmedia":[{"embeddable":true,"href":"https:\/\/www.nunomarinho.com\/pt\/wp-json\/wp\/v2\/media\/367"}],"wp:attachment":[{"href":"https:\/\/www.nunomarinho.com\/pt\/wp-json\/wp\/v2\/media?parent=316"}],"wp:term":[{"taxonomy":"product_brand","embeddable":true,"href":"https:\/\/www.nunomarinho.com\/pt\/wp-json\/wp\/v2\/product_brand?post=316"},{"taxonomy":"product_cat","embeddable":true,"href":"https:\/\/www.nunomarinho.com\/pt\/wp-json\/wp\/v2\/product_cat?post=316"},{"taxonomy":"product_tag","embeddable":true,"href":"https:\/\/www.nunomarinho.com\/pt\/wp-json\/wp\/v2\/product_tag?post=316"}],"curies":[{"name":"wp","href":"https:\/\/api.w.org\/{rel}","templated":true}]}}