{"id":315,"date":"2025-10-22T18:56:40","date_gmt":"2025-10-22T18:56:40","guid":{"rendered":"https:\/\/www.nunomarinho.com\/?post_type=product&#038;p=315"},"modified":"2025-10-23T19:19:20","modified_gmt":"2025-10-23T19:19:20","slug":"nobody-else-but-me-peter-bernstein","status":"publish","type":"product","link":"https:\/\/www.nunomarinho.com\/pt\/produto\/nobody-else-but-me-peter-bernstein\/","title":{"rendered":"Nobody Else But Me (Peter Bernstein)"},"content":{"rendered":"<h3>SOLO DE PETER BERNSTEIN \u201cNobody Else But Me\u201d (Ningu\u00e9m mais al\u00e9m de mim)\u201d<\/h3>\n<p>Este solo \u00e9 um \u00f3timo exemplo de como se pode expandir a gama mel\u00f3dica da guitarra para v\u00e1rias oitavas diferentes. Bernstein toca-o na perfei\u00e7\u00e3o. Ele usa linhas longas para atingir as notas altas e tamb\u00e9m salta para as notas mais baixas para construir uma nova frase e criar contraste.<\/p>\n<p>Seja usando a mesma nota para um tom de pedal, mas usando-a em oitavas diferentes, ou tentando mudar a linha mel\u00f3dica saltando para uma nova oitava da \u00faltima nota da sua frase, deve definitivamente consultar esta partitura. Dar-lhe-\u00e1 uma nova perspetiva sobre como estruturar um grande solo.<\/p>","protected":false},"excerpt":{"rendered":"<p>PETER BERNSTEIN\u2019S SOLO \u201cNobody Else But Me\u201d This solo is a great example of how you can expand the guitar\u2019s melodic range to several different octaves. Bernstein plays it perfectly. He uses long lines to hit the high notes and also leaps into the lower notes to build a new phrase and to create contrast. [&hellip;]<\/p>\n","protected":false},"featured_media":366,"template":"","meta":[],"product_brand":[],"product_cat":[31,26],"product_tag":[],"class_list":{"0":"post-315","1":"product","2":"type-product","3":"status-publish","4":"has-post-thumbnail","6":"product_cat-miscellaneous-scores","7":"product_cat-scores","9":"first","10":"outofstock","11":"downloadable","12":"shipping-taxable","13":"purchasable","14":"product-type-simple"},"yoast_head":"<!-- This site is optimized with the Yoast SEO plugin v26.0 - https:\/\/yoast.com\/wordpress\/plugins\/seo\/ -->\n<title>Nobody Else But Me (Peter Bernstein) - Nuno Marinho Website<\/title>\n<meta name=\"robots\" content=\"index, follow, max-snippet:-1, max-image-preview:large, max-video-preview:-1\" \/>\n<link rel=\"canonical\" href=\"https:\/\/www.nunomarinho.com\/pt\/produto\/nobody-else-but-me-peter-bernstein\/\" \/>\n<meta property=\"og:locale\" content=\"pt_PT\" \/>\n<meta property=\"og:type\" content=\"article\" \/>\n<meta property=\"og:title\" content=\"Nobody Else But Me (Peter Bernstein) - Nuno Marinho Website\" \/>\n<meta property=\"og:description\" content=\"PETER BERNSTEIN\u2019S SOLO \u201cNobody Else But Me\u201d This solo is a great example of how you can expand the guitar\u2019s melodic range to several different octaves. Bernstein plays it perfectly. He uses long lines to hit the high notes and also leaps into the lower notes to build a new phrase and to create contrast. [&hellip;]\" \/>\n<meta property=\"og:url\" content=\"https:\/\/www.nunomarinho.com\/pt\/produto\/nobody-else-but-me-peter-bernstein\/\" \/>\n<meta property=\"og:site_name\" content=\"Nuno Marinho Website\" \/>\n<meta property=\"article:modified_time\" content=\"2025-10-23T19:19:20+00:00\" \/>\n<meta property=\"og:image\" content=\"https:\/\/www.nunomarinho.com\/wp-content\/uploads\/2025\/10\/peter-bernstein-signs-of-life-album-noboy-else-but-me-solo-score.jpg\" \/>\n\t<meta property=\"og:image:width\" content=\"500\" \/>\n\t<meta property=\"og:image:height\" content=\"500\" \/>\n\t<meta property=\"og:image:type\" content=\"image\/jpeg\" \/>\n<meta name=\"twitter:card\" content=\"summary_large_image\" \/>\n<meta name=\"twitter:label1\" content=\"Tempo estimado de leitura\" \/>\n\t<meta name=\"twitter:data1\" content=\"2 minutos\" \/>\n<script type=\"application\/ld+json\" class=\"yoast-schema-graph\">{\"@context\":\"https:\/\/schema.org\",\"@graph\":[{\"@type\":\"WebPage\",\"@id\":\"https:\/\/www.nunomarinho.com\/product\/nobody-else-but-me-peter-bernstein\/\",\"url\":\"https:\/\/www.nunomarinho.com\/product\/nobody-else-but-me-peter-bernstein\/\",\"name\":\"Nobody Else But Me (Peter Bernstein) - Nuno Marinho Website\",\"isPartOf\":{\"@id\":\"https:\/\/www.nunomarinho.com\/#website\"},\"primaryImageOfPage\":{\"@id\":\"https:\/\/www.nunomarinho.com\/product\/nobody-else-but-me-peter-bernstein\/#primaryimage\"},\"image\":{\"@id\":\"https:\/\/www.nunomarinho.com\/product\/nobody-else-but-me-peter-bernstein\/#primaryimage\"},\"thumbnailUrl\":\"https:\/\/www.nunomarinho.com\/wp-content\/uploads\/2025\/10\/peter-bernstein-signs-of-life-album-noboy-else-but-me-solo-score.jpg\",\"datePublished\":\"2025-10-22T18:56:40+00:00\",\"dateModified\":\"2025-10-23T19:19:20+00:00\",\"breadcrumb\":{\"@id\":\"https:\/\/www.nunomarinho.com\/product\/nobody-else-but-me-peter-bernstein\/#breadcrumb\"},\"inLanguage\":\"pt-PT\",\"potentialAction\":[{\"@type\":\"ReadAction\",\"target\":[\"https:\/\/www.nunomarinho.com\/product\/nobody-else-but-me-peter-bernstein\/\"]}]},{\"@type\":\"ImageObject\",\"inLanguage\":\"pt-PT\",\"@id\":\"https:\/\/www.nunomarinho.com\/product\/nobody-else-but-me-peter-bernstein\/#primaryimage\",\"url\":\"https:\/\/www.nunomarinho.com\/wp-content\/uploads\/2025\/10\/peter-bernstein-signs-of-life-album-noboy-else-but-me-solo-score.jpg\",\"contentUrl\":\"https:\/\/www.nunomarinho.com\/wp-content\/uploads\/2025\/10\/peter-bernstein-signs-of-life-album-noboy-else-but-me-solo-score.jpg\",\"width\":500,\"height\":500},{\"@type\":\"BreadcrumbList\",\"@id\":\"https:\/\/www.nunomarinho.com\/product\/nobody-else-but-me-peter-bernstein\/#breadcrumb\",\"itemListElement\":[{\"@type\":\"ListItem\",\"position\":1,\"name\":\"Home\",\"item\":\"https:\/\/www.nunomarinho.com\/\"},{\"@type\":\"ListItem\",\"position\":2,\"name\":\"Store\",\"item\":\"https:\/\/www.nunomarinho.com\/store\/\"},{\"@type\":\"ListItem\",\"position\":3,\"name\":\"Nobody Else But Me (Peter Bernstein)\"}]},{\"@type\":\"WebSite\",\"@id\":\"https:\/\/www.nunomarinho.com\/#website\",\"url\":\"https:\/\/www.nunomarinho.com\/\",\"name\":\"Nuno Marinho Website\",\"description\":\"Classes &amp; Workshops\",\"publisher\":{\"@id\":\"https:\/\/www.nunomarinho.com\/#organization\"},\"potentialAction\":[{\"@type\":\"SearchAction\",\"target\":{\"@type\":\"EntryPoint\",\"urlTemplate\":\"https:\/\/www.nunomarinho.com\/?s={search_term_string}\"},\"query-input\":{\"@type\":\"PropertyValueSpecification\",\"valueRequired\":true,\"valueName\":\"search_term_string\"}}],\"inLanguage\":\"pt-PT\"},{\"@type\":\"Organization\",\"@id\":\"https:\/\/www.nunomarinho.com\/#organization\",\"name\":\"Nuno Marinho Website\",\"url\":\"https:\/\/www.nunomarinho.com\/\",\"logo\":{\"@type\":\"ImageObject\",\"inLanguage\":\"pt-PT\",\"@id\":\"https:\/\/www.nunomarinho.com\/#\/schema\/logo\/image\/\",\"url\":\"https:\/\/www.nunomarinho.com\/wp-content\/uploads\/2025\/10\/Logo-Transparente_branco.png\",\"contentUrl\":\"https:\/\/www.nunomarinho.com\/wp-content\/uploads\/2025\/10\/Logo-Transparente_branco.png\",\"width\":500,\"height\":500,\"caption\":\"Nuno Marinho Website\"},\"image\":{\"@id\":\"https:\/\/www.nunomarinho.com\/#\/schema\/logo\/image\/\"}}]}<\/script>\n<!-- \/ Yoast SEO plugin. -->","yoast_head_json":{"title":"Nobody Else But Me (Peter Bernstein) - Nuno Marinho Website","robots":{"index":"index","follow":"follow","max-snippet":"max-snippet:-1","max-image-preview":"max-image-preview:large","max-video-preview":"max-video-preview:-1"},"canonical":"https:\/\/www.nunomarinho.com\/pt\/produto\/nobody-else-but-me-peter-bernstein\/","og_locale":"pt_PT","og_type":"article","og_title":"Nobody Else But Me (Peter Bernstein) - Nuno Marinho Website","og_description":"PETER BERNSTEIN\u2019S SOLO \u201cNobody Else But Me\u201d This solo is a great example of how you can expand the guitar\u2019s melodic range to several different octaves. Bernstein plays it perfectly. He uses long lines to hit the high notes and also leaps into the lower notes to build a new phrase and to create contrast. [&hellip;]","og_url":"https:\/\/www.nunomarinho.com\/pt\/produto\/nobody-else-but-me-peter-bernstein\/","og_site_name":"Nuno Marinho Website","article_modified_time":"2025-10-23T19:19:20+00:00","og_image":[{"width":500,"height":500,"url":"https:\/\/www.nunomarinho.com\/wp-content\/uploads\/2025\/10\/peter-bernstein-signs-of-life-album-noboy-else-but-me-solo-score.jpg","type":"image\/jpeg"}],"twitter_card":"summary_large_image","twitter_misc":{"Tempo estimado de leitura":"2 minutos"},"schema":{"@context":"https:\/\/schema.org","@graph":[{"@type":"WebPage","@id":"https:\/\/www.nunomarinho.com\/product\/nobody-else-but-me-peter-bernstein\/","url":"https:\/\/www.nunomarinho.com\/product\/nobody-else-but-me-peter-bernstein\/","name":"Nobody Else But Me (Peter Bernstein) - Nuno Marinho Website","isPartOf":{"@id":"https:\/\/www.nunomarinho.com\/#website"},"primaryImageOfPage":{"@id":"https:\/\/www.nunomarinho.com\/product\/nobody-else-but-me-peter-bernstein\/#primaryimage"},"image":{"@id":"https:\/\/www.nunomarinho.com\/product\/nobody-else-but-me-peter-bernstein\/#primaryimage"},"thumbnailUrl":"https:\/\/www.nunomarinho.com\/wp-content\/uploads\/2025\/10\/peter-bernstein-signs-of-life-album-noboy-else-but-me-solo-score.jpg","datePublished":"2025-10-22T18:56:40+00:00","dateModified":"2025-10-23T19:19:20+00:00","breadcrumb":{"@id":"https:\/\/www.nunomarinho.com\/product\/nobody-else-but-me-peter-bernstein\/#breadcrumb"},"inLanguage":"pt-PT","potentialAction":[{"@type":"ReadAction","target":["https:\/\/www.nunomarinho.com\/product\/nobody-else-but-me-peter-bernstein\/"]}]},{"@type":"ImageObject","inLanguage":"pt-PT","@id":"https:\/\/www.nunomarinho.com\/product\/nobody-else-but-me-peter-bernstein\/#primaryimage","url":"https:\/\/www.nunomarinho.com\/wp-content\/uploads\/2025\/10\/peter-bernstein-signs-of-life-album-noboy-else-but-me-solo-score.jpg","contentUrl":"https:\/\/www.nunomarinho.com\/wp-content\/uploads\/2025\/10\/peter-bernstein-signs-of-life-album-noboy-else-but-me-solo-score.jpg","width":500,"height":500},{"@type":"BreadcrumbList","@id":"https:\/\/www.nunomarinho.com\/product\/nobody-else-but-me-peter-bernstein\/#breadcrumb","itemListElement":[{"@type":"ListItem","position":1,"name":"Home","item":"https:\/\/www.nunomarinho.com\/"},{"@type":"ListItem","position":2,"name":"Store","item":"https:\/\/www.nunomarinho.com\/store\/"},{"@type":"ListItem","position":3,"name":"Nobody Else But Me (Peter Bernstein)"}]},{"@type":"WebSite","@id":"https:\/\/www.nunomarinho.com\/#website","url":"https:\/\/www.nunomarinho.com\/","name":"Nuno Marinho Website","description":"Aulas e workshops","publisher":{"@id":"https:\/\/www.nunomarinho.com\/#organization"},"potentialAction":[{"@type":"SearchAction","target":{"@type":"EntryPoint","urlTemplate":"https:\/\/www.nunomarinho.com\/?s={search_term_string}"},"query-input":{"@type":"PropertyValueSpecification","valueRequired":true,"valueName":"search_term_string"}}],"inLanguage":"pt-PT"},{"@type":"Organization","@id":"https:\/\/www.nunomarinho.com\/#organization","name":"Nuno Marinho Website","url":"https:\/\/www.nunomarinho.com\/","logo":{"@type":"ImageObject","inLanguage":"pt-PT","@id":"https:\/\/www.nunomarinho.com\/#\/schema\/logo\/image\/","url":"https:\/\/www.nunomarinho.com\/wp-content\/uploads\/2025\/10\/Logo-Transparente_branco.png","contentUrl":"https:\/\/www.nunomarinho.com\/wp-content\/uploads\/2025\/10\/Logo-Transparente_branco.png","width":500,"height":500,"caption":"Nuno Marinho Website"},"image":{"@id":"https:\/\/www.nunomarinho.com\/#\/schema\/logo\/image\/"}}]}},"_links":{"self":[{"href":"https:\/\/www.nunomarinho.com\/pt\/wp-json\/wp\/v2\/product\/315","targetHints":{"allow":["GET"]}}],"collection":[{"href":"https:\/\/www.nunomarinho.com\/pt\/wp-json\/wp\/v2\/product"}],"about":[{"href":"https:\/\/www.nunomarinho.com\/pt\/wp-json\/wp\/v2\/types\/product"}],"wp:featuredmedia":[{"embeddable":true,"href":"https:\/\/www.nunomarinho.com\/pt\/wp-json\/wp\/v2\/media\/366"}],"wp:attachment":[{"href":"https:\/\/www.nunomarinho.com\/pt\/wp-json\/wp\/v2\/media?parent=315"}],"wp:term":[{"taxonomy":"product_brand","embeddable":true,"href":"https:\/\/www.nunomarinho.com\/pt\/wp-json\/wp\/v2\/product_brand?post=315"},{"taxonomy":"product_cat","embeddable":true,"href":"https:\/\/www.nunomarinho.com\/pt\/wp-json\/wp\/v2\/product_cat?post=315"},{"taxonomy":"product_tag","embeddable":true,"href":"https:\/\/www.nunomarinho.com\/pt\/wp-json\/wp\/v2\/product_tag?post=315"}],"curies":[{"name":"wp","href":"https:\/\/api.w.org\/{rel}","templated":true}]}}