{"id":313,"date":"2025-10-22T18:56:39","date_gmt":"2025-10-22T18:56:39","guid":{"rendered":"https:\/\/www.nunomarinho.com\/?post_type=product&#038;p=313"},"modified":"2025-11-19T22:15:04","modified_gmt":"2025-11-19T22:15:04","slug":"first-song-pat-metheny","status":"publish","type":"product","link":"https:\/\/www.nunomarinho.com\/pt\/produto\/first-song-pat-metheny\/","title":{"rendered":"Primeira can\u00e7\u00e3o Pat Metheny"},"content":{"rendered":"<h3>Primeira Can\u00e7\u00e3o - Pat Metheny<\/h3>\r\n<p>First Song \u00e9 uma composi\u00e7\u00e3o de Charlie Haden, interpretada por Pat Metheny no \u00e1lbum Beyond the Missouri Sky. O seu lirismo e a sua no\u00e7\u00e3o livre do tempo e do espa\u00e7o contribuem para uma abordagem ponderada da melodia.<\/p>\r\n<p>Fa\u00e7a uma serenata \u00e0 sua cara-metade com esta m\u00fasica, vale a pena \ud83d\ude09 \u00a0<\/p>\r\n<p><iframe loading=\"lazy\" title=\"Pat Metheny &amp; Charlie Haden - First Song\" width=\"1080\" height=\"608\" src=\"https:\/\/www.youtube.com\/embed\/DNxofTe1Fh4?feature=oembed\"  allow=\"accelerometer; autoplay; clipboard-write; encrypted-media; gyroscope; picture-in-picture; web-share\" referrerpolicy=\"strict-origin-when-cross-origin\" allowfullscreen><\/iframe><\/p>\r\n<p><strong>SEGUIR NUNO MARINHO EM:<\/strong><\/p>\r\n<!-- \/wp:post-content -->\r\n\r\n<!-- wp:paragraph -->\r\n<ul>\r\n<li>Loja de livros do s\u00edtio Web:\u00a0<a href=\"https:\/\/www.nunomarinho.com\/pt\/store\/\">https:\/\/www.nunomarinho.com\/store<\/a><!-- \/wp:paragraph -->\r\n\r\n<!-- wp:paragraph --><\/li>\r\n<li>Canal de v\u00eddeo:\u00a0<a href=\"https:\/\/www.youtube.com\/@NunoMarinho\">https:\/\/www.youtube.com\/@NunoMarinho<\/a><!-- \/wp:paragraph -->\r\n\r\n<!-- wp:paragraph --><\/li>\r\n<\/ul>","protected":false},"excerpt":{"rendered":"<p>First Song - Pat Metheny First Song \u00e9 uma composi\u00e7\u00e3o de Charlie Haden, interpretada por Pat Metheny no \u00e1lbum Beyond the Missouri Sky. O seu lirismo e a sua no\u00e7\u00e3o livre do tempo e do espa\u00e7o contribuem para uma abordagem ponderada da melodia. Faz uma serenata \u00e0 tua cara-metade com esta m\u00fasica, vale a pena \ud83d\ude09 FOLLOW NUNO [...]<\/p>","protected":false},"featured_media":1241,"template":"","meta":[],"product_brand":[],"product_cat":[28],"product_tag":[],"class_list":{"0":"post-313","1":"product","2":"type-product","3":"status-publish","4":"has-post-thumbnail","6":"product_cat-pat-metheny-scores","8":"first","9":"instock","10":"downloadable","11":"shipping-taxable","12":"purchasable","13":"product-type-simple"},"yoast_head":"<!-- This site is optimized with the Yoast SEO plugin v26.0 - https:\/\/yoast.com\/wordpress\/plugins\/seo\/ -->\n<title>First Song Pat Metheny - Nuno Marinho Website<\/title>\n<meta name=\"description\" content=\"First Song by Pat Metheny. Download the PDF score with melody chords of this beautiful ballad from the album Beyond the Missouri Sky.\" \/>\n<meta name=\"robots\" content=\"index, follow, max-snippet:-1, max-image-preview:large, max-video-preview:-1\" \/>\n<link rel=\"canonical\" href=\"https:\/\/www.nunomarinho.com\/pt\/produto\/first-song-pat-metheny\/\" \/>\n<meta property=\"og:locale\" content=\"pt_PT\" \/>\n<meta property=\"og:type\" content=\"article\" \/>\n<meta property=\"og:title\" content=\"First Song by Pat Metheny\" \/>\n<meta property=\"og:description\" content=\"First Song by Pat Metheny. Download the PDF score with melody chords of this beautiful ballad from the album Beyond the Missouri Sky.\" \/>\n<meta property=\"og:url\" content=\"https:\/\/www.nunomarinho.com\/pt\/produto\/first-song-pat-metheny\/\" \/>\n<meta property=\"og:site_name\" content=\"Nuno Marinho Website\" \/>\n<meta property=\"article:modified_time\" content=\"2025-11-19T22:15:04+00:00\" \/>\n<meta property=\"og:image\" content=\"https:\/\/www.nunomarinho.com\/wp-content\/uploads\/2025\/10\/12-600x503-1.webp\" \/>\n\t<meta property=\"og:image:width\" content=\"600\" \/>\n\t<meta property=\"og:image:height\" content=\"600\" \/>\n\t<meta property=\"og:image:type\" content=\"image\/webp\" \/>\n<meta name=\"twitter:card\" content=\"summary_large_image\" \/>\n<meta name=\"twitter:title\" content=\"First Song by Pat Metheny\" \/>\n<meta name=\"twitter:description\" content=\"First Song by Pat Metheny. Download the PDF score with melody chords of this beautiful ballad from the album Beyond the Missouri Sky.\" \/>\n<meta name=\"twitter:image\" content=\"https:\/\/www.nunomarinho.com\/wp-content\/uploads\/2025\/10\/12-600x503-1.webp\" \/>\n<meta name=\"twitter:label1\" content=\"Tempo estimado de leitura\" \/>\n\t<meta name=\"twitter:data1\" content=\"1 minuto\" \/>\n<script type=\"application\/ld+json\" class=\"yoast-schema-graph\">{\"@context\":\"https:\/\/schema.org\",\"@graph\":[{\"@type\":\"WebPage\",\"@id\":\"https:\/\/www.nunomarinho.com\/product\/first-song-pat-metheny\/\",\"url\":\"https:\/\/www.nunomarinho.com\/product\/first-song-pat-metheny\/\",\"name\":\"First Song Pat Metheny - Nuno Marinho Website\",\"isPartOf\":{\"@id\":\"https:\/\/www.nunomarinho.com\/#website\"},\"primaryImageOfPage\":{\"@id\":\"https:\/\/www.nunomarinho.com\/product\/first-song-pat-metheny\/#primaryimage\"},\"image\":{\"@id\":\"https:\/\/www.nunomarinho.com\/product\/first-song-pat-metheny\/#primaryimage\"},\"thumbnailUrl\":\"https:\/\/www.nunomarinho.com\/wp-content\/uploads\/2025\/10\/12-600x503-1.webp\",\"datePublished\":\"2025-10-22T18:56:39+00:00\",\"dateModified\":\"2025-11-19T22:15:04+00:00\",\"description\":\"First Song by Pat Metheny. Download the PDF score with melody chords of this beautiful ballad from the album Beyond the Missouri Sky.\",\"breadcrumb\":{\"@id\":\"https:\/\/www.nunomarinho.com\/product\/first-song-pat-metheny\/#breadcrumb\"},\"inLanguage\":\"pt-PT\",\"potentialAction\":[{\"@type\":\"ReadAction\",\"target\":[\"https:\/\/www.nunomarinho.com\/product\/first-song-pat-metheny\/\"]}]},{\"@type\":\"ImageObject\",\"inLanguage\":\"pt-PT\",\"@id\":\"https:\/\/www.nunomarinho.com\/product\/first-song-pat-metheny\/#primaryimage\",\"url\":\"https:\/\/www.nunomarinho.com\/wp-content\/uploads\/2025\/10\/12-600x503-1.webp\",\"contentUrl\":\"https:\/\/www.nunomarinho.com\/wp-content\/uploads\/2025\/10\/12-600x503-1.webp\",\"width\":600,\"height\":600,\"caption\":\"First Song by Pat Metheny. Download the PDF score with melody chords of this beautiful ballad from the album Beyond the Missouri Sky.\"},{\"@type\":\"BreadcrumbList\",\"@id\":\"https:\/\/www.nunomarinho.com\/product\/first-song-pat-metheny\/#breadcrumb\",\"itemListElement\":[{\"@type\":\"ListItem\",\"position\":1,\"name\":\"Home\",\"item\":\"https:\/\/www.nunomarinho.com\/\"},{\"@type\":\"ListItem\",\"position\":2,\"name\":\"Store\",\"item\":\"https:\/\/www.nunomarinho.com\/store\/\"},{\"@type\":\"ListItem\",\"position\":3,\"name\":\"First Song Pat Metheny\"}]},{\"@type\":\"WebSite\",\"@id\":\"https:\/\/www.nunomarinho.com\/#website\",\"url\":\"https:\/\/www.nunomarinho.com\/\",\"name\":\"Nuno Marinho Website\",\"description\":\"Classes &amp; Workshops\",\"publisher\":{\"@id\":\"https:\/\/www.nunomarinho.com\/#organization\"},\"potentialAction\":[{\"@type\":\"SearchAction\",\"target\":{\"@type\":\"EntryPoint\",\"urlTemplate\":\"https:\/\/www.nunomarinho.com\/?s={search_term_string}\"},\"query-input\":{\"@type\":\"PropertyValueSpecification\",\"valueRequired\":true,\"valueName\":\"search_term_string\"}}],\"inLanguage\":\"pt-PT\"},{\"@type\":\"Organization\",\"@id\":\"https:\/\/www.nunomarinho.com\/#organization\",\"name\":\"Nuno Marinho Website\",\"url\":\"https:\/\/www.nunomarinho.com\/\",\"logo\":{\"@type\":\"ImageObject\",\"inLanguage\":\"pt-PT\",\"@id\":\"https:\/\/www.nunomarinho.com\/#\/schema\/logo\/image\/\",\"url\":\"https:\/\/www.nunomarinho.com\/wp-content\/uploads\/2025\/10\/Logo-Transparente_branco.png\",\"contentUrl\":\"https:\/\/www.nunomarinho.com\/wp-content\/uploads\/2025\/10\/Logo-Transparente_branco.png\",\"width\":500,\"height\":500,\"caption\":\"Nuno Marinho Website\"},\"image\":{\"@id\":\"https:\/\/www.nunomarinho.com\/#\/schema\/logo\/image\/\"}}]}<\/script>\n<!-- \/ Yoast SEO plugin. -->","yoast_head_json":{"title":"First Song Pat Metheny - Nuno Marinho Website","description":"Primeira Can\u00e7\u00e3o de Pat Metheny. Descarregar a partitura em PDF com acordes mel\u00f3dicos desta bela balada do \u00e1lbum Beyond the Missouri Sky.","robots":{"index":"index","follow":"follow","max-snippet":"max-snippet:-1","max-image-preview":"max-image-preview:large","max-video-preview":"max-video-preview:-1"},"canonical":"https:\/\/www.nunomarinho.com\/pt\/produto\/first-song-pat-metheny\/","og_locale":"pt_PT","og_type":"article","og_title":"First Song by Pat Metheny","og_description":"First Song by Pat Metheny. Download the PDF score with melody chords of this beautiful ballad from the album Beyond the Missouri Sky.","og_url":"https:\/\/www.nunomarinho.com\/pt\/produto\/first-song-pat-metheny\/","og_site_name":"Nuno Marinho Website","article_modified_time":"2025-11-19T22:15:04+00:00","og_image":[{"width":600,"height":600,"url":"https:\/\/www.nunomarinho.com\/wp-content\/uploads\/2025\/10\/12-600x503-1.webp","type":"image\/webp"}],"twitter_card":"summary_large_image","twitter_title":"First Song by Pat Metheny","twitter_description":"First Song by Pat Metheny. Download the PDF score with melody chords of this beautiful ballad from the album Beyond the Missouri Sky.","twitter_image":"https:\/\/www.nunomarinho.com\/wp-content\/uploads\/2025\/10\/12-600x503-1.webp","twitter_misc":{"Tempo estimado de leitura":"1 minuto"},"schema":{"@context":"https:\/\/schema.org","@graph":[{"@type":"WebPage","@id":"https:\/\/www.nunomarinho.com\/product\/first-song-pat-metheny\/","url":"https:\/\/www.nunomarinho.com\/product\/first-song-pat-metheny\/","name":"First Song Pat Metheny - Nuno Marinho Website","isPartOf":{"@id":"https:\/\/www.nunomarinho.com\/#website"},"primaryImageOfPage":{"@id":"https:\/\/www.nunomarinho.com\/product\/first-song-pat-metheny\/#primaryimage"},"image":{"@id":"https:\/\/www.nunomarinho.com\/product\/first-song-pat-metheny\/#primaryimage"},"thumbnailUrl":"https:\/\/www.nunomarinho.com\/wp-content\/uploads\/2025\/10\/12-600x503-1.webp","datePublished":"2025-10-22T18:56:39+00:00","dateModified":"2025-11-19T22:15:04+00:00","description":"Primeira Can\u00e7\u00e3o de Pat Metheny. Descarregar a partitura em PDF com acordes mel\u00f3dicos desta bela balada do \u00e1lbum Beyond the Missouri Sky.","breadcrumb":{"@id":"https:\/\/www.nunomarinho.com\/product\/first-song-pat-metheny\/#breadcrumb"},"inLanguage":"pt-PT","potentialAction":[{"@type":"ReadAction","target":["https:\/\/www.nunomarinho.com\/product\/first-song-pat-metheny\/"]}]},{"@type":"ImageObject","inLanguage":"pt-PT","@id":"https:\/\/www.nunomarinho.com\/product\/first-song-pat-metheny\/#primaryimage","url":"https:\/\/www.nunomarinho.com\/wp-content\/uploads\/2025\/10\/12-600x503-1.webp","contentUrl":"https:\/\/www.nunomarinho.com\/wp-content\/uploads\/2025\/10\/12-600x503-1.webp","width":600,"height":600,"caption":"First Song by Pat Metheny. Download the PDF score with melody chords of this beautiful ballad from the album Beyond the Missouri Sky."},{"@type":"BreadcrumbList","@id":"https:\/\/www.nunomarinho.com\/product\/first-song-pat-metheny\/#breadcrumb","itemListElement":[{"@type":"ListItem","position":1,"name":"Home","item":"https:\/\/www.nunomarinho.com\/"},{"@type":"ListItem","position":2,"name":"Store","item":"https:\/\/www.nunomarinho.com\/store\/"},{"@type":"ListItem","position":3,"name":"First Song Pat Metheny"}]},{"@type":"WebSite","@id":"https:\/\/www.nunomarinho.com\/#website","url":"https:\/\/www.nunomarinho.com\/","name":"Nuno Marinho Website","description":"Aulas e workshops","publisher":{"@id":"https:\/\/www.nunomarinho.com\/#organization"},"potentialAction":[{"@type":"SearchAction","target":{"@type":"EntryPoint","urlTemplate":"https:\/\/www.nunomarinho.com\/?s={search_term_string}"},"query-input":{"@type":"PropertyValueSpecification","valueRequired":true,"valueName":"search_term_string"}}],"inLanguage":"pt-PT"},{"@type":"Organization","@id":"https:\/\/www.nunomarinho.com\/#organization","name":"Nuno Marinho Website","url":"https:\/\/www.nunomarinho.com\/","logo":{"@type":"ImageObject","inLanguage":"pt-PT","@id":"https:\/\/www.nunomarinho.com\/#\/schema\/logo\/image\/","url":"https:\/\/www.nunomarinho.com\/wp-content\/uploads\/2025\/10\/Logo-Transparente_branco.png","contentUrl":"https:\/\/www.nunomarinho.com\/wp-content\/uploads\/2025\/10\/Logo-Transparente_branco.png","width":500,"height":500,"caption":"Nuno Marinho Website"},"image":{"@id":"https:\/\/www.nunomarinho.com\/#\/schema\/logo\/image\/"}}]}},"_links":{"self":[{"href":"https:\/\/www.nunomarinho.com\/pt\/wp-json\/wp\/v2\/product\/313","targetHints":{"allow":["GET"]}}],"collection":[{"href":"https:\/\/www.nunomarinho.com\/pt\/wp-json\/wp\/v2\/product"}],"about":[{"href":"https:\/\/www.nunomarinho.com\/pt\/wp-json\/wp\/v2\/types\/product"}],"wp:featuredmedia":[{"embeddable":true,"href":"https:\/\/www.nunomarinho.com\/pt\/wp-json\/wp\/v2\/media\/1241"}],"wp:attachment":[{"href":"https:\/\/www.nunomarinho.com\/pt\/wp-json\/wp\/v2\/media?parent=313"}],"wp:term":[{"taxonomy":"product_brand","embeddable":true,"href":"https:\/\/www.nunomarinho.com\/pt\/wp-json\/wp\/v2\/product_brand?post=313"},{"taxonomy":"product_cat","embeddable":true,"href":"https:\/\/www.nunomarinho.com\/pt\/wp-json\/wp\/v2\/product_cat?post=313"},{"taxonomy":"product_tag","embeddable":true,"href":"https:\/\/www.nunomarinho.com\/pt\/wp-json\/wp\/v2\/product_tag?post=313"}],"curies":[{"name":"wp","href":"https:\/\/api.w.org\/{rel}","templated":true}]}}