{"id":312,"date":"2025-10-22T18:56:39","date_gmt":"2025-10-22T18:56:39","guid":{"rendered":"https:\/\/www.nunomarinho.com\/?post_type=product&#038;p=312"},"modified":"2025-11-19T22:16:51","modified_gmt":"2025-11-19T22:16:51","slug":"cinema-paradiso-pat-metheny","status":"publish","type":"product","link":"https:\/\/www.nunomarinho.com\/pt\/produto\/cinema-paradiso-pat-metheny\/","title":{"rendered":"Cinema Paradiso Pat Metheny"},"content":{"rendered":"<h3>Cinema Paradiso (Tema de Amor) - Pat Metheny<\/h3>\r\n<p>Cinema Paradiso de Pat Metheny \u00e9 uma composi\u00e7\u00e3o original do grande maestro italiano Ennio Morricone para a obra-prima do cinema hom\u00f3nimo.<\/p>\r\n<p>Uma grande demonstra\u00e7\u00e3o de gosto, din\u00e2mica e sensa\u00e7\u00e3o de Pat Metheny.<\/p>\r\n<p><iframe loading=\"lazy\" title=\"Pat Metheny - Cinema Paradiso (tema de amor)\" width=\"1080\" height=\"810\" src=\"https:\/\/www.youtube.com\/embed\/X2FxmPR854s?feature=oembed\"  allow=\"accelerometer; autoplay; clipboard-write; encrypted-media; gyroscope; picture-in-picture; web-share\" referrerpolicy=\"strict-origin-when-cross-origin\" allowfullscreen><\/iframe><\/p>\r\n<p><strong>SEGUIR NUNO MARINHO EM:<\/strong><\/p>\r\n<!-- \/wp:post-content -->\r\n\r\n<!-- wp:paragraph -->\r\n<ul>\r\n<li style=\"list-style-type: none;\">\r\n<ul>\r\n<li>Loja de livros do s\u00edtio Web:\u00a0<a href=\"https:\/\/www.nunomarinho.com\/pt\/store\/\">https:\/\/www.nunomarinho.com\/store<\/a><!-- \/wp:paragraph -->\r\n\r\n<!-- wp:paragraph --><\/li>\r\n<li>Canal de v\u00eddeo:\u00a0<a href=\"https:\/\/www.youtube.com\/@NunoMarinho\">https:\/\/www.youtube.com\/@NunoMarinho<\/a><!-- \/wp:paragraph -->\r\n\r\n<!-- wp:paragraph --><\/li>\r\n<\/ul>\r\n<\/li>\r\n<\/ul>\r\n<ul>\r\n<li style=\"list-style-type: none;\">\u00a0<\/li>\r\n<\/ul>","protected":false},"excerpt":{"rendered":"<p>Cinema Paradiso (Love Theme) - Pat Metheny Cinema Paradiso de Pat Metheny \u00e9 uma composi\u00e7\u00e3o original do grande Maestro italiano Ennio Morricone para a obra-prima do cinema hom\u00f3nimo. Uma grande demonstra\u00e7\u00e3o de bom gosto, din\u00e2mica e feeling de Pat Metheny. SIGA NUNO MARINHO EM: Website Loja de Livros: https:\/\/www.nunomarinho.com\/store Canal de V\u00eddeo: https:\/\/www.youtube.com\/@NunoMarinho \u00a0<\/p>","protected":false},"featured_media":1242,"template":"","meta":[],"product_brand":[],"product_cat":[28,26],"product_tag":[],"class_list":{"0":"post-312","1":"product","2":"type-product","3":"status-publish","4":"has-post-thumbnail","6":"product_cat-pat-metheny-scores","7":"product_cat-scores","9":"first","10":"instock","11":"downloadable","12":"shipping-taxable","13":"purchasable","14":"product-type-simple"},"yoast_head":"<!-- This site is optimized with the Yoast SEO plugin v26.0 - https:\/\/yoast.com\/wordpress\/plugins\/seo\/ -->\n<title>Cinema Paradiso Pat Metheny - Nuno Marinho Website<\/title>\n<meta name=\"description\" content=\"Cinema Paradiso by Pat Metheny. PDF score with melody chords from the Pat Metheny and Charlie Haden song, on the album Beyond the Missouri Sky.\" \/>\n<meta name=\"robots\" content=\"index, follow, max-snippet:-1, max-image-preview:large, max-video-preview:-1\" \/>\n<link rel=\"canonical\" href=\"https:\/\/www.nunomarinho.com\/pt\/produto\/cinema-paradiso-pat-metheny\/\" \/>\n<meta property=\"og:locale\" content=\"pt_PT\" \/>\n<meta property=\"og:type\" content=\"article\" \/>\n<meta property=\"og:title\" content=\"Cinema Paradiso Pat Metheny - Nuno Marinho Website\" \/>\n<meta property=\"og:description\" content=\"Cinema Paradiso by Pat Metheny. PDF score with melody chords from the Pat Metheny and Charlie Haden song, on the album Beyond the Missouri Sky.\" \/>\n<meta property=\"og:url\" content=\"https:\/\/www.nunomarinho.com\/pt\/produto\/cinema-paradiso-pat-metheny\/\" \/>\n<meta property=\"og:site_name\" content=\"Nuno Marinho Website\" \/>\n<meta property=\"article:modified_time\" content=\"2025-11-19T22:16:51+00:00\" \/>\n<meta property=\"og:image\" content=\"https:\/\/www.nunomarinho.com\/wp-content\/uploads\/2025\/10\/13-600_503.webp\" \/>\n\t<meta property=\"og:image:width\" content=\"600\" \/>\n\t<meta property=\"og:image:height\" content=\"600\" \/>\n\t<meta property=\"og:image:type\" content=\"image\/webp\" \/>\n<meta name=\"twitter:card\" content=\"summary_large_image\" \/>\n<meta name=\"twitter:label1\" content=\"Tempo estimado de leitura\" \/>\n\t<meta name=\"twitter:data1\" content=\"1 minuto\" \/>\n<script type=\"application\/ld+json\" class=\"yoast-schema-graph\">{\"@context\":\"https:\/\/schema.org\",\"@graph\":[{\"@type\":\"WebPage\",\"@id\":\"https:\/\/www.nunomarinho.com\/product\/cinema-paradiso-pat-metheny\/\",\"url\":\"https:\/\/www.nunomarinho.com\/product\/cinema-paradiso-pat-metheny\/\",\"name\":\"Cinema Paradiso Pat Metheny - Nuno Marinho Website\",\"isPartOf\":{\"@id\":\"https:\/\/www.nunomarinho.com\/#website\"},\"primaryImageOfPage\":{\"@id\":\"https:\/\/www.nunomarinho.com\/product\/cinema-paradiso-pat-metheny\/#primaryimage\"},\"image\":{\"@id\":\"https:\/\/www.nunomarinho.com\/product\/cinema-paradiso-pat-metheny\/#primaryimage\"},\"thumbnailUrl\":\"https:\/\/www.nunomarinho.com\/wp-content\/uploads\/2025\/10\/13-600_503.webp\",\"datePublished\":\"2025-10-22T18:56:39+00:00\",\"dateModified\":\"2025-11-19T22:16:51+00:00\",\"description\":\"Cinema Paradiso by Pat Metheny. PDF score with melody chords from the Pat Metheny and Charlie Haden song, on the album Beyond the Missouri Sky.\",\"breadcrumb\":{\"@id\":\"https:\/\/www.nunomarinho.com\/product\/cinema-paradiso-pat-metheny\/#breadcrumb\"},\"inLanguage\":\"pt-PT\",\"potentialAction\":[{\"@type\":\"ReadAction\",\"target\":[\"https:\/\/www.nunomarinho.com\/product\/cinema-paradiso-pat-metheny\/\"]}]},{\"@type\":\"ImageObject\",\"inLanguage\":\"pt-PT\",\"@id\":\"https:\/\/www.nunomarinho.com\/product\/cinema-paradiso-pat-metheny\/#primaryimage\",\"url\":\"https:\/\/www.nunomarinho.com\/wp-content\/uploads\/2025\/10\/13-600_503.webp\",\"contentUrl\":\"https:\/\/www.nunomarinho.com\/wp-content\/uploads\/2025\/10\/13-600_503.webp\",\"width\":600,\"height\":600,\"caption\":\"Cinema Paradiso by Pat Metheny. Download the PDF score of this beautiful ballad from the album Beyond the Missouri Sky.\"},{\"@type\":\"BreadcrumbList\",\"@id\":\"https:\/\/www.nunomarinho.com\/product\/cinema-paradiso-pat-metheny\/#breadcrumb\",\"itemListElement\":[{\"@type\":\"ListItem\",\"position\":1,\"name\":\"Home\",\"item\":\"https:\/\/www.nunomarinho.com\/\"},{\"@type\":\"ListItem\",\"position\":2,\"name\":\"Store\",\"item\":\"https:\/\/www.nunomarinho.com\/store\/\"},{\"@type\":\"ListItem\",\"position\":3,\"name\":\"Cinema Paradiso Pat Metheny\"}]},{\"@type\":\"WebSite\",\"@id\":\"https:\/\/www.nunomarinho.com\/#website\",\"url\":\"https:\/\/www.nunomarinho.com\/\",\"name\":\"Nuno Marinho Website\",\"description\":\"Classes &amp; Workshops\",\"publisher\":{\"@id\":\"https:\/\/www.nunomarinho.com\/#organization\"},\"potentialAction\":[{\"@type\":\"SearchAction\",\"target\":{\"@type\":\"EntryPoint\",\"urlTemplate\":\"https:\/\/www.nunomarinho.com\/?s={search_term_string}\"},\"query-input\":{\"@type\":\"PropertyValueSpecification\",\"valueRequired\":true,\"valueName\":\"search_term_string\"}}],\"inLanguage\":\"pt-PT\"},{\"@type\":\"Organization\",\"@id\":\"https:\/\/www.nunomarinho.com\/#organization\",\"name\":\"Nuno Marinho Website\",\"url\":\"https:\/\/www.nunomarinho.com\/\",\"logo\":{\"@type\":\"ImageObject\",\"inLanguage\":\"pt-PT\",\"@id\":\"https:\/\/www.nunomarinho.com\/#\/schema\/logo\/image\/\",\"url\":\"https:\/\/www.nunomarinho.com\/wp-content\/uploads\/2025\/10\/Logo-Transparente_branco.png\",\"contentUrl\":\"https:\/\/www.nunomarinho.com\/wp-content\/uploads\/2025\/10\/Logo-Transparente_branco.png\",\"width\":500,\"height\":500,\"caption\":\"Nuno Marinho Website\"},\"image\":{\"@id\":\"https:\/\/www.nunomarinho.com\/#\/schema\/logo\/image\/\"}}]}<\/script>\n<!-- \/ Yoast SEO plugin. -->","yoast_head_json":{"title":"Cinema Paradiso Pat Metheny - Nuno Marinho Website","description":"Cinema Paradiso por Pat Metheny. Partitura em PDF com acordes da melodia da can\u00e7\u00e3o de Pat Metheny e Charlie Haden, do \u00e1lbum Beyond the Missouri Sky.","robots":{"index":"index","follow":"follow","max-snippet":"max-snippet:-1","max-image-preview":"max-image-preview:large","max-video-preview":"max-video-preview:-1"},"canonical":"https:\/\/www.nunomarinho.com\/pt\/produto\/cinema-paradiso-pat-metheny\/","og_locale":"pt_PT","og_type":"article","og_title":"Cinema Paradiso Pat Metheny - Nuno Marinho Website","og_description":"Cinema Paradiso by Pat Metheny. PDF score with melody chords from the Pat Metheny and Charlie Haden song, on the album Beyond the Missouri Sky.","og_url":"https:\/\/www.nunomarinho.com\/pt\/produto\/cinema-paradiso-pat-metheny\/","og_site_name":"Nuno Marinho Website","article_modified_time":"2025-11-19T22:16:51+00:00","og_image":[{"width":600,"height":600,"url":"https:\/\/www.nunomarinho.com\/wp-content\/uploads\/2025\/10\/13-600_503.webp","type":"image\/webp"}],"twitter_card":"summary_large_image","twitter_misc":{"Tempo estimado de leitura":"1 minuto"},"schema":{"@context":"https:\/\/schema.org","@graph":[{"@type":"WebPage","@id":"https:\/\/www.nunomarinho.com\/product\/cinema-paradiso-pat-metheny\/","url":"https:\/\/www.nunomarinho.com\/product\/cinema-paradiso-pat-metheny\/","name":"Cinema Paradiso Pat Metheny - Nuno Marinho Website","isPartOf":{"@id":"https:\/\/www.nunomarinho.com\/#website"},"primaryImageOfPage":{"@id":"https:\/\/www.nunomarinho.com\/product\/cinema-paradiso-pat-metheny\/#primaryimage"},"image":{"@id":"https:\/\/www.nunomarinho.com\/product\/cinema-paradiso-pat-metheny\/#primaryimage"},"thumbnailUrl":"https:\/\/www.nunomarinho.com\/wp-content\/uploads\/2025\/10\/13-600_503.webp","datePublished":"2025-10-22T18:56:39+00:00","dateModified":"2025-11-19T22:16:51+00:00","description":"Cinema Paradiso por Pat Metheny. Partitura em PDF com acordes da melodia da can\u00e7\u00e3o de Pat Metheny e Charlie Haden, do \u00e1lbum Beyond the Missouri Sky.","breadcrumb":{"@id":"https:\/\/www.nunomarinho.com\/product\/cinema-paradiso-pat-metheny\/#breadcrumb"},"inLanguage":"pt-PT","potentialAction":[{"@type":"ReadAction","target":["https:\/\/www.nunomarinho.com\/product\/cinema-paradiso-pat-metheny\/"]}]},{"@type":"ImageObject","inLanguage":"pt-PT","@id":"https:\/\/www.nunomarinho.com\/product\/cinema-paradiso-pat-metheny\/#primaryimage","url":"https:\/\/www.nunomarinho.com\/wp-content\/uploads\/2025\/10\/13-600_503.webp","contentUrl":"https:\/\/www.nunomarinho.com\/wp-content\/uploads\/2025\/10\/13-600_503.webp","width":600,"height":600,"caption":"Cinema Paradiso by Pat Metheny. Download the PDF score of this beautiful ballad from the album Beyond the Missouri Sky."},{"@type":"BreadcrumbList","@id":"https:\/\/www.nunomarinho.com\/product\/cinema-paradiso-pat-metheny\/#breadcrumb","itemListElement":[{"@type":"ListItem","position":1,"name":"Home","item":"https:\/\/www.nunomarinho.com\/"},{"@type":"ListItem","position":2,"name":"Store","item":"https:\/\/www.nunomarinho.com\/store\/"},{"@type":"ListItem","position":3,"name":"Cinema Paradiso Pat Metheny"}]},{"@type":"WebSite","@id":"https:\/\/www.nunomarinho.com\/#website","url":"https:\/\/www.nunomarinho.com\/","name":"Nuno Marinho Website","description":"Aulas e workshops","publisher":{"@id":"https:\/\/www.nunomarinho.com\/#organization"},"potentialAction":[{"@type":"SearchAction","target":{"@type":"EntryPoint","urlTemplate":"https:\/\/www.nunomarinho.com\/?s={search_term_string}"},"query-input":{"@type":"PropertyValueSpecification","valueRequired":true,"valueName":"search_term_string"}}],"inLanguage":"pt-PT"},{"@type":"Organization","@id":"https:\/\/www.nunomarinho.com\/#organization","name":"Nuno Marinho Website","url":"https:\/\/www.nunomarinho.com\/","logo":{"@type":"ImageObject","inLanguage":"pt-PT","@id":"https:\/\/www.nunomarinho.com\/#\/schema\/logo\/image\/","url":"https:\/\/www.nunomarinho.com\/wp-content\/uploads\/2025\/10\/Logo-Transparente_branco.png","contentUrl":"https:\/\/www.nunomarinho.com\/wp-content\/uploads\/2025\/10\/Logo-Transparente_branco.png","width":500,"height":500,"caption":"Nuno Marinho Website"},"image":{"@id":"https:\/\/www.nunomarinho.com\/#\/schema\/logo\/image\/"}}]}},"_links":{"self":[{"href":"https:\/\/www.nunomarinho.com\/pt\/wp-json\/wp\/v2\/product\/312","targetHints":{"allow":["GET"]}}],"collection":[{"href":"https:\/\/www.nunomarinho.com\/pt\/wp-json\/wp\/v2\/product"}],"about":[{"href":"https:\/\/www.nunomarinho.com\/pt\/wp-json\/wp\/v2\/types\/product"}],"wp:featuredmedia":[{"embeddable":true,"href":"https:\/\/www.nunomarinho.com\/pt\/wp-json\/wp\/v2\/media\/1242"}],"wp:attachment":[{"href":"https:\/\/www.nunomarinho.com\/pt\/wp-json\/wp\/v2\/media?parent=312"}],"wp:term":[{"taxonomy":"product_brand","embeddable":true,"href":"https:\/\/www.nunomarinho.com\/pt\/wp-json\/wp\/v2\/product_brand?post=312"},{"taxonomy":"product_cat","embeddable":true,"href":"https:\/\/www.nunomarinho.com\/pt\/wp-json\/wp\/v2\/product_cat?post=312"},{"taxonomy":"product_tag","embeddable":true,"href":"https:\/\/www.nunomarinho.com\/pt\/wp-json\/wp\/v2\/product_tag?post=312"}],"curies":[{"name":"wp","href":"https:\/\/api.w.org\/{rel}","templated":true}]}}