{"id":311,"date":"2025-10-22T18:56:39","date_gmt":"2025-10-22T18:56:39","guid":{"rendered":"https:\/\/www.nunomarinho.com\/?post_type=product&#038;p=311"},"modified":"2025-11-19T22:32:11","modified_gmt":"2025-11-19T22:32:11","slug":"letting-go-the-world-of-make-believe","status":"publish","type":"product","link":"https:\/\/www.nunomarinho.com\/pt\/produto\/letting-go-the-world-of-make-believe\/","title":{"rendered":"Deixando de lado o mundo do faz-de-conta"},"content":{"rendered":"<h3>Deixar ir... O mundo do faz-de-conta - Nuno Marinho LP<\/h3>\r\n<p>Nuno Marinho LP \"Letting Go... The World Of Make Believe\" \u00e9 o 2\u00ba de composi\u00e7\u00f5es originais do Melhor Instrumentista de Jazz de 2010 em Portugal.<\/p>\r\n<p>Uma m\u00fasica de narra\u00e7\u00e3o de hist\u00f3rias, que sugere a aceita\u00e7\u00e3o total de sentimentos ou estados de esp\u00edrito desconhecidos. Som, palavra e imagem d\u00e3o-se as m\u00e3os procurando uma entrega em que o Eu mistura um mundo real e um mundo de sonho. Est\u00e1 a ouvir? O que \u00e9 que ouve? Como \u00e9 que interpreta? O que v\u00eas? O que \u00e9 que sente?<\/p>\r\n<p>\u201cLetting Go...\u201d \u00e9 uma porta para um mundo errante em constante muta\u00e7\u00e3o, constru\u00e7\u00e3o e descoberta: Os 4 elementos, a simbologia, a linha do tempo, a converg\u00eancia de todos os espa\u00e7os num s\u00f3 - o nosso - \u201cThe World Of Make Believe\u201d. No seu interior, encontrar\u00e1 2 v\u00eddeos extra com mensagens zen e fotografias inspiradoras, perfeitas para a aten\u00e7\u00e3o, o conhecimento e a consci\u00eancia.<\/p>\r\n<p><iframe loading=\"lazy\" title=\"\u00c1lbuns e composi\u00e7\u00f5es originais\" width=\"1080\" height=\"608\" src=\"https:\/\/www.youtube.com\/embed\/videoseries?list=PL64582E9ABC530CF1\"  allow=\"accelerometer; autoplay; clipboard-write; encrypted-media; gyroscope; picture-in-picture; web-share\" referrerpolicy=\"strict-origin-when-cross-origin\" allowfullscreen><\/iframe><\/p>\r\n<p><strong>VISITE NUNO MARINHO PARA MAIS INFORMA\u00c7\u00d5ES EM:<\/strong><\/p>\r\n<!-- \/wp:post-content -->\r\n\r\n<!-- wp:paragraph -->\r\n<ul>\r\n<li>Loja de livros do s\u00edtio Web:\u00a0<a href=\"https:\/\/www.nunomarinho.com\/pt\/store\/\">https:\/\/www.nunomarinho.com\/store<\/a><!-- \/wp:paragraph -->\r\n\r\n<!-- wp:paragraph --><\/li>\r\n<li>Canal de v\u00eddeo:\u00a0<a href=\"https:\/\/www.youtube.com\/@NunoMarinho\">https:\/\/www.youtube.com\/@NunoMarinho<\/a><\/li>\r\n<\/ul>","protected":false},"excerpt":{"rendered":"<p>Letting Go\u2026 The World Of Make Believe &#8211; Nuno Marinho LP Nuno Marinho LP &#8220;Letting Go&#8230; The World Of Make Believe&#8221; is the 2nd of original compositions from the Best Jazz Instrumentalist of 2010 in Portugal. A storytelling music, which suggests the full acceptance of feelings or unfamiliar states of mind. Sound, word, and image [&hellip;]<\/p>\n","protected":false},"featured_media":1233,"template":"","meta":[],"product_brand":[],"product_cat":[30],"product_tag":[],"class_list":{"0":"post-311","1":"product","2":"type-product","3":"status-publish","4":"has-post-thumbnail","6":"product_cat-albums","8":"first","9":"instock","10":"downloadable","11":"shipping-taxable","12":"purchasable","13":"product-type-simple"},"yoast_head":"<!-- This site is optimized with the Yoast SEO plugin v26.0 - https:\/\/yoast.com\/wordpress\/plugins\/seo\/ -->\n<title>Letting Go The World Of Make Believe - Nuno Marinho Website<\/title>\n<meta name=\"description\" content=\"Letting Go... The World Of Make Believe, Nuno Marinho LP is the 2nd of original compositions from the Best Jazz Instrumentalist of 2010 in Portugal.\" \/>\n<meta name=\"robots\" content=\"index, follow, max-snippet:-1, max-image-preview:large, max-video-preview:-1\" \/>\n<link rel=\"canonical\" href=\"https:\/\/www.nunomarinho.com\/pt\/produto\/letting-go-the-world-of-make-believe\/\" \/>\n<meta property=\"og:locale\" content=\"pt_PT\" \/>\n<meta property=\"og:type\" content=\"article\" \/>\n<meta property=\"og:title\" content=\"Letting Go The World Of Make Believe - Nuno Marinho Website\" \/>\n<meta property=\"og:description\" content=\"Letting Go... The World Of Make Believe, Nuno Marinho LP is the 2nd of original compositions from the Best Jazz Instrumentalist of 2010 in Portugal.\" \/>\n<meta property=\"og:url\" content=\"https:\/\/www.nunomarinho.com\/pt\/produto\/letting-go-the-world-of-make-believe\/\" \/>\n<meta property=\"og:site_name\" content=\"Nuno Marinho Website\" \/>\n<meta property=\"article:modified_time\" content=\"2025-11-19T22:32:11+00:00\" \/>\n<meta property=\"og:image\" content=\"https:\/\/www.nunomarinho.com\/wp-content\/uploads\/2025\/10\/Album-Letting-Go.-The-World-Of-Make-Believe-by-Composer-Nuno-Marinho-1.webp\" \/>\n\t<meta property=\"og:image:width\" content=\"1640\" \/>\n\t<meta property=\"og:image:height\" content=\"1481\" \/>\n\t<meta property=\"og:image:type\" content=\"image\/webp\" \/>\n<meta name=\"twitter:card\" content=\"summary_large_image\" \/>\n<meta name=\"twitter:label1\" content=\"Tempo estimado de leitura\" \/>\n\t<meta name=\"twitter:data1\" content=\"1 minuto\" \/>\n<script type=\"application\/ld+json\" class=\"yoast-schema-graph\">{\"@context\":\"https:\/\/schema.org\",\"@graph\":[{\"@type\":\"WebPage\",\"@id\":\"https:\/\/www.nunomarinho.com\/product\/letting-go-the-world-of-make-believe\/\",\"url\":\"https:\/\/www.nunomarinho.com\/product\/letting-go-the-world-of-make-believe\/\",\"name\":\"Letting Go The World Of Make Believe - Nuno Marinho Website\",\"isPartOf\":{\"@id\":\"https:\/\/www.nunomarinho.com\/#website\"},\"primaryImageOfPage\":{\"@id\":\"https:\/\/www.nunomarinho.com\/product\/letting-go-the-world-of-make-believe\/#primaryimage\"},\"image\":{\"@id\":\"https:\/\/www.nunomarinho.com\/product\/letting-go-the-world-of-make-believe\/#primaryimage\"},\"thumbnailUrl\":\"https:\/\/www.nunomarinho.com\/wp-content\/uploads\/2025\/10\/Album-Letting-Go.-The-World-Of-Make-Believe-by-Composer-Nuno-Marinho-1.webp\",\"datePublished\":\"2025-10-22T18:56:39+00:00\",\"dateModified\":\"2025-11-19T22:32:11+00:00\",\"description\":\"Letting Go... The World Of Make Believe, Nuno Marinho LP is the 2nd of original compositions from the Best Jazz Instrumentalist of 2010 in Portugal.\",\"breadcrumb\":{\"@id\":\"https:\/\/www.nunomarinho.com\/product\/letting-go-the-world-of-make-believe\/#breadcrumb\"},\"inLanguage\":\"pt-PT\",\"potentialAction\":[{\"@type\":\"ReadAction\",\"target\":[\"https:\/\/www.nunomarinho.com\/product\/letting-go-the-world-of-make-believe\/\"]}]},{\"@type\":\"ImageObject\",\"inLanguage\":\"pt-PT\",\"@id\":\"https:\/\/www.nunomarinho.com\/product\/letting-go-the-world-of-make-believe\/#primaryimage\",\"url\":\"https:\/\/www.nunomarinho.com\/wp-content\/uploads\/2025\/10\/Album-Letting-Go.-The-World-Of-Make-Believe-by-Composer-Nuno-Marinho-1.webp\",\"contentUrl\":\"https:\/\/www.nunomarinho.com\/wp-content\/uploads\/2025\/10\/Album-Letting-Go.-The-World-Of-Make-Believe-by-Composer-Nuno-Marinho-1.webp\",\"width\":1640,\"height\":1481,\"caption\":\"Letting Go... The World Of Make Believe, Nuno Marinho LP is the 2nd of original compositions from the Best Jazz Instrumentalist of 2010 in Portugal.\"},{\"@type\":\"BreadcrumbList\",\"@id\":\"https:\/\/www.nunomarinho.com\/product\/letting-go-the-world-of-make-believe\/#breadcrumb\",\"itemListElement\":[{\"@type\":\"ListItem\",\"position\":1,\"name\":\"Home\",\"item\":\"https:\/\/www.nunomarinho.com\/\"},{\"@type\":\"ListItem\",\"position\":2,\"name\":\"Store\",\"item\":\"https:\/\/www.nunomarinho.com\/store\/\"},{\"@type\":\"ListItem\",\"position\":3,\"name\":\"Letting Go The World Of Make Believe\"}]},{\"@type\":\"WebSite\",\"@id\":\"https:\/\/www.nunomarinho.com\/#website\",\"url\":\"https:\/\/www.nunomarinho.com\/\",\"name\":\"Nuno Marinho Website\",\"description\":\"Classes &amp; Workshops\",\"publisher\":{\"@id\":\"https:\/\/www.nunomarinho.com\/#organization\"},\"potentialAction\":[{\"@type\":\"SearchAction\",\"target\":{\"@type\":\"EntryPoint\",\"urlTemplate\":\"https:\/\/www.nunomarinho.com\/?s={search_term_string}\"},\"query-input\":{\"@type\":\"PropertyValueSpecification\",\"valueRequired\":true,\"valueName\":\"search_term_string\"}}],\"inLanguage\":\"pt-PT\"},{\"@type\":\"Organization\",\"@id\":\"https:\/\/www.nunomarinho.com\/#organization\",\"name\":\"Nuno Marinho Website\",\"url\":\"https:\/\/www.nunomarinho.com\/\",\"logo\":{\"@type\":\"ImageObject\",\"inLanguage\":\"pt-PT\",\"@id\":\"https:\/\/www.nunomarinho.com\/#\/schema\/logo\/image\/\",\"url\":\"https:\/\/www.nunomarinho.com\/wp-content\/uploads\/2025\/10\/Logo-Transparente_branco.png\",\"contentUrl\":\"https:\/\/www.nunomarinho.com\/wp-content\/uploads\/2025\/10\/Logo-Transparente_branco.png\",\"width\":500,\"height\":500,\"caption\":\"Nuno Marinho Website\"},\"image\":{\"@id\":\"https:\/\/www.nunomarinho.com\/#\/schema\/logo\/image\/\"}}]}<\/script>\n<!-- \/ Yoast SEO plugin. -->","yoast_head_json":{"title":"Deixar ir o mundo do faz-de-conta - Nuno Marinho Website","description":"Letting Go... The World Of Make Believe, Nuno Marinho LP \u00e9 o 2\u00ba de composi\u00e7\u00f5es originais do Melhor Instrumentista de Jazz de 2010 em Portugal.","robots":{"index":"index","follow":"follow","max-snippet":"max-snippet:-1","max-image-preview":"max-image-preview:large","max-video-preview":"max-video-preview:-1"},"canonical":"https:\/\/www.nunomarinho.com\/pt\/produto\/letting-go-the-world-of-make-believe\/","og_locale":"pt_PT","og_type":"article","og_title":"Letting Go The World Of Make Believe - Nuno Marinho Website","og_description":"Letting Go... The World Of Make Believe, Nuno Marinho LP is the 2nd of original compositions from the Best Jazz Instrumentalist of 2010 in Portugal.","og_url":"https:\/\/www.nunomarinho.com\/pt\/produto\/letting-go-the-world-of-make-believe\/","og_site_name":"Nuno Marinho Website","article_modified_time":"2025-11-19T22:32:11+00:00","og_image":[{"width":1640,"height":1481,"url":"https:\/\/www.nunomarinho.com\/wp-content\/uploads\/2025\/10\/Album-Letting-Go.-The-World-Of-Make-Believe-by-Composer-Nuno-Marinho-1.webp","type":"image\/webp"}],"twitter_card":"summary_large_image","twitter_misc":{"Tempo estimado de leitura":"1 minuto"},"schema":{"@context":"https:\/\/schema.org","@graph":[{"@type":"WebPage","@id":"https:\/\/www.nunomarinho.com\/product\/letting-go-the-world-of-make-believe\/","url":"https:\/\/www.nunomarinho.com\/product\/letting-go-the-world-of-make-believe\/","name":"Deixar ir o mundo do faz-de-conta - Nuno Marinho Website","isPartOf":{"@id":"https:\/\/www.nunomarinho.com\/#website"},"primaryImageOfPage":{"@id":"https:\/\/www.nunomarinho.com\/product\/letting-go-the-world-of-make-believe\/#primaryimage"},"image":{"@id":"https:\/\/www.nunomarinho.com\/product\/letting-go-the-world-of-make-believe\/#primaryimage"},"thumbnailUrl":"https:\/\/www.nunomarinho.com\/wp-content\/uploads\/2025\/10\/Album-Letting-Go.-The-World-Of-Make-Believe-by-Composer-Nuno-Marinho-1.webp","datePublished":"2025-10-22T18:56:39+00:00","dateModified":"2025-11-19T22:32:11+00:00","description":"Letting Go... The World Of Make Believe, Nuno Marinho LP \u00e9 o 2\u00ba de composi\u00e7\u00f5es originais do Melhor Instrumentista de Jazz de 2010 em Portugal.","breadcrumb":{"@id":"https:\/\/www.nunomarinho.com\/product\/letting-go-the-world-of-make-believe\/#breadcrumb"},"inLanguage":"pt-PT","potentialAction":[{"@type":"ReadAction","target":["https:\/\/www.nunomarinho.com\/product\/letting-go-the-world-of-make-believe\/"]}]},{"@type":"ImageObject","inLanguage":"pt-PT","@id":"https:\/\/www.nunomarinho.com\/product\/letting-go-the-world-of-make-believe\/#primaryimage","url":"https:\/\/www.nunomarinho.com\/wp-content\/uploads\/2025\/10\/Album-Letting-Go.-The-World-Of-Make-Believe-by-Composer-Nuno-Marinho-1.webp","contentUrl":"https:\/\/www.nunomarinho.com\/wp-content\/uploads\/2025\/10\/Album-Letting-Go.-The-World-Of-Make-Believe-by-Composer-Nuno-Marinho-1.webp","width":1640,"height":1481,"caption":"Letting Go... The World Of Make Believe, Nuno Marinho LP is the 2nd of original compositions from the Best Jazz Instrumentalist of 2010 in Portugal."},{"@type":"BreadcrumbList","@id":"https:\/\/www.nunomarinho.com\/product\/letting-go-the-world-of-make-believe\/#breadcrumb","itemListElement":[{"@type":"ListItem","position":1,"name":"Home","item":"https:\/\/www.nunomarinho.com\/"},{"@type":"ListItem","position":2,"name":"Store","item":"https:\/\/www.nunomarinho.com\/store\/"},{"@type":"ListItem","position":3,"name":"Letting Go The World Of Make Believe"}]},{"@type":"WebSite","@id":"https:\/\/www.nunomarinho.com\/#website","url":"https:\/\/www.nunomarinho.com\/","name":"Nuno Marinho Website","description":"Aulas e workshops","publisher":{"@id":"https:\/\/www.nunomarinho.com\/#organization"},"potentialAction":[{"@type":"SearchAction","target":{"@type":"EntryPoint","urlTemplate":"https:\/\/www.nunomarinho.com\/?s={search_term_string}"},"query-input":{"@type":"PropertyValueSpecification","valueRequired":true,"valueName":"search_term_string"}}],"inLanguage":"pt-PT"},{"@type":"Organization","@id":"https:\/\/www.nunomarinho.com\/#organization","name":"Nuno Marinho Website","url":"https:\/\/www.nunomarinho.com\/","logo":{"@type":"ImageObject","inLanguage":"pt-PT","@id":"https:\/\/www.nunomarinho.com\/#\/schema\/logo\/image\/","url":"https:\/\/www.nunomarinho.com\/wp-content\/uploads\/2025\/10\/Logo-Transparente_branco.png","contentUrl":"https:\/\/www.nunomarinho.com\/wp-content\/uploads\/2025\/10\/Logo-Transparente_branco.png","width":500,"height":500,"caption":"Nuno Marinho Website"},"image":{"@id":"https:\/\/www.nunomarinho.com\/#\/schema\/logo\/image\/"}}]}},"_links":{"self":[{"href":"https:\/\/www.nunomarinho.com\/pt\/wp-json\/wp\/v2\/product\/311","targetHints":{"allow":["GET"]}}],"collection":[{"href":"https:\/\/www.nunomarinho.com\/pt\/wp-json\/wp\/v2\/product"}],"about":[{"href":"https:\/\/www.nunomarinho.com\/pt\/wp-json\/wp\/v2\/types\/product"}],"wp:featuredmedia":[{"embeddable":true,"href":"https:\/\/www.nunomarinho.com\/pt\/wp-json\/wp\/v2\/media\/1233"}],"wp:attachment":[{"href":"https:\/\/www.nunomarinho.com\/pt\/wp-json\/wp\/v2\/media?parent=311"}],"wp:term":[{"taxonomy":"product_brand","embeddable":true,"href":"https:\/\/www.nunomarinho.com\/pt\/wp-json\/wp\/v2\/product_brand?post=311"},{"taxonomy":"product_cat","embeddable":true,"href":"https:\/\/www.nunomarinho.com\/pt\/wp-json\/wp\/v2\/product_cat?post=311"},{"taxonomy":"product_tag","embeddable":true,"href":"https:\/\/www.nunomarinho.com\/pt\/wp-json\/wp\/v2\/product_tag?post=311"}],"curies":[{"name":"wp","href":"https:\/\/api.w.org\/{rel}","templated":true}]}}