{"id":310,"date":"2025-10-22T18:56:39","date_gmt":"2025-10-22T18:56:39","guid":{"rendered":"https:\/\/www.nunomarinho.com\/?post_type=product&#038;p=310"},"modified":"2025-11-19T22:30:14","modified_gmt":"2025-11-19T22:30:14","slug":"nuno-marinho-dna-album","status":"publish","type":"product","link":"https:\/\/www.nunomarinho.com\/pt\/produto\/nuno-marinho-dna-album\/","title":{"rendered":"\u00c1lbum de ADN de Nuno Marinho"},"content":{"rendered":"<h3>\u00c1lbum de ADN de Nuno Marinho<\/h3>\r\n<p>Nuno Marinho DNA Album \u00e9 o 1\u00ba de composi\u00e7\u00f5es originais do Melhor Instrumentista de Jazz da edi\u00e7\u00e3o de 2010 do Festival de Jazz do S. Luiz. Este trabalho demonstra claramente quer as raz\u00f5es que o levaram a ganhar este pr\u00e9mio, quer a tend\u00eancia r\u00e1pida e ascendente que tem experimentado desde ent\u00e3o. Nas palavras de Rui Eduardo Paes da revista Jazz.pt:<\/p>\r\n<p><em>\"Nuno Marinho \u00e9 um guitarrista vers\u00e1til, com sofistica\u00e7\u00e3o t\u00e9cnica e grande sensibilidade. A influ\u00eancia de Pat Metheny na sua forma de tocar \u00e9 \u00f3bvia, e o jazz-funk-rock do seu trio com Augusto Macedo (baixo el\u00e9trico) e Diogo Leonidas (bateria) tem contornos algo ortodoxos, revelando uma vis\u00e3o pr\u00f3pria e argumentos fortes que deram forma a este \u00e1lbum. <\/em><\/p>\r\n<p><em>Todos escritos por Marinho, os temas s\u00e3o funcionais, deixando o foco no que est\u00e1 a acontecer na improvisa\u00e7\u00e3o. Este \u00e9 intenso e objetivo, fluindo com facilidade, ideias e prop\u00f3sito. <\/em><\/p>\r\n<p><em>As can\u00e7\u00f5es mais lentas e introspectivas s\u00e3o o forte do m\u00fasico nascido em Coimbra, agora a viver em Lisboa: \u201cAbandono\u201d e \u201cBruised, Battered and Broken\u201d s\u00e3o pe\u00e7as que nos fazem querer ouvi-las vezes sem conta, devido \u00e0 capacidade do compositor em revelar a tristeza como uma boa emo\u00e7\u00e3o. Ainda assim, a identidade deste projeto revela-se em temas como \u201cRock Bop\u201d e \u201cPlayful Bites\u201d. \u00c9 a\u00ed que a guitarra de Nuno Marinho se destaca.\"<\/em><\/p>\r\n<p><iframe loading=\"lazy\" title=\"\u00c1lbuns e composi\u00e7\u00f5es originais\" width=\"1080\" height=\"608\" src=\"https:\/\/www.youtube.com\/embed\/videoseries?list=PL64582E9ABC530CF1\"  allow=\"accelerometer; autoplay; clipboard-write; encrypted-media; gyroscope; picture-in-picture; web-share\" referrerpolicy=\"strict-origin-when-cross-origin\" allowfullscreen><\/iframe><\/p>\r\n<p><strong>VISITE NUNO MARINHO PARA MAIS INFORMA\u00c7\u00d5ES EM:<\/strong><\/p>\r\n<!-- \/wp:post-content -->\r\n\r\n<!-- wp:paragraph -->\r\n<ul>\r\n<li>Loja de livros do s\u00edtio Web:\u00a0<a href=\"https:\/\/www.nunomarinho.com\/pt\/store\/\">https:\/\/www.nunomarinho.com\/store<\/a><!-- \/wp:paragraph -->\r\n\r\n<!-- wp:paragraph --><\/li>\r\n<li>Canal de v\u00eddeo:\u00a0<a href=\"https:\/\/www.youtube.com\/@NunoMarinho\">https:\/\/www.youtube.com\/@NunoMarinho<\/a><\/li>\r\n<\/ul>","protected":false},"excerpt":{"rendered":"<p>Nuno Marinho DNA Album Nuno Marinho DNA Album is the 1st of original compositions from the Best Jazz Instrumentalist of the 2010 edition of S. Luiz Jazz Festival. This work clearly demonstrates both the reasons that led him to win this award and the fast and upward trend that he has experienced since then. In [&hellip;]<\/p>\n","protected":false},"featured_media":1232,"template":"","meta":[],"product_brand":[],"product_cat":[30],"product_tag":[],"class_list":{"0":"post-310","1":"product","2":"type-product","3":"status-publish","4":"has-post-thumbnail","6":"product_cat-albums","8":"first","9":"instock","10":"downloadable","11":"shipping-taxable","12":"purchasable","13":"product-type-simple"},"yoast_head":"<!-- This site is optimized with the Yoast SEO plugin v26.0 - https:\/\/yoast.com\/wordpress\/plugins\/seo\/ -->\n<title>Nuno Marinho DNA Album - Nuno Marinho Website<\/title>\n<meta name=\"description\" content=\"Nuno Marinho DNA Album. Original Jazz Funk Rock compositions from a &quot;versatile guitarist with technical sophistication and great sensitivity.\u201d (Jazz.pt)\" \/>\n<meta name=\"robots\" content=\"index, follow, max-snippet:-1, max-image-preview:large, max-video-preview:-1\" \/>\n<link rel=\"canonical\" href=\"https:\/\/www.nunomarinho.com\/pt\/produto\/nuno-marinho-dna-album\/\" \/>\n<meta property=\"og:locale\" content=\"pt_PT\" \/>\n<meta property=\"og:type\" content=\"article\" \/>\n<meta property=\"og:title\" content=\"Nuno Marinho DNA Album\" \/>\n<meta property=\"og:description\" content=\"Nuno Marinho DNA Album. Original Jazz Funk Rock compositions from a &quot;versatile guitarist with technical sophistication and great sensitivity.\u201d (Jazz.pt)\" \/>\n<meta property=\"og:url\" content=\"https:\/\/www.nunomarinho.com\/pt\/produto\/nuno-marinho-dna-album\/\" \/>\n<meta property=\"og:site_name\" content=\"Nuno Marinho Website\" \/>\n<meta property=\"article:modified_time\" content=\"2025-11-19T22:30:14+00:00\" \/>\n<meta property=\"og:image\" content=\"https:\/\/www.nunomarinho.com\/wp-content\/uploads\/2025\/10\/Album-DNA-by-Composer-Nuno-Marinho.webp\" \/>\n\t<meta property=\"og:image:width\" content=\"1640\" \/>\n\t<meta property=\"og:image:height\" content=\"1481\" \/>\n\t<meta property=\"og:image:type\" content=\"image\/webp\" \/>\n<meta name=\"twitter:card\" content=\"summary_large_image\" \/>\n<meta name=\"twitter:title\" content=\"Nuno Marinho DNA Album\" \/>\n<meta name=\"twitter:description\" content=\"Nuno Marinho DNA Album. Original Jazz Funk Rock compositions from a &quot;versatile guitarist with technical sophistication and great sensitivity.\u201d (Jazz.pt)\" \/>\n<meta name=\"twitter:label1\" content=\"Tempo estimado de leitura\" \/>\n\t<meta name=\"twitter:data1\" content=\"2 minutos\" \/>\n<script type=\"application\/ld+json\" class=\"yoast-schema-graph\">{\"@context\":\"https:\/\/schema.org\",\"@graph\":[{\"@type\":\"WebPage\",\"@id\":\"https:\/\/www.nunomarinho.com\/product\/nuno-marinho-dna-album\/\",\"url\":\"https:\/\/www.nunomarinho.com\/product\/nuno-marinho-dna-album\/\",\"name\":\"Nuno Marinho DNA Album - Nuno Marinho Website\",\"isPartOf\":{\"@id\":\"https:\/\/www.nunomarinho.com\/#website\"},\"primaryImageOfPage\":{\"@id\":\"https:\/\/www.nunomarinho.com\/product\/nuno-marinho-dna-album\/#primaryimage\"},\"image\":{\"@id\":\"https:\/\/www.nunomarinho.com\/product\/nuno-marinho-dna-album\/#primaryimage\"},\"thumbnailUrl\":\"https:\/\/www.nunomarinho.com\/wp-content\/uploads\/2025\/10\/Album-DNA-by-Composer-Nuno-Marinho.webp\",\"datePublished\":\"2025-10-22T18:56:39+00:00\",\"dateModified\":\"2025-11-19T22:30:14+00:00\",\"description\":\"Nuno Marinho DNA Album. Original Jazz Funk Rock compositions from a \\\"versatile guitarist with technical sophistication and great sensitivity.\u201d (Jazz.pt)\",\"breadcrumb\":{\"@id\":\"https:\/\/www.nunomarinho.com\/product\/nuno-marinho-dna-album\/#breadcrumb\"},\"inLanguage\":\"pt-PT\",\"potentialAction\":[{\"@type\":\"ReadAction\",\"target\":[\"https:\/\/www.nunomarinho.com\/product\/nuno-marinho-dna-album\/\"]}]},{\"@type\":\"ImageObject\",\"inLanguage\":\"pt-PT\",\"@id\":\"https:\/\/www.nunomarinho.com\/product\/nuno-marinho-dna-album\/#primaryimage\",\"url\":\"https:\/\/www.nunomarinho.com\/wp-content\/uploads\/2025\/10\/Album-DNA-by-Composer-Nuno-Marinho.webp\",\"contentUrl\":\"https:\/\/www.nunomarinho.com\/wp-content\/uploads\/2025\/10\/Album-DNA-by-Composer-Nuno-Marinho.webp\",\"width\":1640,\"height\":1481,\"caption\":\"Nuno Marinho DNA Album. Original Jazz Funk Rock compositions from a \\\"versatile guitarist with technical sophistication and great sensitivity.\u201d (Jazz.pt)\"},{\"@type\":\"BreadcrumbList\",\"@id\":\"https:\/\/www.nunomarinho.com\/product\/nuno-marinho-dna-album\/#breadcrumb\",\"itemListElement\":[{\"@type\":\"ListItem\",\"position\":1,\"name\":\"Home\",\"item\":\"https:\/\/www.nunomarinho.com\/\"},{\"@type\":\"ListItem\",\"position\":2,\"name\":\"Store\",\"item\":\"https:\/\/www.nunomarinho.com\/store\/\"},{\"@type\":\"ListItem\",\"position\":3,\"name\":\"Nuno Marinho DNA Album\"}]},{\"@type\":\"WebSite\",\"@id\":\"https:\/\/www.nunomarinho.com\/#website\",\"url\":\"https:\/\/www.nunomarinho.com\/\",\"name\":\"Nuno Marinho Website\",\"description\":\"Classes &amp; Workshops\",\"publisher\":{\"@id\":\"https:\/\/www.nunomarinho.com\/#organization\"},\"potentialAction\":[{\"@type\":\"SearchAction\",\"target\":{\"@type\":\"EntryPoint\",\"urlTemplate\":\"https:\/\/www.nunomarinho.com\/?s={search_term_string}\"},\"query-input\":{\"@type\":\"PropertyValueSpecification\",\"valueRequired\":true,\"valueName\":\"search_term_string\"}}],\"inLanguage\":\"pt-PT\"},{\"@type\":\"Organization\",\"@id\":\"https:\/\/www.nunomarinho.com\/#organization\",\"name\":\"Nuno Marinho Website\",\"url\":\"https:\/\/www.nunomarinho.com\/\",\"logo\":{\"@type\":\"ImageObject\",\"inLanguage\":\"pt-PT\",\"@id\":\"https:\/\/www.nunomarinho.com\/#\/schema\/logo\/image\/\",\"url\":\"https:\/\/www.nunomarinho.com\/wp-content\/uploads\/2025\/10\/Logo-Transparente_branco.png\",\"contentUrl\":\"https:\/\/www.nunomarinho.com\/wp-content\/uploads\/2025\/10\/Logo-Transparente_branco.png\",\"width\":500,\"height\":500,\"caption\":\"Nuno Marinho Website\"},\"image\":{\"@id\":\"https:\/\/www.nunomarinho.com\/#\/schema\/logo\/image\/\"}}]}<\/script>\n<!-- \/ Yoast SEO plugin. -->","yoast_head_json":{"title":"\u00c1lbum de ADN do Nuno Marinho - Site do Nuno Marinho","description":"\u00c1lbum DNA Nuno Marinho. Composi\u00e7\u00f5es originais de Jazz Funk Rock de um \"guitarrista vers\u00e1til, com sofistica\u00e7\u00e3o t\u00e9cnica e grande sensibilidade\u201d. (Jazz.pt)","robots":{"index":"index","follow":"follow","max-snippet":"max-snippet:-1","max-image-preview":"max-image-preview:large","max-video-preview":"max-video-preview:-1"},"canonical":"https:\/\/www.nunomarinho.com\/pt\/produto\/nuno-marinho-dna-album\/","og_locale":"pt_PT","og_type":"article","og_title":"Nuno Marinho DNA Album","og_description":"Nuno Marinho DNA Album. Original Jazz Funk Rock compositions from a \"versatile guitarist with technical sophistication and great sensitivity.\u201d (Jazz.pt)","og_url":"https:\/\/www.nunomarinho.com\/pt\/produto\/nuno-marinho-dna-album\/","og_site_name":"Nuno Marinho Website","article_modified_time":"2025-11-19T22:30:14+00:00","og_image":[{"width":1640,"height":1481,"url":"https:\/\/www.nunomarinho.com\/wp-content\/uploads\/2025\/10\/Album-DNA-by-Composer-Nuno-Marinho.webp","type":"image\/webp"}],"twitter_card":"summary_large_image","twitter_title":"Nuno Marinho DNA Album","twitter_description":"Nuno Marinho DNA Album. Original Jazz Funk Rock compositions from a \"versatile guitarist with technical sophistication and great sensitivity.\u201d (Jazz.pt)","twitter_misc":{"Tempo estimado de leitura":"2 minutos"},"schema":{"@context":"https:\/\/schema.org","@graph":[{"@type":"WebPage","@id":"https:\/\/www.nunomarinho.com\/product\/nuno-marinho-dna-album\/","url":"https:\/\/www.nunomarinho.com\/product\/nuno-marinho-dna-album\/","name":"\u00c1lbum de ADN do Nuno Marinho - Site do Nuno Marinho","isPartOf":{"@id":"https:\/\/www.nunomarinho.com\/#website"},"primaryImageOfPage":{"@id":"https:\/\/www.nunomarinho.com\/product\/nuno-marinho-dna-album\/#primaryimage"},"image":{"@id":"https:\/\/www.nunomarinho.com\/product\/nuno-marinho-dna-album\/#primaryimage"},"thumbnailUrl":"https:\/\/www.nunomarinho.com\/wp-content\/uploads\/2025\/10\/Album-DNA-by-Composer-Nuno-Marinho.webp","datePublished":"2025-10-22T18:56:39+00:00","dateModified":"2025-11-19T22:30:14+00:00","description":"\u00c1lbum DNA Nuno Marinho. Composi\u00e7\u00f5es originais de Jazz Funk Rock de um \"guitarrista vers\u00e1til, com sofistica\u00e7\u00e3o t\u00e9cnica e grande sensibilidade\u201d. (Jazz.pt)","breadcrumb":{"@id":"https:\/\/www.nunomarinho.com\/product\/nuno-marinho-dna-album\/#breadcrumb"},"inLanguage":"pt-PT","potentialAction":[{"@type":"ReadAction","target":["https:\/\/www.nunomarinho.com\/product\/nuno-marinho-dna-album\/"]}]},{"@type":"ImageObject","inLanguage":"pt-PT","@id":"https:\/\/www.nunomarinho.com\/product\/nuno-marinho-dna-album\/#primaryimage","url":"https:\/\/www.nunomarinho.com\/wp-content\/uploads\/2025\/10\/Album-DNA-by-Composer-Nuno-Marinho.webp","contentUrl":"https:\/\/www.nunomarinho.com\/wp-content\/uploads\/2025\/10\/Album-DNA-by-Composer-Nuno-Marinho.webp","width":1640,"height":1481,"caption":"Nuno Marinho DNA Album. Original Jazz Funk Rock compositions from a \"versatile guitarist with technical sophistication and great sensitivity.\u201d (Jazz.pt)"},{"@type":"BreadcrumbList","@id":"https:\/\/www.nunomarinho.com\/product\/nuno-marinho-dna-album\/#breadcrumb","itemListElement":[{"@type":"ListItem","position":1,"name":"Home","item":"https:\/\/www.nunomarinho.com\/"},{"@type":"ListItem","position":2,"name":"Store","item":"https:\/\/www.nunomarinho.com\/store\/"},{"@type":"ListItem","position":3,"name":"Nuno Marinho DNA Album"}]},{"@type":"WebSite","@id":"https:\/\/www.nunomarinho.com\/#website","url":"https:\/\/www.nunomarinho.com\/","name":"Nuno Marinho Website","description":"Aulas e workshops","publisher":{"@id":"https:\/\/www.nunomarinho.com\/#organization"},"potentialAction":[{"@type":"SearchAction","target":{"@type":"EntryPoint","urlTemplate":"https:\/\/www.nunomarinho.com\/?s={search_term_string}"},"query-input":{"@type":"PropertyValueSpecification","valueRequired":true,"valueName":"search_term_string"}}],"inLanguage":"pt-PT"},{"@type":"Organization","@id":"https:\/\/www.nunomarinho.com\/#organization","name":"Nuno Marinho Website","url":"https:\/\/www.nunomarinho.com\/","logo":{"@type":"ImageObject","inLanguage":"pt-PT","@id":"https:\/\/www.nunomarinho.com\/#\/schema\/logo\/image\/","url":"https:\/\/www.nunomarinho.com\/wp-content\/uploads\/2025\/10\/Logo-Transparente_branco.png","contentUrl":"https:\/\/www.nunomarinho.com\/wp-content\/uploads\/2025\/10\/Logo-Transparente_branco.png","width":500,"height":500,"caption":"Nuno Marinho Website"},"image":{"@id":"https:\/\/www.nunomarinho.com\/#\/schema\/logo\/image\/"}}]}},"_links":{"self":[{"href":"https:\/\/www.nunomarinho.com\/pt\/wp-json\/wp\/v2\/product\/310","targetHints":{"allow":["GET"]}}],"collection":[{"href":"https:\/\/www.nunomarinho.com\/pt\/wp-json\/wp\/v2\/product"}],"about":[{"href":"https:\/\/www.nunomarinho.com\/pt\/wp-json\/wp\/v2\/types\/product"}],"wp:featuredmedia":[{"embeddable":true,"href":"https:\/\/www.nunomarinho.com\/pt\/wp-json\/wp\/v2\/media\/1232"}],"wp:attachment":[{"href":"https:\/\/www.nunomarinho.com\/pt\/wp-json\/wp\/v2\/media?parent=310"}],"wp:term":[{"taxonomy":"product_brand","embeddable":true,"href":"https:\/\/www.nunomarinho.com\/pt\/wp-json\/wp\/v2\/product_brand?post=310"},{"taxonomy":"product_cat","embeddable":true,"href":"https:\/\/www.nunomarinho.com\/pt\/wp-json\/wp\/v2\/product_cat?post=310"},{"taxonomy":"product_tag","embeddable":true,"href":"https:\/\/www.nunomarinho.com\/pt\/wp-json\/wp\/v2\/product_tag?post=310"}],"curies":[{"name":"wp","href":"https:\/\/api.w.org\/{rel}","templated":true}]}}