{"id":309,"date":"2025-10-22T18:56:39","date_gmt":"2025-10-22T18:56:39","guid":{"rendered":"https:\/\/www.nunomarinho.com\/?post_type=product&#038;p=309"},"modified":"2025-11-19T22:18:38","modified_gmt":"2025-11-19T22:18:38","slug":"a-go-go-album-transcriptions","status":"publish","type":"product","link":"https:\/\/www.nunomarinho.com\/pt\/produto\/a-go-go-album-transcriptions\/","title":{"rendered":"Transcri\u00e7\u00f5es do \u00e1lbum A Go Go"},"content":{"rendered":"<h3>A Go Go Album Transcri\u00e7\u00f5es de John Scofield<\/h3>\r\n<p>Transcri\u00e7\u00f5es do \u00e1lbum A Go Go. Aprenda os solos de um dos melhores \u00e1lbuns de John Scofield. Todos os licks s\u00e3o identificados e analisados. Partitura e tablatura em PDF.<\/p>\r\n<p>Em 1996, John Scofield juntou-se, pela primeira vez, a Medeski, Martin e Wood. O resultado n\u00e3o poderia ser melhor. Cada m\u00fasica deste \u00e1lbum \u00e9 uma refer\u00eancia da grandeza do Groove. <strong>Comece a aplicar estes licks e ideias nos seus solos<\/strong>. Aqui encontrar\u00e1 um PDF de 15 p\u00e1ginas com partituras, tablaturas e acordes para as melodias e solos das can\u00e7\u00f5es A Go Go, Chank, Boozer, Jeep On 35, Green Tea e Hottentot.<\/p>\r\n<p><iframe loading=\"lazy\" title=\"A Go Go - John Scofield\" width=\"1080\" height=\"810\" src=\"https:\/\/www.youtube.com\/embed\/1WPGdjZr8PI?list=PLBKMJWIkXorJRdeBQzTAKi65c8--B8BdC\"  allow=\"accelerometer; autoplay; clipboard-write; encrypted-media; gyroscope; picture-in-picture; web-share\" referrerpolicy=\"strict-origin-when-cross-origin\" allowfullscreen><\/iframe><\/p>\r\n<p><strong>VISITE NUNO MARINHO PARA MAIS INFORMA\u00c7\u00d5ES EM:<\/strong><\/p>\r\n<!-- \/wp:post-content -->\r\n\r\n<!-- wp:paragraph -->\r\n<ul>\r\n<li>Loja de livros do s\u00edtio Web:\u00a0<a href=\"https:\/\/www.nunomarinho.com\/pt\/store\/\">https:\/\/www.nunomarinho.com\/store<\/a><!-- \/wp:paragraph -->\r\n\r\n<!-- wp:paragraph --><\/li>\r\n<li>Canal de v\u00eddeo:\u00a0<a href=\"https:\/\/www.youtube.com\/@NunoMarinho\">https:\/\/www.youtube.com\/@NunoMarinho<\/a><\/li>\r\n<\/ul>","protected":false},"excerpt":{"rendered":"<p>A Go Go Album Transcriptions by John Scofield A Go Go album transcriptions. Learn the solos from one of the best of John Scofield&#8217;s albums. All licks are identified and analysed. PDF Score and Tab. In 1996, John Scofield paired up, for the first time, with Medeski, Martin, and Wood. The result couldn\u2019t be better. [&hellip;]<\/p>\n","protected":false},"featured_media":343,"template":"","meta":[],"product_brand":[],"product_cat":[29,26],"product_tag":[],"class_list":{"0":"post-309","1":"product","2":"type-product","3":"status-publish","4":"has-post-thumbnail","6":"product_cat-john-scofield-scores","7":"product_cat-scores","9":"first","10":"instock","11":"sale","12":"downloadable","13":"shipping-taxable","14":"purchasable","15":"product-type-simple"},"yoast_head":"<!-- This site is optimized with the Yoast SEO plugin v26.0 - https:\/\/yoast.com\/wordpress\/plugins\/seo\/ -->\n<title>A Go Go Album Transcriptions - Nuno Marinho Website<\/title>\n<meta name=\"description\" content=\"A Go Go album transcriptions. Learn the solos from one of the best of John Scofield&#039;s albums. All licks are identified and analysed. PDF Score and Tab.\" \/>\n<meta name=\"robots\" content=\"index, follow, max-snippet:-1, max-image-preview:large, max-video-preview:-1\" \/>\n<link rel=\"canonical\" href=\"https:\/\/www.nunomarinho.com\/pt\/produto\/a-go-go-album-transcriptions\/\" \/>\n<meta property=\"og:locale\" content=\"pt_PT\" \/>\n<meta property=\"og:type\" content=\"article\" \/>\n<meta property=\"og:title\" content=\"A Go Go Album Transcriptions\" \/>\n<meta property=\"og:description\" content=\"A Go Go Album Transcriptions by John Scofield. Download the score TAB with the solo song from one of John Scofield&#039;s best albums.All licks are identified and analysed.\" \/>\n<meta property=\"og:url\" content=\"https:\/\/www.nunomarinho.com\/pt\/produto\/a-go-go-album-transcriptions\/\" \/>\n<meta property=\"og:site_name\" content=\"Nuno Marinho Website\" \/>\n<meta property=\"article:modified_time\" content=\"2025-11-19T22:18:38+00:00\" \/>\n<meta property=\"og:image\" content=\"https:\/\/www.nunomarinho.com\/wp-content\/uploads\/2025\/10\/A-Go-Go-John-Scofield-Album-Transcription-Scores.jpg\" \/>\n\t<meta property=\"og:image:width\" content=\"500\" \/>\n\t<meta property=\"og:image:height\" content=\"500\" \/>\n\t<meta property=\"og:image:type\" content=\"image\/jpeg\" \/>\n<meta name=\"twitter:card\" content=\"summary_large_image\" \/>\n<meta name=\"twitter:title\" content=\"A Go Go Album Transcriptions\" \/>\n<meta name=\"twitter:description\" content=\"A Go Go Album Transcriptions by John Scofield. Download the score TAB with the solo song from one of John Scofield&#039;s best albums.All licks are identified and analysed.\" \/>\n<meta name=\"twitter:image\" content=\"https:\/\/www.nunomarinho.com\/wp-content\/uploads\/2025\/10\/A-Go-Go-John-Scofield-Album-Transcription-Scores.jpg\" \/>\n<meta name=\"twitter:label1\" content=\"Tempo estimado de leitura\" \/>\n\t<meta name=\"twitter:data1\" content=\"1 minuto\" \/>\n<script type=\"application\/ld+json\" class=\"yoast-schema-graph\">{\"@context\":\"https:\/\/schema.org\",\"@graph\":[{\"@type\":\"WebPage\",\"@id\":\"https:\/\/www.nunomarinho.com\/product\/a-go-go-album-transcriptions\/\",\"url\":\"https:\/\/www.nunomarinho.com\/product\/a-go-go-album-transcriptions\/\",\"name\":\"A Go Go Album Transcriptions - Nuno Marinho Website\",\"isPartOf\":{\"@id\":\"https:\/\/www.nunomarinho.com\/#website\"},\"primaryImageOfPage\":{\"@id\":\"https:\/\/www.nunomarinho.com\/product\/a-go-go-album-transcriptions\/#primaryimage\"},\"image\":{\"@id\":\"https:\/\/www.nunomarinho.com\/product\/a-go-go-album-transcriptions\/#primaryimage\"},\"thumbnailUrl\":\"https:\/\/www.nunomarinho.com\/wp-content\/uploads\/2025\/10\/A-Go-Go-John-Scofield-Album-Transcription-Scores.jpg\",\"datePublished\":\"2025-10-22T18:56:39+00:00\",\"dateModified\":\"2025-11-19T22:18:38+00:00\",\"description\":\"A Go Go album transcriptions. Learn the solos from one of the best of John Scofield's albums. All licks are identified and analysed. PDF Score and Tab.\",\"breadcrumb\":{\"@id\":\"https:\/\/www.nunomarinho.com\/product\/a-go-go-album-transcriptions\/#breadcrumb\"},\"inLanguage\":\"pt-PT\",\"potentialAction\":[{\"@type\":\"ReadAction\",\"target\":[\"https:\/\/www.nunomarinho.com\/product\/a-go-go-album-transcriptions\/\"]}]},{\"@type\":\"ImageObject\",\"inLanguage\":\"pt-PT\",\"@id\":\"https:\/\/www.nunomarinho.com\/product\/a-go-go-album-transcriptions\/#primaryimage\",\"url\":\"https:\/\/www.nunomarinho.com\/wp-content\/uploads\/2025\/10\/A-Go-Go-John-Scofield-Album-Transcription-Scores.jpg\",\"contentUrl\":\"https:\/\/www.nunomarinho.com\/wp-content\/uploads\/2025\/10\/A-Go-Go-John-Scofield-Album-Transcription-Scores.jpg\",\"width\":500,\"height\":500,\"caption\":\"A Go Go album transcriptions. Learn the solos from one of the best of John Scofield's albums. All licks are identified and analysed. PDF Score and Tab. All licks are identified and analysed.\"},{\"@type\":\"BreadcrumbList\",\"@id\":\"https:\/\/www.nunomarinho.com\/product\/a-go-go-album-transcriptions\/#breadcrumb\",\"itemListElement\":[{\"@type\":\"ListItem\",\"position\":1,\"name\":\"Home\",\"item\":\"https:\/\/www.nunomarinho.com\/\"},{\"@type\":\"ListItem\",\"position\":2,\"name\":\"Store\",\"item\":\"https:\/\/www.nunomarinho.com\/store\/\"},{\"@type\":\"ListItem\",\"position\":3,\"name\":\"A Go Go Album Transcriptions\"}]},{\"@type\":\"WebSite\",\"@id\":\"https:\/\/www.nunomarinho.com\/#website\",\"url\":\"https:\/\/www.nunomarinho.com\/\",\"name\":\"Nuno Marinho Website\",\"description\":\"Classes &amp; Workshops\",\"publisher\":{\"@id\":\"https:\/\/www.nunomarinho.com\/#organization\"},\"potentialAction\":[{\"@type\":\"SearchAction\",\"target\":{\"@type\":\"EntryPoint\",\"urlTemplate\":\"https:\/\/www.nunomarinho.com\/?s={search_term_string}\"},\"query-input\":{\"@type\":\"PropertyValueSpecification\",\"valueRequired\":true,\"valueName\":\"search_term_string\"}}],\"inLanguage\":\"pt-PT\"},{\"@type\":\"Organization\",\"@id\":\"https:\/\/www.nunomarinho.com\/#organization\",\"name\":\"Nuno Marinho Website\",\"url\":\"https:\/\/www.nunomarinho.com\/\",\"logo\":{\"@type\":\"ImageObject\",\"inLanguage\":\"pt-PT\",\"@id\":\"https:\/\/www.nunomarinho.com\/#\/schema\/logo\/image\/\",\"url\":\"https:\/\/www.nunomarinho.com\/wp-content\/uploads\/2025\/10\/Logo-Transparente_branco.png\",\"contentUrl\":\"https:\/\/www.nunomarinho.com\/wp-content\/uploads\/2025\/10\/Logo-Transparente_branco.png\",\"width\":500,\"height\":500,\"caption\":\"Nuno Marinho Website\"},\"image\":{\"@id\":\"https:\/\/www.nunomarinho.com\/#\/schema\/logo\/image\/\"}}]}<\/script>\n<!-- \/ Yoast SEO plugin. -->","yoast_head_json":{"title":"A Go Go Album Transcriptions - Nuno Marinho Website","description":"Transcri\u00e7\u00f5es do \u00e1lbum A Go Go. Aprenda os solos de um dos melhores \u00e1lbuns de John Scofield. Todos os licks s\u00e3o identificados e analisados. Partitura e tablatura em PDF.","robots":{"index":"index","follow":"follow","max-snippet":"max-snippet:-1","max-image-preview":"max-image-preview:large","max-video-preview":"max-video-preview:-1"},"canonical":"https:\/\/www.nunomarinho.com\/pt\/produto\/a-go-go-album-transcriptions\/","og_locale":"pt_PT","og_type":"article","og_title":"A Go Go Album Transcriptions","og_description":"A Go Go Album Transcriptions by John Scofield. Download the score TAB with the solo song from one of John Scofield's best albums.All licks are identified and analysed.","og_url":"https:\/\/www.nunomarinho.com\/pt\/produto\/a-go-go-album-transcriptions\/","og_site_name":"Nuno Marinho Website","article_modified_time":"2025-11-19T22:18:38+00:00","og_image":[{"width":500,"height":500,"url":"https:\/\/www.nunomarinho.com\/wp-content\/uploads\/2025\/10\/A-Go-Go-John-Scofield-Album-Transcription-Scores.jpg","type":"image\/jpeg"}],"twitter_card":"summary_large_image","twitter_title":"A Go Go Album Transcriptions","twitter_description":"A Go Go Album Transcriptions by John Scofield. Download the score TAB with the solo song from one of John Scofield's best albums.All licks are identified and analysed.","twitter_image":"https:\/\/www.nunomarinho.com\/wp-content\/uploads\/2025\/10\/A-Go-Go-John-Scofield-Album-Transcription-Scores.jpg","twitter_misc":{"Tempo estimado de leitura":"1 minuto"},"schema":{"@context":"https:\/\/schema.org","@graph":[{"@type":"WebPage","@id":"https:\/\/www.nunomarinho.com\/product\/a-go-go-album-transcriptions\/","url":"https:\/\/www.nunomarinho.com\/product\/a-go-go-album-transcriptions\/","name":"A Go Go Album Transcriptions - Nuno Marinho Website","isPartOf":{"@id":"https:\/\/www.nunomarinho.com\/#website"},"primaryImageOfPage":{"@id":"https:\/\/www.nunomarinho.com\/product\/a-go-go-album-transcriptions\/#primaryimage"},"image":{"@id":"https:\/\/www.nunomarinho.com\/product\/a-go-go-album-transcriptions\/#primaryimage"},"thumbnailUrl":"https:\/\/www.nunomarinho.com\/wp-content\/uploads\/2025\/10\/A-Go-Go-John-Scofield-Album-Transcription-Scores.jpg","datePublished":"2025-10-22T18:56:39+00:00","dateModified":"2025-11-19T22:18:38+00:00","description":"Transcri\u00e7\u00f5es do \u00e1lbum A Go Go. Aprenda os solos de um dos melhores \u00e1lbuns de John Scofield. Todos os licks s\u00e3o identificados e analisados. Partitura e tablatura em PDF.","breadcrumb":{"@id":"https:\/\/www.nunomarinho.com\/product\/a-go-go-album-transcriptions\/#breadcrumb"},"inLanguage":"pt-PT","potentialAction":[{"@type":"ReadAction","target":["https:\/\/www.nunomarinho.com\/product\/a-go-go-album-transcriptions\/"]}]},{"@type":"ImageObject","inLanguage":"pt-PT","@id":"https:\/\/www.nunomarinho.com\/product\/a-go-go-album-transcriptions\/#primaryimage","url":"https:\/\/www.nunomarinho.com\/wp-content\/uploads\/2025\/10\/A-Go-Go-John-Scofield-Album-Transcription-Scores.jpg","contentUrl":"https:\/\/www.nunomarinho.com\/wp-content\/uploads\/2025\/10\/A-Go-Go-John-Scofield-Album-Transcription-Scores.jpg","width":500,"height":500,"caption":"A Go Go album transcriptions. Learn the solos from one of the best of John Scofield's albums. All licks are identified and analysed. PDF Score and Tab. All licks are identified and analysed."},{"@type":"BreadcrumbList","@id":"https:\/\/www.nunomarinho.com\/product\/a-go-go-album-transcriptions\/#breadcrumb","itemListElement":[{"@type":"ListItem","position":1,"name":"Home","item":"https:\/\/www.nunomarinho.com\/"},{"@type":"ListItem","position":2,"name":"Store","item":"https:\/\/www.nunomarinho.com\/store\/"},{"@type":"ListItem","position":3,"name":"A Go Go Album Transcriptions"}]},{"@type":"WebSite","@id":"https:\/\/www.nunomarinho.com\/#website","url":"https:\/\/www.nunomarinho.com\/","name":"Nuno Marinho Website","description":"Aulas e workshops","publisher":{"@id":"https:\/\/www.nunomarinho.com\/#organization"},"potentialAction":[{"@type":"SearchAction","target":{"@type":"EntryPoint","urlTemplate":"https:\/\/www.nunomarinho.com\/?s={search_term_string}"},"query-input":{"@type":"PropertyValueSpecification","valueRequired":true,"valueName":"search_term_string"}}],"inLanguage":"pt-PT"},{"@type":"Organization","@id":"https:\/\/www.nunomarinho.com\/#organization","name":"Nuno Marinho Website","url":"https:\/\/www.nunomarinho.com\/","logo":{"@type":"ImageObject","inLanguage":"pt-PT","@id":"https:\/\/www.nunomarinho.com\/#\/schema\/logo\/image\/","url":"https:\/\/www.nunomarinho.com\/wp-content\/uploads\/2025\/10\/Logo-Transparente_branco.png","contentUrl":"https:\/\/www.nunomarinho.com\/wp-content\/uploads\/2025\/10\/Logo-Transparente_branco.png","width":500,"height":500,"caption":"Nuno Marinho Website"},"image":{"@id":"https:\/\/www.nunomarinho.com\/#\/schema\/logo\/image\/"}}]}},"_links":{"self":[{"href":"https:\/\/www.nunomarinho.com\/pt\/wp-json\/wp\/v2\/product\/309","targetHints":{"allow":["GET"]}}],"collection":[{"href":"https:\/\/www.nunomarinho.com\/pt\/wp-json\/wp\/v2\/product"}],"about":[{"href":"https:\/\/www.nunomarinho.com\/pt\/wp-json\/wp\/v2\/types\/product"}],"wp:featuredmedia":[{"embeddable":true,"href":"https:\/\/www.nunomarinho.com\/pt\/wp-json\/wp\/v2\/media\/343"}],"wp:attachment":[{"href":"https:\/\/www.nunomarinho.com\/pt\/wp-json\/wp\/v2\/media?parent=309"}],"wp:term":[{"taxonomy":"product_brand","embeddable":true,"href":"https:\/\/www.nunomarinho.com\/pt\/wp-json\/wp\/v2\/product_brand?post=309"},{"taxonomy":"product_cat","embeddable":true,"href":"https:\/\/www.nunomarinho.com\/pt\/wp-json\/wp\/v2\/product_cat?post=309"},{"taxonomy":"product_tag","embeddable":true,"href":"https:\/\/www.nunomarinho.com\/pt\/wp-json\/wp\/v2\/product_tag?post=309"}],"curies":[{"name":"wp","href":"https:\/\/api.w.org\/{rel}","templated":true}]}}