{"id":308,"date":"2025-10-22T18:56:39","date_gmt":"2025-10-22T18:56:39","guid":{"rendered":"https:\/\/www.nunomarinho.com\/?post_type=product&#038;p=308"},"modified":"2025-11-19T22:23:21","modified_gmt":"2025-11-19T22:23:21","slug":"ideofunk","status":"publish","type":"product","link":"https:\/\/www.nunomarinho.com\/pt\/produto\/ideofunk\/","title":{"rendered":"Ideofunk"},"content":{"rendered":"<h3>SOLO DE JOHN SCOFIELD: \"Ideofunk\"<\/h3>\r\n<p>Se j\u00e1 conhecem o \u00e1lbum \"Uberjam\" de Scofield, t\u00eam de ver este solo monstruoso que John tocou ao vivo no Barbican, com o seu Wammy ligado. <strong>\u00c9 garantido que \u00e9 uma coisa esmagadora!<\/strong><\/p>\r\n<p><iframe loading=\"lazy\" title=\"John Scofield Ideofunk ao vivo\" width=\"1080\" height=\"810\" src=\"https:\/\/www.youtube.com\/embed\/ENBdj1P2s8s?feature=oembed\"  allow=\"accelerometer; autoplay; clipboard-write; encrypted-media; gyroscope; picture-in-picture; web-share\" referrerpolicy=\"strict-origin-when-cross-origin\" allowfullscreen><\/iframe><\/p>\r\n<p><strong>SEGUIR NUNO MARINHO EM:<\/strong><\/p>\r\n<!-- \/wp:post-content -->\r\n\r\n<!-- wp:paragraph -->\r\n<ul>\r\n<li>Loja de livros do s\u00edtio Web:\u00a0<a href=\"https:\/\/www.nunomarinho.com\/pt\/store\/\">https:\/\/www.nunomarinho.com\/store<\/a><!-- \/wp:paragraph -->\r\n\r\n<!-- wp:paragraph --><\/li>\r\n<li>Canal de v\u00eddeo:\u00a0<a href=\"https:\/\/www.youtube.com\/@NunoMarinho\">https:\/\/www.youtube.com\/@NunoMarinho<\/a><\/li>\r\n<\/ul>","protected":false},"excerpt":{"rendered":"<p>SOLO DE JOHN SCOFIELD: \u201cIdeofunk\u201d Se j\u00e1 conheces o \u00e1lbum \u201cUberjam\u201d do Scofield, tens de ver este solo monstruoso que o John tocou ao vivo no Barbican, com o Wammy ligado. \u00c9 garantido que vai ser um espet\u00e1culo! SEGUE O NUNO MARINHO EM: Website Loja de Livros: https:\/\/www.nunomarinho.com\/store Canal de V\u00eddeo: https:\/\/www.youtube.com\/@NunoMarinho<\/p>","protected":false},"featured_media":342,"template":"","meta":[],"product_brand":[],"product_cat":[29,26],"product_tag":[],"class_list":{"0":"post-308","1":"product","2":"type-product","3":"status-publish","4":"has-post-thumbnail","6":"product_cat-john-scofield-scores","7":"product_cat-scores","9":"first","10":"outofstock","11":"downloadable","12":"shipping-taxable","13":"purchasable","14":"product-type-simple"},"yoast_head":"<!-- This site is optimized with the Yoast SEO plugin v26.0 - https:\/\/yoast.com\/wordpress\/plugins\/seo\/ -->\n<title>Ideofunk - Nuno Marinho Website<\/title>\n<meta name=\"robots\" content=\"index, follow, max-snippet:-1, max-image-preview:large, max-video-preview:-1\" \/>\n<link rel=\"canonical\" href=\"https:\/\/www.nunomarinho.com\/pt\/produto\/ideofunk\/\" \/>\n<meta property=\"og:locale\" content=\"pt_PT\" \/>\n<meta property=\"og:type\" content=\"article\" \/>\n<meta property=\"og:title\" content=\"Ideofunk - Nuno Marinho Website\" \/>\n<meta property=\"og:description\" content=\"JOHN SCOFIELD&#039;S SOLO: &quot;Ideofunk&quot; If you&#039;re familiar with Scofield&#039;s album &quot;Uberjam&quot; you&#039;ve got to check this monster solo John played live at Barbican, with his Wammy turned on. Overwhelming stuff, guaranteed! FOLLOW NUNO MARINHO AT: Website Book Store:\u00a0https:\/\/www.nunomarinho.com\/store Video Channel:\u00a0https:\/\/www.youtube.com\/@NunoMarinho\" \/>\n<meta property=\"og:url\" content=\"https:\/\/www.nunomarinho.com\/pt\/produto\/ideofunk\/\" \/>\n<meta property=\"og:site_name\" content=\"Nuno Marinho Website\" \/>\n<meta property=\"article:modified_time\" content=\"2025-11-19T22:23:21+00:00\" \/>\n<meta property=\"og:image\" content=\"https:\/\/www.nunomarinho.com\/wp-content\/uploads\/2025\/10\/Uberjam-john-scofield-ideofunk-solo-score.jpg\" \/>\n\t<meta property=\"og:image:width\" content=\"1418\" \/>\n\t<meta property=\"og:image:height\" content=\"1418\" \/>\n\t<meta property=\"og:image:type\" content=\"image\/jpeg\" \/>\n<meta name=\"twitter:card\" content=\"summary_large_image\" \/>\n<meta name=\"twitter:label1\" content=\"Tempo estimado de leitura\" \/>\n\t<meta name=\"twitter:data1\" content=\"1 minuto\" \/>\n<script type=\"application\/ld+json\" class=\"yoast-schema-graph\">{\"@context\":\"https:\/\/schema.org\",\"@graph\":[{\"@type\":\"WebPage\",\"@id\":\"https:\/\/www.nunomarinho.com\/product\/ideofunk\/\",\"url\":\"https:\/\/www.nunomarinho.com\/product\/ideofunk\/\",\"name\":\"Ideofunk - Nuno Marinho Website\",\"isPartOf\":{\"@id\":\"https:\/\/www.nunomarinho.com\/#website\"},\"primaryImageOfPage\":{\"@id\":\"https:\/\/www.nunomarinho.com\/product\/ideofunk\/#primaryimage\"},\"image\":{\"@id\":\"https:\/\/www.nunomarinho.com\/product\/ideofunk\/#primaryimage\"},\"thumbnailUrl\":\"https:\/\/www.nunomarinho.com\/wp-content\/uploads\/2025\/10\/Uberjam-john-scofield-ideofunk-solo-score.jpg\",\"datePublished\":\"2025-10-22T18:56:39+00:00\",\"dateModified\":\"2025-11-19T22:23:21+00:00\",\"breadcrumb\":{\"@id\":\"https:\/\/www.nunomarinho.com\/product\/ideofunk\/#breadcrumb\"},\"inLanguage\":\"pt-PT\",\"potentialAction\":[{\"@type\":\"ReadAction\",\"target\":[\"https:\/\/www.nunomarinho.com\/product\/ideofunk\/\"]}]},{\"@type\":\"ImageObject\",\"inLanguage\":\"pt-PT\",\"@id\":\"https:\/\/www.nunomarinho.com\/product\/ideofunk\/#primaryimage\",\"url\":\"https:\/\/www.nunomarinho.com\/wp-content\/uploads\/2025\/10\/Uberjam-john-scofield-ideofunk-solo-score.jpg\",\"contentUrl\":\"https:\/\/www.nunomarinho.com\/wp-content\/uploads\/2025\/10\/Uberjam-john-scofield-ideofunk-solo-score.jpg\",\"width\":1418,\"height\":1418},{\"@type\":\"BreadcrumbList\",\"@id\":\"https:\/\/www.nunomarinho.com\/product\/ideofunk\/#breadcrumb\",\"itemListElement\":[{\"@type\":\"ListItem\",\"position\":1,\"name\":\"Home\",\"item\":\"https:\/\/www.nunomarinho.com\/\"},{\"@type\":\"ListItem\",\"position\":2,\"name\":\"Store\",\"item\":\"https:\/\/www.nunomarinho.com\/store\/\"},{\"@type\":\"ListItem\",\"position\":3,\"name\":\"Ideofunk\"}]},{\"@type\":\"WebSite\",\"@id\":\"https:\/\/www.nunomarinho.com\/#website\",\"url\":\"https:\/\/www.nunomarinho.com\/\",\"name\":\"Nuno Marinho Website\",\"description\":\"Classes &amp; Workshops\",\"publisher\":{\"@id\":\"https:\/\/www.nunomarinho.com\/#organization\"},\"potentialAction\":[{\"@type\":\"SearchAction\",\"target\":{\"@type\":\"EntryPoint\",\"urlTemplate\":\"https:\/\/www.nunomarinho.com\/?s={search_term_string}\"},\"query-input\":{\"@type\":\"PropertyValueSpecification\",\"valueRequired\":true,\"valueName\":\"search_term_string\"}}],\"inLanguage\":\"pt-PT\"},{\"@type\":\"Organization\",\"@id\":\"https:\/\/www.nunomarinho.com\/#organization\",\"name\":\"Nuno Marinho Website\",\"url\":\"https:\/\/www.nunomarinho.com\/\",\"logo\":{\"@type\":\"ImageObject\",\"inLanguage\":\"pt-PT\",\"@id\":\"https:\/\/www.nunomarinho.com\/#\/schema\/logo\/image\/\",\"url\":\"https:\/\/www.nunomarinho.com\/wp-content\/uploads\/2025\/10\/Logo-Transparente_branco.png\",\"contentUrl\":\"https:\/\/www.nunomarinho.com\/wp-content\/uploads\/2025\/10\/Logo-Transparente_branco.png\",\"width\":500,\"height\":500,\"caption\":\"Nuno Marinho Website\"},\"image\":{\"@id\":\"https:\/\/www.nunomarinho.com\/#\/schema\/logo\/image\/\"}}]}<\/script>\n<!-- \/ Yoast SEO plugin. -->","yoast_head_json":{"title":"Ideofunk - Nuno Marinho Website","robots":{"index":"index","follow":"follow","max-snippet":"max-snippet:-1","max-image-preview":"max-image-preview:large","max-video-preview":"max-video-preview:-1"},"canonical":"https:\/\/www.nunomarinho.com\/pt\/produto\/ideofunk\/","og_locale":"pt_PT","og_type":"article","og_title":"Ideofunk - Nuno Marinho Website","og_description":"JOHN SCOFIELD'S SOLO: \"Ideofunk\" If you're familiar with Scofield's album \"Uberjam\" you've got to check this monster solo John played live at Barbican, with his Wammy turned on. Overwhelming stuff, guaranteed! FOLLOW NUNO MARINHO AT: Website Book Store:\u00a0https:\/\/www.nunomarinho.com\/store Video Channel:\u00a0https:\/\/www.youtube.com\/@NunoMarinho","og_url":"https:\/\/www.nunomarinho.com\/pt\/produto\/ideofunk\/","og_site_name":"Nuno Marinho Website","article_modified_time":"2025-11-19T22:23:21+00:00","og_image":[{"width":1418,"height":1418,"url":"https:\/\/www.nunomarinho.com\/wp-content\/uploads\/2025\/10\/Uberjam-john-scofield-ideofunk-solo-score.jpg","type":"image\/jpeg"}],"twitter_card":"summary_large_image","twitter_misc":{"Tempo estimado de leitura":"1 minuto"},"schema":{"@context":"https:\/\/schema.org","@graph":[{"@type":"WebPage","@id":"https:\/\/www.nunomarinho.com\/product\/ideofunk\/","url":"https:\/\/www.nunomarinho.com\/product\/ideofunk\/","name":"Ideofunk - Nuno Marinho Website","isPartOf":{"@id":"https:\/\/www.nunomarinho.com\/#website"},"primaryImageOfPage":{"@id":"https:\/\/www.nunomarinho.com\/product\/ideofunk\/#primaryimage"},"image":{"@id":"https:\/\/www.nunomarinho.com\/product\/ideofunk\/#primaryimage"},"thumbnailUrl":"https:\/\/www.nunomarinho.com\/wp-content\/uploads\/2025\/10\/Uberjam-john-scofield-ideofunk-solo-score.jpg","datePublished":"2025-10-22T18:56:39+00:00","dateModified":"2025-11-19T22:23:21+00:00","breadcrumb":{"@id":"https:\/\/www.nunomarinho.com\/product\/ideofunk\/#breadcrumb"},"inLanguage":"pt-PT","potentialAction":[{"@type":"ReadAction","target":["https:\/\/www.nunomarinho.com\/product\/ideofunk\/"]}]},{"@type":"ImageObject","inLanguage":"pt-PT","@id":"https:\/\/www.nunomarinho.com\/product\/ideofunk\/#primaryimage","url":"https:\/\/www.nunomarinho.com\/wp-content\/uploads\/2025\/10\/Uberjam-john-scofield-ideofunk-solo-score.jpg","contentUrl":"https:\/\/www.nunomarinho.com\/wp-content\/uploads\/2025\/10\/Uberjam-john-scofield-ideofunk-solo-score.jpg","width":1418,"height":1418},{"@type":"BreadcrumbList","@id":"https:\/\/www.nunomarinho.com\/product\/ideofunk\/#breadcrumb","itemListElement":[{"@type":"ListItem","position":1,"name":"Home","item":"https:\/\/www.nunomarinho.com\/"},{"@type":"ListItem","position":2,"name":"Store","item":"https:\/\/www.nunomarinho.com\/store\/"},{"@type":"ListItem","position":3,"name":"Ideofunk"}]},{"@type":"WebSite","@id":"https:\/\/www.nunomarinho.com\/#website","url":"https:\/\/www.nunomarinho.com\/","name":"Nuno Marinho Website","description":"Aulas e workshops","publisher":{"@id":"https:\/\/www.nunomarinho.com\/#organization"},"potentialAction":[{"@type":"SearchAction","target":{"@type":"EntryPoint","urlTemplate":"https:\/\/www.nunomarinho.com\/?s={search_term_string}"},"query-input":{"@type":"PropertyValueSpecification","valueRequired":true,"valueName":"search_term_string"}}],"inLanguage":"pt-PT"},{"@type":"Organization","@id":"https:\/\/www.nunomarinho.com\/#organization","name":"Nuno Marinho Website","url":"https:\/\/www.nunomarinho.com\/","logo":{"@type":"ImageObject","inLanguage":"pt-PT","@id":"https:\/\/www.nunomarinho.com\/#\/schema\/logo\/image\/","url":"https:\/\/www.nunomarinho.com\/wp-content\/uploads\/2025\/10\/Logo-Transparente_branco.png","contentUrl":"https:\/\/www.nunomarinho.com\/wp-content\/uploads\/2025\/10\/Logo-Transparente_branco.png","width":500,"height":500,"caption":"Nuno Marinho Website"},"image":{"@id":"https:\/\/www.nunomarinho.com\/#\/schema\/logo\/image\/"}}]}},"_links":{"self":[{"href":"https:\/\/www.nunomarinho.com\/pt\/wp-json\/wp\/v2\/product\/308","targetHints":{"allow":["GET"]}}],"collection":[{"href":"https:\/\/www.nunomarinho.com\/pt\/wp-json\/wp\/v2\/product"}],"about":[{"href":"https:\/\/www.nunomarinho.com\/pt\/wp-json\/wp\/v2\/types\/product"}],"wp:featuredmedia":[{"embeddable":true,"href":"https:\/\/www.nunomarinho.com\/pt\/wp-json\/wp\/v2\/media\/342"}],"wp:attachment":[{"href":"https:\/\/www.nunomarinho.com\/pt\/wp-json\/wp\/v2\/media?parent=308"}],"wp:term":[{"taxonomy":"product_brand","embeddable":true,"href":"https:\/\/www.nunomarinho.com\/pt\/wp-json\/wp\/v2\/product_brand?post=308"},{"taxonomy":"product_cat","embeddable":true,"href":"https:\/\/www.nunomarinho.com\/pt\/wp-json\/wp\/v2\/product_cat?post=308"},{"taxonomy":"product_tag","embeddable":true,"href":"https:\/\/www.nunomarinho.com\/pt\/wp-json\/wp\/v2\/product_tag?post=308"}],"curies":[{"name":"wp","href":"https:\/\/api.w.org\/{rel}","templated":true}]}}