{"id":306,"date":"2025-10-22T18:56:38","date_gmt":"2025-10-22T18:56:38","guid":{"rendered":"https:\/\/www.nunomarinho.com\/?post_type=product&#038;p=306"},"modified":"2025-11-19T22:14:09","modified_gmt":"2025-11-19T22:14:09","slug":"the-truth-will-always-be","status":"publish","type":"product","link":"https:\/\/www.nunomarinho.com\/pt\/produto\/the-truth-will-always-be\/","title":{"rendered":"A verdade ser\u00e1 sempre"},"content":{"rendered":"<h3>SOLO DE PAT METHENY: \u201cThe Truth Will Always Be\u201d (A verdade ser\u00e1 sempre)\u201d<\/h3>\r\n<p>Do \u00e1lbum orquestral \u201cSecret Story\u201d, esta \u00e9 uma can\u00e7\u00e3o emotiva para Pat, que carrega muitas mem\u00f3rias e experi\u00eancias de vida. Depois de um enorme arrepio, somos transportados para outra dimens\u00e3o com o som da guitarra sintetizada. Intenso, destemido e \u00e9pico, este solo vai deixar-nos arrepiados. \u00a0<\/p>\r\n<p>&nbsp;<\/p>\r\n<p><iframe loading=\"lazy\" title=\"Pat Metheny - A Verdade Sempre Ser\u00e1\" width=\"1080\" height=\"608\" src=\"https:\/\/www.youtube.com\/embed\/2DxfuGI_DaM?feature=oembed\"  allow=\"accelerometer; autoplay; clipboard-write; encrypted-media; gyroscope; picture-in-picture; web-share\" referrerpolicy=\"strict-origin-when-cross-origin\" allowfullscreen><\/iframe><\/p>\r\n<p>&nbsp;<\/p>\r\n<p>\u00a0 <strong>SEGUIR NUNO MARINHO EM:<\/strong><\/p>\r\n<!-- \/wp:post-content -->\r\n\r\n<!-- wp:paragraph -->\r\n<ul>\r\n<li>Loja de livros do s\u00edtio Web:\u00a0<a href=\"https:\/\/www.nunomarinho.com\/pt\/store\/\">https:\/\/www.nunomarinho.com\/store<\/a><!-- \/wp:paragraph -->\r\n\r\n<!-- wp:paragraph --><\/li>\r\n<li>Canal de v\u00eddeo:\u00a0<a href=\"https:\/\/www.youtube.com\/@NunoMarinho\">https:\/\/www.youtube.com\/@NunoMarinho<\/a><!-- \/wp:paragraph -->\r\n\r\n<!-- wp:paragraph --><\/li>\r\n<\/ul>","protected":false},"excerpt":{"rendered":"<p>PAT METHENY\u2019S SOLO: \u201cThe Truth Will Always Be\u201d From the orquestral album \u201cSecret Story\u201d, this is an emotional song for Pat, one who carries a lot of memories and life experiences. After a huge shivering build up, we\u2019re transported into another dimension with the sound of the synth guitar. Intense, fearless and epic, this solo [&hellip;]<\/p>\n","protected":false},"featured_media":340,"template":"","meta":[],"product_brand":[],"product_cat":[28,26],"product_tag":[],"class_list":{"0":"post-306","1":"product","2":"type-product","3":"status-publish","4":"has-post-thumbnail","6":"product_cat-pat-metheny-scores","7":"product_cat-scores","9":"first","10":"outofstock","11":"downloadable","12":"shipping-taxable","13":"purchasable","14":"product-type-simple"},"yoast_head":"<!-- This site is optimized with the Yoast SEO plugin v26.0 - https:\/\/yoast.com\/wordpress\/plugins\/seo\/ -->\n<title>The Truth Will Always Be - Nuno Marinho Website<\/title>\n<meta name=\"robots\" content=\"index, follow, max-snippet:-1, max-image-preview:large, max-video-preview:-1\" \/>\n<link rel=\"canonical\" href=\"https:\/\/www.nunomarinho.com\/pt\/produto\/the-truth-will-always-be\/\" \/>\n<meta property=\"og:locale\" content=\"pt_PT\" \/>\n<meta property=\"og:type\" content=\"article\" \/>\n<meta property=\"og:title\" content=\"The Truth Will Always Be - Nuno Marinho Website\" \/>\n<meta property=\"og:description\" content=\"PAT METHENY\u2019S SOLO: \u201cThe Truth Will Always Be\u201d From the orquestral album \u201cSecret Story\u201d, this is an emotional song for Pat, one who carries a lot of memories and life experiences. After a huge shivering build up, we\u2019re transported into another dimension with the sound of the synth guitar. Intense, fearless and epic, this solo [&hellip;]\" \/>\n<meta property=\"og:url\" content=\"https:\/\/www.nunomarinho.com\/pt\/produto\/the-truth-will-always-be\/\" \/>\n<meta property=\"og:site_name\" content=\"Nuno Marinho Website\" \/>\n<meta property=\"article:modified_time\" content=\"2025-11-19T22:14:09+00:00\" \/>\n<meta property=\"og:image\" content=\"https:\/\/www.nunomarinho.com\/wp-content\/uploads\/2025\/10\/Secret-Story-Pat-Metheny-The-Truth-Will-Always-Be-Solo.jpg\" \/>\n\t<meta property=\"og:image:width\" content=\"600\" \/>\n\t<meta property=\"og:image:height\" content=\"600\" \/>\n\t<meta property=\"og:image:type\" content=\"image\/jpeg\" \/>\n<meta name=\"twitter:card\" content=\"summary_large_image\" \/>\n<meta name=\"twitter:label1\" content=\"Tempo estimado de leitura\" \/>\n\t<meta name=\"twitter:data1\" content=\"1 minuto\" \/>\n<script type=\"application\/ld+json\" class=\"yoast-schema-graph\">{\"@context\":\"https:\/\/schema.org\",\"@graph\":[{\"@type\":\"WebPage\",\"@id\":\"https:\/\/www.nunomarinho.com\/product\/the-truth-will-always-be\/\",\"url\":\"https:\/\/www.nunomarinho.com\/product\/the-truth-will-always-be\/\",\"name\":\"The Truth Will Always Be - Nuno Marinho Website\",\"isPartOf\":{\"@id\":\"https:\/\/www.nunomarinho.com\/#website\"},\"primaryImageOfPage\":{\"@id\":\"https:\/\/www.nunomarinho.com\/product\/the-truth-will-always-be\/#primaryimage\"},\"image\":{\"@id\":\"https:\/\/www.nunomarinho.com\/product\/the-truth-will-always-be\/#primaryimage\"},\"thumbnailUrl\":\"https:\/\/www.nunomarinho.com\/wp-content\/uploads\/2025\/10\/Secret-Story-Pat-Metheny-The-Truth-Will-Always-Be-Solo.jpg\",\"datePublished\":\"2025-10-22T18:56:38+00:00\",\"dateModified\":\"2025-11-19T22:14:09+00:00\",\"breadcrumb\":{\"@id\":\"https:\/\/www.nunomarinho.com\/product\/the-truth-will-always-be\/#breadcrumb\"},\"inLanguage\":\"pt-PT\",\"potentialAction\":[{\"@type\":\"ReadAction\",\"target\":[\"https:\/\/www.nunomarinho.com\/product\/the-truth-will-always-be\/\"]}]},{\"@type\":\"ImageObject\",\"inLanguage\":\"pt-PT\",\"@id\":\"https:\/\/www.nunomarinho.com\/product\/the-truth-will-always-be\/#primaryimage\",\"url\":\"https:\/\/www.nunomarinho.com\/wp-content\/uploads\/2025\/10\/Secret-Story-Pat-Metheny-The-Truth-Will-Always-Be-Solo.jpg\",\"contentUrl\":\"https:\/\/www.nunomarinho.com\/wp-content\/uploads\/2025\/10\/Secret-Story-Pat-Metheny-The-Truth-Will-Always-Be-Solo.jpg\",\"width\":600,\"height\":600},{\"@type\":\"BreadcrumbList\",\"@id\":\"https:\/\/www.nunomarinho.com\/product\/the-truth-will-always-be\/#breadcrumb\",\"itemListElement\":[{\"@type\":\"ListItem\",\"position\":1,\"name\":\"Home\",\"item\":\"https:\/\/www.nunomarinho.com\/\"},{\"@type\":\"ListItem\",\"position\":2,\"name\":\"Store\",\"item\":\"https:\/\/www.nunomarinho.com\/store\/\"},{\"@type\":\"ListItem\",\"position\":3,\"name\":\"The Truth Will Always Be\"}]},{\"@type\":\"WebSite\",\"@id\":\"https:\/\/www.nunomarinho.com\/#website\",\"url\":\"https:\/\/www.nunomarinho.com\/\",\"name\":\"Nuno Marinho Website\",\"description\":\"Classes &amp; Workshops\",\"publisher\":{\"@id\":\"https:\/\/www.nunomarinho.com\/#organization\"},\"potentialAction\":[{\"@type\":\"SearchAction\",\"target\":{\"@type\":\"EntryPoint\",\"urlTemplate\":\"https:\/\/www.nunomarinho.com\/?s={search_term_string}\"},\"query-input\":{\"@type\":\"PropertyValueSpecification\",\"valueRequired\":true,\"valueName\":\"search_term_string\"}}],\"inLanguage\":\"pt-PT\"},{\"@type\":\"Organization\",\"@id\":\"https:\/\/www.nunomarinho.com\/#organization\",\"name\":\"Nuno Marinho Website\",\"url\":\"https:\/\/www.nunomarinho.com\/\",\"logo\":{\"@type\":\"ImageObject\",\"inLanguage\":\"pt-PT\",\"@id\":\"https:\/\/www.nunomarinho.com\/#\/schema\/logo\/image\/\",\"url\":\"https:\/\/www.nunomarinho.com\/wp-content\/uploads\/2025\/10\/Logo-Transparente_branco.png\",\"contentUrl\":\"https:\/\/www.nunomarinho.com\/wp-content\/uploads\/2025\/10\/Logo-Transparente_branco.png\",\"width\":500,\"height\":500,\"caption\":\"Nuno Marinho Website\"},\"image\":{\"@id\":\"https:\/\/www.nunomarinho.com\/#\/schema\/logo\/image\/\"}}]}<\/script>\n<!-- \/ Yoast SEO plugin. -->","yoast_head_json":{"title":"A Verdade Sempre Ser\u00e1 - Nuno Marinho Website","robots":{"index":"index","follow":"follow","max-snippet":"max-snippet:-1","max-image-preview":"max-image-preview:large","max-video-preview":"max-video-preview:-1"},"canonical":"https:\/\/www.nunomarinho.com\/pt\/produto\/the-truth-will-always-be\/","og_locale":"pt_PT","og_type":"article","og_title":"The Truth Will Always Be - Nuno Marinho Website","og_description":"PAT METHENY\u2019S SOLO: \u201cThe Truth Will Always Be\u201d From the orquestral album \u201cSecret Story\u201d, this is an emotional song for Pat, one who carries a lot of memories and life experiences. After a huge shivering build up, we\u2019re transported into another dimension with the sound of the synth guitar. Intense, fearless and epic, this solo [&hellip;]","og_url":"https:\/\/www.nunomarinho.com\/pt\/produto\/the-truth-will-always-be\/","og_site_name":"Nuno Marinho Website","article_modified_time":"2025-11-19T22:14:09+00:00","og_image":[{"width":600,"height":600,"url":"https:\/\/www.nunomarinho.com\/wp-content\/uploads\/2025\/10\/Secret-Story-Pat-Metheny-The-Truth-Will-Always-Be-Solo.jpg","type":"image\/jpeg"}],"twitter_card":"summary_large_image","twitter_misc":{"Tempo estimado de leitura":"1 minuto"},"schema":{"@context":"https:\/\/schema.org","@graph":[{"@type":"WebPage","@id":"https:\/\/www.nunomarinho.com\/product\/the-truth-will-always-be\/","url":"https:\/\/www.nunomarinho.com\/product\/the-truth-will-always-be\/","name":"A Verdade Sempre Ser\u00e1 - Nuno Marinho Website","isPartOf":{"@id":"https:\/\/www.nunomarinho.com\/#website"},"primaryImageOfPage":{"@id":"https:\/\/www.nunomarinho.com\/product\/the-truth-will-always-be\/#primaryimage"},"image":{"@id":"https:\/\/www.nunomarinho.com\/product\/the-truth-will-always-be\/#primaryimage"},"thumbnailUrl":"https:\/\/www.nunomarinho.com\/wp-content\/uploads\/2025\/10\/Secret-Story-Pat-Metheny-The-Truth-Will-Always-Be-Solo.jpg","datePublished":"2025-10-22T18:56:38+00:00","dateModified":"2025-11-19T22:14:09+00:00","breadcrumb":{"@id":"https:\/\/www.nunomarinho.com\/product\/the-truth-will-always-be\/#breadcrumb"},"inLanguage":"pt-PT","potentialAction":[{"@type":"ReadAction","target":["https:\/\/www.nunomarinho.com\/product\/the-truth-will-always-be\/"]}]},{"@type":"ImageObject","inLanguage":"pt-PT","@id":"https:\/\/www.nunomarinho.com\/product\/the-truth-will-always-be\/#primaryimage","url":"https:\/\/www.nunomarinho.com\/wp-content\/uploads\/2025\/10\/Secret-Story-Pat-Metheny-The-Truth-Will-Always-Be-Solo.jpg","contentUrl":"https:\/\/www.nunomarinho.com\/wp-content\/uploads\/2025\/10\/Secret-Story-Pat-Metheny-The-Truth-Will-Always-Be-Solo.jpg","width":600,"height":600},{"@type":"BreadcrumbList","@id":"https:\/\/www.nunomarinho.com\/product\/the-truth-will-always-be\/#breadcrumb","itemListElement":[{"@type":"ListItem","position":1,"name":"Home","item":"https:\/\/www.nunomarinho.com\/"},{"@type":"ListItem","position":2,"name":"Store","item":"https:\/\/www.nunomarinho.com\/store\/"},{"@type":"ListItem","position":3,"name":"The Truth Will Always Be"}]},{"@type":"WebSite","@id":"https:\/\/www.nunomarinho.com\/#website","url":"https:\/\/www.nunomarinho.com\/","name":"Nuno Marinho Website","description":"Aulas e workshops","publisher":{"@id":"https:\/\/www.nunomarinho.com\/#organization"},"potentialAction":[{"@type":"SearchAction","target":{"@type":"EntryPoint","urlTemplate":"https:\/\/www.nunomarinho.com\/?s={search_term_string}"},"query-input":{"@type":"PropertyValueSpecification","valueRequired":true,"valueName":"search_term_string"}}],"inLanguage":"pt-PT"},{"@type":"Organization","@id":"https:\/\/www.nunomarinho.com\/#organization","name":"Nuno Marinho Website","url":"https:\/\/www.nunomarinho.com\/","logo":{"@type":"ImageObject","inLanguage":"pt-PT","@id":"https:\/\/www.nunomarinho.com\/#\/schema\/logo\/image\/","url":"https:\/\/www.nunomarinho.com\/wp-content\/uploads\/2025\/10\/Logo-Transparente_branco.png","contentUrl":"https:\/\/www.nunomarinho.com\/wp-content\/uploads\/2025\/10\/Logo-Transparente_branco.png","width":500,"height":500,"caption":"Nuno Marinho Website"},"image":{"@id":"https:\/\/www.nunomarinho.com\/#\/schema\/logo\/image\/"}}]}},"_links":{"self":[{"href":"https:\/\/www.nunomarinho.com\/pt\/wp-json\/wp\/v2\/product\/306","targetHints":{"allow":["GET"]}}],"collection":[{"href":"https:\/\/www.nunomarinho.com\/pt\/wp-json\/wp\/v2\/product"}],"about":[{"href":"https:\/\/www.nunomarinho.com\/pt\/wp-json\/wp\/v2\/types\/product"}],"wp:featuredmedia":[{"embeddable":true,"href":"https:\/\/www.nunomarinho.com\/pt\/wp-json\/wp\/v2\/media\/340"}],"wp:attachment":[{"href":"https:\/\/www.nunomarinho.com\/pt\/wp-json\/wp\/v2\/media?parent=306"}],"wp:term":[{"taxonomy":"product_brand","embeddable":true,"href":"https:\/\/www.nunomarinho.com\/pt\/wp-json\/wp\/v2\/product_brand?post=306"},{"taxonomy":"product_cat","embeddable":true,"href":"https:\/\/www.nunomarinho.com\/pt\/wp-json\/wp\/v2\/product_cat?post=306"},{"taxonomy":"product_tag","embeddable":true,"href":"https:\/\/www.nunomarinho.com\/pt\/wp-json\/wp\/v2\/product_tag?post=306"}],"curies":[{"name":"wp","href":"https:\/\/api.w.org\/{rel}","templated":true}]}}