{"id":305,"date":"2025-10-22T18:56:38","date_gmt":"2025-10-22T18:56:38","guid":{"rendered":"https:\/\/www.nunomarinho.com\/?post_type=product&#038;p=305"},"modified":"2025-11-19T22:07:48","modified_gmt":"2025-11-19T22:07:48","slug":"a-story-within-a-story","status":"publish","type":"product","link":"https:\/\/www.nunomarinho.com\/pt\/produto\/a-story-within-a-story\/","title":{"rendered":"Uma hist\u00f3ria dentro de uma hist\u00f3ria"},"content":{"rendered":"<h3>Uma hist\u00f3ria dentro de uma hist\u00f3ria - Pat Metheny Solo<\/h3>\r\n<p>A Story Within A Story \u00e9 um dos melhores solos de Pat Metheny alguma vez tocados, do \u00e1lbum Imaginary Day.<\/p>\r\n<p>Descarregue a partitura completa e a tablatura. O seu solo \u00e9 t\u00e3o fluido e mel\u00f3dico, complexo e intrigante ao mesmo tempo.<\/p>\r\n<p>Sinto que esta improvisa\u00e7\u00e3o em particular reflecte todo o ambiente do \u00e1lbum. Levei cerca de 4 meses para transcrever, memorizar, escrever a partitura e toc\u00e1-la no tempo. \u00c9 um grande desafio, mas as tuas costeletas v\u00e3o melhorar dramaticamente. \u00a0<\/p>\r\n<p><iframe loading=\"lazy\" title=\"Uma hist\u00f3ria dentro de uma hist\u00f3ria (Imaginary Day) - Pat Metheny Solo Transcrito\" width=\"1080\" height=\"810\" src=\"https:\/\/www.youtube.com\/embed\/YkvcLmUqus4?feature=oembed\"  allow=\"accelerometer; autoplay; clipboard-write; encrypted-media; gyroscope; picture-in-picture; web-share\" referrerpolicy=\"strict-origin-when-cross-origin\" allowfullscreen><\/iframe><\/p>\r\n<p><strong>SEGUIR NUNO MARINHO EM:<\/strong><\/p>\r\n<!-- \/wp:post-content -->\r\n\r\n<!-- wp:paragraph -->\r\n<ul>\r\n<li>Loja de livros do s\u00edtio Web:\u00a0<a href=\"https:\/\/www.nunomarinho.com\/pt\/store\/\">https:\/\/www.nunomarinho.com\/store<\/a><!-- \/wp:paragraph -->\r\n\r\n<!-- wp:paragraph --><\/li>\r\n<li>Canal de v\u00eddeo:\u00a0<a href=\"https:\/\/www.youtube.com\/@NunoMarinho\">https:\/\/www.youtube.com\/@NunoMarinho<\/a><!-- \/wp:paragraph -->\r\n\r\n<!-- wp:paragraph --><\/li>\r\n<\/ul>","protected":false},"excerpt":{"rendered":"<p>A Story Within A Story &#8211; Pat Metheny Solo A Story Within A Story is one of the best Pat Metheny solos ever played from the album Imaginary Day. Download the full Score and Tab. His soloing is so fluid and melodic, and complex and intriguing at the same time. I feel that this particular [&hellip;]<\/p>\n","protected":false},"featured_media":339,"template":"","meta":[],"product_brand":[],"product_cat":[28,26],"product_tag":[],"class_list":{"0":"post-305","1":"product","2":"type-product","3":"status-publish","4":"has-post-thumbnail","6":"product_cat-pat-metheny-scores","7":"product_cat-scores","9":"first","10":"instock","11":"downloadable","12":"shipping-taxable","13":"purchasable","14":"product-type-simple"},"yoast_head":"<!-- This site is optimized with the Yoast SEO plugin v26.0 - https:\/\/yoast.com\/wordpress\/plugins\/seo\/ -->\n<title>A Story Within A Story - Nuno Marinho Website<\/title>\n<meta name=\"description\" content=\"A Story Within A Story - Pat Metheny Solo from the album Imaginary Day. Score and Tab. One of the best solos ever played!\" \/>\n<meta name=\"robots\" content=\"index, follow, max-snippet:-1, max-image-preview:large, max-video-preview:-1\" \/>\n<link rel=\"canonical\" href=\"https:\/\/www.nunomarinho.com\/pt\/produto\/a-story-within-a-story\/\" \/>\n<meta property=\"og:locale\" content=\"pt_PT\" \/>\n<meta property=\"og:type\" content=\"article\" \/>\n<meta property=\"og:title\" content=\"A Story Within A Story - Pat Metheny Solo\" \/>\n<meta property=\"og:description\" content=\"A Story Within A Story - Pat Metheny Solo from the album Imaginary Day. Score and Tab. One of the best solos ever played!\" \/>\n<meta property=\"og:url\" content=\"https:\/\/www.nunomarinho.com\/pt\/produto\/a-story-within-a-story\/\" \/>\n<meta property=\"og:site_name\" content=\"Nuno Marinho Website\" \/>\n<meta property=\"article:modified_time\" content=\"2025-11-19T22:07:48+00:00\" \/>\n<meta property=\"og:image\" content=\"https:\/\/www.nunomarinho.com\/wp-content\/uploads\/2025\/10\/Imaginary-day-pat-metheny-group-a-story-within-a-story-solo-score.jpg\" \/>\n\t<meta property=\"og:image:width\" content=\"600\" \/>\n\t<meta property=\"og:image:height\" content=\"600\" \/>\n\t<meta property=\"og:image:type\" content=\"image\/jpeg\" \/>\n<meta name=\"twitter:card\" content=\"summary_large_image\" \/>\n<meta name=\"twitter:title\" content=\"A Story Within A Story - Pat Metheny Solo\" \/>\n<meta name=\"twitter:description\" content=\"A Story Within A Story - Pat Metheny Solo from the album Imaginary Day. Score and Tab. One of the best solos ever played!\" \/>\n<meta name=\"twitter:image\" content=\"https:\/\/www.nunomarinho.com\/wp-content\/uploads\/2025\/10\/Imaginary-day-pat-metheny-group-a-story-within-a-story-solo-score.jpg\" \/>\n<meta name=\"twitter:label1\" content=\"Tempo estimado de leitura\" \/>\n\t<meta name=\"twitter:data1\" content=\"1 minuto\" \/>\n<script type=\"application\/ld+json\" class=\"yoast-schema-graph\">{\"@context\":\"https:\/\/schema.org\",\"@graph\":[{\"@type\":\"WebPage\",\"@id\":\"https:\/\/www.nunomarinho.com\/product\/a-story-within-a-story\/\",\"url\":\"https:\/\/www.nunomarinho.com\/product\/a-story-within-a-story\/\",\"name\":\"A Story Within A Story - Nuno Marinho Website\",\"isPartOf\":{\"@id\":\"https:\/\/www.nunomarinho.com\/#website\"},\"primaryImageOfPage\":{\"@id\":\"https:\/\/www.nunomarinho.com\/product\/a-story-within-a-story\/#primaryimage\"},\"image\":{\"@id\":\"https:\/\/www.nunomarinho.com\/product\/a-story-within-a-story\/#primaryimage\"},\"thumbnailUrl\":\"https:\/\/www.nunomarinho.com\/wp-content\/uploads\/2025\/10\/Imaginary-day-pat-metheny-group-a-story-within-a-story-solo-score.jpg\",\"datePublished\":\"2025-10-22T18:56:38+00:00\",\"dateModified\":\"2025-11-19T22:07:48+00:00\",\"description\":\"A Story Within A Story - Pat Metheny Solo from the album Imaginary Day. Score and Tab. One of the best solos ever played!\",\"breadcrumb\":{\"@id\":\"https:\/\/www.nunomarinho.com\/product\/a-story-within-a-story\/#breadcrumb\"},\"inLanguage\":\"pt-PT\",\"potentialAction\":[{\"@type\":\"ReadAction\",\"target\":[\"https:\/\/www.nunomarinho.com\/product\/a-story-within-a-story\/\"]}]},{\"@type\":\"ImageObject\",\"inLanguage\":\"pt-PT\",\"@id\":\"https:\/\/www.nunomarinho.com\/product\/a-story-within-a-story\/#primaryimage\",\"url\":\"https:\/\/www.nunomarinho.com\/wp-content\/uploads\/2025\/10\/Imaginary-day-pat-metheny-group-a-story-within-a-story-solo-score.jpg\",\"contentUrl\":\"https:\/\/www.nunomarinho.com\/wp-content\/uploads\/2025\/10\/Imaginary-day-pat-metheny-group-a-story-within-a-story-solo-score.jpg\",\"width\":600,\"height\":600,\"caption\":\"A Story Within A Story - Pat Metheny Solo from the album Imaginary Day. Score and Tab. One of the best solos ever played!\"},{\"@type\":\"BreadcrumbList\",\"@id\":\"https:\/\/www.nunomarinho.com\/product\/a-story-within-a-story\/#breadcrumb\",\"itemListElement\":[{\"@type\":\"ListItem\",\"position\":1,\"name\":\"Home\",\"item\":\"https:\/\/www.nunomarinho.com\/\"},{\"@type\":\"ListItem\",\"position\":2,\"name\":\"Store\",\"item\":\"https:\/\/www.nunomarinho.com\/store\/\"},{\"@type\":\"ListItem\",\"position\":3,\"name\":\"A Story Within A Story\"}]},{\"@type\":\"WebSite\",\"@id\":\"https:\/\/www.nunomarinho.com\/#website\",\"url\":\"https:\/\/www.nunomarinho.com\/\",\"name\":\"Nuno Marinho Website\",\"description\":\"Classes &amp; Workshops\",\"publisher\":{\"@id\":\"https:\/\/www.nunomarinho.com\/#organization\"},\"potentialAction\":[{\"@type\":\"SearchAction\",\"target\":{\"@type\":\"EntryPoint\",\"urlTemplate\":\"https:\/\/www.nunomarinho.com\/?s={search_term_string}\"},\"query-input\":{\"@type\":\"PropertyValueSpecification\",\"valueRequired\":true,\"valueName\":\"search_term_string\"}}],\"inLanguage\":\"pt-PT\"},{\"@type\":\"Organization\",\"@id\":\"https:\/\/www.nunomarinho.com\/#organization\",\"name\":\"Nuno Marinho Website\",\"url\":\"https:\/\/www.nunomarinho.com\/\",\"logo\":{\"@type\":\"ImageObject\",\"inLanguage\":\"pt-PT\",\"@id\":\"https:\/\/www.nunomarinho.com\/#\/schema\/logo\/image\/\",\"url\":\"https:\/\/www.nunomarinho.com\/wp-content\/uploads\/2025\/10\/Logo-Transparente_branco.png\",\"contentUrl\":\"https:\/\/www.nunomarinho.com\/wp-content\/uploads\/2025\/10\/Logo-Transparente_branco.png\",\"width\":500,\"height\":500,\"caption\":\"Nuno Marinho Website\"},\"image\":{\"@id\":\"https:\/\/www.nunomarinho.com\/#\/schema\/logo\/image\/\"}}]}<\/script>\n<!-- \/ Yoast SEO plugin. -->","yoast_head_json":{"title":"Uma hist\u00f3ria dentro de uma hist\u00f3ria - Nuno Marinho Website","description":"A Story Within A Story - Pat Metheny Solo do \u00e1lbum Imaginary Day. Partitura e tablatura. Um dos melhores solos j\u00e1 tocados!","robots":{"index":"index","follow":"follow","max-snippet":"max-snippet:-1","max-image-preview":"max-image-preview:large","max-video-preview":"max-video-preview:-1"},"canonical":"https:\/\/www.nunomarinho.com\/pt\/produto\/a-story-within-a-story\/","og_locale":"pt_PT","og_type":"article","og_title":"A Story Within A Story - Pat Metheny Solo","og_description":"A Story Within A Story - Pat Metheny Solo from the album Imaginary Day. Score and Tab. One of the best solos ever played!","og_url":"https:\/\/www.nunomarinho.com\/pt\/produto\/a-story-within-a-story\/","og_site_name":"Nuno Marinho Website","article_modified_time":"2025-11-19T22:07:48+00:00","og_image":[{"width":600,"height":600,"url":"https:\/\/www.nunomarinho.com\/wp-content\/uploads\/2025\/10\/Imaginary-day-pat-metheny-group-a-story-within-a-story-solo-score.jpg","type":"image\/jpeg"}],"twitter_card":"summary_large_image","twitter_title":"A Story Within A Story - Pat Metheny Solo","twitter_description":"A Story Within A Story - Pat Metheny Solo from the album Imaginary Day. Score and Tab. One of the best solos ever played!","twitter_image":"https:\/\/www.nunomarinho.com\/wp-content\/uploads\/2025\/10\/Imaginary-day-pat-metheny-group-a-story-within-a-story-solo-score.jpg","twitter_misc":{"Tempo estimado de leitura":"1 minuto"},"schema":{"@context":"https:\/\/schema.org","@graph":[{"@type":"WebPage","@id":"https:\/\/www.nunomarinho.com\/product\/a-story-within-a-story\/","url":"https:\/\/www.nunomarinho.com\/product\/a-story-within-a-story\/","name":"Uma hist\u00f3ria dentro de uma hist\u00f3ria - Nuno Marinho Website","isPartOf":{"@id":"https:\/\/www.nunomarinho.com\/#website"},"primaryImageOfPage":{"@id":"https:\/\/www.nunomarinho.com\/product\/a-story-within-a-story\/#primaryimage"},"image":{"@id":"https:\/\/www.nunomarinho.com\/product\/a-story-within-a-story\/#primaryimage"},"thumbnailUrl":"https:\/\/www.nunomarinho.com\/wp-content\/uploads\/2025\/10\/Imaginary-day-pat-metheny-group-a-story-within-a-story-solo-score.jpg","datePublished":"2025-10-22T18:56:38+00:00","dateModified":"2025-11-19T22:07:48+00:00","description":"A Story Within A Story - Pat Metheny Solo do \u00e1lbum Imaginary Day. Partitura e tablatura. Um dos melhores solos j\u00e1 tocados!","breadcrumb":{"@id":"https:\/\/www.nunomarinho.com\/product\/a-story-within-a-story\/#breadcrumb"},"inLanguage":"pt-PT","potentialAction":[{"@type":"ReadAction","target":["https:\/\/www.nunomarinho.com\/product\/a-story-within-a-story\/"]}]},{"@type":"ImageObject","inLanguage":"pt-PT","@id":"https:\/\/www.nunomarinho.com\/product\/a-story-within-a-story\/#primaryimage","url":"https:\/\/www.nunomarinho.com\/wp-content\/uploads\/2025\/10\/Imaginary-day-pat-metheny-group-a-story-within-a-story-solo-score.jpg","contentUrl":"https:\/\/www.nunomarinho.com\/wp-content\/uploads\/2025\/10\/Imaginary-day-pat-metheny-group-a-story-within-a-story-solo-score.jpg","width":600,"height":600,"caption":"A Story Within A Story - Pat Metheny Solo from the album Imaginary Day. Score and Tab. One of the best solos ever played!"},{"@type":"BreadcrumbList","@id":"https:\/\/www.nunomarinho.com\/product\/a-story-within-a-story\/#breadcrumb","itemListElement":[{"@type":"ListItem","position":1,"name":"Home","item":"https:\/\/www.nunomarinho.com\/"},{"@type":"ListItem","position":2,"name":"Store","item":"https:\/\/www.nunomarinho.com\/store\/"},{"@type":"ListItem","position":3,"name":"A Story Within A Story"}]},{"@type":"WebSite","@id":"https:\/\/www.nunomarinho.com\/#website","url":"https:\/\/www.nunomarinho.com\/","name":"Nuno Marinho Website","description":"Aulas e workshops","publisher":{"@id":"https:\/\/www.nunomarinho.com\/#organization"},"potentialAction":[{"@type":"SearchAction","target":{"@type":"EntryPoint","urlTemplate":"https:\/\/www.nunomarinho.com\/?s={search_term_string}"},"query-input":{"@type":"PropertyValueSpecification","valueRequired":true,"valueName":"search_term_string"}}],"inLanguage":"pt-PT"},{"@type":"Organization","@id":"https:\/\/www.nunomarinho.com\/#organization","name":"Nuno Marinho Website","url":"https:\/\/www.nunomarinho.com\/","logo":{"@type":"ImageObject","inLanguage":"pt-PT","@id":"https:\/\/www.nunomarinho.com\/#\/schema\/logo\/image\/","url":"https:\/\/www.nunomarinho.com\/wp-content\/uploads\/2025\/10\/Logo-Transparente_branco.png","contentUrl":"https:\/\/www.nunomarinho.com\/wp-content\/uploads\/2025\/10\/Logo-Transparente_branco.png","width":500,"height":500,"caption":"Nuno Marinho Website"},"image":{"@id":"https:\/\/www.nunomarinho.com\/#\/schema\/logo\/image\/"}}]}},"_links":{"self":[{"href":"https:\/\/www.nunomarinho.com\/pt\/wp-json\/wp\/v2\/product\/305","targetHints":{"allow":["GET"]}}],"collection":[{"href":"https:\/\/www.nunomarinho.com\/pt\/wp-json\/wp\/v2\/product"}],"about":[{"href":"https:\/\/www.nunomarinho.com\/pt\/wp-json\/wp\/v2\/types\/product"}],"wp:featuredmedia":[{"embeddable":true,"href":"https:\/\/www.nunomarinho.com\/pt\/wp-json\/wp\/v2\/media\/339"}],"wp:attachment":[{"href":"https:\/\/www.nunomarinho.com\/pt\/wp-json\/wp\/v2\/media?parent=305"}],"wp:term":[{"taxonomy":"product_brand","embeddable":true,"href":"https:\/\/www.nunomarinho.com\/pt\/wp-json\/wp\/v2\/product_brand?post=305"},{"taxonomy":"product_cat","embeddable":true,"href":"https:\/\/www.nunomarinho.com\/pt\/wp-json\/wp\/v2\/product_cat?post=305"},{"taxonomy":"product_tag","embeddable":true,"href":"https:\/\/www.nunomarinho.com\/pt\/wp-json\/wp\/v2\/product_tag?post=305"}],"curies":[{"name":"wp","href":"https:\/\/api.w.org\/{rel}","templated":true}]}}