{"id":300,"date":"2025-10-22T18:56:37","date_gmt":"2025-10-22T18:56:37","guid":{"rendered":"https:\/\/www.nunomarinho.com\/?post_type=product&#038;p=300"},"modified":"2026-01-06T16:13:48","modified_gmt":"2026-01-06T16:13:48","slug":"guitar-chord-book","status":"publish","type":"product","link":"https:\/\/www.nunomarinho.com\/pt\/produto\/guitar-chord-book\/","title":{"rendered":"Livro de acordes para guitarra"},"content":{"rendered":"<h3>LIVRO DE ACORDES DE GUITARRA: \"Rhythm Guitar Fundamentals Vol 2\"<\/h3>\r\n<p>O CHORD BOOK \"Rhythm Guitar Fundamentals Vol.\" \u00e9 o resultado de mais de 20 anos de pr\u00e1tica, de tocar, de estudar e de ensinar teoria musical e guitarra.<\/p>\r\n<p>Dentro, encontrar\u00e1 a forma mais f\u00e1cil e r\u00e1pida de aprender Acordes, Voicings, Invers\u00f5es e, mais importante, a sua utiliza\u00e7\u00e3o em contexto!<\/p>\r\n<p>Construir o seu vocabul\u00e1rio de acordes de forma mais eficaz. Familiarizar-se com tr\u00edades abertas, clusters e vozes diat\u00f3nicas. Explore v\u00e1rios tipos de vozes dominantes. E aplique tudo isso usando padr\u00f5es r\u00edtmicos do jazz, funk, m\u00fasica brasileira e africana.<\/p>\r\n<p>Utilize este livro para compreender os princ\u00edpios fundamentais da execu\u00e7\u00e3o de acordes de guitarra em padr\u00f5es r\u00edtmicos e explore o desenvolvimento destes conceitos \u00e0 sua maneira. Divirta-se e trabalhe at\u00e9 atingir a excel\u00eancia.<\/p>\r\n<!-- \/wp:post-content -->\r\n<p><strong>SEGUIR NUNO MARINHO EM:<\/strong><\/p>\r\n<!-- \/wp:paragraph -->\r\n\r\n<!-- wp:paragraph -->\r\n<ul>\r\n<li>Loja de livros do s\u00edtio Web:\u00a0<a href=\"https:\/\/www.nunomarinho.com\/pt\/store\/\">https:\/\/www.nunomarinho.com\/store<\/a><!-- \/wp:paragraph -->\r\n\r\n<!-- wp:paragraph --><\/li>\r\n<li>Canal de v\u00eddeo:\u00a0<a href=\"https:\/\/www.youtube.com\/@NunoMarinho\">https:\/\/www.youtube.com\/@NunoMarinho<\/a><!-- \/wp:paragraph -->\r\n\r\n<!-- wp:paragraph --><\/li>\r\n<\/ul>","protected":false},"excerpt":{"rendered":"<p>GUITAR CHORD BOOK: &#8220;Rhythm Guitar Fundamentals Vol 2&#8221; The CHORD BOOK &#8220;Rhythm Guitar Fundamentals Vol.&#8221; is the result of 20+ years of practicing, playing, studying, and teaching music theory and guitar. Inside, you will find the easiest and fastest way to learn Chords, Voicings, Inversions, and, most importantly, their use in context! Build your chord [&hellip;]<\/p>\n","protected":false},"featured_media":569,"template":"","meta":[],"product_brand":[],"product_cat":[27],"product_tag":[],"class_list":{"0":"post-300","1":"product","2":"type-product","3":"status-publish","4":"has-post-thumbnail","6":"product_cat-books","8":"first","9":"instock","10":"sale","11":"downloadable","12":"shipping-taxable","13":"purchasable","14":"product-type-simple"},"yoast_head":"<!-- This site is optimized with the Yoast SEO plugin v26.0 - https:\/\/yoast.com\/wordpress\/plugins\/seo\/ -->\n<title>Guitar Chord Book - Nuno Marinho Website<\/title>\n<meta name=\"description\" content=\"Rhythm Guitar Fundamentals Vol. 2: Guitar Chord Book. The easiest and fastest way to learn Chords, Inversions, Open Triads, Drop 2 &amp; 3, 7th Chords and more!\" \/>\n<meta name=\"robots\" content=\"index, follow, max-snippet:-1, max-image-preview:large, max-video-preview:-1\" \/>\n<link rel=\"canonical\" href=\"https:\/\/www.nunomarinho.com\/pt\/produto\/guitar-chord-book\/\" \/>\n<meta property=\"og:locale\" content=\"pt_PT\" \/>\n<meta property=\"og:type\" content=\"article\" \/>\n<meta property=\"og:title\" content=\"Rhythm Guitar Fundamentals Vol. 2: Guitar Chord Book\" \/>\n<meta property=\"og:description\" content=\"Rhythm Guitar Fundamentals Vol. 2: Guitar Chord Book. The easiest and fastest way to learn Chords, Inversions, Open Triads, Drop 2 &amp; 3, 7th Chords and more!\" \/>\n<meta property=\"og:url\" content=\"https:\/\/www.nunomarinho.com\/pt\/produto\/guitar-chord-book\/\" \/>\n<meta property=\"og:site_name\" content=\"Nuno Marinho Website\" \/>\n<meta property=\"article:modified_time\" content=\"2026-01-06T16:13:48+00:00\" \/>\n<meta property=\"og:image\" content=\"https:\/\/www.nunomarinho.com\/wp-content\/uploads\/2025\/10\/RHITHM_GUITAR_VOL2_CAPA.webp\" \/>\n\t<meta property=\"og:image:width\" content=\"595\" \/>\n\t<meta property=\"og:image:height\" content=\"842\" \/>\n\t<meta property=\"og:image:type\" content=\"image\/webp\" \/>\n<meta name=\"twitter:card\" content=\"summary_large_image\" \/>\n<meta name=\"twitter:title\" content=\"Rhythm Guitar Fundamentals Vol. 2: Guitar Chord Book\" \/>\n<meta name=\"twitter:description\" content=\"Rhythm Guitar Fundamentals Vol. 2: Guitar Chord Book. The easiest and fastest way to learn Chords, Inversions, Open Triads, Drop 2 &amp; 3, 7th Chords and more!\" \/>\n<meta name=\"twitter:image\" content=\"https:\/\/www.nunomarinho.com\/wp-content\/uploads\/2025\/10\/RHITHM_GUITAR_VOL2_CAPA.webp\" \/>\n<meta name=\"twitter:label1\" content=\"Tempo estimado de leitura\" \/>\n\t<meta name=\"twitter:data1\" content=\"1 minuto\" \/>\n<script type=\"application\/ld+json\" class=\"yoast-schema-graph\">{\"@context\":\"https:\/\/schema.org\",\"@graph\":[{\"@type\":\"WebPage\",\"@id\":\"https:\/\/www.nunomarinho.com\/product\/guitar-chord-book\/\",\"url\":\"https:\/\/www.nunomarinho.com\/product\/guitar-chord-book\/\",\"name\":\"Guitar Chord Book - Nuno Marinho Website\",\"isPartOf\":{\"@id\":\"https:\/\/www.nunomarinho.com\/#website\"},\"primaryImageOfPage\":{\"@id\":\"https:\/\/www.nunomarinho.com\/product\/guitar-chord-book\/#primaryimage\"},\"image\":{\"@id\":\"https:\/\/www.nunomarinho.com\/product\/guitar-chord-book\/#primaryimage\"},\"thumbnailUrl\":\"https:\/\/www.nunomarinho.com\/wp-content\/uploads\/2025\/10\/RHITHM_GUITAR_VOL2_CAPA.webp\",\"datePublished\":\"2025-10-22T18:56:37+00:00\",\"dateModified\":\"2026-01-06T16:13:48+00:00\",\"description\":\"Rhythm Guitar Fundamentals Vol. 2: Guitar Chord Book. The easiest and fastest way to learn Chords, Inversions, Open Triads, Drop 2 & 3, 7th Chords and more!\",\"breadcrumb\":{\"@id\":\"https:\/\/www.nunomarinho.com\/product\/guitar-chord-book\/#breadcrumb\"},\"inLanguage\":\"pt-PT\",\"potentialAction\":[{\"@type\":\"ReadAction\",\"target\":[\"https:\/\/www.nunomarinho.com\/product\/guitar-chord-book\/\"]}]},{\"@type\":\"ImageObject\",\"inLanguage\":\"pt-PT\",\"@id\":\"https:\/\/www.nunomarinho.com\/product\/guitar-chord-book\/#primaryimage\",\"url\":\"https:\/\/www.nunomarinho.com\/wp-content\/uploads\/2025\/10\/RHITHM_GUITAR_VOL2_CAPA.webp\",\"contentUrl\":\"https:\/\/www.nunomarinho.com\/wp-content\/uploads\/2025\/10\/RHITHM_GUITAR_VOL2_CAPA.webp\",\"width\":595,\"height\":842,\"caption\":\"Rhythm Guitar Fundamentals Vol. 2: Guitar Chord Book. The easiest and fastest way to learn Chords, Inversions, Open Triads, Drop 2 & 3, 7th Chords and more!\"},{\"@type\":\"BreadcrumbList\",\"@id\":\"https:\/\/www.nunomarinho.com\/product\/guitar-chord-book\/#breadcrumb\",\"itemListElement\":[{\"@type\":\"ListItem\",\"position\":1,\"name\":\"Home\",\"item\":\"https:\/\/www.nunomarinho.com\/\"},{\"@type\":\"ListItem\",\"position\":2,\"name\":\"Store\",\"item\":\"https:\/\/www.nunomarinho.com\/store\/\"},{\"@type\":\"ListItem\",\"position\":3,\"name\":\"Guitar Chord Book\"}]},{\"@type\":\"WebSite\",\"@id\":\"https:\/\/www.nunomarinho.com\/#website\",\"url\":\"https:\/\/www.nunomarinho.com\/\",\"name\":\"Nuno Marinho Website\",\"description\":\"Classes &amp; Workshops\",\"publisher\":{\"@id\":\"https:\/\/www.nunomarinho.com\/#organization\"},\"potentialAction\":[{\"@type\":\"SearchAction\",\"target\":{\"@type\":\"EntryPoint\",\"urlTemplate\":\"https:\/\/www.nunomarinho.com\/?s={search_term_string}\"},\"query-input\":{\"@type\":\"PropertyValueSpecification\",\"valueRequired\":true,\"valueName\":\"search_term_string\"}}],\"inLanguage\":\"pt-PT\"},{\"@type\":\"Organization\",\"@id\":\"https:\/\/www.nunomarinho.com\/#organization\",\"name\":\"Nuno Marinho Website\",\"url\":\"https:\/\/www.nunomarinho.com\/\",\"logo\":{\"@type\":\"ImageObject\",\"inLanguage\":\"pt-PT\",\"@id\":\"https:\/\/www.nunomarinho.com\/#\/schema\/logo\/image\/\",\"url\":\"https:\/\/www.nunomarinho.com\/wp-content\/uploads\/2025\/10\/Logo-Transparente_branco.png\",\"contentUrl\":\"https:\/\/www.nunomarinho.com\/wp-content\/uploads\/2025\/10\/Logo-Transparente_branco.png\",\"width\":500,\"height\":500,\"caption\":\"Nuno Marinho Website\"},\"image\":{\"@id\":\"https:\/\/www.nunomarinho.com\/#\/schema\/logo\/image\/\"}}]}<\/script>\n<!-- \/ Yoast SEO plugin. -->","yoast_head_json":{"title":"Livro de acordes para guitarra - Nuno Marinho Website","description":"Fundamentos de Guitarra R\u00edtmica Vol. 2: Livro de Acordes de Guitarra. A maneira mais f\u00e1cil e r\u00e1pida de aprender acordes, invers\u00f5es, tr\u00edades abertas, Drop 2 e 3, acordes de 7\u00aa e muito mais!","robots":{"index":"index","follow":"follow","max-snippet":"max-snippet:-1","max-image-preview":"max-image-preview:large","max-video-preview":"max-video-preview:-1"},"canonical":"https:\/\/www.nunomarinho.com\/pt\/produto\/guitar-chord-book\/","og_locale":"pt_PT","og_type":"article","og_title":"Rhythm Guitar Fundamentals Vol. 2: Guitar Chord Book","og_description":"Rhythm Guitar Fundamentals Vol. 2: Guitar Chord Book. The easiest and fastest way to learn Chords, Inversions, Open Triads, Drop 2 & 3, 7th Chords and more!","og_url":"https:\/\/www.nunomarinho.com\/pt\/produto\/guitar-chord-book\/","og_site_name":"Nuno Marinho Website","article_modified_time":"2026-01-06T16:13:48+00:00","og_image":[{"width":595,"height":842,"url":"https:\/\/www.nunomarinho.com\/wp-content\/uploads\/2025\/10\/RHITHM_GUITAR_VOL2_CAPA.webp","type":"image\/webp"}],"twitter_card":"summary_large_image","twitter_title":"Rhythm Guitar Fundamentals Vol. 2: Guitar Chord Book","twitter_description":"Rhythm Guitar Fundamentals Vol. 2: Guitar Chord Book. The easiest and fastest way to learn Chords, Inversions, Open Triads, Drop 2 & 3, 7th Chords and more!","twitter_image":"https:\/\/www.nunomarinho.com\/wp-content\/uploads\/2025\/10\/RHITHM_GUITAR_VOL2_CAPA.webp","twitter_misc":{"Tempo estimado de leitura":"1 minuto"},"schema":{"@context":"https:\/\/schema.org","@graph":[{"@type":"WebPage","@id":"https:\/\/www.nunomarinho.com\/product\/guitar-chord-book\/","url":"https:\/\/www.nunomarinho.com\/product\/guitar-chord-book\/","name":"Livro de acordes para guitarra - Nuno Marinho Website","isPartOf":{"@id":"https:\/\/www.nunomarinho.com\/#website"},"primaryImageOfPage":{"@id":"https:\/\/www.nunomarinho.com\/product\/guitar-chord-book\/#primaryimage"},"image":{"@id":"https:\/\/www.nunomarinho.com\/product\/guitar-chord-book\/#primaryimage"},"thumbnailUrl":"https:\/\/www.nunomarinho.com\/wp-content\/uploads\/2025\/10\/RHITHM_GUITAR_VOL2_CAPA.webp","datePublished":"2025-10-22T18:56:37+00:00","dateModified":"2026-01-06T16:13:48+00:00","description":"Fundamentos de Guitarra R\u00edtmica Vol. 2: Livro de Acordes de Guitarra. A maneira mais f\u00e1cil e r\u00e1pida de aprender acordes, invers\u00f5es, tr\u00edades abertas, Drop 2 e 3, acordes de 7\u00aa e muito mais!","breadcrumb":{"@id":"https:\/\/www.nunomarinho.com\/product\/guitar-chord-book\/#breadcrumb"},"inLanguage":"pt-PT","potentialAction":[{"@type":"ReadAction","target":["https:\/\/www.nunomarinho.com\/product\/guitar-chord-book\/"]}]},{"@type":"ImageObject","inLanguage":"pt-PT","@id":"https:\/\/www.nunomarinho.com\/product\/guitar-chord-book\/#primaryimage","url":"https:\/\/www.nunomarinho.com\/wp-content\/uploads\/2025\/10\/RHITHM_GUITAR_VOL2_CAPA.webp","contentUrl":"https:\/\/www.nunomarinho.com\/wp-content\/uploads\/2025\/10\/RHITHM_GUITAR_VOL2_CAPA.webp","width":595,"height":842,"caption":"Rhythm Guitar Fundamentals Vol. 2: Guitar Chord Book. The easiest and fastest way to learn Chords, Inversions, Open Triads, Drop 2 & 3, 7th Chords and more!"},{"@type":"BreadcrumbList","@id":"https:\/\/www.nunomarinho.com\/product\/guitar-chord-book\/#breadcrumb","itemListElement":[{"@type":"ListItem","position":1,"name":"Home","item":"https:\/\/www.nunomarinho.com\/"},{"@type":"ListItem","position":2,"name":"Store","item":"https:\/\/www.nunomarinho.com\/store\/"},{"@type":"ListItem","position":3,"name":"Guitar Chord Book"}]},{"@type":"WebSite","@id":"https:\/\/www.nunomarinho.com\/#website","url":"https:\/\/www.nunomarinho.com\/","name":"Nuno Marinho Website","description":"Aulas e workshops","publisher":{"@id":"https:\/\/www.nunomarinho.com\/#organization"},"potentialAction":[{"@type":"SearchAction","target":{"@type":"EntryPoint","urlTemplate":"https:\/\/www.nunomarinho.com\/?s={search_term_string}"},"query-input":{"@type":"PropertyValueSpecification","valueRequired":true,"valueName":"search_term_string"}}],"inLanguage":"pt-PT"},{"@type":"Organization","@id":"https:\/\/www.nunomarinho.com\/#organization","name":"Nuno Marinho Website","url":"https:\/\/www.nunomarinho.com\/","logo":{"@type":"ImageObject","inLanguage":"pt-PT","@id":"https:\/\/www.nunomarinho.com\/#\/schema\/logo\/image\/","url":"https:\/\/www.nunomarinho.com\/wp-content\/uploads\/2025\/10\/Logo-Transparente_branco.png","contentUrl":"https:\/\/www.nunomarinho.com\/wp-content\/uploads\/2025\/10\/Logo-Transparente_branco.png","width":500,"height":500,"caption":"Nuno Marinho Website"},"image":{"@id":"https:\/\/www.nunomarinho.com\/#\/schema\/logo\/image\/"}}]}},"_links":{"self":[{"href":"https:\/\/www.nunomarinho.com\/pt\/wp-json\/wp\/v2\/product\/300","targetHints":{"allow":["GET"]}}],"collection":[{"href":"https:\/\/www.nunomarinho.com\/pt\/wp-json\/wp\/v2\/product"}],"about":[{"href":"https:\/\/www.nunomarinho.com\/pt\/wp-json\/wp\/v2\/types\/product"}],"wp:featuredmedia":[{"embeddable":true,"href":"https:\/\/www.nunomarinho.com\/pt\/wp-json\/wp\/v2\/media\/569"}],"wp:attachment":[{"href":"https:\/\/www.nunomarinho.com\/pt\/wp-json\/wp\/v2\/media?parent=300"}],"wp:term":[{"taxonomy":"product_brand","embeddable":true,"href":"https:\/\/www.nunomarinho.com\/pt\/wp-json\/wp\/v2\/product_brand?post=300"},{"taxonomy":"product_cat","embeddable":true,"href":"https:\/\/www.nunomarinho.com\/pt\/wp-json\/wp\/v2\/product_cat?post=300"},{"taxonomy":"product_tag","embeddable":true,"href":"https:\/\/www.nunomarinho.com\/pt\/wp-json\/wp\/v2\/product_tag?post=300"}],"curies":[{"name":"wp","href":"https:\/\/api.w.org\/{rel}","templated":true}]}}