{"id":299,"date":"2025-10-22T18:56:37","date_gmt":"2025-10-22T18:56:37","guid":{"rendered":"https:\/\/www.nunomarinho.com\/?post_type=product&#038;p=299"},"modified":"2026-03-07T21:57:52","modified_gmt":"2026-03-07T21:57:52","slug":"songbook","status":"publish","type":"product","link":"https:\/\/www.nunomarinho.com\/pt\/produto\/songbook\/","title":{"rendered":"Livro de can\u00e7\u00f5es"},"content":{"rendered":"<h1>LIVRO DE CAN\u00c7\u00d5ES: \"Rhythm Guitar Fundamentals Vol. 1\"<\/h1>\r\n<p>O Songbook \"Rhythm Guitar Fundamentals Vol. 1\" cont\u00e9m mais de 120 can\u00e7\u00f5es de rock, pop e jazz no formato mais completo e f\u00e1cil de ler.<\/p>\r\n<p>Esque\u00e7a os livros de 8 can\u00e7\u00f5es com barras e p\u00e1ginas repetitivas intermin\u00e1veis. Aqui, obt\u00e9m a transcri\u00e7\u00e3o completa da m\u00fasica em peda\u00e7os de informa\u00e7\u00e3o apelativos e prontos a tocar. Deixe de se perder em tantas p\u00e1ginas que dispersam a sua aten\u00e7\u00e3o, e concentre-se no que realmente quer: tocar a m\u00fasica!<\/p>\r\n<p>As transcri\u00e7\u00f5es apresentadas na s\u00e9rie RHYTHM GUITAR FUNDAMENTALS utilizaram exclusivamente as fontes de \u00e1udio das m\u00fasicas originais como base de trabalho. Isto assegurou que o resultado final fosse fi\u00e1vel, preciso e fidedigno. A seguir ao t\u00edtulo ou nome da can\u00e7\u00e3o, h\u00e1 uma identifica\u00e7\u00e3o do int\u00e9rprete atual da vers\u00e3o analisada e transcrita da can\u00e7\u00e3o, e n\u00e3o do compositor original.<\/p>\r\n<!-- \/wp:post-content -->\r\n<p>Aprende e memoriza as tuas can\u00e7\u00f5es favoritas com o Songbook \"Rhythm Guitar Fundamentals Vol. 1\".<\/p>\r\n<p><br \/><strong>SEGUIR NUNO MARINHO EM:<\/strong><\/p>\r\n<!-- \/wp:paragraph -->\r\n\r\n<!-- wp:paragraph -->\r\n<ul>\r\n<li>Loja de livros do s\u00edtio Web:\u00a0<a href=\"https:\/\/www.nunomarinho.com\/pt\/store\/\">https:\/\/www.nunomarinho.com\/store<\/a><!-- \/wp:paragraph -->\r\n\r\n<!-- wp:paragraph --><\/li>\r\n<li>Canal de v\u00eddeo:\u00a0<a href=\"https:\/\/www.youtube.com\/@NunoMarinho\">https:\/\/www.youtube.com\/@NunoMarinho<\/a><!-- \/wp:paragraph -->\r\n\r\n<!-- wp:paragraph --><\/li>\r\n<\/ul>","protected":false},"excerpt":{"rendered":"<p>SONGBOOK: &#8220;Rhythm Guitar Fundamentals Vol. 1&#8221; The Songbook &#8220;Rhythm Guitar Fundamentals Vol. 1&#8221; contains over 120 rock, pop, and jazz songs in the most comprehensive and easy-to-read format. Forget about 8-song books with endless repetitive bars and pages. Here, you get the full song transcription in eye-catching and ready-to-play chunks of information. Stop getting lost [&hellip;]<\/p>\n","protected":false},"featured_media":329,"template":"","meta":[],"product_brand":[],"product_cat":[27],"product_tag":[],"class_list":{"0":"post-299","1":"product","2":"type-product","3":"status-publish","4":"has-post-thumbnail","6":"product_cat-books","8":"first","9":"instock","10":"sale","11":"downloadable","12":"shipping-taxable","13":"purchasable","14":"product-type-simple"},"yoast_head":"<!-- This site is optimized with the Yoast SEO plugin v26.0 - https:\/\/yoast.com\/wordpress\/plugins\/seo\/ -->\n<title>SongBook - Nuno Marinho Website<\/title>\n<meta name=\"description\" content=\"Rhythm Guitar Fundamentals vol. 1 is a SongBook compilation with over +120 Pop, Rock, Blues, and Jazz songs. Easy-to-use Scores with Tabs and Chord Charts.\" \/>\n<meta name=\"robots\" content=\"index, follow, max-snippet:-1, max-image-preview:large, max-video-preview:-1\" \/>\n<link rel=\"canonical\" href=\"https:\/\/www.nunomarinho.com\/pt\/produto\/songbook\/\" \/>\n<meta property=\"og:locale\" content=\"pt_PT\" \/>\n<meta property=\"og:type\" content=\"article\" \/>\n<meta property=\"og:title\" content=\"Songbook Rhythm Guitar Fundamentals vol. 1\" \/>\n<meta property=\"og:description\" content=\"Rhythm Guitar Fundamentals vol. 1 is a SongBook compilation with over +120 Pop, Rock, Blues, and Jazz songs. Easy-to-use Scores with Tabs and Chord Charts.\" \/>\n<meta property=\"og:url\" content=\"https:\/\/www.nunomarinho.com\/pt\/produto\/songbook\/\" \/>\n<meta property=\"og:site_name\" content=\"Nuno Marinho Website\" \/>\n<meta property=\"article:modified_time\" content=\"2026-03-07T21:57:52+00:00\" \/>\n<meta property=\"og:image\" content=\"https:\/\/www.nunomarinho.com\/wp-content\/uploads\/2025\/10\/Vol-1-Capa.jpg\" \/>\n\t<meta property=\"og:image:width\" content=\"595\" \/>\n\t<meta property=\"og:image:height\" content=\"842\" \/>\n\t<meta property=\"og:image:type\" content=\"image\/jpeg\" \/>\n<meta name=\"twitter:card\" content=\"summary_large_image\" \/>\n<meta name=\"twitter:title\" content=\"Songbook Rhythm Guitar Fundamentals vol. 1\" \/>\n<meta name=\"twitter:description\" content=\"Rhythm Guitar Fundamentals vol. 1 is a SongBook compilation with over +120 Pop, Rock, Blues, and Jazz songs. Easy-to-use Scores with Tabs and Chord Charts.\" \/>\n<meta name=\"twitter:image\" content=\"https:\/\/www.nunomarinho.com\/wp-content\/uploads\/2025\/10\/Vol-1-Capa.jpg\" \/>\n<meta name=\"twitter:label1\" content=\"Tempo estimado de leitura\" \/>\n\t<meta name=\"twitter:data1\" content=\"1 minuto\" \/>\n<script type=\"application\/ld+json\" class=\"yoast-schema-graph\">{\"@context\":\"https:\/\/schema.org\",\"@graph\":[{\"@type\":\"WebPage\",\"@id\":\"https:\/\/www.nunomarinho.com\/product\/songbook\/\",\"url\":\"https:\/\/www.nunomarinho.com\/product\/songbook\/\",\"name\":\"SongBook - Nuno Marinho Website\",\"isPartOf\":{\"@id\":\"https:\/\/www.nunomarinho.com\/#website\"},\"primaryImageOfPage\":{\"@id\":\"https:\/\/www.nunomarinho.com\/product\/songbook\/#primaryimage\"},\"image\":{\"@id\":\"https:\/\/www.nunomarinho.com\/product\/songbook\/#primaryimage\"},\"thumbnailUrl\":\"https:\/\/www.nunomarinho.com\/wp-content\/uploads\/2025\/10\/Vol-1-Capa.jpg\",\"datePublished\":\"2025-10-22T18:56:37+00:00\",\"dateModified\":\"2026-03-07T21:57:52+00:00\",\"description\":\"Rhythm Guitar Fundamentals vol. 1 is a SongBook compilation with over +120 Pop, Rock, Blues, and Jazz songs. Easy-to-use Scores with Tabs and Chord Charts.\",\"breadcrumb\":{\"@id\":\"https:\/\/www.nunomarinho.com\/product\/songbook\/#breadcrumb\"},\"inLanguage\":\"pt-PT\",\"potentialAction\":[{\"@type\":\"ReadAction\",\"target\":[\"https:\/\/www.nunomarinho.com\/product\/songbook\/\"]}]},{\"@type\":\"ImageObject\",\"inLanguage\":\"pt-PT\",\"@id\":\"https:\/\/www.nunomarinho.com\/product\/songbook\/#primaryimage\",\"url\":\"https:\/\/www.nunomarinho.com\/wp-content\/uploads\/2025\/10\/Vol-1-Capa.jpg\",\"contentUrl\":\"https:\/\/www.nunomarinho.com\/wp-content\/uploads\/2025\/10\/Vol-1-Capa.jpg\",\"width\":595,\"height\":842,\"caption\":\"Rhythm Guitar Fundamentals vol. 1 is a SongBook compilation with over +120 Pop, Rock, Blues, and Jazz songs. Easy-to-use Scores with Tabs and Chord Charts.\"},{\"@type\":\"BreadcrumbList\",\"@id\":\"https:\/\/www.nunomarinho.com\/product\/songbook\/#breadcrumb\",\"itemListElement\":[{\"@type\":\"ListItem\",\"position\":1,\"name\":\"Home\",\"item\":\"https:\/\/www.nunomarinho.com\/\"},{\"@type\":\"ListItem\",\"position\":2,\"name\":\"Store\",\"item\":\"https:\/\/www.nunomarinho.com\/store\/\"},{\"@type\":\"ListItem\",\"position\":3,\"name\":\"SongBook\"}]},{\"@type\":\"WebSite\",\"@id\":\"https:\/\/www.nunomarinho.com\/#website\",\"url\":\"https:\/\/www.nunomarinho.com\/\",\"name\":\"Nuno Marinho Website\",\"description\":\"Classes &amp; Workshops\",\"publisher\":{\"@id\":\"https:\/\/www.nunomarinho.com\/#organization\"},\"potentialAction\":[{\"@type\":\"SearchAction\",\"target\":{\"@type\":\"EntryPoint\",\"urlTemplate\":\"https:\/\/www.nunomarinho.com\/?s={search_term_string}\"},\"query-input\":{\"@type\":\"PropertyValueSpecification\",\"valueRequired\":true,\"valueName\":\"search_term_string\"}}],\"inLanguage\":\"pt-PT\"},{\"@type\":\"Organization\",\"@id\":\"https:\/\/www.nunomarinho.com\/#organization\",\"name\":\"Nuno Marinho Website\",\"url\":\"https:\/\/www.nunomarinho.com\/\",\"logo\":{\"@type\":\"ImageObject\",\"inLanguage\":\"pt-PT\",\"@id\":\"https:\/\/www.nunomarinho.com\/#\/schema\/logo\/image\/\",\"url\":\"https:\/\/www.nunomarinho.com\/wp-content\/uploads\/2025\/10\/Logo-Transparente_branco.png\",\"contentUrl\":\"https:\/\/www.nunomarinho.com\/wp-content\/uploads\/2025\/10\/Logo-Transparente_branco.png\",\"width\":500,\"height\":500,\"caption\":\"Nuno Marinho Website\"},\"image\":{\"@id\":\"https:\/\/www.nunomarinho.com\/#\/schema\/logo\/image\/\"}}]}<\/script>\n<!-- \/ Yoast SEO plugin. -->","yoast_head_json":{"title":"SongBook - Site de Nuno Marinho","description":"Rhythm Guitar Fundamentals vol. 1 \u00e9 uma compila\u00e7\u00e3o de SongBook com mais de 120 can\u00e7\u00f5es de Pop, Rock, Blues e Jazz. Partituras f\u00e1ceis de usar com Tabs e tabelas de acordes.","robots":{"index":"index","follow":"follow","max-snippet":"max-snippet:-1","max-image-preview":"max-image-preview:large","max-video-preview":"max-video-preview:-1"},"canonical":"https:\/\/www.nunomarinho.com\/pt\/produto\/songbook\/","og_locale":"pt_PT","og_type":"article","og_title":"Songbook Rhythm Guitar Fundamentals vol. 1","og_description":"Rhythm Guitar Fundamentals vol. 1 is a SongBook compilation with over +120 Pop, Rock, Blues, and Jazz songs. Easy-to-use Scores with Tabs and Chord Charts.","og_url":"https:\/\/www.nunomarinho.com\/pt\/produto\/songbook\/","og_site_name":"Nuno Marinho Website","article_modified_time":"2026-03-07T21:57:52+00:00","og_image":[{"width":595,"height":842,"url":"https:\/\/www.nunomarinho.com\/wp-content\/uploads\/2025\/10\/Vol-1-Capa.jpg","type":"image\/jpeg"}],"twitter_card":"summary_large_image","twitter_title":"Songbook Rhythm Guitar Fundamentals vol. 1","twitter_description":"Rhythm Guitar Fundamentals vol. 1 is a SongBook compilation with over +120 Pop, Rock, Blues, and Jazz songs. Easy-to-use Scores with Tabs and Chord Charts.","twitter_image":"https:\/\/www.nunomarinho.com\/wp-content\/uploads\/2025\/10\/Vol-1-Capa.jpg","twitter_misc":{"Tempo estimado de leitura":"1 minuto"},"schema":{"@context":"https:\/\/schema.org","@graph":[{"@type":"WebPage","@id":"https:\/\/www.nunomarinho.com\/product\/songbook\/","url":"https:\/\/www.nunomarinho.com\/product\/songbook\/","name":"SongBook - Site de Nuno Marinho","isPartOf":{"@id":"https:\/\/www.nunomarinho.com\/#website"},"primaryImageOfPage":{"@id":"https:\/\/www.nunomarinho.com\/product\/songbook\/#primaryimage"},"image":{"@id":"https:\/\/www.nunomarinho.com\/product\/songbook\/#primaryimage"},"thumbnailUrl":"https:\/\/www.nunomarinho.com\/wp-content\/uploads\/2025\/10\/Vol-1-Capa.jpg","datePublished":"2025-10-22T18:56:37+00:00","dateModified":"2026-03-07T21:57:52+00:00","description":"Rhythm Guitar Fundamentals vol. 1 \u00e9 uma compila\u00e7\u00e3o de SongBook com mais de 120 can\u00e7\u00f5es de Pop, Rock, Blues e Jazz. Partituras f\u00e1ceis de usar com Tabs e tabelas de acordes.","breadcrumb":{"@id":"https:\/\/www.nunomarinho.com\/product\/songbook\/#breadcrumb"},"inLanguage":"pt-PT","potentialAction":[{"@type":"ReadAction","target":["https:\/\/www.nunomarinho.com\/product\/songbook\/"]}]},{"@type":"ImageObject","inLanguage":"pt-PT","@id":"https:\/\/www.nunomarinho.com\/product\/songbook\/#primaryimage","url":"https:\/\/www.nunomarinho.com\/wp-content\/uploads\/2025\/10\/Vol-1-Capa.jpg","contentUrl":"https:\/\/www.nunomarinho.com\/wp-content\/uploads\/2025\/10\/Vol-1-Capa.jpg","width":595,"height":842,"caption":"Rhythm Guitar Fundamentals vol. 1 is a SongBook compilation with over +120 Pop, Rock, Blues, and Jazz songs. Easy-to-use Scores with Tabs and Chord Charts."},{"@type":"BreadcrumbList","@id":"https:\/\/www.nunomarinho.com\/product\/songbook\/#breadcrumb","itemListElement":[{"@type":"ListItem","position":1,"name":"Home","item":"https:\/\/www.nunomarinho.com\/"},{"@type":"ListItem","position":2,"name":"Store","item":"https:\/\/www.nunomarinho.com\/store\/"},{"@type":"ListItem","position":3,"name":"SongBook"}]},{"@type":"WebSite","@id":"https:\/\/www.nunomarinho.com\/#website","url":"https:\/\/www.nunomarinho.com\/","name":"Nuno Marinho Website","description":"Aulas e workshops","publisher":{"@id":"https:\/\/www.nunomarinho.com\/#organization"},"potentialAction":[{"@type":"SearchAction","target":{"@type":"EntryPoint","urlTemplate":"https:\/\/www.nunomarinho.com\/?s={search_term_string}"},"query-input":{"@type":"PropertyValueSpecification","valueRequired":true,"valueName":"search_term_string"}}],"inLanguage":"pt-PT"},{"@type":"Organization","@id":"https:\/\/www.nunomarinho.com\/#organization","name":"Nuno Marinho Website","url":"https:\/\/www.nunomarinho.com\/","logo":{"@type":"ImageObject","inLanguage":"pt-PT","@id":"https:\/\/www.nunomarinho.com\/#\/schema\/logo\/image\/","url":"https:\/\/www.nunomarinho.com\/wp-content\/uploads\/2025\/10\/Logo-Transparente_branco.png","contentUrl":"https:\/\/www.nunomarinho.com\/wp-content\/uploads\/2025\/10\/Logo-Transparente_branco.png","width":500,"height":500,"caption":"Nuno Marinho Website"},"image":{"@id":"https:\/\/www.nunomarinho.com\/#\/schema\/logo\/image\/"}}]}},"_links":{"self":[{"href":"https:\/\/www.nunomarinho.com\/pt\/wp-json\/wp\/v2\/product\/299","targetHints":{"allow":["GET"]}}],"collection":[{"href":"https:\/\/www.nunomarinho.com\/pt\/wp-json\/wp\/v2\/product"}],"about":[{"href":"https:\/\/www.nunomarinho.com\/pt\/wp-json\/wp\/v2\/types\/product"}],"wp:featuredmedia":[{"embeddable":true,"href":"https:\/\/www.nunomarinho.com\/pt\/wp-json\/wp\/v2\/media\/329"}],"wp:attachment":[{"href":"https:\/\/www.nunomarinho.com\/pt\/wp-json\/wp\/v2\/media?parent=299"}],"wp:term":[{"taxonomy":"product_brand","embeddable":true,"href":"https:\/\/www.nunomarinho.com\/pt\/wp-json\/wp\/v2\/product_brand?post=299"},{"taxonomy":"product_cat","embeddable":true,"href":"https:\/\/www.nunomarinho.com\/pt\/wp-json\/wp\/v2\/product_cat?post=299"},{"taxonomy":"product_tag","embeddable":true,"href":"https:\/\/www.nunomarinho.com\/pt\/wp-json\/wp\/v2\/product_tag?post=299"}],"curies":[{"name":"wp","href":"https:\/\/api.w.org\/{rel}","templated":true}]}}