{"id":298,"date":"2025-10-22T18:56:37","date_gmt":"2025-10-22T18:56:37","guid":{"rendered":"https:\/\/www.nunomarinho.com\/?post_type=product&#038;p=298"},"modified":"2025-11-19T21:55:19","modified_gmt":"2025-11-19T21:55:19","slug":"all-of-me-django-solo","status":"publish","type":"product","link":"https:\/\/www.nunomarinho.com\/pt\/produto\/all-of-me-django-solo\/","title":{"rendered":"All Of Me Django Solo"},"content":{"rendered":"<h3>Allo Of Me - Django Reinhardt Solo (1940)<\/h3>\r\n<p>Descarregue a partitura TAB do solo de Django Reinhardt em All Of Me. Mais do que uma transcri\u00e7\u00e3o, esta \u00e9 uma aula de guitarra em forma de e-book. Lick a lick, descubra o que Django Reinhardt est\u00e1 a pensar e a tocar.<\/p>\r\n<p>Agora pode tirar o melhor partido dos licks de Django e torn\u00e1-los seus no pr\u00f3ximo concerto!<\/p>\r\n<p>A partitura e a tablatura s\u00e3o fornecidas para os dedilhados originais e a articula\u00e7\u00e3o fi\u00e1vel das frases.<\/p>\r\n<p>TODOS OS LICKS S\u00c3O IDENTIFICADOS, DELINEADOS E ANALISADOS AO LONGO DA FOLHA DE M\u00daSICA.<\/p>\r\n<p><iframe loading=\"lazy\" title=\"All Of Me - Django Reinhardt (1940)\" width=\"1080\" height=\"608\" src=\"https:\/\/www.youtube.com\/embed\/QwHDM9q4vKM?feature=oembed\"  allow=\"accelerometer; autoplay; clipboard-write; encrypted-media; gyroscope; picture-in-picture; web-share\" referrerpolicy=\"strict-origin-when-cross-origin\" allowfullscreen><\/iframe><\/p>\r\n<p><strong>SEGUIR NUNO MARINHO EM:<\/strong><\/p>\r\n<!-- \/wp:post-content -->\r\n\r\n<!-- wp:paragraph -->\r\n<ul>\r\n<li>Loja de livros do s\u00edtio Web:\u00a0<a href=\"https:\/\/www.nunomarinho.com\/pt\/store\/\">https:\/\/www.nunomarinho.com\/store<\/a><!-- \/wp:paragraph -->\r\n\r\n<!-- wp:paragraph --><\/li>\r\n<li>Canal de v\u00eddeo:\u00a0<a href=\"https:\/\/www.youtube.com\/@NunoMarinho\">https:\/\/www.youtube.com\/@NunoMarinho<\/a><!-- \/wp:paragraph -->\r\n\r\n<!-- wp:paragraph --><\/li>\r\n<\/ul>","protected":false},"excerpt":{"rendered":"<p>All Of Me - Django Reinhardt Solo (1940) Descarregue a partitura TAB do solo de Django Reinhardt em All Of Me. Mais do que uma transcri\u00e7\u00e3o, esta \u00e9 uma aula de guitarra em forma de e-book. Lick a lick, descubra o que Django Reinhardt est\u00e1 a pensar e a tocar. Agora pode tirar o melhor partido do solo de Django [...]<\/p>","protected":false},"featured_media":328,"template":"","meta":[],"product_brand":[],"product_cat":[25,26],"product_tag":[],"class_list":{"0":"post-298","1":"product","2":"type-product","3":"status-publish","4":"has-post-thumbnail","6":"product_cat-django-reinhardt-scores","7":"product_cat-scores","9":"first","10":"instock","11":"downloadable","12":"shipping-taxable","13":"purchasable","14":"product-type-simple"},"yoast_head":"<!-- This site is optimized with the Yoast SEO plugin v26.0 - https:\/\/yoast.com\/wordpress\/plugins\/seo\/ -->\n<title>All Of Me Django Solo - Nuno Marinho Website<\/title>\n<meta name=\"description\" content=\"All of Me Django Solo. This score is a guitar class in the shape of an e-book. Lick by lick, discover how Django Reinhardt plays Gypsy Jazz Manouche style.\" \/>\n<meta name=\"robots\" content=\"index, follow, max-snippet:-1, max-image-preview:large, max-video-preview:-1\" \/>\n<link rel=\"canonical\" href=\"https:\/\/www.nunomarinho.com\/pt\/produto\/all-of-me-django-solo\/\" \/>\n<meta property=\"og:locale\" content=\"pt_PT\" \/>\n<meta property=\"og:type\" content=\"article\" \/>\n<meta property=\"og:title\" content=\"All of Me Django Solo\" \/>\n<meta property=\"og:description\" content=\"All of Me Django Solo. This score is a guitar class in the shape of an e-book. Lick by lick, discover how Django Reinhardt plays Gypsy Jazz Manouche style.\" \/>\n<meta property=\"og:url\" content=\"https:\/\/www.nunomarinho.com\/pt\/produto\/all-of-me-django-solo\/\" \/>\n<meta property=\"og:site_name\" content=\"Nuno Marinho Website\" \/>\n<meta property=\"article:modified_time\" content=\"2025-11-19T21:55:19+00:00\" \/>\n<meta property=\"og:image\" content=\"https:\/\/www.nunomarinho.com\/wp-content\/uploads\/2025\/10\/All-Of-Me-1940-Django-Reinhardt-Solo-Transcribed-by-Nuno-Marinho.jpg\" \/>\n\t<meta property=\"og:image:width\" content=\"794\" \/>\n\t<meta property=\"og:image:height\" content=\"1123\" \/>\n\t<meta property=\"og:image:type\" content=\"image\/jpeg\" \/>\n<meta name=\"twitter:card\" content=\"summary_large_image\" \/>\n<meta name=\"twitter:title\" content=\"All of Me Django Solo\" \/>\n<meta name=\"twitter:description\" content=\"All of Me Django Solo. This score is a guitar class in the shape of an e-book. Lick by lick, discover how Django Reinhardt plays Gypsy Jazz Manouche style.\" \/>\n<meta name=\"twitter:image\" content=\"https:\/\/www.nunomarinho.com\/wp-content\/uploads\/2025\/10\/All-Of-Me-1940-Django-Reinhardt-Solo-Transcribed-by-Nuno-Marinho.jpg\" \/>\n<meta name=\"twitter:label1\" content=\"Tempo estimado de leitura\" \/>\n\t<meta name=\"twitter:data1\" content=\"1 minuto\" \/>\n<script type=\"application\/ld+json\" class=\"yoast-schema-graph\">{\"@context\":\"https:\/\/schema.org\",\"@graph\":[{\"@type\":\"WebPage\",\"@id\":\"https:\/\/www.nunomarinho.com\/product\/all-of-me-django-solo\/\",\"url\":\"https:\/\/www.nunomarinho.com\/product\/all-of-me-django-solo\/\",\"name\":\"All Of Me Django Solo - Nuno Marinho Website\",\"isPartOf\":{\"@id\":\"https:\/\/www.nunomarinho.com\/#website\"},\"primaryImageOfPage\":{\"@id\":\"https:\/\/www.nunomarinho.com\/product\/all-of-me-django-solo\/#primaryimage\"},\"image\":{\"@id\":\"https:\/\/www.nunomarinho.com\/product\/all-of-me-django-solo\/#primaryimage\"},\"thumbnailUrl\":\"https:\/\/www.nunomarinho.com\/wp-content\/uploads\/2025\/10\/All-Of-Me-1940-Django-Reinhardt-Solo-Transcribed-by-Nuno-Marinho.jpg\",\"datePublished\":\"2025-10-22T18:56:37+00:00\",\"dateModified\":\"2025-11-19T21:55:19+00:00\",\"description\":\"All of Me Django Solo. This score is a guitar class in the shape of an e-book. Lick by lick, discover how Django Reinhardt plays Gypsy Jazz Manouche style.\",\"breadcrumb\":{\"@id\":\"https:\/\/www.nunomarinho.com\/product\/all-of-me-django-solo\/#breadcrumb\"},\"inLanguage\":\"pt-PT\",\"potentialAction\":[{\"@type\":\"ReadAction\",\"target\":[\"https:\/\/www.nunomarinho.com\/product\/all-of-me-django-solo\/\"]}]},{\"@type\":\"ImageObject\",\"inLanguage\":\"pt-PT\",\"@id\":\"https:\/\/www.nunomarinho.com\/product\/all-of-me-django-solo\/#primaryimage\",\"url\":\"https:\/\/www.nunomarinho.com\/wp-content\/uploads\/2025\/10\/All-Of-Me-1940-Django-Reinhardt-Solo-Transcribed-by-Nuno-Marinho.jpg\",\"contentUrl\":\"https:\/\/www.nunomarinho.com\/wp-content\/uploads\/2025\/10\/All-Of-Me-1940-Django-Reinhardt-Solo-Transcribed-by-Nuno-Marinho.jpg\",\"width\":794,\"height\":1123,\"caption\":\"All Of Me Django Reinhardt Solo Transcribed and Analysed by Nuno Marinho\"},{\"@type\":\"BreadcrumbList\",\"@id\":\"https:\/\/www.nunomarinho.com\/product\/all-of-me-django-solo\/#breadcrumb\",\"itemListElement\":[{\"@type\":\"ListItem\",\"position\":1,\"name\":\"Home\",\"item\":\"https:\/\/www.nunomarinho.com\/\"},{\"@type\":\"ListItem\",\"position\":2,\"name\":\"Store\",\"item\":\"https:\/\/www.nunomarinho.com\/store\/\"},{\"@type\":\"ListItem\",\"position\":3,\"name\":\"All Of Me Django Solo\"}]},{\"@type\":\"WebSite\",\"@id\":\"https:\/\/www.nunomarinho.com\/#website\",\"url\":\"https:\/\/www.nunomarinho.com\/\",\"name\":\"Nuno Marinho Website\",\"description\":\"Classes &amp; Workshops\",\"publisher\":{\"@id\":\"https:\/\/www.nunomarinho.com\/#organization\"},\"potentialAction\":[{\"@type\":\"SearchAction\",\"target\":{\"@type\":\"EntryPoint\",\"urlTemplate\":\"https:\/\/www.nunomarinho.com\/?s={search_term_string}\"},\"query-input\":{\"@type\":\"PropertyValueSpecification\",\"valueRequired\":true,\"valueName\":\"search_term_string\"}}],\"inLanguage\":\"pt-PT\"},{\"@type\":\"Organization\",\"@id\":\"https:\/\/www.nunomarinho.com\/#organization\",\"name\":\"Nuno Marinho Website\",\"url\":\"https:\/\/www.nunomarinho.com\/\",\"logo\":{\"@type\":\"ImageObject\",\"inLanguage\":\"pt-PT\",\"@id\":\"https:\/\/www.nunomarinho.com\/#\/schema\/logo\/image\/\",\"url\":\"https:\/\/www.nunomarinho.com\/wp-content\/uploads\/2025\/10\/Logo-Transparente_branco.png\",\"contentUrl\":\"https:\/\/www.nunomarinho.com\/wp-content\/uploads\/2025\/10\/Logo-Transparente_branco.png\",\"width\":500,\"height\":500,\"caption\":\"Nuno Marinho Website\"},\"image\":{\"@id\":\"https:\/\/www.nunomarinho.com\/#\/schema\/logo\/image\/\"}}]}<\/script>\n<!-- \/ Yoast SEO plugin. -->","yoast_head_json":{"title":"All Of Me Django Solo - Site de Nuno Marinho","description":"All of Me Django Solo. Esta partitura \u00e9 uma aula de guitarra em forma de e-book. Lick por lick, descubra como Django Reinhardt toca o estilo Gypsy Jazz Manouche.","robots":{"index":"index","follow":"follow","max-snippet":"max-snippet:-1","max-image-preview":"max-image-preview:large","max-video-preview":"max-video-preview:-1"},"canonical":"https:\/\/www.nunomarinho.com\/pt\/produto\/all-of-me-django-solo\/","og_locale":"pt_PT","og_type":"article","og_title":"All of Me Django Solo","og_description":"All of Me Django Solo. This score is a guitar class in the shape of an e-book. Lick by lick, discover how Django Reinhardt plays Gypsy Jazz Manouche style.","og_url":"https:\/\/www.nunomarinho.com\/pt\/produto\/all-of-me-django-solo\/","og_site_name":"Nuno Marinho Website","article_modified_time":"2025-11-19T21:55:19+00:00","og_image":[{"width":794,"height":1123,"url":"https:\/\/www.nunomarinho.com\/wp-content\/uploads\/2025\/10\/All-Of-Me-1940-Django-Reinhardt-Solo-Transcribed-by-Nuno-Marinho.jpg","type":"image\/jpeg"}],"twitter_card":"summary_large_image","twitter_title":"All of Me Django Solo","twitter_description":"All of Me Django Solo. This score is a guitar class in the shape of an e-book. Lick by lick, discover how Django Reinhardt plays Gypsy Jazz Manouche style.","twitter_image":"https:\/\/www.nunomarinho.com\/wp-content\/uploads\/2025\/10\/All-Of-Me-1940-Django-Reinhardt-Solo-Transcribed-by-Nuno-Marinho.jpg","twitter_misc":{"Tempo estimado de leitura":"1 minuto"},"schema":{"@context":"https:\/\/schema.org","@graph":[{"@type":"WebPage","@id":"https:\/\/www.nunomarinho.com\/product\/all-of-me-django-solo\/","url":"https:\/\/www.nunomarinho.com\/product\/all-of-me-django-solo\/","name":"All Of Me Django Solo - Site de Nuno Marinho","isPartOf":{"@id":"https:\/\/www.nunomarinho.com\/#website"},"primaryImageOfPage":{"@id":"https:\/\/www.nunomarinho.com\/product\/all-of-me-django-solo\/#primaryimage"},"image":{"@id":"https:\/\/www.nunomarinho.com\/product\/all-of-me-django-solo\/#primaryimage"},"thumbnailUrl":"https:\/\/www.nunomarinho.com\/wp-content\/uploads\/2025\/10\/All-Of-Me-1940-Django-Reinhardt-Solo-Transcribed-by-Nuno-Marinho.jpg","datePublished":"2025-10-22T18:56:37+00:00","dateModified":"2025-11-19T21:55:19+00:00","description":"All of Me Django Solo. Esta partitura \u00e9 uma aula de guitarra em forma de e-book. Lick por lick, descubra como Django Reinhardt toca o estilo Gypsy Jazz Manouche.","breadcrumb":{"@id":"https:\/\/www.nunomarinho.com\/product\/all-of-me-django-solo\/#breadcrumb"},"inLanguage":"pt-PT","potentialAction":[{"@type":"ReadAction","target":["https:\/\/www.nunomarinho.com\/product\/all-of-me-django-solo\/"]}]},{"@type":"ImageObject","inLanguage":"pt-PT","@id":"https:\/\/www.nunomarinho.com\/product\/all-of-me-django-solo\/#primaryimage","url":"https:\/\/www.nunomarinho.com\/wp-content\/uploads\/2025\/10\/All-Of-Me-1940-Django-Reinhardt-Solo-Transcribed-by-Nuno-Marinho.jpg","contentUrl":"https:\/\/www.nunomarinho.com\/wp-content\/uploads\/2025\/10\/All-Of-Me-1940-Django-Reinhardt-Solo-Transcribed-by-Nuno-Marinho.jpg","width":794,"height":1123,"caption":"All Of Me Django Reinhardt Solo Transcribed and Analysed by Nuno Marinho"},{"@type":"BreadcrumbList","@id":"https:\/\/www.nunomarinho.com\/product\/all-of-me-django-solo\/#breadcrumb","itemListElement":[{"@type":"ListItem","position":1,"name":"Home","item":"https:\/\/www.nunomarinho.com\/"},{"@type":"ListItem","position":2,"name":"Store","item":"https:\/\/www.nunomarinho.com\/store\/"},{"@type":"ListItem","position":3,"name":"All Of Me Django Solo"}]},{"@type":"WebSite","@id":"https:\/\/www.nunomarinho.com\/#website","url":"https:\/\/www.nunomarinho.com\/","name":"Nuno Marinho Website","description":"Aulas e workshops","publisher":{"@id":"https:\/\/www.nunomarinho.com\/#organization"},"potentialAction":[{"@type":"SearchAction","target":{"@type":"EntryPoint","urlTemplate":"https:\/\/www.nunomarinho.com\/?s={search_term_string}"},"query-input":{"@type":"PropertyValueSpecification","valueRequired":true,"valueName":"search_term_string"}}],"inLanguage":"pt-PT"},{"@type":"Organization","@id":"https:\/\/www.nunomarinho.com\/#organization","name":"Nuno Marinho Website","url":"https:\/\/www.nunomarinho.com\/","logo":{"@type":"ImageObject","inLanguage":"pt-PT","@id":"https:\/\/www.nunomarinho.com\/#\/schema\/logo\/image\/","url":"https:\/\/www.nunomarinho.com\/wp-content\/uploads\/2025\/10\/Logo-Transparente_branco.png","contentUrl":"https:\/\/www.nunomarinho.com\/wp-content\/uploads\/2025\/10\/Logo-Transparente_branco.png","width":500,"height":500,"caption":"Nuno Marinho Website"},"image":{"@id":"https:\/\/www.nunomarinho.com\/#\/schema\/logo\/image\/"}}]}},"_links":{"self":[{"href":"https:\/\/www.nunomarinho.com\/pt\/wp-json\/wp\/v2\/product\/298","targetHints":{"allow":["GET"]}}],"collection":[{"href":"https:\/\/www.nunomarinho.com\/pt\/wp-json\/wp\/v2\/product"}],"about":[{"href":"https:\/\/www.nunomarinho.com\/pt\/wp-json\/wp\/v2\/types\/product"}],"wp:featuredmedia":[{"embeddable":true,"href":"https:\/\/www.nunomarinho.com\/pt\/wp-json\/wp\/v2\/media\/328"}],"wp:attachment":[{"href":"https:\/\/www.nunomarinho.com\/pt\/wp-json\/wp\/v2\/media?parent=298"}],"wp:term":[{"taxonomy":"product_brand","embeddable":true,"href":"https:\/\/www.nunomarinho.com\/pt\/wp-json\/wp\/v2\/product_brand?post=298"},{"taxonomy":"product_cat","embeddable":true,"href":"https:\/\/www.nunomarinho.com\/pt\/wp-json\/wp\/v2\/product_cat?post=298"},{"taxonomy":"product_tag","embeddable":true,"href":"https:\/\/www.nunomarinho.com\/pt\/wp-json\/wp\/v2\/product_tag?post=298"}],"curies":[{"name":"wp","href":"https:\/\/api.w.org\/{rel}","templated":true}]}}