{"id":55,"date":"2025-10-22T07:43:13","date_gmt":"2025-10-22T07:43:13","guid":{"rendered":"https:\/\/www.nunomarinho.com\/?page_id=55"},"modified":"2025-11-18T19:00:18","modified_gmt":"2025-11-18T19:00:18","slug":"contact","status":"publish","type":"page","link":"https:\/\/www.nunomarinho.com\/pt\/contact\/","title":{"rendered":"Contacto"},"content":{"rendered":"<div class=\"et_pb_section_0 et_pb_section et_section_regular et_block_section\">\n<div class=\"et_pb_row_0 et_pb_row et_block_row\">\n<div class=\"et_pb_column_0 et_pb_column et_pb_column_4_4 et-last-child et_block_column et_pb_css_mix_blend_mode_passthrough\">\n<div class=\"et_pb_text_0 et_pb_text et_pb_bg_layout_light et_pb_module et_block_module preset--module--divi-text--1f09816e-184e-4ce5-a4cf-b39c52c423ca\"><div class=\"et_pb_text_inner\"><p>Contacto<\/p>\n<\/div><\/div>\n\n<div class=\"et_pb_text_1 et_pb_text et_pb_bg_layout_light et_pb_module et_block_module preset--module--divi-text--c16985e1-e0d6-4022-964d-e2bfc04fa633\"><div class=\"et_pb_text_inner\"><h1>Entrar em contacto<\/h1>\n<\/div><\/div>\n\n<div class=\"et_pb_contact_form_0 et_pb_contact_form_container clearfix et_pb_recaptcha_enabled et_pb_module et_flex_module preset--module--divi-contact-form--1e256c88-e0bb-4b2e-938c-06f81d072931\" data-form_unique_num=\"0\" data-form_unique_id=\"7efcda36-9c53-47aa-88bb-afb795eebf4d\" data-redirect_url=\"\/contact-thank-you\/\" id=\"et_pb_contact_form_7efcda36-9c53-47aa-88bb-afb795eebf4d\"><div class=\"et-pb-contact-message\"><\/div><div class=\"et_pb_contact\"><form class=\"et_pb_contact_form et_flex_module\" method=\"post\" action=\"https:\/\/www.nunomarinho.com\/pt\/wp-json\/wp\/v2\/pages\/55\" data-trp-original-action=\"https:\/\/www.nunomarinho.com\/pt\/wp-json\/wp\/v2\/pages\/55\">\n<div class=\"et_pb_contact_field_0 et_pb_contact_field et_pb_module et_flex_module et_flex_column_24_24 et_flex_column_24_24_tablet et_flex_column_24_24_phone et_flex_column_24_24_phoneWide et_flex_column_24_24_tabletWide et_flex_column_24_24_widescreen et_flex_column_24_24_ultraWide\" data-id=\"name\" data-type=\"input\"><label class=\"et_pb_contact_form_label\" for=\"et_pb_contact_0_name_0\">Nome<\/label><input type=\"text\" name=\"et_pb_contact_0_name_0\" id=\"et_pb_contact_0_name_0\" class=\"input\" data-required_mark=\"required\" data-field_type=\"input\" data-original_id=\"name\" placeholder=\"Nome\" title=\"\" value=\"\" \/><\/div>\n\n<div class=\"et_pb_contact_field_1 et_pb_contact_field et_pb_module et_flex_module et_flex_column_24_24 et_flex_column_24_24_tablet et_flex_column_24_24_phone et_flex_column_24_24_phoneWide et_flex_column_24_24_tabletWide et_flex_column_24_24_widescreen et_flex_column_24_24_ultraWide\" data-id=\"email\" data-type=\"email\"><label class=\"et_pb_contact_form_label\" for=\"et_pb_contact_0_email_1\">Endere\u00e7o de correio eletr\u00f3nico<\/label><input type=\"text\" name=\"et_pb_contact_0_email_1\" id=\"et_pb_contact_0_email_1\" class=\"input\" data-required_mark=\"required\" data-field_type=\"email\" data-original_id=\"email\" placeholder=\"Endere\u00e7o de correio eletr\u00f3nico\" title=\"\" value=\"\" \/><\/div>\n\n<div class=\"et_pb_contact_field_2 et_pb_contact_field et_pb_module et_flex_module et_flex_column_24_24 et_flex_column_24_24_tablet et_flex_column_24_24_phone et_flex_column_24_24_phoneWide et_flex_column_24_24_tabletWide et_flex_column_24_24_widescreen et_flex_column_24_24_ultraWide\" data-id=\"subject\" data-type=\"select\"><label class=\"et_pb_contact_form_label\" for=\"et_pb_contact_0_subject_2\">Assunto<\/label><select name=\"et_pb_contact_0_subject_2\" id=\"et_pb_contact_0_subject_2\" class=\"et_pb_contact_select input\" data-required_mark=\"required\" data-field_type=\"select\" data-original_id=\"subject\"><option value=\"\">Assunto<\/option><option value=\"Book a Concert\" data-id=\"\">Marcar um concerto<\/option><option value=\"Guitar Classes\" data-id=\"\">Aulas de guitarra<\/option><option value=\"Downloads\" data-id=\"\">Transfer\u00eancias<\/option><option value=\"Other\" data-id=\"\">Outros<\/option><\/select><\/div>\n\n<div class=\"et_pb_contact_field_3 et_pb_contact_field et_pb_module et_flex_module et_flex_column_24_24 et_flex_column_24_24_tablet et_flex_column_24_24_phone et_flex_column_24_24_phoneWide et_flex_column_24_24_tabletWide et_flex_column_24_24_widescreen et_flex_column_24_24_ultraWide\" data-id=\"message\" data-type=\"text\"><label class=\"et_pb_contact_form_label\" for=\"et_pb_contact_0_message_3\">Mensagem<\/label><textarea name=\"et_pb_contact_0_message_3\" id=\"et_pb_contact_0_message_3\" class=\"et_pb_contact_message input\" data-required_mark=\"required\" data-field_type=\"text\" data-original_id=\"message\" placeholder=\"Mensagem\"><\/textarea><\/div>\n\n<div class=\"et_pb_contact_field_4 et_pb_contact_field et_pb_module et_flex_module et_flex_column_24_24 et_flex_column_24_24_tablet et_flex_column_24_24_phone et_flex_column_24_24_phoneWide et_flex_column_24_24_tabletWide et_flex_column_24_24_widescreen et_flex_column_24_24_ultraWide\" data-id=\"consent\" data-type=\"checkbox\"><label class=\"et_pb_contact_form_label\">\u200e <\/label><input type=\"hidden\" name=\"et_pb_contact_0_consent_4\" class=\"et_pb_checkbox_handle\" data-required_mark=\"required\" data-field_type=\"checkbox\" data-original_id=\"consent\" \/><span class=\"et_pb_contact_field_options_wrapper et_pb_field_module_checkbox\"><span class=\"et_pb_contact_field_options_title\">\u200e <\/span><span class=\"et_pb_contact_field_options_list\"><span class=\"et_pb_contact_field_checkbox\"><input type=\"checkbox\" id=\"et_pb_contact_0_consent_4_0\" class=\"input\" value=\"I agree to the terms and conditions of the Privacy Policy.\" data-required_mark=\"required\" data-field_type=\"checkbox\" data-original_id=\"consent\" \/><label for=\"et_pb_contact_0_consent_4_0\"><i><\/i>Concordo com os termos e condi\u00e7\u00f5es da Pol\u00edtica de Privacidade. <a target=\"_blank\" href=\"\/pt\/privacy-policy\/\"><\/a><\/label><\/span><\/span><\/span><\/div>\n<input type=\"hidden\" name=\"et_pb_contactform_submit_7efcda36-9c53-47aa-88bb-afb795eebf4d\" value=\"et_contact_proccess\" \/><div class=\"et_contact_bottom_container\"><div class=\"et_pb_button_wrapper\"><button type=\"submit\" name=\"et_builder_submit_button\" class=\"et_pb_button et_pb_contact_submit\">Enviar<\/button><\/div><\/div><input type=\"hidden\" id=\"_wpnonce-et-pb-contact-form-submitted-7efcda36-9c53-47aa-88bb-afb795eebf4d\" name=\"_wpnonce-et-pb-contact-form-submitted-7efcda36-9c53-47aa-88bb-afb795eebf4d\" value=\"fdf065e6f0\" \/><input type=\"hidden\" name=\"_wp_http_referer\" value=\"\/pt\/wp-json\/wp\/v2\/pages\/55\" \/><input type=\"hidden\" name=\"trp-form-language\" value=\"pt\"\/><\/form><\/div><\/div>\n<\/div>\n<\/div>\n<\/div>\n\n<div class=\"et_pb_section_1 et_pb_section et_section_regular et_block_section\">\n<div class=\"et_pb_row_1 et_pb_row et_block_row\">\n<div class=\"et_pb_column_1 et_pb_column et_pb_column_4_4 et-last-child et_block_column et_pb_css_mix_blend_mode_passthrough\">\n<div class=\"et_pb_video_0 et_pb_video et_pb_module et_block_module\"><div class=\"et_pb_video_box\"><iframe loading=\"lazy\" title=\"Nuno Marinho (ENTREVISTA) no Festival Django Portugal 2024\" width=\"1080\" height=\"608\" src=\"https:\/\/www.youtube.com\/embed\/7hVF_SB09A0?feature=oembed\"  allow=\"accelerometer; autoplay; clipboard-write; encrypted-media; gyroscope; picture-in-picture; web-share\" referrerpolicy=\"strict-origin-when-cross-origin\" allowfullscreen><\/iframe><\/div><\/div>\n\n<div class=\"et_pb_text_2 et_pb_text et_pb_bg_layout_light et_pb_module et_flex_module hidden-seo-links\"><div class=\"et_pb_text_inner\"><p>SEGUIR O NUNO EM:<\/p>\n<p>Loja de livros do s\u00edtio Web: <a href=\"https:\/\/www.nunomarinho.com\/pt\/store\/\" target=\"_blank\" rel=\"noopener\">https:\/\/www.nunomarinho.com\/store<\/a><\/p>\n<p>Canal de v\u00eddeo: <a href=\"https:\/\/www.youtube.com\/@NunoMarinho\" target=\"_blank\" rel=\"noopener\">https:\/\/www.youtube.com\/@NunoMarinho<\/a><\/p>\n<p>Patreon: <a href=\"https:\/\/www.patreon.com\/NunoMarinho\" target=\"_blank\" rel=\"noopener\">https:\/\/www.patreon.com\/NunoMarinho<\/a><\/p>\n<p>Instagram: <a href=\"https:\/\/www.instagram.com\/nunomarinhoguitar\/\" target=\"_blank\" rel=\"noopener\">https:\/\/www.instagram.com\/nunomarinhoguitar\/<\/a><\/p>\n<p>Facebook: <a href=\"https:\/\/www.facebook.com\/NunoMarinhoGuitar\/\" target=\"_blank\" rel=\"noopener\">https:\/\/www.facebook.com\/NunoMarinhoGuitar\/<\/a><\/p>\n<\/div><\/div>\n<\/div>\n<\/div>\n<\/div>","protected":false},"excerpt":{"rendered":"","protected":false},"author":1,"featured_media":1864,"parent":0,"menu_order":0,"comment_status":"closed","ping_status":"closed","template":"","meta":{"footnotes":""},"class_list":["post-55","page","type-page","status-publish","has-post-thumbnail","hentry"],"yoast_head":"<!-- This site is optimized with the Yoast SEO plugin v26.0 - https:\/\/yoast.com\/wordpress\/plugins\/seo\/ -->\n<title>Contact - Nuno Marinho Website<\/title>\n<meta name=\"description\" content=\"Get in touch with Nuno Marinho, Portugal&#039;s leading Gypsy Jazz guitarist. Reach out for workshops, concerts, collaborations, or inquiries via our contact page.\" \/>\n<meta name=\"robots\" content=\"index, follow, max-snippet:-1, max-image-preview:large, max-video-preview:-1\" \/>\n<link rel=\"canonical\" href=\"https:\/\/www.nunomarinho.com\/pt\/contact\/\" \/>\n<meta property=\"og:locale\" content=\"pt_PT\" \/>\n<meta property=\"og:type\" content=\"article\" \/>\n<meta property=\"og:title\" content=\"Contact - Nuno Marinho Website\" \/>\n<meta property=\"og:description\" content=\"Get in touch with Nuno Marinho, Portugal&#039;s leading Gypsy Jazz guitarist. Reach out for workshops, concerts, collaborations, or inquiries via our contact page.\" \/>\n<meta property=\"og:url\" content=\"https:\/\/www.nunomarinho.com\/pt\/contact\/\" \/>\n<meta property=\"og:site_name\" content=\"Nuno Marinho Website\" \/>\n<meta property=\"article:modified_time\" content=\"2025-11-18T19:00:18+00:00\" \/>\n<meta property=\"og:image\" content=\"https:\/\/www.nunomarinho.com\/wp-content\/uploads\/2025\/10\/Contact-Pic.webp\" \/>\n\t<meta property=\"og:image:width\" content=\"1920\" \/>\n\t<meta property=\"og:image:height\" content=\"1080\" \/>\n\t<meta property=\"og:image:type\" content=\"image\/webp\" \/>\n<meta name=\"twitter:card\" content=\"summary_large_image\" \/>\n<meta name=\"twitter:label1\" content=\"Tempo estimado de leitura\" \/>\n\t<meta name=\"twitter:data1\" content=\"1 minuto\" \/>\n<script type=\"application\/ld+json\" class=\"yoast-schema-graph\">{\"@context\":\"https:\/\/schema.org\",\"@graph\":[{\"@type\":\"WebPage\",\"@id\":\"https:\/\/www.nunomarinho.com\/contact\/\",\"url\":\"https:\/\/www.nunomarinho.com\/contact\/\",\"name\":\"Contact - Nuno Marinho Website\",\"isPartOf\":{\"@id\":\"https:\/\/www.nunomarinho.com\/#website\"},\"primaryImageOfPage\":{\"@id\":\"https:\/\/www.nunomarinho.com\/contact\/#primaryimage\"},\"image\":{\"@id\":\"https:\/\/www.nunomarinho.com\/contact\/#primaryimage\"},\"thumbnailUrl\":\"https:\/\/www.nunomarinho.com\/wp-content\/uploads\/2025\/11\/23-1.webp\",\"datePublished\":\"2025-10-22T07:43:13+00:00\",\"dateModified\":\"2025-11-18T19:00:18+00:00\",\"description\":\"Get in touch with Nuno Marinho, Portugal's leading Gypsy Jazz guitarist. Reach out for workshops, concerts, collaborations, or inquiries via our contact page.\",\"breadcrumb\":{\"@id\":\"https:\/\/www.nunomarinho.com\/contact\/#breadcrumb\"},\"inLanguage\":\"pt-PT\",\"potentialAction\":[{\"@type\":\"ReadAction\",\"target\":[\"https:\/\/www.nunomarinho.com\/contact\/\"]}]},{\"@type\":\"ImageObject\",\"inLanguage\":\"pt-PT\",\"@id\":\"https:\/\/www.nunomarinho.com\/contact\/#primaryimage\",\"url\":\"https:\/\/www.nunomarinho.com\/wp-content\/uploads\/2025\/11\/23-1.webp\",\"contentUrl\":\"https:\/\/www.nunomarinho.com\/wp-content\/uploads\/2025\/11\/23-1.webp\",\"width\":1920,\"height\":1080,\"caption\":\"Nuno Marinho Website. Creator of Django Portugal Fest & Camp. Author of Django Books. Acclaimed pedagogue of Gypsy Jazz. Plays with numerous Manouche and Sinti masters.\"},{\"@type\":\"BreadcrumbList\",\"@id\":\"https:\/\/www.nunomarinho.com\/contact\/#breadcrumb\",\"itemListElement\":[{\"@type\":\"ListItem\",\"position\":1,\"name\":\"Home\",\"item\":\"https:\/\/www.nunomarinho.com\/\"},{\"@type\":\"ListItem\",\"position\":2,\"name\":\"Contact\"}]},{\"@type\":\"WebSite\",\"@id\":\"https:\/\/www.nunomarinho.com\/#website\",\"url\":\"https:\/\/www.nunomarinho.com\/\",\"name\":\"Nuno Marinho Website\",\"description\":\"Classes &amp; Workshops\",\"publisher\":{\"@id\":\"https:\/\/www.nunomarinho.com\/#organization\"},\"potentialAction\":[{\"@type\":\"SearchAction\",\"target\":{\"@type\":\"EntryPoint\",\"urlTemplate\":\"https:\/\/www.nunomarinho.com\/?s={search_term_string}\"},\"query-input\":{\"@type\":\"PropertyValueSpecification\",\"valueRequired\":true,\"valueName\":\"search_term_string\"}}],\"inLanguage\":\"pt-PT\"},{\"@type\":\"Organization\",\"@id\":\"https:\/\/www.nunomarinho.com\/#organization\",\"name\":\"Nuno Marinho Website\",\"url\":\"https:\/\/www.nunomarinho.com\/\",\"logo\":{\"@type\":\"ImageObject\",\"inLanguage\":\"pt-PT\",\"@id\":\"https:\/\/www.nunomarinho.com\/#\/schema\/logo\/image\/\",\"url\":\"https:\/\/www.nunomarinho.com\/wp-content\/uploads\/2025\/10\/Logo-Transparente_branco.png\",\"contentUrl\":\"https:\/\/www.nunomarinho.com\/wp-content\/uploads\/2025\/10\/Logo-Transparente_branco.png\",\"width\":500,\"height\":500,\"caption\":\"Nuno Marinho Website\"},\"image\":{\"@id\":\"https:\/\/www.nunomarinho.com\/#\/schema\/logo\/image\/\"}}]}<\/script>\n<!-- \/ Yoast SEO plugin. -->","yoast_head_json":{"title":"Contacto - Nuno Marinho Website","description":"Entre em contacto com Nuno Marinho, o principal guitarrista de Gypsy Jazz em Portugal. Contacte-nos para workshops, concertos, colabora\u00e7\u00f5es ou pedidos de informa\u00e7\u00e3o atrav\u00e9s da nossa p\u00e1gina de contacto.","robots":{"index":"index","follow":"follow","max-snippet":"max-snippet:-1","max-image-preview":"max-image-preview:large","max-video-preview":"max-video-preview:-1"},"canonical":"https:\/\/www.nunomarinho.com\/pt\/contact\/","og_locale":"pt_PT","og_type":"article","og_title":"Contact - Nuno Marinho Website","og_description":"Get in touch with Nuno Marinho, Portugal's leading Gypsy Jazz guitarist. Reach out for workshops, concerts, collaborations, or inquiries via our contact page.","og_url":"https:\/\/www.nunomarinho.com\/pt\/contact\/","og_site_name":"Nuno Marinho Website","article_modified_time":"2025-11-18T19:00:18+00:00","og_image":[{"width":1920,"height":1080,"url":"https:\/\/www.nunomarinho.com\/wp-content\/uploads\/2025\/10\/Contact-Pic.webp","type":"image\/webp"}],"twitter_card":"summary_large_image","twitter_misc":{"Tempo estimado de leitura":"1 minuto"},"schema":{"@context":"https:\/\/schema.org","@graph":[{"@type":"WebPage","@id":"https:\/\/www.nunomarinho.com\/contact\/","url":"https:\/\/www.nunomarinho.com\/contact\/","name":"Contacto - Nuno Marinho Website","isPartOf":{"@id":"https:\/\/www.nunomarinho.com\/#website"},"primaryImageOfPage":{"@id":"https:\/\/www.nunomarinho.com\/contact\/#primaryimage"},"image":{"@id":"https:\/\/www.nunomarinho.com\/contact\/#primaryimage"},"thumbnailUrl":"https:\/\/www.nunomarinho.com\/wp-content\/uploads\/2025\/11\/23-1.webp","datePublished":"2025-10-22T07:43:13+00:00","dateModified":"2025-11-18T19:00:18+00:00","description":"Entre em contacto com Nuno Marinho, o principal guitarrista de Gypsy Jazz em Portugal. Contacte-nos para workshops, concertos, colabora\u00e7\u00f5es ou pedidos de informa\u00e7\u00e3o atrav\u00e9s da nossa p\u00e1gina de contacto.","breadcrumb":{"@id":"https:\/\/www.nunomarinho.com\/contact\/#breadcrumb"},"inLanguage":"pt-PT","potentialAction":[{"@type":"ReadAction","target":["https:\/\/www.nunomarinho.com\/contact\/"]}]},{"@type":"ImageObject","inLanguage":"pt-PT","@id":"https:\/\/www.nunomarinho.com\/contact\/#primaryimage","url":"https:\/\/www.nunomarinho.com\/wp-content\/uploads\/2025\/11\/23-1.webp","contentUrl":"https:\/\/www.nunomarinho.com\/wp-content\/uploads\/2025\/11\/23-1.webp","width":1920,"height":1080,"caption":"Nuno Marinho Website. Creator of Django Portugal Fest & Camp. Author of Django Books. Acclaimed pedagogue of Gypsy Jazz. Plays with numerous Manouche and Sinti masters."},{"@type":"BreadcrumbList","@id":"https:\/\/www.nunomarinho.com\/contact\/#breadcrumb","itemListElement":[{"@type":"ListItem","position":1,"name":"Home","item":"https:\/\/www.nunomarinho.com\/"},{"@type":"ListItem","position":2,"name":"Contact"}]},{"@type":"WebSite","@id":"https:\/\/www.nunomarinho.com\/#website","url":"https:\/\/www.nunomarinho.com\/","name":"Nuno Marinho Website","description":"Aulas e workshops","publisher":{"@id":"https:\/\/www.nunomarinho.com\/#organization"},"potentialAction":[{"@type":"SearchAction","target":{"@type":"EntryPoint","urlTemplate":"https:\/\/www.nunomarinho.com\/?s={search_term_string}"},"query-input":{"@type":"PropertyValueSpecification","valueRequired":true,"valueName":"search_term_string"}}],"inLanguage":"pt-PT"},{"@type":"Organization","@id":"https:\/\/www.nunomarinho.com\/#organization","name":"Nuno Marinho Website","url":"https:\/\/www.nunomarinho.com\/","logo":{"@type":"ImageObject","inLanguage":"pt-PT","@id":"https:\/\/www.nunomarinho.com\/#\/schema\/logo\/image\/","url":"https:\/\/www.nunomarinho.com\/wp-content\/uploads\/2025\/10\/Logo-Transparente_branco.png","contentUrl":"https:\/\/www.nunomarinho.com\/wp-content\/uploads\/2025\/10\/Logo-Transparente_branco.png","width":500,"height":500,"caption":"Nuno Marinho Website"},"image":{"@id":"https:\/\/www.nunomarinho.com\/#\/schema\/logo\/image\/"}}]}},"_links":{"self":[{"href":"https:\/\/www.nunomarinho.com\/pt\/wp-json\/wp\/v2\/pages\/55","targetHints":{"allow":["GET"]}}],"collection":[{"href":"https:\/\/www.nunomarinho.com\/pt\/wp-json\/wp\/v2\/pages"}],"about":[{"href":"https:\/\/www.nunomarinho.com\/pt\/wp-json\/wp\/v2\/types\/page"}],"author":[{"embeddable":true,"href":"https:\/\/www.nunomarinho.com\/pt\/wp-json\/wp\/v2\/users\/1"}],"replies":[{"embeddable":true,"href":"https:\/\/www.nunomarinho.com\/pt\/wp-json\/wp\/v2\/comments?post=55"}],"version-history":[{"count":25,"href":"https:\/\/www.nunomarinho.com\/pt\/wp-json\/wp\/v2\/pages\/55\/revisions"}],"predecessor-version":[{"id":2043,"href":"https:\/\/www.nunomarinho.com\/pt\/wp-json\/wp\/v2\/pages\/55\/revisions\/2043"}],"wp:featuredmedia":[{"embeddable":true,"href":"https:\/\/www.nunomarinho.com\/pt\/wp-json\/wp\/v2\/media\/1864"}],"wp:attachment":[{"href":"https:\/\/www.nunomarinho.com\/pt\/wp-json\/wp\/v2\/media?parent=55"}],"curies":[{"name":"wp","href":"https:\/\/api.w.org\/{rel}","templated":true}]}}