{"id":34,"date":"2025-10-21T16:44:50","date_gmt":"2025-10-21T16:44:50","guid":{"rendered":"https:\/\/www.nunomarinho.com\/?page_id=34"},"modified":"2025-11-18T18:53:32","modified_gmt":"2025-11-18T18:53:32","slug":"gypsy-jazz-workshops","status":"publish","type":"page","link":"https:\/\/www.nunomarinho.com\/pt\/gypsy-jazz-workshops\/","title":{"rendered":"Workshops de Jazz Cigano"},"content":{"rendered":"<div class=\"et_pb_section_0 et_pb_section et_section_regular et_block_section workshops-hero\"><\/div>\n\n<div class=\"et_pb_section_1 et_pb_section et_section_regular et_block_section\">\n<div class=\"et_pb_row_0 et_pb_row et_block_row\">\n<div class=\"et_pb_column_0 et_pb_column et_pb_column_4_4 et-last-child et_block_column et_pb_css_mix_blend_mode_passthrough\">\n<div class=\"et_pb_text_0 et_pb_text et_pb_bg_layout_light et_pb_module et_block_module\"><div class=\"et_pb_text_inner\"><h1 style=\"text-align: center;\"><strong><span>As Oficinas de Jazz Cigano s\u00e3o aulas mensais de guitarra dinamizadas por Nuno Marinho.<\/span><\/strong><\/h1>\n<h4 style=\"text-align: center;\"><\/h4>\n<h2 style=\"text-align: center;\"><span><\/span><\/h2>\n<h2 style=\"text-align: center;\"><span>Aos s\u00e1bados, estudantes de todo o mundo re\u00fanem-se para aprender os segredos do Gypsy Jazz e da m\u00fasica de Django Reinhardt.<\/span><\/h2>\n<p style=\"text-align: center;\"><span><\/span><\/p>\n<h3 style=\"text-align: center;\"><span style=\"color: #5a8dc4;\"><\/span><\/h3>\n<h3 style=\"text-align: center;\"><span style=\"color: #5a8dc4;\">Os Workshops de Gypsy Jazz s\u00e3o sess\u00f5es em direto. 120 minutos com perguntas e respostas.<\/span><\/h3>\n<p style=\"text-align: center;\"><span><\/span><\/p>\n<h4 style=\"text-align: center;\"><span style=\"text-decoration: underline;\"><\/span><\/h4>\n<h4 style=\"text-align: center;\"><span style=\"text-decoration: underline;\">Obtenha as ferramentas de que necessita para praticar eficazmente. Trabalhe para alcan\u00e7ar a excel\u00eancia.<\/span><\/h4>\n<p style=\"text-align: center;\"><span><em><\/em><\/span><\/p>\n<h5 style=\"text-align: center;\"><span><em><\/em><\/span><\/h5>\n<h5 style=\"text-align: center;\"><span><em>Nuno Marinho \u00e9 um m\u00fasico e professor experiente. Conhecido pela sua capacidade de comunicar com facilidade mesmo os conceitos musicais mais complexos. <\/em><\/span><\/h5>\n<h5 style=\"text-align: center;\"><span><em>Organizado, met\u00f3dico, pr\u00e1tico e objetivo. O Nuno j\u00e1 ensinou centenas de alunos em todo o mundo.<\/em><\/span><\/h5>\n<p style=\"text-align: center;\">\n<p style=\"text-align: center;\">\n<h4 style=\"text-align: center;\"><strong>Se gosta de aprender m\u00fasica da forma correta, com uma comunidade de apoio e orienta\u00e7\u00e3o personalizada, isto \u00e9 para si.\u00a0<\/strong><\/h4>\n<p><strong><\/strong><\/p>\n<p><strong><\/strong><\/p>\n<h5 style=\"text-align: center;\"><span>Junte-se a n\u00f3s\u00a0<\/span><span><a href=\"https:\/\/chat.whatsapp.com\/Ir4wdqIAqRk6SEMbTjy8gC\" target=\"_blank\" rel=\"noopener noreferrer\">Grupo do WhatsApp<\/a><\/span><span> e interagir com a comunidade em tempo real.<\/span><\/h5>\n<\/div><\/div>\n\n<div class=\"et_pb_module et_pb_button_module_wrapper et_pb_button_0_wrapper\"><a class=\"et_pb_button_0 et_pb_button et_pb_bg_layout_light et_pb_module et_block_module\" href=\"https:\/\/www.paypal.com\/paypalme\/nunomarinhomusic?locale.x=pt_PT\" target=\"_blank\">Participe nas oficinas<\/a><\/div>\n<\/div>\n<\/div>\n<\/div>\n\n<div class=\"et_pb_section_2 et_pb_section et_section_regular et_block_section\">\n<div class=\"et_pb_row_1 et_pb_row et_block_row\">\n<div class=\"et_pb_column_1 et_pb_column et_pb_column_1_3 et_block_column et_pb_css_mix_blend_mode_passthrough\">\n<div class=\"et_pb_text_1 et_pb_text et_pb_bg_layout_light et_pb_module et_block_module\"><div class=\"et_pb_text_inner\"><h3 style=\"text-align: center;\"><span style=\"color: #ff6600;\"><strong>O que vai aprender<\/strong><\/span><\/h3>\n<p><span style=\"color: #ff6600;\"><strong><\/strong><\/span><\/p>\n<p><span style=\"color: #ff6600;\"><strong><\/strong><\/span><\/p>\n<ul>\n<li>\n<h5><span style=\"color: #ffffff;\"><em><strong>Conceitos de solo de Django Reinhardt<\/strong><\/em><\/span><\/h5>\n<\/li>\n<li>\n<h5><span style=\"color: #ffffff;\"><em><strong>An\u00e1lise de can\u00e7\u00f5es<\/strong><\/em><\/span><\/h5>\n<\/li>\n<li>\n<h5><span style=\"color: #ffffff;\"><em><strong>Teoria e harmonia do jazz<\/strong><\/em><\/span><\/h5>\n<\/li>\n<li>\n<h5><span style=\"color: #ffffff;\"><em><strong>Din\u00e2mica e express\u00e3o<\/strong><\/em><\/span><\/h5>\n<\/li>\n<li>\n<h5><span style=\"color: #ffffff;\"><em><strong>T\u00e9cnica e velocidade de constru\u00e7\u00e3o<\/strong><\/em><\/span><\/h5>\n<\/li>\n<li>\n<h5><span style=\"color: #ffffff;\"><em><strong>Improvisar sobre progress\u00f5es de acordes<\/strong><\/em><\/span><\/h5>\n<\/li>\n<li>\n<h5><span style=\"color: #ffffff;\"><em><strong>Compreender a escala do dedo<\/strong><\/em><\/span><\/h5>\n<\/li>\n<li>\n<h5><span style=\"color: #ffffff;\"><em><strong>Estilos de composi\u00e7\u00e3o<\/strong><\/em><\/span><\/h5>\n<\/li>\n<li>\n<h5><span style=\"color: #ffffff;\"><em><strong>Acordes de melodia e acordes de bloco<\/strong><\/em><\/span><\/h5>\n<\/li>\n<li>\n<h5><span style=\"color: #ffffff;\"><em><strong>Substitui\u00e7\u00f5es de acordes<\/strong><\/em><\/span><\/h5>\n<\/li>\n<li>\n<h5><span style=\"color: #ffffff;\"><em><strong>Vozes e Invers\u00f5es<\/strong><\/em><\/span><\/h5>\n<\/li>\n<li>\n<h5><span style=\"color: #ffffff;\"><em><strong> Trit\u00f5es e tr\u00edades sobrepostas<\/strong><\/em><\/span><\/h5>\n<\/li>\n<li>\n<h5><span style=\"color: #ffffff;\"><em><strong>Harmoniza\u00e7\u00e3o para solo e composi\u00e7\u00e3o<\/strong><\/em><\/span><\/h5>\n<\/li>\n<li>\n<h5><span style=\"color: #ffffff;\"><em><strong>Escalas e Arpejos e muito mais!<\/strong><\/em><\/span><\/h5>\n<\/li>\n<\/ul>\n<\/div><\/div>\n<\/div>\n\n<div class=\"et_pb_column_2 et_pb_column et_pb_column_1_3 et_block_column et_pb_column_empty et_pb_css_mix_blend_mode_passthrough\"><\/div>\n\n<div class=\"et_pb_column_3 et_pb_column et_pb_column_1_3 et-last-child et_block_column et_pb_css_mix_blend_mode_passthrough\">\n<div class=\"et_pb_text_2 et_pb_text et_pb_bg_layout_light et_pb_module et_block_module\"><div class=\"et_pb_text_inner\"><h3 style=\"text-align: center;\"><span style=\"color: #ff6600;\"><strong>Veja as sess\u00f5es anteriores<\/strong><\/span><\/h3>\n<p><span style=\"color: #ff6600;\"><strong><\/strong><\/span><\/p>\n<p><span style=\"color: #ff6600;\"><strong><\/strong><\/span><\/p>\n<ul>\n<li>\n<h5><span style=\"color: #ffffff;\"><em><strong>Substitui\u00e7\u00f5es harm\u00f3nicas<\/strong><\/em><\/span><\/h5>\n<\/li>\n<li>\n<h5><span style=\"text-decoration: underline;\"><a href=\"https:\/\/youtu.be\/GtmFYgv3FE8\" target=\"_blank\" rel=\"noopener noreferrer\"><em><strong><span style=\"color: #5a8dc4; text-decoration: underline;\">Dominar os arpejos<\/span><\/strong><\/em><\/a><\/span><\/h5>\n<\/li>\n<li>\n<h5><span style=\"text-decoration: underline;\"><a href=\"https:\/\/youtu.be\/cuJjgSwR_6I\" target=\"_blank\" rel=\"noopener noreferrer\"><em><strong><span style=\"color: #5a8dc4; text-decoration: underline;\">Sele\u00e7\u00e3o de padr\u00f5es<\/span><\/strong><\/em><\/a><\/span><\/h5>\n<\/li>\n<li>\n<h5><span style=\"text-decoration: underline;\"><a href=\"https:\/\/youtu.be\/Ab0Rt7WTYyI\" target=\"_blank\" rel=\"noopener noreferrer\"><em><strong><span style=\"color: #5a8dc4; text-decoration: underline;\">Licks aumentados<\/span><\/strong><\/em><\/a><\/span><\/h5>\n<\/li>\n<li>\n<h5><span style=\"text-decoration: underline;\"><a href=\"https:\/\/youtu.be\/BefKKiN00ws\" target=\"_blank\" rel=\"noopener noreferrer\"><em><strong><span style=\"color: #5a8dc4; text-decoration: underline;\">Ritmo e subdivis\u00e3o<\/span><\/strong><\/em><\/a><\/span><\/h5>\n<\/li>\n<li>\n<h5><span style=\"text-decoration: underline;\"><a href=\"https:\/\/youtu.be\/mJbGlvbu5F4\" target=\"_blank\" rel=\"noopener noreferrer\"><em><strong><span style=\"color: #5a8dc4; text-decoration: underline;\">O Tritone<\/span><\/strong><\/em><\/a><\/span><\/h5>\n<\/li>\n<li>\n<h5><span style=\"color: #ffffff;\"><em><strong>Solo de acordes<\/strong><\/em><\/span><\/h5>\n<\/li>\n<li>\n<h5><span style=\"color: #ffffff;\"><em><strong>Escamas ex\u00f3ticas<\/strong><\/em><\/span><\/h5>\n<\/li>\n<li>\n<h5><a href=\"https:\/\/youtu.be\/iRQpDsHEl1E\" target=\"_blank\" rel=\"noopener noreferrer\"><span style=\"text-decoration: underline;\"><em><strong><span style=\"color: #5a8dc4; text-decoration: underline;\">O som cigano<\/span><\/strong><\/em><\/span><\/a><\/h5>\n<\/li>\n<li>\n<h5><a href=\"https:\/\/youtu.be\/Fu_Tnzto2RE\" target=\"_blank\" rel=\"noopener noreferrer\"><span style=\"text-decoration: underline;\"><em><strong><span style=\"color: #5a8dc4; text-decoration: underline;\">Harmonia reduzida e licks<\/span><\/strong><\/em><\/span><\/a><\/h5>\n<\/li>\n<li>\n<h5><span style=\"color: #ffffff;\"><em><strong>V7 I Licks<\/strong><\/em><\/span><\/h5>\n<\/li>\n<li>\n<h5><span style=\"color: #ffffff;\"><em><strong>Ornamentos<\/strong><\/em><\/span><\/h5>\n<\/li>\n<li>\n<h5><span style=\"color: #ffffff;\"><em><strong>La Pompe<\/strong><\/em><\/span><\/h5>\n<\/li>\n<li>\n<h5><span style=\"color: #ffffff;\"><em><strong>Solos de acordes<\/strong><\/em><\/span><\/h5>\n<\/li>\n<\/ul>\n<\/div><\/div>\n<\/div>\n<\/div>\n\n<div class=\"et_pb_row_2 et_pb_row et_block_row\">\n<div class=\"et_pb_column_4 et_pb_column et_pb_column_4_4 et-last-child et_block_column et_pb_css_mix_blend_mode_passthrough\">\n<div class=\"et_pb_module et_pb_button_module_wrapper et_pb_button_1_wrapper\"><a class=\"et_pb_button_1 et_pb_button et_pb_bg_layout_light et_pb_module et_block_module\" href=\"https:\/\/www.paypal.com\/paypalme\/nunomarinhomusic?locale.x=pt_PT\" target=\"_blank\">Participe nas oficinas<\/a><\/div>\n\n<div class=\"et_pb_text_3 et_pb_text et_pb_bg_layout_light et_pb_module et_flex_module hidden-seo-links\"><div class=\"et_pb_text_inner\"><p>SEGUIR O NUNO EM:<\/p>\n<p>Loja de livros do s\u00edtio Web: <a href=\"https:\/\/www.nunomarinho.com\/pt\/store\/\" target=\"_blank\" rel=\"noopener\">https:\/\/www.nunomarinho.com\/store<\/a><\/p>\n<p>Canal de v\u00eddeo: <a href=\"https:\/\/www.youtube.com\/@NunoMarinho\" target=\"_blank\" rel=\"noopener\">https:\/\/www.youtube.com\/@NunoMarinho<\/a><\/p>\n<p>Patreon: <a href=\"https:\/\/www.patreon.com\/NunoMarinho\" target=\"_blank\" rel=\"noopener\">https:\/\/www.patreon.com\/NunoMarinho<\/a><\/p>\n<p>Instagram: <a href=\"https:\/\/www.instagram.com\/nunomarinhoguitar\/\" target=\"_blank\" rel=\"noopener\">https:\/\/www.instagram.com\/nunomarinhoguitar\/<\/a><\/p>\n<p>Facebook: <a href=\"https:\/\/www.facebook.com\/NunoMarinhoGuitar\/\" target=\"_blank\" rel=\"noopener\">https:\/\/www.facebook.com\/NunoMarinhoGuitar\/<\/a><\/p>\n<\/div><\/div>\n<\/div>\n<\/div>\n<\/div>","protected":false},"excerpt":{"rendered":"","protected":false},"author":1,"featured_media":1864,"parent":0,"menu_order":0,"comment_status":"closed","ping_status":"closed","template":"","meta":{"footnotes":""},"class_list":["post-34","page","type-page","status-publish","has-post-thumbnail","hentry"],"yoast_head":"<!-- This site is optimized with the Yoast SEO plugin v26.0 - https:\/\/yoast.com\/wordpress\/plugins\/seo\/ -->\n<title>Gypsy Jazz Workshops - Nuno Marinho Website<\/title>\n<meta name=\"description\" content=\"Nuno Marinho is the creator of Festival Django Portugal &amp; Camp, author of Django Books. Acclaimed as one of the best pedagogues of Jazz Manouche, he plays alongside numerous Gypsy Jazz masters.\" \/>\n<meta name=\"robots\" content=\"index, follow, max-snippet:-1, max-image-preview:large, max-video-preview:-1\" \/>\n<link rel=\"canonical\" href=\"https:\/\/www.nunomarinho.com\/pt\/gypsy-jazz-workshops\/\" \/>\n<meta property=\"og:locale\" content=\"pt_PT\" \/>\n<meta property=\"og:type\" content=\"article\" \/>\n<meta property=\"og:title\" content=\"Nuno Marinho Workshops and Classes\" \/>\n<meta property=\"og:description\" content=\"Nuno Marinho is the creator of Festival Django Portugal &amp; Camp, author of Django Books. Acclaimed as one of the best pedagogues of Jazz Manouche, he plays alongside numerous Gypsy Jazz masters.\" \/>\n<meta property=\"og:url\" content=\"https:\/\/www.nunomarinho.com\/pt\/gypsy-jazz-workshops\/\" \/>\n<meta property=\"og:site_name\" content=\"Nuno Marinho Website\" \/>\n<meta property=\"article:modified_time\" content=\"2025-11-18T18:53:32+00:00\" \/>\n<meta property=\"og:image\" content=\"https:\/\/www.nunomarinho.com\/wp-content\/uploads\/2025\/11\/24-1.webp\" \/>\n\t<meta property=\"og:image:width\" content=\"1920\" \/>\n\t<meta property=\"og:image:height\" content=\"1080\" \/>\n\t<meta property=\"og:image:type\" content=\"image\/webp\" \/>\n<meta name=\"twitter:card\" content=\"summary_large_image\" \/>\n<meta name=\"twitter:title\" content=\"Nuno Marinho Workshops and Classes\" \/>\n<meta name=\"twitter:description\" content=\"Nuno Marinho is the creator of Festival Django Portugal &amp; Camp, author of Django Books. Acclaimed as one of the best pedagogues of Jazz Manouche, he plays alongside numerous Gypsy Jazz masters.\" \/>\n<meta name=\"twitter:image\" content=\"https:\/\/www.nunomarinho.com\/wp-content\/uploads\/2025\/11\/24.webp\" \/>\n<meta name=\"twitter:label1\" content=\"Tempo estimado de leitura\" \/>\n\t<meta name=\"twitter:data1\" content=\"1 minuto\" \/>\n<script type=\"application\/ld+json\" class=\"yoast-schema-graph\">{\"@context\":\"https:\/\/schema.org\",\"@graph\":[{\"@type\":\"WebPage\",\"@id\":\"https:\/\/www.nunomarinho.com\/gypsy-jazz-workshops\/\",\"url\":\"https:\/\/www.nunomarinho.com\/gypsy-jazz-workshops\/\",\"name\":\"Gypsy Jazz Workshops - Nuno Marinho Website\",\"isPartOf\":{\"@id\":\"https:\/\/www.nunomarinho.com\/#website\"},\"primaryImageOfPage\":{\"@id\":\"https:\/\/www.nunomarinho.com\/gypsy-jazz-workshops\/#primaryimage\"},\"image\":{\"@id\":\"https:\/\/www.nunomarinho.com\/gypsy-jazz-workshops\/#primaryimage\"},\"thumbnailUrl\":\"https:\/\/www.nunomarinho.com\/wp-content\/uploads\/2025\/11\/23-1.webp\",\"datePublished\":\"2025-10-21T16:44:50+00:00\",\"dateModified\":\"2025-11-18T18:53:32+00:00\",\"description\":\"Nuno Marinho is the creator of Festival Django Portugal & Camp, author of Django Books. Acclaimed as one of the best pedagogues of Jazz Manouche, he plays alongside numerous Gypsy Jazz masters.\",\"breadcrumb\":{\"@id\":\"https:\/\/www.nunomarinho.com\/gypsy-jazz-workshops\/#breadcrumb\"},\"inLanguage\":\"pt-PT\",\"potentialAction\":[{\"@type\":\"ReadAction\",\"target\":[\"https:\/\/www.nunomarinho.com\/gypsy-jazz-workshops\/\"]}]},{\"@type\":\"ImageObject\",\"inLanguage\":\"pt-PT\",\"@id\":\"https:\/\/www.nunomarinho.com\/gypsy-jazz-workshops\/#primaryimage\",\"url\":\"https:\/\/www.nunomarinho.com\/wp-content\/uploads\/2025\/11\/23-1.webp\",\"contentUrl\":\"https:\/\/www.nunomarinho.com\/wp-content\/uploads\/2025\/11\/23-1.webp\",\"width\":1920,\"height\":1080,\"caption\":\"Nuno Marinho Website. Creator of Django Portugal Fest & Camp. Author of Django Books. Acclaimed pedagogue of Gypsy Jazz. Plays with numerous Manouche and Sinti masters.\"},{\"@type\":\"BreadcrumbList\",\"@id\":\"https:\/\/www.nunomarinho.com\/gypsy-jazz-workshops\/#breadcrumb\",\"itemListElement\":[{\"@type\":\"ListItem\",\"position\":1,\"name\":\"Home\",\"item\":\"https:\/\/www.nunomarinho.com\/\"},{\"@type\":\"ListItem\",\"position\":2,\"name\":\"Gypsy Jazz Workshops\"}]},{\"@type\":\"WebSite\",\"@id\":\"https:\/\/www.nunomarinho.com\/#website\",\"url\":\"https:\/\/www.nunomarinho.com\/\",\"name\":\"Nuno Marinho Website\",\"description\":\"Classes &amp; Workshops\",\"publisher\":{\"@id\":\"https:\/\/www.nunomarinho.com\/#organization\"},\"potentialAction\":[{\"@type\":\"SearchAction\",\"target\":{\"@type\":\"EntryPoint\",\"urlTemplate\":\"https:\/\/www.nunomarinho.com\/?s={search_term_string}\"},\"query-input\":{\"@type\":\"PropertyValueSpecification\",\"valueRequired\":true,\"valueName\":\"search_term_string\"}}],\"inLanguage\":\"pt-PT\"},{\"@type\":\"Organization\",\"@id\":\"https:\/\/www.nunomarinho.com\/#organization\",\"name\":\"Nuno Marinho Website\",\"url\":\"https:\/\/www.nunomarinho.com\/\",\"logo\":{\"@type\":\"ImageObject\",\"inLanguage\":\"pt-PT\",\"@id\":\"https:\/\/www.nunomarinho.com\/#\/schema\/logo\/image\/\",\"url\":\"https:\/\/www.nunomarinho.com\/wp-content\/uploads\/2025\/10\/Logo-Transparente_branco.png\",\"contentUrl\":\"https:\/\/www.nunomarinho.com\/wp-content\/uploads\/2025\/10\/Logo-Transparente_branco.png\",\"width\":500,\"height\":500,\"caption\":\"Nuno Marinho Website\"},\"image\":{\"@id\":\"https:\/\/www.nunomarinho.com\/#\/schema\/logo\/image\/\"}}]}<\/script>\n<!-- \/ Yoast SEO plugin. -->","yoast_head_json":{"title":"Workshops de Jazz Cigano - Site Nuno Marinho","description":"Nuno Marinho \u00e9 o criador do Festival Django Portugal &amp; Camp, autor de Django Books. Aclamado como um dos melhores pedagogos do Jazz Manouche, toca ao lado de numerosos mestres do Gypsy Jazz.","robots":{"index":"index","follow":"follow","max-snippet":"max-snippet:-1","max-image-preview":"max-image-preview:large","max-video-preview":"max-video-preview:-1"},"canonical":"https:\/\/www.nunomarinho.com\/pt\/gypsy-jazz-workshops\/","og_locale":"pt_PT","og_type":"article","og_title":"Nuno Marinho Workshops and Classes","og_description":"Nuno Marinho is the creator of Festival Django Portugal & Camp, author of Django Books. Acclaimed as one of the best pedagogues of Jazz Manouche, he plays alongside numerous Gypsy Jazz masters.","og_url":"https:\/\/www.nunomarinho.com\/pt\/gypsy-jazz-workshops\/","og_site_name":"Nuno Marinho Website","article_modified_time":"2025-11-18T18:53:32+00:00","og_image":[{"width":1920,"height":1080,"url":"https:\/\/www.nunomarinho.com\/wp-content\/uploads\/2025\/11\/24-1.webp","type":"image\/webp"}],"twitter_card":"summary_large_image","twitter_title":"Nuno Marinho Workshops and Classes","twitter_description":"Nuno Marinho is the creator of Festival Django Portugal & Camp, author of Django Books. Acclaimed as one of the best pedagogues of Jazz Manouche, he plays alongside numerous Gypsy Jazz masters.","twitter_image":"https:\/\/www.nunomarinho.com\/wp-content\/uploads\/2025\/11\/24.webp","twitter_misc":{"Tempo estimado de leitura":"1 minuto"},"schema":{"@context":"https:\/\/schema.org","@graph":[{"@type":"WebPage","@id":"https:\/\/www.nunomarinho.com\/gypsy-jazz-workshops\/","url":"https:\/\/www.nunomarinho.com\/gypsy-jazz-workshops\/","name":"Workshops de Jazz Cigano - Site Nuno Marinho","isPartOf":{"@id":"https:\/\/www.nunomarinho.com\/#website"},"primaryImageOfPage":{"@id":"https:\/\/www.nunomarinho.com\/gypsy-jazz-workshops\/#primaryimage"},"image":{"@id":"https:\/\/www.nunomarinho.com\/gypsy-jazz-workshops\/#primaryimage"},"thumbnailUrl":"https:\/\/www.nunomarinho.com\/wp-content\/uploads\/2025\/11\/23-1.webp","datePublished":"2025-10-21T16:44:50+00:00","dateModified":"2025-11-18T18:53:32+00:00","description":"Nuno Marinho \u00e9 o criador do Festival Django Portugal &amp; Camp, autor de Django Books. Aclamado como um dos melhores pedagogos do Jazz Manouche, toca ao lado de numerosos mestres do Gypsy Jazz.","breadcrumb":{"@id":"https:\/\/www.nunomarinho.com\/gypsy-jazz-workshops\/#breadcrumb"},"inLanguage":"pt-PT","potentialAction":[{"@type":"ReadAction","target":["https:\/\/www.nunomarinho.com\/gypsy-jazz-workshops\/"]}]},{"@type":"ImageObject","inLanguage":"pt-PT","@id":"https:\/\/www.nunomarinho.com\/gypsy-jazz-workshops\/#primaryimage","url":"https:\/\/www.nunomarinho.com\/wp-content\/uploads\/2025\/11\/23-1.webp","contentUrl":"https:\/\/www.nunomarinho.com\/wp-content\/uploads\/2025\/11\/23-1.webp","width":1920,"height":1080,"caption":"Nuno Marinho Website. Creator of Django Portugal Fest & Camp. Author of Django Books. Acclaimed pedagogue of Gypsy Jazz. Plays with numerous Manouche and Sinti masters."},{"@type":"BreadcrumbList","@id":"https:\/\/www.nunomarinho.com\/gypsy-jazz-workshops\/#breadcrumb","itemListElement":[{"@type":"ListItem","position":1,"name":"Home","item":"https:\/\/www.nunomarinho.com\/"},{"@type":"ListItem","position":2,"name":"Gypsy Jazz Workshops"}]},{"@type":"WebSite","@id":"https:\/\/www.nunomarinho.com\/#website","url":"https:\/\/www.nunomarinho.com\/","name":"Nuno Marinho Website","description":"Aulas e workshops","publisher":{"@id":"https:\/\/www.nunomarinho.com\/#organization"},"potentialAction":[{"@type":"SearchAction","target":{"@type":"EntryPoint","urlTemplate":"https:\/\/www.nunomarinho.com\/?s={search_term_string}"},"query-input":{"@type":"PropertyValueSpecification","valueRequired":true,"valueName":"search_term_string"}}],"inLanguage":"pt-PT"},{"@type":"Organization","@id":"https:\/\/www.nunomarinho.com\/#organization","name":"Nuno Marinho Website","url":"https:\/\/www.nunomarinho.com\/","logo":{"@type":"ImageObject","inLanguage":"pt-PT","@id":"https:\/\/www.nunomarinho.com\/#\/schema\/logo\/image\/","url":"https:\/\/www.nunomarinho.com\/wp-content\/uploads\/2025\/10\/Logo-Transparente_branco.png","contentUrl":"https:\/\/www.nunomarinho.com\/wp-content\/uploads\/2025\/10\/Logo-Transparente_branco.png","width":500,"height":500,"caption":"Nuno Marinho Website"},"image":{"@id":"https:\/\/www.nunomarinho.com\/#\/schema\/logo\/image\/"}}]}},"_links":{"self":[{"href":"https:\/\/www.nunomarinho.com\/pt\/wp-json\/wp\/v2\/pages\/34","targetHints":{"allow":["GET"]}}],"collection":[{"href":"https:\/\/www.nunomarinho.com\/pt\/wp-json\/wp\/v2\/pages"}],"about":[{"href":"https:\/\/www.nunomarinho.com\/pt\/wp-json\/wp\/v2\/types\/page"}],"author":[{"embeddable":true,"href":"https:\/\/www.nunomarinho.com\/pt\/wp-json\/wp\/v2\/users\/1"}],"replies":[{"embeddable":true,"href":"https:\/\/www.nunomarinho.com\/pt\/wp-json\/wp\/v2\/comments?post=34"}],"version-history":[{"count":34,"href":"https:\/\/www.nunomarinho.com\/pt\/wp-json\/wp\/v2\/pages\/34\/revisions"}],"predecessor-version":[{"id":2045,"href":"https:\/\/www.nunomarinho.com\/pt\/wp-json\/wp\/v2\/pages\/34\/revisions\/2045"}],"wp:featuredmedia":[{"embeddable":true,"href":"https:\/\/www.nunomarinho.com\/pt\/wp-json\/wp\/v2\/media\/1864"}],"wp:attachment":[{"href":"https:\/\/www.nunomarinho.com\/pt\/wp-json\/wp\/v2\/media?parent=34"}],"curies":[{"name":"wp","href":"https:\/\/api.w.org\/{rel}","templated":true}]}}