{"id":3,"date":"2025-10-21T10:05:40","date_gmt":"2025-10-21T10:05:40","guid":{"rendered":"https:\/\/www.nunomarinho.com\/?page_id=3"},"modified":"2025-10-28T09:23:32","modified_gmt":"2025-10-28T09:23:32","slug":"privacy-policy","status":"publish","type":"page","link":"https:\/\/www.nunomarinho.com\/pt\/privacy-policy\/","title":{"rendered":"Pol\u00edtica de privacidade"},"content":{"rendered":"<div class=\"et_pb_section_0 et_pb_section et_section_regular et_block_section\">\n<div class=\"et_pb_row_0 et_pb_row et_block_row\">\n<div class=\"et_pb_column_0 et_pb_column et_pb_column_4_4 et-last-child et_block_column et_pb_css_mix_blend_mode_passthrough\">\n<div class=\"et_pb_text_0 et_pb_text et_pb_bg_layout_light et_pb_module et_block_module\"><div class=\"et_pb_text_inner\"><h1>Pol\u00edtica de privacidade<\/h1>\n<\/div><\/div>\n\n<div class=\"et_pb_text_1 et_pb_text et_pb_bg_layout_light et_pb_module et_block_module\"><div class=\"et_pb_text_inner\"><div class=\"et_pb_text_inner\">\n<h2 class=\"wp-block-heading\" id=\"1-1-introducao\">Introdu\u00e7\u00e3o<\/h2>\n<p>Navega\u00e7\u00e3o no\u00a0<em>s\u00edtio Web<\/em> da NUNO MARINHO MUSIC e registo como cliente na loja <em>em linha<\/em>\u00a0pressup\u00f5e a compreens\u00e3o e aceita\u00e7\u00e3o da presente Pol\u00edtica de Privacidade e Prote\u00e7\u00e3o de Dados.<\/p>\n<p>A NUNO MARINHO MUSIC mant\u00e9m uma preocupa\u00e7\u00e3o constante com a prote\u00e7\u00e3o da privacidade dos dados pessoais e com ac\u00e7\u00f5es preventivas em mat\u00e9ria de seguran\u00e7a dos dados. <em>s\u00edtio Web<\/em>, das outras aplica\u00e7\u00f5es e plataformas de que \u00e9 propriet\u00e1ria, bem como a prote\u00e7\u00e3o dos dados dos seus clientes e visitantes.<\/p>\n<p>Para refor\u00e7ar a confidencialidade dos dados pessoais, foram implementadas novas medidas de prote\u00e7\u00e3o de dados, quer para verificar a legitimidade da utiliza\u00e7\u00e3o dos dados pessoais tratados, quer para assegurar o cumprimento dos direitos conferidos aos titulares dos dados. Neste contexto, e atrav\u00e9s de canais especializados de apoio ao cliente, a empresa pretende promover uma comunica\u00e7\u00e3o mais clara e objetiva sobre as finalidades subjacentes ao tratamento de dados pessoais e a transpar\u00eancia das opera\u00e7\u00f5es de tratamento de dados.<\/p>\n<p>Assim, a informa\u00e7\u00e3o contida neste texto pretende transmitir, de forma clara e inequ\u00edvoca, o conte\u00fado da pol\u00edtica de privacidade e prote\u00e7\u00e3o de dados pessoais que ser\u00e3o tratados nos termos previstos no Regulamento Geral de Prote\u00e7\u00e3o de Dados em vigor (doravante RGPD) e delimitados pelo conte\u00fado da rela\u00e7\u00e3o comercial a estabelecer entre o titular dos dados e a NUNO MARINHO MUSIC.<\/p>\n<h2 class=\"wp-block-heading\" id=\"1-2-dados-pessoais-recolhidos\">Dados pessoais recolhidos<\/h2>\n<p>Em termos gerais, os dados pessoais s\u00e3o recolhidos em tr\u00eas situa\u00e7\u00f5es diretamente resultantes da atividade da NUNO MARINHO MUSIC:<\/p>\n<p><strong>Registo de compras: cria\u00e7\u00e3o de encomendas e finalidades do tratamento de dados pessoais<\/strong><\/p>\n<p>Para efetuar uma compra, \u00e9 disponibilizada uma \u00e1rea onde o cliente deve introduzir as informa\u00e7\u00f5es necess\u00e1rias para se identificar como cliente. Cada compra estar\u00e1 sujeita ao fornecimento de informa\u00e7\u00f5es pessoais adicionais, que s\u00e3o essenciais para o processamento e entrega da encomenda.<\/p>\n<p>Os campos obrigat\u00f3rios nos formul\u00e1rios dispon\u00edveis para essas fases de registo est\u00e3o assinalados com um asterisco (*).<\/p>\n<p>A NUNO MARINHO MUSIC assume o compromisso de proteger os dados dos clientes e estes nunca ser\u00e3o disponibilizados a terceiros sem o conhecimento ou consentimento do titular, nos termos legalmente exigidos.<\/p>\n<p>Ao processar a encomenda de um cliente, certos dados pessoais - como o endere\u00e7o e o c\u00f3digo postal - podem tamb\u00e9m ser divulgados a terceiros com o \u00fanico objetivo de prevenir e detetar fraudes, sempre na sequ\u00eancia de um pedido das autoridades competentes. Estas entidades s\u00e3o obrigadas a aplicar medidas de prote\u00e7\u00e3o e seguran\u00e7a dos dados.<\/p>\n<p>Al\u00e9m disso, quando efectua uma compra no\u00a0<em>s\u00edtio Web<\/em>, O cliente ser\u00e1 igualmente solicitado a fornecer dados relativos ao endere\u00e7o de entrega e aos dados de pagamento, a fim de garantir a maior efic\u00e1cia poss\u00edvel e o cumprimento dos prazos de entrega.<\/p>\n<p>Para efeitos de operacionaliza\u00e7\u00e3o de outras funcionalidades disponibilizadas pela NUNO MARINHO MUSIC a pedido do cliente, poder\u00e3o ser solicitados dados pessoais adicionais que ser\u00e3o tratados nos termos especificamente previstos nos termos e condi\u00e7\u00f5es de utiliza\u00e7\u00e3o das mesmas.<\/p>\n<p>Os dados fornecidos ser\u00e3o conservados durante o per\u00edodo estritamente necess\u00e1rio, que corresponde normalmente ao tempo de vida da conta do cliente. Assim, quando o cliente desativar a sua conta, os seus dados pessoais ser\u00e3o permanentemente apagados, exceto os dados necess\u00e1rios ao cumprimento de obriga\u00e7\u00f5es legais, nomeadamente, mas n\u00e3o exclusivamente, os registos de fatura\u00e7\u00e3o e contabilidade. Estes dados ser\u00e3o arquivados numa base de dados dedicada e anonimizada, criada para o efeito, e apenas durante o per\u00edodo absolutamente necess\u00e1rio para esses fins. Os dados relativos \u00e0s transac\u00e7\u00f5es efectuadas durante este per\u00edodo atrav\u00e9s dos meios de pagamento PayPal e Cart\u00e3o de Cr\u00e9dito ser\u00e3o igualmente conservados nesta mesma base de dados anonimizada por per\u00edodos de seis e doze meses, respetivamente. Este registo \u00e9 efectuado com a \u00fanica finalidade de processar eventuais reembolsos que sejam devidos ao cliente durante estes per\u00edodos, que se iniciam a partir da data de emiss\u00e3o das respectivas facturas.<\/p>\n<p><strong>Aviso:\u00a0<\/strong>Se, decorridos os prazos acima referidos, o cliente tiver direito ao reembolso de qualquer quantia, e tal ocorrer ap\u00f3s a desativa\u00e7\u00e3o da conta, o cliente dever\u00e1 contactar a NUNO MARINHO MUSIC e fornecer novos dados banc\u00e1rios, apresentando um extrato banc\u00e1rio. Para o efeito, o cliente ser\u00e1 submetido a um processo de verifica\u00e7\u00e3o de identidade. S\u00f3 ser\u00e3o aceites os extractos banc\u00e1rios em que o cliente seja o \u00fanico ou principal titular da conta.<\/p>\n<p>Qualquer funcionalidade ou plataforma detida pela NUNO MARINHO MUSIC e destinada \u00e0 utiliza\u00e7\u00e3o pelo cliente ficar\u00e1 sujeita \u00e0 aceita\u00e7\u00e3o dos respectivos termos e condi\u00e7\u00f5es de utiliza\u00e7\u00e3o, bem como, quando especificamente previsto, da respectiva pol\u00edtica de privacidade e prote\u00e7\u00e3o de dados. Todas as mat\u00e9rias n\u00e3o especificamente abrangidas por estes textos ser\u00e3o reguladas, com as necess\u00e1rias adapta\u00e7\u00f5es, pelos termos definidos no presente texto.<\/p>\n<p>Para que s\u00e3o utilizados os dados recolhidos?<\/p>\n<p>Os dados dos clientes s\u00e3o tratados para realizar ac\u00e7\u00f5es como o processamento de encomendas, a notifica\u00e7\u00e3o ao cliente de quaisquer altera\u00e7\u00f5es introduzidas nas funcionalidades do s\u00edtio Web,\u00a0<em>s\u00edtio Web<\/em>, realizar pesquisas e avaliar intera\u00e7\u00f5es para fins estat\u00edsticos.<\/p>\n<p>Periodicamente, os clientes podem tamb\u00e9m receber informa\u00e7\u00f5es sobre produtos e servi\u00e7os, campanhas, promo\u00e7\u00f5es e ofertas especiais por correio eletr\u00f3nico. Caso n\u00e3o pretendam ser contactados para estes fins, podem anular a subscri\u00e7\u00e3o da newsletter, optando por n\u00e3o participar nos campos apropriados, dispon\u00edveis no separador Gerir Permiss\u00f5es dos detalhes da sua conta, ou clicando na liga\u00e7\u00e3o fornecida no texto da newsletter para este efeito.<\/p>\n<p><strong>Comunica\u00e7\u00f5es individualizadas que promovem produtos ou servi\u00e7os<\/strong><\/p>\n<p>Consoante o cliente opte pela experi\u00eancia standard ou pela experi\u00eancia personalizada, a NUNO MARINHO MUSIC poder\u00e1 ou n\u00e3o enviar mensagens de correio eletr\u00f3nico, sob a forma de notifica\u00e7\u00f5es ou newsletters, no \u00e2mbito de campanhas promocionais gerais ou direcionadas. Em ambos os casos, tais comunica\u00e7\u00f5es s\u00f3 s\u00e3o emitidas ap\u00f3s confirma\u00e7\u00e3o de que o cliente deu o seu consentimento expresso e inequ\u00edvoco e de que foi informado do seu direito de cancelar, a todo o tempo, as autoriza\u00e7\u00f5es concedidas para o efeito. O cliente pode, a qualquer momento, verificar quais as permiss\u00f5es concedidas no \u00e2mbito do tratamento de dados pessoais no separador \u201cGerir Permiss\u00f5es\u201d da sua \u00c1rea de Cliente.<\/p>\n<p>O tratamento de dados pessoais efectuado no \u00e2mbito de comunica\u00e7\u00f5es individualizadas \u00e9 feito no estrito cumprimento do RGPD, quer pelos colaboradores da NUNO MARINHO MUSIC, quer por quaisquer terceiros a quem os referidos dados sejam transmitidos para efeitos de execu\u00e7\u00e3o dos servi\u00e7os necess\u00e1rios \u00e0 realiza\u00e7\u00e3o de campanhas promocionais.<\/p>\n<p><strong>Redireccionamento<\/strong><\/p>\n<p>Algumas hiperliga\u00e7\u00f5es neste site redireccionam o cliente para sites externos que s\u00e3o parceiros da NUNO MARINHO MUSIC. Ao clicar nessas hiperliga\u00e7\u00f5es, o visitante sair\u00e1 do site da NUNO MARINHO MUSIC. N\u00e3o sendo poss\u00edvel exercer qualquer controlo sobre esses sites, a NUNO MARINHO MUSIC n\u00e3o ser\u00e1 respons\u00e1vel por qualquer conte\u00fado neles disponibilizado. A navega\u00e7\u00e3o e utiliza\u00e7\u00e3o de qualquer plataforma propriedade da NUNO MARINHO MUSIC ou de qualquer um dos seus parceiros constitui a aceita\u00e7\u00e3o das condi\u00e7\u00f5es de utiliza\u00e7\u00e3o da mesma nos termos especificamente determinados para o efeito.<\/p>\n<h2 class=\"wp-block-heading\" id=\"1-3-seguranca-licitude-lealdade-e-transparencia\">Seguran\u00e7a, legalidade, lealdade e transpar\u00eancia<\/h2>\n<p>A NUNO MARINHO MUSIC utiliza um dos sistemas de encomendas online mais seguros que existem e est\u00e1 constantemente a melhorar o seu software para garantir o processamento mais eficiente dos dados dos seus clientes e a sua confian\u00e7a. Um certificado de servidor, tamb\u00e9m conhecido como certificado digital, garante a identidade da NUNO MARINHO MUSIC, assim como a encripta\u00e7\u00e3o SSL (Secure Sockets Layer) dos dados transmitidos.<\/p>\n<p>Todos os dados pessoais dos clientes da NUNO MARINHO MUSIC ser\u00e3o tratados de forma l\u00edcita, leal e transparente em rela\u00e7\u00e3o ao titular dos dados. Assim, o titular dos dados poder\u00e1 sempre contactar a NUNO MARINHO MUSIC para esclarecer quaisquer quest\u00f5es relativas a este tema, nos termos previstos na presente Pol\u00edtica de Privacidade.<\/p>\n<h2 class=\"wp-block-heading\" id=\"1-4-acesso-e-limitacao-das-finalidades\">Limita\u00e7\u00e3o do acesso e da finalidade<\/h2>\n<p>A NUNO MARINHO MUSIC compromete-se a utilizar os dados pessoais dos seus clientes e visitantes para as finalidades estritamente necess\u00e1rias \u00e0 prossecu\u00e7\u00e3o da sua atividade, sem preju\u00edzo das limita\u00e7\u00f5es decorrentes do \u00e2mbito dessa atividade ou da extens\u00e3o do consentimento expressamente concedido pelo respetivo titular dos dados. Tal significa tamb\u00e9m que os dados n\u00e3o ser\u00e3o transmitidos a terceiros sem o conhecimento e\/ou autoriza\u00e7\u00e3o do titular dos dados, nos casos em que a NUNO MARINHO MUSIC esteja legalmente obrigada a faz\u00ea-lo.<\/p>\n<p>Nesse sentido, a NUNO MARINHO MUSIC assegura ainda que o acesso a esses dados pelos seus colaboradores \u00e9 feito apenas na exacta medida do necess\u00e1rio para a realiza\u00e7\u00e3o da a\u00e7\u00e3o em causa, sendo os mesmos identificados e acompanhados de acordo com as fun\u00e7\u00f5es e tarefas que lhes est\u00e3o atribu\u00eddas no \u00e2mbito da rela\u00e7\u00e3o contratual que os une.<\/p>\n<p>Todos os dados pessoais tratados pela NUNO MARINHO MUSIC, quer sejam fornecidos diretamente e de forma volunt\u00e1ria pelo titular dos dados, quer sejam recolhidos pela NUNO MARINHO MUSIC para efeitos de execu\u00e7\u00e3o do contrato que vincula o titular dos dados ou para o funcionamento de qualquer funcionalidade disponibilizada a pedido do cliente, ser\u00e3o eliminados definitivamente logo que se confirme que j\u00e1 n\u00e3o s\u00e3o necess\u00e1rios. Por este motivo, a conserva\u00e7\u00e3o dos dados pessoais dos clientes obedecer\u00e1 aos princ\u00edpios da minimiza\u00e7\u00e3o dos dados e da limita\u00e7\u00e3o da sua conserva\u00e7\u00e3o, na medida em que apenas ser\u00e3o recolhidos os dados estritamente necess\u00e1rios ao cumprimento das obriga\u00e7\u00f5es legais e contratuais da NUNO MARINHO MUSIC, sendo estes dados mantidos e arquivados numa base de dados dedicada apenas durante o per\u00edodo absolutamente necess\u00e1rio para as referidas finalidades.<\/p>\n<h2 class=\"wp-block-heading\" id=\"1-5-direitos-dos-titulares-de-dados-pessoais\">Direitos dos titulares de dados pessoais<\/h2>\n<p><strong>Direito \u00e0 informa\u00e7\u00e3o e acesso aos dados pessoais<\/strong><\/p>\n<p>A qualquer momento, o cliente pode solicitar informa\u00e7\u00f5es sobre os dados pessoais armazenados, quer no que respeita \u00e0 categoria de dados pessoais em causa, \u00e0 fonte e ao(s) destinat\u00e1rio(s) dos mesmos, \u00e0 dura\u00e7\u00e3o do per\u00edodo de conserva\u00e7\u00e3o e finalidades subjacentes, quer no que respeita \u00e0 identifica\u00e7\u00e3o do respons\u00e1vel pelo tratamento dos dados, do encarregado da prote\u00e7\u00e3o de dados e respectivos contactos.<\/p>\n<p><strong>Direito de retifica\u00e7\u00e3o e direito de apagamento dos dados pessoais<\/strong><\/p>\n<p>Caso pretenda exercer o seu direito de retifica\u00e7\u00e3o de dados, o cliente dever\u00e1 enviar o respetivo pedido, identificando os dados a alterar e a nova declara\u00e7\u00e3o dos mesmos, atrav\u00e9s de correio eletr\u00f3nico enviado para <strong>nunomarinhomusic@gmail.com<\/strong>. O mesmo procedimento deve ser seguido se o cliente pretender exercer o seu direito ao apagamento dos dados pessoais. Em ambos os casos, o cliente receber\u00e1 uma confirma\u00e7\u00e3o, atrav\u00e9s do mesmo canal utilizado, de que o seu pedido foi satisfeito conforme solicitado.<\/p>\n<p><strong>Direito de limitar o tratamento, opor-se e retirar o consentimento pr\u00e9vio<\/strong><\/p>\n<p>Para refor\u00e7ar o princ\u00edpio da transpar\u00eancia no tratamento dos dados pessoais e nas comunica\u00e7\u00f5es com o cliente, a NUNO MARINHO MUSIC permite ao cliente modificar, a qualquer momento, as autoriza\u00e7\u00f5es de tratamento de dados concedidas para cada uma das finalidades indicadas.<\/p>\n<h2 class=\"wp-block-heading\" id=\"1-6-aplicacao-subsidiaria\">Aplica\u00e7\u00e3o subsidi\u00e1ria<\/h2>\n<p>O presente texto regula todas as mat\u00e9rias relativas \u00e0 privacidade e \u00e0 prote\u00e7\u00e3o de dados pessoais tratados no \u00e2mbito da utiliza\u00e7\u00e3o das aplica\u00e7\u00f5es e demais funcionalidades disponibilizadas pela NUNO MARINHO MUSIC, quer estejam acess\u00edveis atrav\u00e9s de uma hiperliga\u00e7\u00e3o no site ou em qualquer outra plataforma propriedade da NUNO MARINHO MUSIC, sendo direta e subsidiariamente aplic\u00e1vel a todas as situa\u00e7\u00f5es que n\u00e3o se encontrem especificamente reguladas.<\/p>\n<h2 class=\"wp-block-heading\" id=\"1-7-alteracoes-a-politica-de-privacidade-e-contactos\">Altera\u00e7\u00f5es \u00e0 Pol\u00edtica de Privacidade e Contactos<\/h2>\n<p>Quaisquer altera\u00e7\u00f5es a esta Pol\u00edtica de Privacidade e Prote\u00e7\u00e3o de Dados ser\u00e3o publicadas no site da NUNO MARINHO MUSIC, sendo que todas as vers\u00f5es anteriores a esta ser\u00e3o disponibilizadas mediante pedido expresso do cliente.<\/p>\n<p>As irregularidades, situa\u00e7\u00f5es de incumprimento e eventuais restri\u00e7\u00f5es de seguran\u00e7a no tratamento de dados pessoais devem ser imediatamente comunicadas ao Encarregado de Prote\u00e7\u00e3o de Dados da NUNO MARINHO MUSIC, atrav\u00e9s do envio de um e-mail para: <strong>nunomarinhomusic@gmail.com.<\/strong><\/p>\n<\/div>\n<\/div><\/div>\n<\/div>\n<\/div>\n<\/div>","protected":false},"excerpt":{"rendered":"","protected":false},"author":1,"featured_media":0,"parent":0,"menu_order":0,"comment_status":"closed","ping_status":"closed","template":"","meta":{"footnotes":""},"class_list":["post-3","page","type-page","status-publish","hentry"],"yoast_head":"<!-- This site is optimized with the Yoast SEO plugin v26.0 - https:\/\/yoast.com\/wordpress\/plugins\/seo\/ -->\n<title>Privacy Policy - Nuno Marinho Website<\/title>\n<meta name=\"robots\" content=\"index, follow, max-snippet:-1, max-image-preview:large, max-video-preview:-1\" \/>\n<link rel=\"canonical\" href=\"https:\/\/www.nunomarinho.com\/pt\/privacy-policy\/\" \/>\n<meta property=\"og:locale\" content=\"pt_PT\" \/>\n<meta property=\"og:type\" content=\"article\" \/>\n<meta property=\"og:title\" content=\"Privacy Policy - Nuno Marinho Website\" \/>\n<meta property=\"og:url\" content=\"https:\/\/www.nunomarinho.com\/pt\/privacy-policy\/\" \/>\n<meta property=\"og:site_name\" content=\"Nuno Marinho Website\" \/>\n<meta property=\"article:modified_time\" content=\"2025-10-28T09:23:32+00:00\" \/>\n<meta property=\"og:image\" content=\"https:\/\/www.nunomarinho.com\/wp-content\/uploads\/2025\/11\/23-1.webp\" \/>\n\t<meta property=\"og:image:width\" content=\"1920\" \/>\n\t<meta property=\"og:image:height\" content=\"1080\" \/>\n\t<meta property=\"og:image:type\" content=\"image\/webp\" \/>\n<meta name=\"twitter:card\" content=\"summary_large_image\" \/>\n<script type=\"application\/ld+json\" class=\"yoast-schema-graph\">{\"@context\":\"https:\/\/schema.org\",\"@graph\":[{\"@type\":\"WebPage\",\"@id\":\"https:\/\/www.nunomarinho.com\/privacy-policy\/\",\"url\":\"https:\/\/www.nunomarinho.com\/privacy-policy\/\",\"name\":\"Privacy Policy - Nuno Marinho Website\",\"isPartOf\":{\"@id\":\"https:\/\/www.nunomarinho.com\/#website\"},\"datePublished\":\"2025-10-21T10:05:40+00:00\",\"dateModified\":\"2025-10-28T09:23:32+00:00\",\"breadcrumb\":{\"@id\":\"https:\/\/www.nunomarinho.com\/privacy-policy\/#breadcrumb\"},\"inLanguage\":\"pt-PT\",\"potentialAction\":[{\"@type\":\"ReadAction\",\"target\":[\"https:\/\/www.nunomarinho.com\/privacy-policy\/\"]}]},{\"@type\":\"BreadcrumbList\",\"@id\":\"https:\/\/www.nunomarinho.com\/privacy-policy\/#breadcrumb\",\"itemListElement\":[{\"@type\":\"ListItem\",\"position\":1,\"name\":\"Home\",\"item\":\"https:\/\/www.nunomarinho.com\/\"},{\"@type\":\"ListItem\",\"position\":2,\"name\":\"Privacy Policy\"}]},{\"@type\":\"WebSite\",\"@id\":\"https:\/\/www.nunomarinho.com\/#website\",\"url\":\"https:\/\/www.nunomarinho.com\/\",\"name\":\"Nuno Marinho Website\",\"description\":\"Classes &amp; Workshops\",\"publisher\":{\"@id\":\"https:\/\/www.nunomarinho.com\/#organization\"},\"potentialAction\":[{\"@type\":\"SearchAction\",\"target\":{\"@type\":\"EntryPoint\",\"urlTemplate\":\"https:\/\/www.nunomarinho.com\/?s={search_term_string}\"},\"query-input\":{\"@type\":\"PropertyValueSpecification\",\"valueRequired\":true,\"valueName\":\"search_term_string\"}}],\"inLanguage\":\"pt-PT\"},{\"@type\":\"Organization\",\"@id\":\"https:\/\/www.nunomarinho.com\/#organization\",\"name\":\"Nuno Marinho Website\",\"url\":\"https:\/\/www.nunomarinho.com\/\",\"logo\":{\"@type\":\"ImageObject\",\"inLanguage\":\"pt-PT\",\"@id\":\"https:\/\/www.nunomarinho.com\/#\/schema\/logo\/image\/\",\"url\":\"https:\/\/www.nunomarinho.com\/wp-content\/uploads\/2025\/10\/Logo-Transparente_branco.png\",\"contentUrl\":\"https:\/\/www.nunomarinho.com\/wp-content\/uploads\/2025\/10\/Logo-Transparente_branco.png\",\"width\":500,\"height\":500,\"caption\":\"Nuno Marinho Website\"},\"image\":{\"@id\":\"https:\/\/www.nunomarinho.com\/#\/schema\/logo\/image\/\"}}]}<\/script>\n<!-- \/ Yoast SEO plugin. -->","yoast_head_json":{"title":"Pol\u00edtica de Privacidade - Site Nuno Marinho","robots":{"index":"index","follow":"follow","max-snippet":"max-snippet:-1","max-image-preview":"max-image-preview:large","max-video-preview":"max-video-preview:-1"},"canonical":"https:\/\/www.nunomarinho.com\/pt\/privacy-policy\/","og_locale":"pt_PT","og_type":"article","og_title":"Privacy Policy - Nuno Marinho Website","og_url":"https:\/\/www.nunomarinho.com\/pt\/privacy-policy\/","og_site_name":"Nuno Marinho Website","article_modified_time":"2025-10-28T09:23:32+00:00","og_image":[{"width":1920,"height":1080,"url":"https:\/\/www.nunomarinho.com\/wp-content\/uploads\/2025\/11\/23-1.webp","type":"image\/webp"}],"twitter_card":"summary_large_image","schema":{"@context":"https:\/\/schema.org","@graph":[{"@type":"WebPage","@id":"https:\/\/www.nunomarinho.com\/privacy-policy\/","url":"https:\/\/www.nunomarinho.com\/privacy-policy\/","name":"Pol\u00edtica de Privacidade - Site Nuno Marinho","isPartOf":{"@id":"https:\/\/www.nunomarinho.com\/#website"},"datePublished":"2025-10-21T10:05:40+00:00","dateModified":"2025-10-28T09:23:32+00:00","breadcrumb":{"@id":"https:\/\/www.nunomarinho.com\/privacy-policy\/#breadcrumb"},"inLanguage":"pt-PT","potentialAction":[{"@type":"ReadAction","target":["https:\/\/www.nunomarinho.com\/privacy-policy\/"]}]},{"@type":"BreadcrumbList","@id":"https:\/\/www.nunomarinho.com\/privacy-policy\/#breadcrumb","itemListElement":[{"@type":"ListItem","position":1,"name":"Home","item":"https:\/\/www.nunomarinho.com\/"},{"@type":"ListItem","position":2,"name":"Privacy Policy"}]},{"@type":"WebSite","@id":"https:\/\/www.nunomarinho.com\/#website","url":"https:\/\/www.nunomarinho.com\/","name":"Nuno Marinho Website","description":"Aulas e workshops","publisher":{"@id":"https:\/\/www.nunomarinho.com\/#organization"},"potentialAction":[{"@type":"SearchAction","target":{"@type":"EntryPoint","urlTemplate":"https:\/\/www.nunomarinho.com\/?s={search_term_string}"},"query-input":{"@type":"PropertyValueSpecification","valueRequired":true,"valueName":"search_term_string"}}],"inLanguage":"pt-PT"},{"@type":"Organization","@id":"https:\/\/www.nunomarinho.com\/#organization","name":"Nuno Marinho Website","url":"https:\/\/www.nunomarinho.com\/","logo":{"@type":"ImageObject","inLanguage":"pt-PT","@id":"https:\/\/www.nunomarinho.com\/#\/schema\/logo\/image\/","url":"https:\/\/www.nunomarinho.com\/wp-content\/uploads\/2025\/10\/Logo-Transparente_branco.png","contentUrl":"https:\/\/www.nunomarinho.com\/wp-content\/uploads\/2025\/10\/Logo-Transparente_branco.png","width":500,"height":500,"caption":"Nuno Marinho Website"},"image":{"@id":"https:\/\/www.nunomarinho.com\/#\/schema\/logo\/image\/"}}]}},"_links":{"self":[{"href":"https:\/\/www.nunomarinho.com\/pt\/wp-json\/wp\/v2\/pages\/3","targetHints":{"allow":["GET"]}}],"collection":[{"href":"https:\/\/www.nunomarinho.com\/pt\/wp-json\/wp\/v2\/pages"}],"about":[{"href":"https:\/\/www.nunomarinho.com\/pt\/wp-json\/wp\/v2\/types\/page"}],"author":[{"embeddable":true,"href":"https:\/\/www.nunomarinho.com\/pt\/wp-json\/wp\/v2\/users\/1"}],"replies":[{"embeddable":true,"href":"https:\/\/www.nunomarinho.com\/pt\/wp-json\/wp\/v2\/comments?post=3"}],"version-history":[{"count":20,"href":"https:\/\/www.nunomarinho.com\/pt\/wp-json\/wp\/v2\/pages\/3\/revisions"}],"predecessor-version":[{"id":1107,"href":"https:\/\/www.nunomarinho.com\/pt\/wp-json\/wp\/v2\/pages\/3\/revisions\/1107"}],"wp:attachment":[{"href":"https:\/\/www.nunomarinho.com\/pt\/wp-json\/wp\/v2\/media?parent=3"}],"curies":[{"name":"wp","href":"https:\/\/api.w.org\/{rel}","templated":true}]}}