{"id":188,"date":"2025-10-22T14:25:05","date_gmt":"2025-10-22T14:25:05","guid":{"rendered":"https:\/\/www.nunomarinho.com\/?page_id=188"},"modified":"2025-10-23T15:06:33","modified_gmt":"2025-10-23T15:06:33","slug":"cookies-policy","status":"publish","type":"page","link":"https:\/\/www.nunomarinho.com\/pt\/cookies-policy\/","title":{"rendered":"Pol\u00edtica de cookies"},"content":{"rendered":"<div class=\"et_pb_section_0 et_pb_section et_section_regular et_block_section\">\n<div class=\"et_pb_row_0 et_pb_row et_block_row\">\n<div class=\"et_pb_column_0 et_pb_column et_pb_column_4_4 et-last-child et_block_column et_pb_css_mix_blend_mode_passthrough\">\n<div class=\"et_pb_text_0 et_pb_text et_pb_bg_layout_light et_pb_module et_flex_module\"><div class=\"et_pb_text_inner\"><h1>Pol\u00edtica de cookies<\/h1>\n<\/div><\/div>\n\n<div class=\"et_pb_text_1 et_pb_text et_pb_bg_layout_light et_pb_module et_flex_module\"><div class=\"et_pb_text_inner\"><div class=\"et_pb_text_inner\">\n<h2 class=\"wp-block-heading\" id=\"1-1-introducao\">Cookies e outras ferramentas de marketing<\/h2>\n<p><strong>Quanto ao tipo:<\/strong><\/p>\n<p><strong>Essenciais<\/strong>\u00a0- permitir a navega\u00e7\u00e3o no\u00a0<em>s\u00edtio Web<\/em>\u00a0e a utiliza\u00e7\u00e3o das suas funcionalidades. Sem estas\u00a0<em>biscoitos<\/em>, os pedidos n\u00e3o podem ser processados.<\/p>\n<p><strong>N\u00e3o essencial, Funcionalidade ou Desempenho<\/strong>\u00a0- recolher informa\u00e7\u00f5es sobre a forma como o utilizador utiliza o\u00a0<em>s\u00edtio Web<\/em> com o objetivo de melhorar a sua funcionalidade. Permitem-nos determinar quais as \u00e1reas de maior interesse para o cliente, medindo a efic\u00e1cia das campanhas promocionais. Isto permite \u00e0 NUNO MARINHO MUSIC perceber quais os produtos e promo\u00e7\u00f5es que melhor se adequam aos interesses e necessidades do cliente, o que far\u00e1 atrav\u00e9s de: elabora\u00e7\u00e3o de estat\u00edsticas com base no comportamento n\u00e3o individualizado do cliente e consequente utiliza\u00e7\u00e3o do <em>s\u00edtio Web<\/em>; medi\u00e7\u00e3o da efic\u00e1cia das campanhas publicit\u00e1rias; a consequente introdu\u00e7\u00e3o de melhorias na navega\u00e7\u00e3o, etc., com o \u00fanico objetivo de melhorar o desempenho e a efic\u00e1cia de resposta do\u00a0<em>s\u00edtio Web<\/em>. Por esta raz\u00e3o, o\u00a0<em>biscoitos<\/em>\u00a0as informa\u00e7\u00f5es de desempenho fornecidas por terceiros autorizados s\u00e3o utilizadas apenas para os fins aqui indicados.<\/p>\n<p><strong>Anal\u00edtica<\/strong>\u00a0- utilizados anonimamente para fins estat\u00edsticos e para melhorar o funcionamento do\u00a0<em>s\u00edtio Web<\/em>, sem qualquer recolha de informa\u00e7\u00f5es pessoais. Permitem-lhe real\u00e7ar itens que podem ser de interesse para os clientes ou visitantes, monitorizar o desempenho do\u00a0<em>s\u00edtio Web<\/em>, determinar o m\u00e9todo mais eficaz de liga\u00e7\u00e3o de p\u00e1ginas, ou mesmo porque \u00e9 que algumas p\u00e1ginas est\u00e3o a receber mensagens de erro.<\/p>\n<p><strong>Relativamente \u00e0 validade:<\/strong><\/p>\n<p><strong>Permanente<\/strong>\u00a0- armazenados no computador ou equipamento do cliente, entre sess\u00f5es\u00a0<em>navegador,<\/em>\u00a0com o objetivo de manter as defini\u00e7\u00f5es ou prefer\u00eancias e melhorar a usabilidade do\u00a0<em>s\u00edtio Web<\/em>\u00a0na visita seguinte. Alguns destes\u00a0<em>biscoitos<\/em>\u00a0s\u00e3o fornecidos por terceiros autorizados, no entanto, com a limita\u00e7\u00e3o das seguintes finalidades: apresenta\u00e7\u00e3o de campanhas e produtos - considerados de interesse para o cliente;\u00a0<em>redireccionamento<\/em> - publicidade dos produtos NUNO MARINHO MUSIC em <em>s\u00edtios Web<\/em>\u00a0de parceiros ou redes sociais, sem armazenar dados pessoais ou perfis de utilizador, n\u00e3o pressupondo assim a transmiss\u00e3o de quaisquer dados pessoais a terceiros devido ao facto de a publicidade ser completamente an\u00f3nima.<\/p>\n<p><strong>Sess\u00e3o<\/strong>\u00a0- limitados a cada sess\u00e3o iniciada pelo utilizador, pelo que expiram sempre que uma sess\u00e3o \u00e9 encerrada no\u00a0<em>navegador<\/em>. O seu objetivo pode ser o de indicar produtos previamente colocados no carrinho de compras, identificar problemas e garantir uma melhor experi\u00eancia de navega\u00e7\u00e3o. Alguns\u00a0<em>biscoitos<\/em>\u00a0A sess\u00e3o pode tamb\u00e9m constituir uma garantia de seguran\u00e7a acrescida.<\/p>\n<p>-\u00a0<em>Biscoitos<\/em> Usado por NUNO MARINHO MUSIC<\/p>\n<p>Permanecem no navegador de Internet utilizado apenas durante a dura\u00e7\u00e3o da sess\u00e3o e s\u00e3o desactivados se for detectado um per\u00edodo de aproximadamente 20 segundos de inatividade do utilizador. Independentemente da dura\u00e7\u00e3o da sess\u00e3o, o utilizador pode sempre desativar estes cookies atrav\u00e9s da gest\u00e3o das respectivas defini\u00e7\u00f5es do browser.<\/p>\n<p><strong>Google Analytics<\/strong><\/p>\n<p><a href=\"https:\/\/developers.google.com\/analytics\/devguides\/collection\/analyticsjs\/cookie-usage?hl=pt-pt\">https:\/\/developers.google.com\/analytics\/devguides\/collection\/analyticsjs\/cookie-usage?hl=pt-pt<\/a><\/p>\n<figure class=\"wp-block-table\">\n<table class=\"tabelaDados\">\n<tbody>\n<tr>\n<td><strong>Nome<\/strong><\/td>\n<td><strong>Objetivo<\/strong><\/td>\n<td><strong>Validade<\/strong><\/td>\n<td><strong>Tipo<\/strong><\/td>\n<\/tr>\n<tr>\n<td>_ga<\/td>\n<td>distinguir os utilizadores<\/td>\n<td>determinado pelo prestador<\/td>\n<td>HTTP<\/td>\n<\/tr>\n<tr>\n<td>_gat<\/td>\n<td>acelerar a percentagem de encomendas<\/td>\n<td>determinado pelo prestador<\/td>\n<td>HTTP<\/td>\n<\/tr>\n<tr>\n<td>__utma<\/td>\n<td>distinguir utilizadores e sess\u00f5es. O cookie \u00e9 criado quando a biblioteca JavaScript \u00e9 executada e n\u00e3o existe um cookie __utma.<br \/>\u00c9 atualizado sempre que os dados s\u00e3o enviados para o Google Analytics.<\/td>\n<td>determinado pelo prestador<\/td>\n<td>HTTP<\/td>\n<\/tr>\n<tr>\n<td>__utmb<\/td>\n<td>determinar novas sess\u00f5es\/visitas. O cookie \u00e9 criado quando a biblioteca javascript \u00e9 executada e n\u00e3o existe nenhum cookie __utmb.<br \/>\u00c9 atualizado sempre que os dados s\u00e3o enviados para o Google Analytics.<\/td>\n<td>determinado pelo prestador<\/td>\n<td>HTTP<\/td>\n<\/tr>\n<tr>\n<td>__utmz<\/td>\n<td>armazenam a origem do tr\u00e1fego ou a campanha atrav\u00e9s da qual o utilizador chegou ao seu site. \u00c9 criada quando a biblioteca JavaScript \u00e9 executada e actualizada sempre que os dados s\u00e3o enviados para o Google Analytics.<br \/>\u00c9 atualizado sempre que os dados s\u00e3o enviados para o Google Analytics.<\/td>\n<td>determinado pelo prestador<\/td>\n<td>HTTP<\/td>\n<\/tr>\n<\/tbody>\n<\/table>\n<\/figure>\n<p><strong>Youtube<\/strong><\/p>\n<figure class=\"wp-block-table\">\n<table class=\"tabelaDados\">\n<tbody>\n<tr>\n<td><strong>Nome<\/strong><\/td>\n<td><strong>Objetivo<\/strong><\/td>\n<td><strong>Validade<\/strong><\/td>\n<td><strong>Tipo<\/strong><\/td>\n<\/tr>\n<tr>\n<td>SID<br \/>LOGIN_INFO<br \/>PREF<br \/>SSID<br \/>HSID<br \/>VISITANTE_INFO1_LIVE<\/td>\n<td>armazenam as prefer\u00eancias do utilizador e alguns cont\u00eam informa\u00e7\u00f5es suficientes para serem rastreados<\/td>\n<td>determinado pelo prestador<\/td>\n<td>HTTP<\/td>\n<\/tr>\n<\/tbody>\n<\/table>\n<\/figure>\n<p><strong>Adicionar<\/strong><\/p>\n<p><a href=\"https:\/\/www.addthis.com\/privacy\/terms-of-service\/pt\/\">https:\/\/www.addthis.com\/privacy\/terms-of-service\/pt\/<\/a><\/p>\n<figure class=\"wp-block-table\">\n<table class=\"tabelaDados\">\n<tbody>\n<tr>\n<td><strong>Nome<\/strong><\/td>\n<td><strong>Objetivo<\/strong><\/td>\n<td><strong>Validade<\/strong><\/td>\n<td><strong>Tipo<\/strong><\/td>\n<\/tr>\n<tr>\n<td>Uid<\/td>\n<td>identificar o ID de utilizador gerado automaticamente e atribu\u00eddo de forma exclusiva<\/td>\n<td>determinado pelo prestador<\/td>\n<td>HTTP<\/td>\n<\/tr>\n<tr>\n<td>di\/dt<\/td>\n<td>gerir a expira\u00e7\u00e3o dos outros\u00a0<em>biscoitos<\/em><\/td>\n<td>determinado pelo prestador<\/td>\n<td>HTTP<\/td>\n<\/tr>\n<tr>\n<td>Bt<\/td>\n<td>modelar os interesses dos utilizadores<\/td>\n<td>determinado pelo prestador<\/td>\n<td>HTTP<\/td>\n<\/tr>\n<tr>\n<td>Uvc<\/td>\n<td>medir o n\u00famero de vezes que o servi\u00e7o AddThis.com \u00e9 utilizado<\/td>\n<td>determinado pelo prestador<\/td>\n<td>HTTP<\/td>\n<\/tr>\n<tr>\n<td>ssc<br \/>psc<br \/>uvc<\/td>\n<td>registar o que os utilizadores partilham e a sua atividade social<\/td>\n<td>determinado pelo prestador<\/td>\n<td>HTTP<\/td>\n<\/tr>\n<tr>\n<td>Local<\/td>\n<td>geolocalizar pessoas que partilham informa\u00e7\u00f5es<\/td>\n<td>determinado pelo prestador<\/td>\n<td>HTTP<\/td>\n<\/tr>\n<tr>\n<td>__atuvc<br \/>__atuvs<\/td>\n<td>criado e lido pela AddThis,\u00a0<em>s\u00edtio Web<\/em>\u00a0<em>javascript<\/em>\u00a0para partilhar nas redes sociais<\/td>\n<td>determinado pelo prestador<\/td>\n<td>HTTP<\/td>\n<\/tr>\n<\/tbody>\n<\/table>\n<\/figure>\n<p><strong>Facebook<\/strong><\/p>\n<p><a href=\"https:\/\/www.facebook.com\/about\/privacy\">https:\/\/www.facebook.com\/about\/privacy<\/a><\/p>\n<figure class=\"wp-block-table\">\n<table class=\"tabelaDados\">\n<tbody>\n<tr>\n<td><strong>Nome<\/strong><\/td>\n<td><strong>Objetivo<\/strong><\/td>\n<td><strong>Validade<\/strong><\/td>\n<td><strong>Tipo<\/strong><\/td>\n<\/tr>\n<tr>\n<td>_fbp<\/td>\n<td>exibir publicidade no Facebook ou em plataformas digitais que utilizam a publicidade do Facebook<\/td>\n<td>determinado pelo prestador<\/td>\n<td>HTTP<\/td>\n<\/tr>\n<\/tbody>\n<\/table>\n<\/figure>\n<p><strong>Ativar e desativar <em>Biscoitos<\/em>\u00a0e tecnologias semelhantes<\/strong><\/p>\n<p>As newsletters e outras comunica\u00e7\u00f5es podem, para fins estat\u00edsticos, conter informa\u00e7\u00f5es que nos permitam saber se s\u00e3o abertas e verificar os cliques nas hiperliga\u00e7\u00f5es que cont\u00eam. No entanto, o cliente tem sempre a possibilidade de recusar a rece\u00e7\u00e3o da newsletter ou da comunica\u00e7\u00e3o por correio eletr\u00f3nico em qualquer momento, utilizando uma op\u00e7\u00e3o especificamente prevista para o efeito e a\u00ed mencionada.<\/p>\n<p>Al\u00e9m disso, no menu Ajuda do navegador utilizado, o cliente pode gerir a utiliza\u00e7\u00e3o de\u00a0<em>biscoitos<\/em> e outras tecnologias semelhantes. Como indicado na mensagem vis\u00edvel nesta p\u00e1gina, o acesso \u00e0 loja online da NUNO MARINHO MUSIC requer a utiliza\u00e7\u00e3o de cookies<em>,<\/em>\u00a0a sua desativa\u00e7\u00e3o pode afetar a navega\u00e7\u00e3o no\u00a0<em>s\u00edtio Web<\/em>.<\/p>\n<p>Se pretender e quando aplic\u00e1vel, o cliente pode solicitar informa\u00e7\u00e3o sobre os prazos de reten\u00e7\u00e3o da informa\u00e7\u00e3o obtida atrav\u00e9s de cookies cuja utiliza\u00e7\u00e3o \u00e9 da responsabilidade da NUNO MARINHO MUSIC.<\/p>\n<p>Para mais informa\u00e7\u00f5es, sugerimos a consulta da informa\u00e7\u00e3o dispon\u00edvel em cada um dos browsers ou a consulta de artigos com informa\u00e7\u00e3o espec\u00edfica sobre o tema (Ex.\u00a0<a href=\"https:\/\/www.allaboutcookies.org\/\" target=\"_blank\" rel=\"noreferrer noopener\">https:\/\/www.allaboutcookies.org\/<\/a>).<\/p>\n<\/div>\n<\/div><\/div>\n<\/div>\n<\/div>\n<\/div>","protected":false},"excerpt":{"rendered":"","protected":false},"author":1,"featured_media":0,"parent":0,"menu_order":0,"comment_status":"closed","ping_status":"closed","template":"","meta":{"footnotes":""},"class_list":["post-188","page","type-page","status-publish","hentry"],"yoast_head":"<!-- This site is optimized with the Yoast SEO plugin v26.0 - https:\/\/yoast.com\/wordpress\/plugins\/seo\/ -->\n<title>Cookies Policy - Nuno Marinho Website<\/title>\n<meta name=\"robots\" content=\"index, follow, max-snippet:-1, max-image-preview:large, max-video-preview:-1\" \/>\n<link rel=\"canonical\" href=\"https:\/\/www.nunomarinho.com\/pt\/cookies-policy\/\" \/>\n<meta property=\"og:locale\" content=\"pt_PT\" \/>\n<meta property=\"og:type\" content=\"article\" \/>\n<meta property=\"og:title\" content=\"Cookies Policy - Nuno Marinho Website\" \/>\n<meta property=\"og:url\" content=\"https:\/\/www.nunomarinho.com\/pt\/cookies-policy\/\" \/>\n<meta property=\"og:site_name\" content=\"Nuno Marinho Website\" \/>\n<meta property=\"article:modified_time\" content=\"2025-10-23T15:06:33+00:00\" \/>\n<meta property=\"og:image\" content=\"https:\/\/www.nunomarinho.com\/wp-content\/uploads\/2025\/11\/23-1.webp\" \/>\n\t<meta property=\"og:image:width\" content=\"1920\" \/>\n\t<meta property=\"og:image:height\" content=\"1080\" \/>\n\t<meta property=\"og:image:type\" content=\"image\/webp\" \/>\n<meta name=\"twitter:card\" content=\"summary_large_image\" \/>\n<script type=\"application\/ld+json\" class=\"yoast-schema-graph\">{\"@context\":\"https:\/\/schema.org\",\"@graph\":[{\"@type\":\"WebPage\",\"@id\":\"https:\/\/www.nunomarinho.com\/cookies-policy\/\",\"url\":\"https:\/\/www.nunomarinho.com\/cookies-policy\/\",\"name\":\"Cookies Policy - Nuno Marinho Website\",\"isPartOf\":{\"@id\":\"https:\/\/www.nunomarinho.com\/#website\"},\"datePublished\":\"2025-10-22T14:25:05+00:00\",\"dateModified\":\"2025-10-23T15:06:33+00:00\",\"breadcrumb\":{\"@id\":\"https:\/\/www.nunomarinho.com\/cookies-policy\/#breadcrumb\"},\"inLanguage\":\"pt-PT\",\"potentialAction\":[{\"@type\":\"ReadAction\",\"target\":[\"https:\/\/www.nunomarinho.com\/cookies-policy\/\"]}]},{\"@type\":\"BreadcrumbList\",\"@id\":\"https:\/\/www.nunomarinho.com\/cookies-policy\/#breadcrumb\",\"itemListElement\":[{\"@type\":\"ListItem\",\"position\":1,\"name\":\"Home\",\"item\":\"https:\/\/www.nunomarinho.com\/\"},{\"@type\":\"ListItem\",\"position\":2,\"name\":\"Cookies Policy\"}]},{\"@type\":\"WebSite\",\"@id\":\"https:\/\/www.nunomarinho.com\/#website\",\"url\":\"https:\/\/www.nunomarinho.com\/\",\"name\":\"Nuno Marinho Website\",\"description\":\"Classes &amp; Workshops\",\"publisher\":{\"@id\":\"https:\/\/www.nunomarinho.com\/#organization\"},\"potentialAction\":[{\"@type\":\"SearchAction\",\"target\":{\"@type\":\"EntryPoint\",\"urlTemplate\":\"https:\/\/www.nunomarinho.com\/?s={search_term_string}\"},\"query-input\":{\"@type\":\"PropertyValueSpecification\",\"valueRequired\":true,\"valueName\":\"search_term_string\"}}],\"inLanguage\":\"pt-PT\"},{\"@type\":\"Organization\",\"@id\":\"https:\/\/www.nunomarinho.com\/#organization\",\"name\":\"Nuno Marinho Website\",\"url\":\"https:\/\/www.nunomarinho.com\/\",\"logo\":{\"@type\":\"ImageObject\",\"inLanguage\":\"pt-PT\",\"@id\":\"https:\/\/www.nunomarinho.com\/#\/schema\/logo\/image\/\",\"url\":\"https:\/\/www.nunomarinho.com\/wp-content\/uploads\/2025\/10\/Logo-Transparente_branco.png\",\"contentUrl\":\"https:\/\/www.nunomarinho.com\/wp-content\/uploads\/2025\/10\/Logo-Transparente_branco.png\",\"width\":500,\"height\":500,\"caption\":\"Nuno Marinho Website\"},\"image\":{\"@id\":\"https:\/\/www.nunomarinho.com\/#\/schema\/logo\/image\/\"}}]}<\/script>\n<!-- \/ Yoast SEO plugin. -->","yoast_head_json":{"title":"Pol\u00edtica de Cookies - Site Nuno Marinho","robots":{"index":"index","follow":"follow","max-snippet":"max-snippet:-1","max-image-preview":"max-image-preview:large","max-video-preview":"max-video-preview:-1"},"canonical":"https:\/\/www.nunomarinho.com\/pt\/cookies-policy\/","og_locale":"pt_PT","og_type":"article","og_title":"Cookies Policy - Nuno Marinho Website","og_url":"https:\/\/www.nunomarinho.com\/pt\/cookies-policy\/","og_site_name":"Nuno Marinho Website","article_modified_time":"2025-10-23T15:06:33+00:00","og_image":[{"width":1920,"height":1080,"url":"https:\/\/www.nunomarinho.com\/wp-content\/uploads\/2025\/11\/23-1.webp","type":"image\/webp"}],"twitter_card":"summary_large_image","schema":{"@context":"https:\/\/schema.org","@graph":[{"@type":"WebPage","@id":"https:\/\/www.nunomarinho.com\/cookies-policy\/","url":"https:\/\/www.nunomarinho.com\/cookies-policy\/","name":"Pol\u00edtica de Cookies - Site Nuno Marinho","isPartOf":{"@id":"https:\/\/www.nunomarinho.com\/#website"},"datePublished":"2025-10-22T14:25:05+00:00","dateModified":"2025-10-23T15:06:33+00:00","breadcrumb":{"@id":"https:\/\/www.nunomarinho.com\/cookies-policy\/#breadcrumb"},"inLanguage":"pt-PT","potentialAction":[{"@type":"ReadAction","target":["https:\/\/www.nunomarinho.com\/cookies-policy\/"]}]},{"@type":"BreadcrumbList","@id":"https:\/\/www.nunomarinho.com\/cookies-policy\/#breadcrumb","itemListElement":[{"@type":"ListItem","position":1,"name":"Home","item":"https:\/\/www.nunomarinho.com\/"},{"@type":"ListItem","position":2,"name":"Cookies Policy"}]},{"@type":"WebSite","@id":"https:\/\/www.nunomarinho.com\/#website","url":"https:\/\/www.nunomarinho.com\/","name":"Nuno Marinho Website","description":"Aulas e workshops","publisher":{"@id":"https:\/\/www.nunomarinho.com\/#organization"},"potentialAction":[{"@type":"SearchAction","target":{"@type":"EntryPoint","urlTemplate":"https:\/\/www.nunomarinho.com\/?s={search_term_string}"},"query-input":{"@type":"PropertyValueSpecification","valueRequired":true,"valueName":"search_term_string"}}],"inLanguage":"pt-PT"},{"@type":"Organization","@id":"https:\/\/www.nunomarinho.com\/#organization","name":"Nuno Marinho Website","url":"https:\/\/www.nunomarinho.com\/","logo":{"@type":"ImageObject","inLanguage":"pt-PT","@id":"https:\/\/www.nunomarinho.com\/#\/schema\/logo\/image\/","url":"https:\/\/www.nunomarinho.com\/wp-content\/uploads\/2025\/10\/Logo-Transparente_branco.png","contentUrl":"https:\/\/www.nunomarinho.com\/wp-content\/uploads\/2025\/10\/Logo-Transparente_branco.png","width":500,"height":500,"caption":"Nuno Marinho Website"},"image":{"@id":"https:\/\/www.nunomarinho.com\/#\/schema\/logo\/image\/"}}]}},"_links":{"self":[{"href":"https:\/\/www.nunomarinho.com\/pt\/wp-json\/wp\/v2\/pages\/188","targetHints":{"allow":["GET"]}}],"collection":[{"href":"https:\/\/www.nunomarinho.com\/pt\/wp-json\/wp\/v2\/pages"}],"about":[{"href":"https:\/\/www.nunomarinho.com\/pt\/wp-json\/wp\/v2\/types\/page"}],"author":[{"embeddable":true,"href":"https:\/\/www.nunomarinho.com\/pt\/wp-json\/wp\/v2\/users\/1"}],"replies":[{"embeddable":true,"href":"https:\/\/www.nunomarinho.com\/pt\/wp-json\/wp\/v2\/comments?post=188"}],"version-history":[{"count":6,"href":"https:\/\/www.nunomarinho.com\/pt\/wp-json\/wp\/v2\/pages\/188\/revisions"}],"predecessor-version":[{"id":555,"href":"https:\/\/www.nunomarinho.com\/pt\/wp-json\/wp\/v2\/pages\/188\/revisions\/555"}],"wp:attachment":[{"href":"https:\/\/www.nunomarinho.com\/pt\/wp-json\/wp\/v2\/media?parent=188"}],"curies":[{"name":"wp","href":"https:\/\/api.w.org\/{rel}","templated":true}]}}